{"id":21140,"date":"2024-05-31T18:33:43","date_gmt":"2024-05-31T16:33:43","guid":{"rendered":"https:\/\/www.chateauberne.com\/?page_id=21140"},"modified":"2024-05-31T22:11:28","modified_gmt":"2024-05-31T20:11:28","slug":"carte-fidelite-hotel","status":"publish","type":"page","link":"http:\/\/www.chateauberne.com\/de\/definition\/carte-fidelite-hotel\/","title":{"rendered":"Kundenkarten in der Hotellerie - Kunden binden"},"content":{"rendered":"<div data-elementor-type=\"wp-page\" data-elementor-id=\"21140\" class=\"elementor elementor-21140\" data-elementor-post-type=\"page\">\n\t\t\t\t\t\t<section class=\"elementor-section elementor-top-section elementor-element elementor-element-67bd95f elementor-section-full_width elementor-section-height-default elementor-section-height-default\" data-id=\"67bd95f\" data-element_type=\"section\" data-e-type=\"section\">\n\t\t\t\t\t\t<div class=\"elementor-container elementor-column-gap-default\">\n\t\t\t\t\t<div class=\"elementor-column elementor-col-100 elementor-top-column elementor-element elementor-element-d751b89\" data-id=\"d751b89\" data-element_type=\"column\" data-e-type=\"column\">\n\t\t\t<div class=\"elementor-widget-wrap elementor-element-populated\">\n\t\t\t\t\t\t<div class=\"elementor-element elementor-element-58da4dd elementor--h-position-center elementor--v-position-middle elementor-widget elementor-widget-slides\" data-id=\"58da4dd\" data-element_type=\"widget\" data-e-type=\"widget\" data-settings=\"{&quot;navigation&quot;:&quot;none&quot;,&quot;transition&quot;:&quot;fade&quot;,&quot;transition_speed&quot;:500}\" data-widget_type=\"slides.default\">\n\t\t\t\t<div class=\"elementor-widget-container\">\n\t\t\t\t\t\t\t\t\t<div class=\"elementor-swiper\">\n\t\t\t\t\t<div class=\"elementor-slides-wrapper elementor-main-swiper swiper\" role=\"region\" aria-roledescription=\"carousel\" aria-label=\"Slides\" dir=\"ltr\" data-animation=\"fadeInUp\">\n\t\t\t\t<div class=\"swiper-wrapper elementor-slides\">\n\t\t\t\t\t\t\t\t\t\t<div class=\"elementor-repeater-item-de8fba4 swiper-slide\" role=\"group\" aria-roledescription=\"slide\"><div class=\"swiper-slide-bg\" role=\"img\" aria-label=\"Empfang im Schloss Bern\"><\/div><div class=\"swiper-slide-inner\" ><div class=\"swiper-slide-contents\"><\/div><\/div><\/div>\t\t\t\t<\/div>\n\t\t\t\t\t\t\t<\/div>\n\t\t\t\t<\/div>\n\t\t\t\t\t\t\t\t<\/div>\n\t\t\t\t<\/div>\n\t\t\t\t\t<\/div>\n\t\t<\/div>\n\t\t\t\t\t<\/div>\n\t\t<\/section>\n\t\t\t\t<section class=\"elementor-section elementor-top-section elementor-element elementor-element-9b48af6 elementor-section-boxed elementor-section-height-default elementor-section-height-default\" data-id=\"9b48af6\" data-element_type=\"section\" data-e-type=\"section\">\n\t\t\t\t\t\t<div class=\"elementor-container elementor-column-gap-default\">\n\t\t\t\t\t<div class=\"elementor-column elementor-col-100 elementor-top-column elementor-element elementor-element-8e32d82\" data-id=\"8e32d82\" data-element_type=\"column\" data-e-type=\"column\">\n\t\t\t<div class=\"elementor-widget-wrap\">\n\t\t\t\t\t\t\t<\/div>\n\t\t<\/div>\n\t\t\t\t\t<\/div>\n\t\t<\/section>\n\t\t\t\t<section class=\"elementor-section elementor-top-section elementor-element elementor-element-37a6a01 elementor-section-boxed elementor-section-height-default elementor-section-height-default\" data-id=\"37a6a01\" data-element_type=\"section\" data-e-type=\"section\">\n\t\t\t\t\t\t<div class=\"elementor-container elementor-column-gap-default\">\n\t\t\t\t\t<div class=\"elementor-column elementor-col-100 elementor-top-column elementor-element elementor-element-4745049\" data-id=\"4745049\" data-element_type=\"column\" data-e-type=\"column\">\n\t\t\t<div class=\"elementor-widget-wrap elementor-element-populated\">\n\t\t\t\t\t\t<div class=\"elementor-element elementor-element-44ed9c7 elementor-widget elementor-widget-heading\" data-id=\"44ed9c7\" data-element_type=\"widget\" data-e-type=\"widget\" data-widget_type=\"heading.default\">\n\t\t\t\t<div class=\"elementor-widget-container\">\n\t\t\t\t\t<h1 class=\"elementor-heading-title elementor-size-default\">Wie kann eine Kundenkarte das Kundenerlebnis in der Hotellerie ver\u00e4ndern?\n<\/h1>\t\t\t\t<\/div>\n\t\t\t\t<\/div>\n\t\t\t\t<div class=\"elementor-element elementor-element-28c6e65 elementor-widget-divider--view-line elementor-widget elementor-widget-divider\" data-id=\"28c6e65\" data-element_type=\"widget\" data-e-type=\"widget\" data-widget_type=\"divider.default\">\n\t\t\t\t<div class=\"elementor-widget-container\">\n\t\t\t\t\t\t\t<div class=\"elementor-divider\">\n\t\t\t<span class=\"elementor-divider-separator\">\n\t\t\t\t\t\t<\/span>\n\t\t<\/div>\n\t\t\t\t\t\t<\/div>\n\t\t\t\t<\/div>\n\t\t\t\t<div class=\"elementor-element elementor-element-1a9fad2 elementor-widget__width-initial elementor-widget elementor-widget-text-editor\" data-id=\"1a9fad2\" data-element_type=\"widget\" data-e-type=\"widget\" data-widget_type=\"text-editor.default\">\n\t\t\t\t<div class=\"elementor-widget-container\">\n\t\t\t\t\t\t\t\t\t<p>In der heutigen wettbewerbsorientierten Welt versucht jedes Unternehmen, seine Kunden zu binden und die Vorteile, die diese Treue mit sich bringt, zu maximieren. In der franz\u00f6sischen Hotelbranche ist die Kundenkarte ein strategisches Instrument, um nicht nur wiederkehrende Besucher anzuziehen, sondern auch die Ausgaben pro Gast zu steigern. Dieser Artikel erl\u00e4utert alles, was Sie \u00fcber Treuekarten in der Hotellerie wissen m\u00fcssen.<\/p><h2>Was ist eine Kundenkarte in der Hotellerie?<\/h2><p>Eine Kundenkarte in der Hotellerie ist ein System, das von einem Hotel oder einer Hotelkette eingef\u00fchrt wurde, um Stammkunden zu belohnen. Einzelpersonen sammeln bei jedem Aufenthalt in einem der teilnehmenden Hotels Punkte oder Guthaben. Diese Punkte k\u00f6nnen dann gegen verschiedene Verg\u00fcnstigungen wie kostenlose \u00dcbernachtungen, <a href=\"https:\/\/www.chateauberne.com\/de\/hotel-et-villa\/chambres-suites\/\" target=\"_blank\" rel=\"noopener\">Zimmer-Upgrades<\/a>In der Regel k\u00f6nnen Sie auch die M\u00f6glichkeit haben, sich f\u00fcr einen Preisnachlass oder sogar f\u00fcr zus\u00e4tzliche Leistungen wie Massagen oder Gourmet-Dinner zu entscheiden.<\/p><h2>Die Vorteile einer Kundenkarte f\u00fcr die Kunden<\/h2><p>F\u00fcr Kunden hat die Teilnahme an einem Treueprogramm mehrere Schl\u00fcsselvorteile:<\/p><ul><li><strong>Privilegierter Zugang<\/strong> zu exklusiven Angeboten und Sonderaktionen.<\/li><li>Sammeln von Punkten f\u00fcr jeden Aufenthalt, die gegen Belohnungen eingetauscht werden k\u00f6nnen.<\/li><li>Personalisierte Erlebnisse nach ihren Vorlieben dank der vom Hotel gesammelten Daten.<\/li><li><strong>VIP-Behandlung<\/strong> mit Zusatzleistungen wie schnellere Check-ins oder kostenlose Late-Check-outs.<\/li><li>Kann von Partnerschaften mit anderen Unternehmen profitieren, die Rabatte auf Reisen, Freizeitaktivit\u00e4ten oder verschiedene Eink\u00e4ufe anbieten.<\/li><\/ul><h2>Warum f\u00fchren Hotels Kundenkarten ein?<\/h2><p>Aus der Sicht des Gastgewerbes bietet die Einf\u00fchrung einer effektiven Kundenbindungsl\u00f6sung mehrere strategische Vorteile:<\/p><p>Erstens k\u00f6nnen so bestehende G\u00e4ste gehalten und ihre Buchungsh\u00e4ufigkeit erh\u00f6ht werden. Je \u00f6fter ein Gast wiederkommt, desto eher gibt er im Hotel Geld aus, wodurch die durchschnittlichen Ausgaben pro Gast steigen.<\/p><p>Zweitens hilft es, entscheidende Daten \u00fcber die Vorlieben und das Verhalten der Kunden zu sammeln. Diese Informationen helfen dabei, Dienstleistungen zu optimieren, Werbeangebote anzupassen und die gesamte Kundenerfahrung kontinuierlich zu verbessern.<\/p><p>Schlie\u00dflich st\u00e4rkt es die kollektive Marke des Hotels. Ein gut durchdachtes Treueprogramm arbeitet im langfristigen Interesse des Unternehmens. Es verbessert die Markenwahrnehmung und regt G\u00e4ste dazu an, ihre positiven Erfahrungen der Mundpropaganda hinzuzuf\u00fcgen.<\/p><h2>Verschiedene Arten von Treueprogrammen verf\u00fcgbar<\/h2><p>Es gibt verschiedene Arten von Treueprogrammen, die alle ihre eigenen einzigartigen Merkmale haben:<\/p><p><strong>Programme basierend auf den Punkten :<\/strong> Bei jeder \u00dcbernachtung erh\u00e4lt der Gast eine bestimmte Anzahl von Punkten, die dem ausgegebenen Betrag entspricht. Diese Punkte k\u00f6nnen dann gegen verschiedene Vorteile eingetauscht werden.<\/p><p><strong>Stufenbasierte Programme :<\/strong> Bei dieser Art von Programm werden verschiedene Mitgliedschaftsstufen (Silber, Gold, Platin) festgelegt, die von der Anzahl der Aufenthalte oder den ausgegebenen Betr\u00e4gen abh\u00e4ngen. Jede Stufe bietet bessere Vorteile.<\/p><p><strong>Co-Branding-Kreditkarten :<\/strong> Einige Hotels arbeiten mit Bankinstituten zusammen, um Kreditkarten mit deren Namen auszustellen. Wenn Sie diese Karten f\u00fcr jeden Einkauf verwenden, sammeln Sie Treuepunkte, die Sie in dem Partnerhotel verwenden k\u00f6nnen.<\/p><p><strong>Sonderangebote und Aktionen :<\/strong> Einmalige Werbeaktionen, wie z. B. Boni f\u00fcr Buchungen in bestimmten Zeitr\u00e4umen, werden genutzt, um mehr Stammkunden f\u00fcr neue Angebote zu gewinnen.<\/p><h2>Design und Umsetzungsstrategie<\/h2><p>Die Gestaltung und Umsetzung einer verbrauchbaren Kundenkarte muss gut \u00fcberlegt sein, damit sie sowohl f\u00fcr die Kunden als auch f\u00fcr das Unternehmen attraktiv ist. Hier sind einige Schl\u00fcsselstrategien :<\/p><p><strong>Einfachheit :<\/strong> Das Programm sollte leicht verst\u00e4ndlich und benutzerfreundlich sein, mit einfachen und klaren Regeln, wie die Punkte verdient und verwendet werden.<\/p><p><strong>Erreichbarkeit :<\/strong> Die digitale Integration, insbesondere \u00fcber eine intuitive mobile App, erleichtert es den Kunden, sich zu engagieren und ihre Punkte einzul\u00f6sen.<\/p><p><strong>Anpassen :<\/strong> Durch die Nutzung der gesammelten Daten k\u00f6nnen Hotels personalisierte Erlebnisse und Vorschl\u00e4ge anbieten, die das Wertgef\u00fchl des Gastes steigern.<\/p><p><strong>Strategische Partnerschaften :<\/strong> Durch Partnerschaften mit anderen Unternehmen im Bereich Reisen, Freizeit oder Shopping lassen sich die Vorteile f\u00fcr die Kunden vergr\u00f6\u00dfern.<\/p><h2>Die wirtschaftlichen Auswirkungen von Kundenkarten f\u00fcr Hotelunternehmen<\/h2><p>Richtig eingef\u00fchrt, kann eine Treuekarte einen erheblichen Einfluss auf die Einnahmen und die Rentabilit\u00e4t eines Hotels haben. Durch die St\u00e4rkung der Kundentreue k\u00f6nnen Hotels auf eine solide Grundlage f\u00fcr wiederkehrende Einnahmen bauen und ihre zuk\u00fcnftige Leistung besser vorhersagen.<\/p><p>Dar\u00fcber hinaus ist h\u00e4ufig ein Anstieg der Ausgaben pro Besucher zu beobachten. G\u00e4ste, die Mitglieder eines Treueprogramms sind, neigen dazu, mehr auszugeben, indem sie Zimmer der h\u00f6heren Kategorie w\u00e4hlen, sich mit <a href=\"https:\/\/www.chateauberne.com\/de\/gastronomie\/restaurant-etoile\/\" target=\"_blank\" rel=\"noopener\">Mahlzeiten im Hotelrestaurant<\/a> oder indem Sie sich f\u00fcr andere kostenpflichtige Dienste entscheiden.<\/p><p>Schlie\u00dflich f\u00f6rdert ein gutes Treueprogramm auch die Sammlung wertvoller Kundendaten. Dies erm\u00f6glicht es, die Kundenbeziehungen zu personalisieren und die Marketingma\u00dfnahmen schnell an die sich \u00e4ndernden Erwartungen der Verbraucher anzupassen.<\/p>\t\t\t\t\t\t\t\t<\/div>\n\t\t\t\t<\/div>\n\t\t\t\t<div class=\"elementor-element elementor-element-866111a elementor-widget elementor-widget-spacer\" data-id=\"866111a\" data-element_type=\"widget\" data-e-type=\"widget\" data-widget_type=\"spacer.default\">\n\t\t\t\t<div class=\"elementor-widget-container\">\n\t\t\t\t\t\t\t<div class=\"elementor-spacer\">\n\t\t\t<div class=\"elementor-spacer-inner\"><\/div>\n\t\t<\/div>\n\t\t\t\t\t\t<\/div>\n\t\t\t\t<\/div>\n\t\t\t\t\t<\/div>\n\t\t<\/div>\n\t\t\t\t\t<\/div>\n\t\t<\/section>\n\t\t\t\t<\/div>","protected":false},"excerpt":{"rendered":"<p>Comment une carte de fid\u00e9lit\u00e9 peut transformer l&rsquo;exp\u00e9rience client\u00e8le dans le secteur de l&rsquo;h\u00f4tellerie ? Dans le monde concurrentiel actuel, chaque entreprise cherche \u00e0 fid\u00e9liser ses clients et \u00e0 maximiser les avantages qu\u2019apporte cette fid\u00e9lit\u00e9. Dans le secteur de l\u2019h\u00f4tellerie en France, la carte de fid\u00e9lit\u00e9 repr\u00e9sente un outil strat\u00e9gique non seulement pour attirer des [&hellip;]<\/p>\n","protected":false},"author":17,"featured_media":0,"parent":21098,"menu_order":7,"comment_status":"closed","ping_status":"closed","template":"","meta":{"inline_featured_image":false,"footnotes":""},"class_list":["post-21140","page","type-page","status-publish","hentry"],"_links":{"self":[{"href":"http:\/\/www.chateauberne.com\/de\/wp-json\/wp\/v2\/pages\/21140","targetHints":{"allow":["GET"]}}],"collection":[{"href":"http:\/\/www.chateauberne.com\/de\/wp-json\/wp\/v2\/pages"}],"about":[{"href":"http:\/\/www.chateauberne.com\/de\/wp-json\/wp\/v2\/types\/page"}],"author":[{"embeddable":true,"href":"http:\/\/www.chateauberne.com\/de\/wp-json\/wp\/v2\/users\/17"}],"replies":[{"embeddable":true,"href":"http:\/\/www.chateauberne.com\/de\/wp-json\/wp\/v2\/comments?post=21140"}],"version-history":[{"count":21,"href":"http:\/\/www.chateauberne.com\/de\/wp-json\/wp\/v2\/pages\/21140\/revisions"}],"predecessor-version":[{"id":21240,"href":"http:\/\/www.chateauberne.com\/de\/wp-json\/wp\/v2\/pages\/21140\/revisions\/21240"}],"up":[{"embeddable":true,"href":"http:\/\/www.chateauberne.com\/de\/wp-json\/wp\/v2\/pages\/21098"}],"wp:attachment":[{"href":"http:\/\/www.chateauberne.com\/de\/wp-json\/wp\/v2\/media?parent=21140"}],"curies":[{"name":"wp","href":"https:\/\/api.w.org\/{rel}","templated":true}]}}