{"id":21143,"date":"2024-05-31T18:40:27","date_gmt":"2024-05-31T16:40:27","guid":{"rendered":"https:\/\/www.chateauberne.com\/?page_id=21143"},"modified":"2024-05-31T21:09:34","modified_gmt":"2024-05-31T19:09:34","slug":"centre-de-loisirs-dans-les-hotels","status":"publish","type":"page","link":"http:\/\/www.chateauberne.com\/de\/definition\/centre-de-loisirs-dans-les-hotels\/","title":{"rendered":"Freizeitzentrum in den Hotels"},"content":{"rendered":"<div data-elementor-type=\"wp-page\" data-elementor-id=\"21143\" class=\"elementor elementor-21143\" data-elementor-post-type=\"page\">\n\t\t\t\t\t\t<section class=\"elementor-section elementor-top-section elementor-element elementor-element-07f630b elementor-section-boxed elementor-section-height-default elementor-section-height-default\" data-id=\"07f630b\" data-element_type=\"section\" data-e-type=\"section\">\n\t\t\t\t\t\t<div class=\"elementor-container elementor-column-gap-default\">\n\t\t\t\t\t<div class=\"elementor-column elementor-col-100 elementor-top-column elementor-element elementor-element-2cbe646\" data-id=\"2cbe646\" data-element_type=\"column\" data-e-type=\"column\">\n\t\t\t<div class=\"elementor-widget-wrap elementor-element-populated\">\n\t\t\t\t\t\t<div class=\"elementor-element elementor-element-444aaad elementor--h-position-center elementor--v-position-middle elementor-widget elementor-widget-slides\" data-id=\"444aaad\" data-element_type=\"widget\" data-e-type=\"widget\" data-settings=\"{&quot;navigation&quot;:&quot;none&quot;,&quot;transition&quot;:&quot;fade&quot;,&quot;transition_speed&quot;:500}\" data-widget_type=\"slides.default\">\n\t\t\t\t<div class=\"elementor-widget-container\">\n\t\t\t\t\t\t\t\t\t<div class=\"elementor-swiper\">\n\t\t\t\t\t<div class=\"elementor-slides-wrapper elementor-main-swiper swiper\" role=\"region\" aria-roledescription=\"carousel\" aria-label=\"Slides\" dir=\"ltr\" data-animation=\"fadeInUp\">\n\t\t\t\t<div class=\"swiper-wrapper elementor-slides\">\n\t\t\t\t\t\t\t\t\t\t<div class=\"elementor-repeater-item-de8fba4 swiper-slide\" role=\"group\" aria-roledescription=\"slide\"><div class=\"swiper-slide-bg\" role=\"img\" aria-label=\"Weinbaugebiet der Provence\"><\/div><div class=\"swiper-slide-inner\" ><div class=\"swiper-slide-contents\"><\/div><\/div><\/div>\t\t\t\t<\/div>\n\t\t\t\t\t\t\t<\/div>\n\t\t\t\t<\/div>\n\t\t\t\t\t\t\t\t<\/div>\n\t\t\t\t<\/div>\n\t\t\t\t\t<\/div>\n\t\t<\/div>\n\t\t\t\t\t<\/div>\n\t\t<\/section>\n\t\t\t\t<section class=\"elementor-section elementor-top-section elementor-element elementor-element-5f7f2d1 elementor-section-boxed elementor-section-height-default elementor-section-height-default\" data-id=\"5f7f2d1\" data-element_type=\"section\" data-e-type=\"section\">\n\t\t\t\t\t\t<div class=\"elementor-container elementor-column-gap-default\">\n\t\t\t\t\t<div class=\"elementor-column elementor-col-100 elementor-top-column elementor-element elementor-element-43d9214\" data-id=\"43d9214\" data-element_type=\"column\" data-e-type=\"column\">\n\t\t\t<div class=\"elementor-widget-wrap\">\n\t\t\t\t\t\t\t<\/div>\n\t\t<\/div>\n\t\t\t\t\t<\/div>\n\t\t<\/section>\n\t\t\t\t<section class=\"elementor-section elementor-top-section elementor-element elementor-element-13ecd25 elementor-section-boxed elementor-section-height-default elementor-section-height-default\" data-id=\"13ecd25\" data-element_type=\"section\" data-e-type=\"section\">\n\t\t\t\t\t\t<div class=\"elementor-container elementor-column-gap-default\">\n\t\t\t\t\t<div class=\"elementor-column elementor-col-100 elementor-top-column elementor-element elementor-element-4161d25\" data-id=\"4161d25\" data-element_type=\"column\" data-e-type=\"column\">\n\t\t\t<div class=\"elementor-widget-wrap elementor-element-populated\">\n\t\t\t\t\t\t<div class=\"elementor-element elementor-element-ee2f177 elementor-widget elementor-widget-heading\" data-id=\"ee2f177\" data-element_type=\"widget\" data-e-type=\"widget\" data-widget_type=\"heading.default\">\n\t\t\t\t<div class=\"elementor-widget-container\">\n\t\t\t\t\t<h1 class=\"elementor-heading-title elementor-size-default\">Freizeitzentrum in den Hotels<\/h1>\t\t\t\t<\/div>\n\t\t\t\t<\/div>\n\t\t\t\t<div class=\"elementor-element elementor-element-6d71b58 elementor-widget-divider--view-line elementor-widget elementor-widget-divider\" data-id=\"6d71b58\" data-element_type=\"widget\" data-e-type=\"widget\" data-widget_type=\"divider.default\">\n\t\t\t\t<div class=\"elementor-widget-container\">\n\t\t\t\t\t\t\t<div class=\"elementor-divider\">\n\t\t\t<span class=\"elementor-divider-separator\">\n\t\t\t\t\t\t<\/span>\n\t\t<\/div>\n\t\t\t\t\t\t<\/div>\n\t\t\t\t<\/div>\n\t\t\t\t<div class=\"elementor-element elementor-element-e2a95bd elementor-widget__width-initial elementor-widget elementor-widget-text-editor\" data-id=\"e2a95bd\" data-element_type=\"widget\" data-e-type=\"widget\" data-widget_type=\"text-editor.default\">\n\t\t\t\t<div class=\"elementor-widget-container\">\n\t\t\t\t\t\t\t\t\t<p>Die <strong>Freizeitzentren<\/strong> spielen eine wesentliche und multifunktionale Rolle in der modernen Hotellerie. Diese der Unterhaltung gewidmeten Orte sind so konzipiert, dass sie Kinder w\u00e4hrend der Schulferien, mittwochs und an anderen schulfreien Tagen betreuen und den im Hotel wohnenden Familien einen erheblichen Mehrwert bieten. Dieser Artikel erkundet alles Wissenswerte \u00fcber <strong>Freizeitzentren<\/strong>Sie sollten sich mit der Frage besch\u00e4ftigen, wie sie sich auf die Kundenerfahrung auswirken k\u00f6nnen, welche einzigartigen Merkmale sie aufweisen und welche positiven Auswirkungen sie haben.<\/p><h2>Definition von Freizeitzentren im Rahmen des Gastgewerbes<\/h2><p>Im Kontext des Hotelwesens ist ein <strong>Freizeitzentrum<\/strong> ist eine spezialisierte Einrichtung, die verschiedene Freizeit- und Bildungsaktivit\u00e4ten anbietet, die sich haupts\u00e4chlich an Kinder richten. Dieser Service erm\u00f6glicht es Eltern, Momente der Entspannung zu genie\u00dfen und gleichzeitig zu wissen, dass ihre Kinder in guten H\u00e4nden sind und an bereichernden und unterhaltsamen Aktivit\u00e4ten teilnehmen.<\/p><h2>Merkmale moderner Freizeitzentren<\/h2><p>Die <strong>Freizeitzentren<\/strong> aktuellen zeichnen sich durch ihre <strong>Vielfalt an Aktivit\u00e4ten<\/strong> und ihre F\u00e4higkeit, sich an die spezifischen Bed\u00fcrfnisse der Kunden anzupassen. Hier einige Schl\u00fcsselmerkmale :<\/p><ul><li><p><strong>Bildungsaktivit\u00e4ten<\/strong>\u00a0: Zeichenworkshops, Kochkurse, Lesesitzungen erm\u00f6glichen es den Kindern, neue F\u00e4higkeiten zu entwickeln und dabei Spa\u00df zu haben.<\/p><\/li><li><p><strong>Interaktive Spiele<\/strong>\u00a0: Videospiele, Virtual-Reality-Zonen und Gemeinschaftsspielhallen, die immersive Erlebnisse bieten.<\/p><\/li><li><p><strong>Sport und k\u00f6rperliche Aktivit\u00e4ten<\/strong>\u00a0: Schwimmb\u00e4der, Sportpl\u00e4tze und Aktivit\u00e4ten wie Baumklettern f\u00f6rdern die k\u00f6rperliche Bewegung und die Zusammenarbeit der Kinder.<\/p><\/li><li><p><strong>Kreative Workshops<\/strong>\u00a0: Malerei, Bildhauerei und Kunsthandwerk f\u00f6rdern die Kreativit\u00e4t der jungen Teilnehmer.<\/p><\/li><li><p><strong>Sicherheit und professionelle Betreuung<\/strong>\u00a0: Von qualifiziertem Personal betreut, entwickeln sich die Kinder in einer sicheren und f\u00fcrsorglichen Umgebung.<\/p><\/li><\/ul><p>Im Schloss Bern bieten wir Ihnen an <a href=\"https:\/\/www.chateauberne.com\/de\/oenotourisme-agenda\/decouvrir-les-alentours\/\" target=\"_blank\" rel=\"noopener\">mit der Familie die provenzalische Lebenskunst entdecken<\/a> mit Tipps f\u00fcr kulturelle Besichtigungen, provenzalische D\u00f6rfer und nat\u00fcrliche Orte.<\/p><h2>Vorteile f\u00fcr Familien<\/h2><p>W\u00e4hlen Sie ein Hotel mit einem <strong>Freizeitzentrum<\/strong> bietet mehrere wichtige Vorteile f\u00fcr Familien. Erstens erm\u00f6glichen diese Einrichtungen den Eltern, ihren Urlaub in vollen Z\u00fcgen zu genie\u00dfen, da sie wissen, dass ihre Kinder mit altersgerechten Aktivit\u00e4ten besch\u00e4ftigt sind und unter st\u00e4ndiger Aufsicht stehen. Zweitens bereichert es die Erfahrungen der Kinder, indem es ihnen M\u00f6glichkeiten zur Sozialisierung und Entwicklung bietet. Und drittens f\u00fcgt es <strong>Wert<\/strong> zum Hotelangebot und kann die Entscheidung eines Gastes bei der Buchung positiv beeinflussen.<\/p><h2>Anmeldemodalit\u00e4ten und Funktionsweise<\/h2><p>Der Prozess <strong>der Anmeldung<\/strong> in einem <strong>Freizeitzentrum<\/strong> variiert von Schule zu Schule, folgt aber in der Regel einfachen Schritten. Interessierte Familien m\u00fcssen Anmeldeformulare ausf\u00fcllen und die notwendigen Informationen \u00fcber die Kinder angeben: Alter, bevorzugte Aktivit\u00e4ten und eventuelle besondere Bed\u00fcrfnisse. Die <strong>Modalit\u00e4ten<\/strong> beinhalten oftmals Orientierungsveranstaltungen, um die Kinder mit dem Ort und dem Personal vertraut zu machen.<\/p><h2>Wertangebot f\u00fcr Hotels<\/h2><p>Integrieren Sie einen <strong>Freizeitzentrum<\/strong> im Gesamtangebot eines Hotels kann seine Attraktivit\u00e4t erheblich erweitern, vor allem bei den <strong>Familien<\/strong>. Dies sorgt nicht nur f\u00fcr ein besseres Kundenerlebnis, sondern hebt die Einrichtung auch von ihren Konkurrenten ab. Dies wird zu einem wichtigen Marketingvorteil, der sich in h\u00f6heren Buchungen w\u00e4hrend der Sommermonate niederschl\u00e4gt. <strong>Schulferien<\/strong> und andere Leerlaufzeiten.<\/p>\t\t\t\t\t\t\t\t<\/div>\n\t\t\t\t<\/div>\n\t\t\t\t<div class=\"elementor-element elementor-element-685c83a elementor-widget elementor-widget-spacer\" data-id=\"685c83a\" data-element_type=\"widget\" data-e-type=\"widget\" data-widget_type=\"spacer.default\">\n\t\t\t\t<div class=\"elementor-widget-container\">\n\t\t\t\t\t\t\t<div class=\"elementor-spacer\">\n\t\t\t<div class=\"elementor-spacer-inner\"><\/div>\n\t\t<\/div>\n\t\t\t\t\t\t<\/div>\n\t\t\t\t<\/div>\n\t\t\t\t\t<\/div>\n\t\t<\/div>\n\t\t\t\t\t<\/div>\n\t\t<\/section>\n\t\t\t\t<section class=\"elementor-section elementor-top-section elementor-element elementor-element-c700dc4 elementor-section-boxed elementor-section-height-default elementor-section-height-default\" data-id=\"c700dc4\" data-element_type=\"section\" data-e-type=\"section\">\n\t\t\t\t\t\t<div class=\"elementor-container elementor-column-gap-default\">\n\t\t\t\t\t<div class=\"elementor-column elementor-col-100 elementor-top-column elementor-element elementor-element-7c03989\" data-id=\"7c03989\" data-element_type=\"column\" data-e-type=\"column\">\n\t\t\t<div class=\"elementor-widget-wrap\">\n\t\t\t\t\t\t\t<\/div>\n\t\t<\/div>\n\t\t\t\t\t<\/div>\n\t\t<\/section>\n\t\t\t\t<\/div>","protected":false},"excerpt":{"rendered":"<p>Centre de loisirs dans les h\u00f4tels Les centres de loisirs jouent un r\u00f4le essentiel et multifonctionnel dans l&rsquo;industrie h\u00f4teli\u00e8re moderne. Ces lieux d\u00e9di\u00e9s au divertissement sont con\u00e7us pour accueillir les enfants pendant les vacances scolaires, les mercredis et autres jours o\u00f9 ils n&rsquo;ont pas \u00e9cole, apportant une valeur ajout\u00e9e significative aux familles r\u00e9sidant \u00e0 l&rsquo;h\u00f4tel. [&hellip;]<\/p>\n","protected":false},"author":17,"featured_media":0,"parent":21098,"menu_order":10,"comment_status":"closed","ping_status":"closed","template":"","meta":{"inline_featured_image":false,"footnotes":""},"class_list":["post-21143","page","type-page","status-publish","hentry"],"_links":{"self":[{"href":"http:\/\/www.chateauberne.com\/de\/wp-json\/wp\/v2\/pages\/21143","targetHints":{"allow":["GET"]}}],"collection":[{"href":"http:\/\/www.chateauberne.com\/de\/wp-json\/wp\/v2\/pages"}],"about":[{"href":"http:\/\/www.chateauberne.com\/de\/wp-json\/wp\/v2\/types\/page"}],"author":[{"embeddable":true,"href":"http:\/\/www.chateauberne.com\/de\/wp-json\/wp\/v2\/users\/17"}],"replies":[{"embeddable":true,"href":"http:\/\/www.chateauberne.com\/de\/wp-json\/wp\/v2\/comments?post=21143"}],"version-history":[{"count":8,"href":"http:\/\/www.chateauberne.com\/de\/wp-json\/wp\/v2\/pages\/21143\/revisions"}],"predecessor-version":[{"id":21229,"href":"http:\/\/www.chateauberne.com\/de\/wp-json\/wp\/v2\/pages\/21143\/revisions\/21229"}],"up":[{"embeddable":true,"href":"http:\/\/www.chateauberne.com\/de\/wp-json\/wp\/v2\/pages\/21098"}],"wp:attachment":[{"href":"http:\/\/www.chateauberne.com\/de\/wp-json\/wp\/v2\/media?parent=21143"}],"curies":[{"name":"wp","href":"https:\/\/api.w.org\/{rel}","templated":true}]}}