{"id":538,"date":"2020-10-07T16:16:51","date_gmt":"2020-10-07T14:16:51","guid":{"rendered":"https:\/\/www.chateauberne.com\/?page_id=538"},"modified":"2025-08-19T15:27:47","modified_gmt":"2025-08-19T13:27:47","slug":"recrutement","status":"publish","type":"page","link":"http:\/\/www.chateauberne.com\/de\/recrutement\/","title":{"rendered":"Treten Sie unserer Familie bei"},"content":{"rendered":"<div data-elementor-type=\"wp-page\" data-elementor-id=\"538\" class=\"elementor elementor-538\" data-elementor-post-type=\"page\">\n\t\t\t\t<div class=\"elementor-element elementor-element-2dfca2f e-con-full e-flex e-con e-parent\" data-id=\"2dfca2f\" data-element_type=\"container\" data-e-type=\"container\">\n\t\t\t\t<div class=\"elementor-element elementor-element-ebca619 elementor--h-position-center elementor--v-position-middle elementor-widget elementor-widget-slides\" data-id=\"ebca619\" data-element_type=\"widget\" data-e-type=\"widget\" data-settings=\"{&quot;navigation&quot;:&quot;none&quot;,&quot;transition&quot;:&quot;fade&quot;,&quot;transition_speed&quot;:500}\" data-widget_type=\"slides.default\">\n\t\t\t\t<div class=\"elementor-widget-container\">\n\t\t\t\t\t\t\t\t\t<div class=\"elementor-swiper\">\n\t\t\t\t\t<div class=\"elementor-slides-wrapper elementor-main-swiper swiper\" role=\"region\" aria-roledescription=\"carousel\" aria-label=\"Folien\" dir=\"ltr\" data-animation=\"fadeInUp\">\n\t\t\t\t<div class=\"swiper-wrapper elementor-slides\">\n\t\t\t\t\t\t\t\t\t\t<div class=\"elementor-repeater-item-de8fba4 swiper-slide\" role=\"group\" aria-roledescription=\"slide\"><div class=\"swiper-slide-bg\" role=\"img\" aria-label=\"BERNE PHOTOS @N_Maday (50) - Kopie\"><\/div><div class=\"swiper-slide-inner\" ><div class=\"swiper-slide-contents\"><\/div><\/div><\/div>\t\t\t\t<\/div>\n\t\t\t\t\t\t\t<\/div>\n\t\t\t\t<\/div>\n\t\t\t\t\t\t\t\t<\/div>\n\t\t\t\t<\/div>\n\t\t\t\t<\/div>\n\t\t<div class=\"elementor-element elementor-element-ec2a692 e-flex e-con-boxed e-con e-parent\" data-id=\"ec2a692\" data-element_type=\"container\" data-e-type=\"container\">\n\t\t\t\t\t<div class=\"e-con-inner\">\n\t\t\t\t<div class=\"elementor-element elementor-element-14e1c12 e-transform e-transform elementor-widget-divider--view-line elementor-widget elementor-widget-global elementor-global-24569 elementor-widget-divider\" data-id=\"14e1c12\" data-element_type=\"widget\" data-e-type=\"widget\" data-settings=\"{&quot;_transform_rotateZ_effect&quot;:{&quot;unit&quot;:&quot;px&quot;,&quot;size&quot;:90,&quot;sizes&quot;:[]},&quot;_transform_translateX_effect&quot;:{&quot;unit&quot;:&quot;px&quot;,&quot;size&quot;:60,&quot;sizes&quot;:[]},&quot;_transform_rotateZ_effect_widescreen&quot;:{&quot;unit&quot;:&quot;deg&quot;,&quot;size&quot;:&quot;&quot;,&quot;sizes&quot;:[]},&quot;_transform_rotateZ_effect_laptop&quot;:{&quot;unit&quot;:&quot;deg&quot;,&quot;size&quot;:&quot;&quot;,&quot;sizes&quot;:[]},&quot;_transform_rotateZ_effect_tablet_extra&quot;:{&quot;unit&quot;:&quot;deg&quot;,&quot;size&quot;:&quot;&quot;,&quot;sizes&quot;:[]},&quot;_transform_rotateZ_effect_tablet&quot;:{&quot;unit&quot;:&quot;deg&quot;,&quot;size&quot;:&quot;&quot;,&quot;sizes&quot;:[]},&quot;_transform_rotateZ_effect_mobile&quot;:{&quot;unit&quot;:&quot;deg&quot;,&quot;size&quot;:&quot;&quot;,&quot;sizes&quot;:[]},&quot;_transform_translateX_effect_widescreen&quot;:{&quot;unit&quot;:&quot;px&quot;,&quot;size&quot;:&quot;&quot;,&quot;sizes&quot;:[]},&quot;_transform_translateX_effect_laptop&quot;:{&quot;unit&quot;:&quot;px&quot;,&quot;size&quot;:&quot;&quot;,&quot;sizes&quot;:[]},&quot;_transform_translateX_effect_tablet_extra&quot;:{&quot;unit&quot;:&quot;px&quot;,&quot;size&quot;:&quot;&quot;,&quot;sizes&quot;:[]},&quot;_transform_translateX_effect_tablet&quot;:{&quot;unit&quot;:&quot;px&quot;,&quot;size&quot;:&quot;&quot;,&quot;sizes&quot;:[]},&quot;_transform_translateX_effect_mobile&quot;:{&quot;unit&quot;:&quot;px&quot;,&quot;size&quot;:&quot;&quot;,&quot;sizes&quot;:[]},&quot;_transform_translateY_effect&quot;:{&quot;unit&quot;:&quot;px&quot;,&quot;size&quot;:&quot;&quot;,&quot;sizes&quot;:[]},&quot;_transform_translateY_effect_widescreen&quot;:{&quot;unit&quot;:&quot;px&quot;,&quot;size&quot;:&quot;&quot;,&quot;sizes&quot;:[]},&quot;_transform_translateY_effect_laptop&quot;:{&quot;unit&quot;:&quot;px&quot;,&quot;size&quot;:&quot;&quot;,&quot;sizes&quot;:[]},&quot;_transform_translateY_effect_tablet_extra&quot;:{&quot;unit&quot;:&quot;px&quot;,&quot;size&quot;:&quot;&quot;,&quot;sizes&quot;:[]},&quot;_transform_translateY_effect_tablet&quot;:{&quot;unit&quot;:&quot;px&quot;,&quot;size&quot;:&quot;&quot;,&quot;sizes&quot;:[]},&quot;_transform_translateY_effect_mobile&quot;:{&quot;unit&quot;:&quot;px&quot;,&quot;size&quot;:&quot;&quot;,&quot;sizes&quot;:[]}}\" data-widget_type=\"divider.default\">\n\t\t\t\t<div class=\"elementor-widget-container\">\n\t\t\t\t\t\t\t<div class=\"elementor-divider\">\n\t\t\t<span class=\"elementor-divider-separator\">\n\t\t\t\t\t\t<\/span>\n\t\t<\/div>\n\t\t\t\t\t\t<\/div>\n\t\t\t\t<\/div>\n\t\t\t\t<div class=\"elementor-element elementor-element-806710f elementor-widget elementor-widget-heading\" data-id=\"806710f\" data-element_type=\"widget\" data-e-type=\"widget\" data-widget_type=\"heading.default\">\n\t\t\t\t<div class=\"elementor-widget-container\">\n\t\t\t\t\t<h1 class=\"elementor-heading-title elementor-size-default\">Treten Sie unserer Familie bei<\/h1>\t\t\t\t<\/div>\n\t\t\t\t<\/div>\n\t\t\t\t\t<\/div>\n\t\t\t\t<\/div>\n\t\t<div class=\"elementor-element elementor-element-eeb37f2 e-flex e-con-boxed e-con e-parent\" data-id=\"eeb37f2\" data-element_type=\"container\" data-e-type=\"container\">\n\t\t\t\t\t<div class=\"e-con-inner\">\n\t\t\t\t<div class=\"elementor-element elementor-element-f767d13 elementor-widget elementor-widget-text-editor\" data-id=\"f767d13\" data-element_type=\"widget\" data-e-type=\"widget\" data-widget_type=\"text-editor.default\">\n\t\t\t\t<div class=\"elementor-widget-container\">\n\t\t\t\t\t\t\t\t\t<p>Das Ch\u00e2teau de Berne ist vor allem ein einzigartiges Erlebnis im Herzen der Provence f\u00fcr unsere G\u00e4ste, aber auch f\u00fcr unsere Mitarbeiter. <br \/>Sie m\u00f6chten Teil dieses Abenteuers sein, von Ihrer Leidenschaft leben, Ihre Werte und Erfahrungen weitergeben?<br \/>Entdecken Sie unten die offenen Stellen in unserer Einrichtung und bewerben Sie sich online mit Ihrem Lebenslauf und Ihrem Motivationsschreiben.<\/p>\t\t\t\t\t\t\t\t<\/div>\n\t\t\t\t<\/div>\n\t\t\t\t<div class=\"elementor-element elementor-element-f5ca7ac elementor-align-center elementor-widget elementor-widget-button\" data-id=\"f5ca7ac\" data-element_type=\"widget\" data-e-type=\"widget\" data-widget_type=\"button.default\">\n\t\t\t\t<div class=\"elementor-widget-container\">\n\t\t\t\t\t\t\t\t\t<div class=\"elementor-button-wrapper\">\n\t\t\t\t\t<a class=\"elementor-button elementor-button-link elementor-size-sm\" href=\"mailto:ressources.humaines@mdcvfr.com\" target=\"_blank\">\n\t\t\t\t\t\t<span class=\"elementor-button-content-wrapper\">\n\t\t\t\t\t\t\t\t\t<span class=\"elementor-button-text\">Senden Sie eine Initiativbewerbung<\/span>\n\t\t\t\t\t<\/span>\n\t\t\t\t\t<\/a>\n\t\t\t\t<\/div>\n\t\t\t\t\t\t\t\t<\/div>\n\t\t\t\t<\/div>\n\t\t\t\t\t<\/div>\n\t\t\t\t<\/div>\n\t\t<div class=\"elementor-element elementor-element-ed956ef e-flex e-con-boxed e-con e-parent\" data-id=\"ed956ef\" data-element_type=\"container\" data-e-type=\"container\">\n\t\t\t\t\t<div class=\"e-con-inner\">\n\t\t<div class=\"elementor-element elementor-element-0eac8cf e-con-full e-flex e-con e-child\" data-id=\"0eac8cf\" data-element_type=\"container\" data-e-type=\"container\">\n\t\t\t\t<div class=\"elementor-element elementor-element-1dafcf4 elementor-widget__width-initial elementor-widget elementor-widget-image\" data-id=\"1dafcf4\" data-element_type=\"widget\" data-e-type=\"widget\" data-widget_type=\"image.default\">\n\t\t\t\t<div class=\"elementor-widget-container\">\n\t\t\t\t\t\t\t\t\t\t\t\t\t\t\t<img fetchpriority=\"high\" decoding=\"async\" width=\"2560\" height=\"1707\" src=\"https:\/\/www.chateauberne.com\/wp-content\/uploads\/2021\/10\/Chateau-de-Berne-A-HD-032-1-scaled.jpg\" class=\"attachment-full size-full wp-image-8486\" alt=\"spa en duo\" srcset=\"https:\/\/www.chateauberne.com\/wp-content\/uploads\/2021\/10\/Chateau-de-Berne-A-HD-032-1-scaled.jpg 2560w, https:\/\/www.chateauberne.com\/wp-content\/uploads\/2021\/10\/Chateau-de-Berne-A-HD-032-1-300x200.jpg 300w, https:\/\/www.chateauberne.com\/wp-content\/uploads\/2021\/10\/Chateau-de-Berne-A-HD-032-1-1024x683.jpg 1024w, https:\/\/www.chateauberne.com\/wp-content\/uploads\/2021\/10\/Chateau-de-Berne-A-HD-032-1-768x512.jpg 768w, https:\/\/www.chateauberne.com\/wp-content\/uploads\/2021\/10\/Chateau-de-Berne-A-HD-032-1-1536x1024.jpg 1536w, https:\/\/www.chateauberne.com\/wp-content\/uploads\/2021\/10\/Chateau-de-Berne-A-HD-032-1-2048x1365.jpg 2048w, https:\/\/www.chateauberne.com\/wp-content\/uploads\/2021\/10\/Chateau-de-Berne-A-HD-032-1-18x12.jpg 18w\" sizes=\"(max-width: 2560px) 100vw, 2560px\" \/>\t\t\t\t\t\t\t\t\t\t\t\t\t\t\t<\/div>\n\t\t\t\t<\/div>\n\t\t<div class=\"elementor-element elementor-element-3a84252 e-con-full e-flex e-con e-child\" data-id=\"3a84252\" data-element_type=\"container\" data-e-type=\"container\" data-settings=\"{&quot;background_background&quot;:&quot;classic&quot;}\">\n\t\t\t\t<div class=\"elementor-element elementor-element-d61c21e elementor-widget elementor-widget-heading\" data-id=\"d61c21e\" data-element_type=\"widget\" data-e-type=\"widget\" data-widget_type=\"heading.default\">\n\t\t\t\t<div class=\"elementor-widget-container\">\n\t\t\t\t\t<h2 class=\"elementor-heading-title elementor-size-default\">Unsere Dom\u00e4ne und unsere Werte<\/h2>\t\t\t\t<\/div>\n\t\t\t\t<\/div>\n\t\t\t\t<div class=\"elementor-element elementor-element-be91d57 elementor-widget elementor-widget-text-editor\" data-id=\"be91d57\" data-element_type=\"widget\" data-e-type=\"widget\" data-widget_type=\"text-editor.default\">\n\t\t\t\t<div class=\"elementor-widget-container\">\n\t\t\t\t\t\t\t\t\t<p>Entdecken Sie inmitten von 515 Hektar Natur das Ch\u00e2teau de Berne, ein 5-Sterne-Weingut von Relais et Ch\u00e2teaux in der Provence. Unsere Anlage bietet Ihnen einzigartige Sinneserfahrungen. Ob durch sein Hotel, sein Schloss und seine privaten Villen, sein mit einem Michelin-Stern ausgezeichnetes Restaurant, das f\u00fcr seinen umweltbewussten Ansatz bekannt ist, oder seine zahlreichen Aktivit\u00e4ten wie das Spa oder die Kochkurse, das Ch\u00e2teau de Berne bietet das Versprechen eines unvergesslichen Aufenthalts.<\/p><p>Uns liegt nicht nur der Respekt vor der Umwelt am Herzen, sondern auch die Vermittlung unserer zahlreichen Fertigkeiten, um unseren G\u00e4sten einzigartige Erlebnisse zu erm\u00f6glichen. Respekt, Teilen, Geselligkeit, Erfahrungen und Exzellenz sind die Schl\u00fcsselbegriffe unseres Weinguts.\u00a0<\/p>\t\t\t\t\t\t\t\t<\/div>\n\t\t\t\t<\/div>\n\t\t\t\t<\/div>\n\t\t\t\t<\/div>\n\t\t<div class=\"elementor-element elementor-element-ded8f1b e-con-full e-flex e-con e-child\" data-id=\"ded8f1b\" data-element_type=\"container\" data-e-type=\"container\">\n\t\t\t\t<div class=\"elementor-element elementor-element-69e1d5c elementor-widget__width-initial elementor-widget elementor-widget-image\" data-id=\"69e1d5c\" data-element_type=\"widget\" data-e-type=\"widget\" data-widget_type=\"image.default\">\n\t\t\t\t<div class=\"elementor-widget-container\">\n\t\t\t\t\t\t\t\t\t\t\t\t\t\t\t<img decoding=\"async\" width=\"2560\" height=\"1707\" src=\"https:\/\/www.chateauberne.com\/wp-content\/uploads\/2022\/05\/Equipe-Spa-N_Maday-5-scaled.jpg\" class=\"attachment-full size-full wp-image-12912\" alt=\"spa vinoth\u00e9rapie\" srcset=\"https:\/\/www.chateauberne.com\/wp-content\/uploads\/2022\/05\/Equipe-Spa-N_Maday-5-scaled.jpg 2560w, https:\/\/www.chateauberne.com\/wp-content\/uploads\/2022\/05\/Equipe-Spa-N_Maday-5-300x200.jpg 300w, https:\/\/www.chateauberne.com\/wp-content\/uploads\/2022\/05\/Equipe-Spa-N_Maday-5-1024x683.jpg 1024w, https:\/\/www.chateauberne.com\/wp-content\/uploads\/2022\/05\/Equipe-Spa-N_Maday-5-768x512.jpg 768w, https:\/\/www.chateauberne.com\/wp-content\/uploads\/2022\/05\/Equipe-Spa-N_Maday-5-1536x1024.jpg 1536w, https:\/\/www.chateauberne.com\/wp-content\/uploads\/2022\/05\/Equipe-Spa-N_Maday-5-2048x1365.jpg 2048w, https:\/\/www.chateauberne.com\/wp-content\/uploads\/2022\/05\/Equipe-Spa-N_Maday-5-18x12.jpg 18w\" sizes=\"(max-width: 2560px) 100vw, 2560px\" \/>\t\t\t\t\t\t\t\t\t\t\t\t\t\t\t<\/div>\n\t\t\t\t<\/div>\n\t\t<div class=\"elementor-element elementor-element-63e863a e-con-full e-flex e-con e-child\" data-id=\"63e863a\" data-element_type=\"container\" data-e-type=\"container\" data-settings=\"{&quot;background_background&quot;:&quot;classic&quot;}\">\n\t\t\t\t<div class=\"elementor-element elementor-element-3406e47 elementor-widget elementor-widget-heading\" data-id=\"3406e47\" data-element_type=\"widget\" data-e-type=\"widget\" data-widget_type=\"heading.default\">\n\t\t\t\t<div class=\"elementor-widget-container\">\n\t\t\t\t\t<h2 class=\"elementor-heading-title elementor-size-default\">Unsere Berufe im Dienste der Exzellenz<\/h2>\t\t\t\t<\/div>\n\t\t\t\t<\/div>\n\t\t\t\t<div class=\"elementor-element elementor-element-5624f00 elementor-widget elementor-widget-text-editor\" data-id=\"5624f00\" data-element_type=\"widget\" data-e-type=\"widget\" data-widget_type=\"text-editor.default\">\n\t\t\t\t<div class=\"elementor-widget-container\">\n\t\t\t\t\t\t\t\t\t<p>Berufliche und pers\u00f6nliche Entfaltung, Respekt, Know-how und Teamarbeit sind unsere Grundpfeiler, um die von unseren G\u00e4sten gesuchte Exzellenz zu erreichen. Jeder Beruf ist einzigartig, Sie sind einzigartig und mit kollektiver Arbeit offenbart sich das Streben nach Spitzenleistungen.<\/p><p>Wenn Sie sich bei uns bewerben, werden Sie Teil einer Familie, eines Universums und eines au\u00dfergew\u00f6hnlichen Weinbergs.\u00a0\u00a0<\/p>\t\t\t\t\t\t\t\t<\/div>\n\t\t\t\t<\/div>\n\t\t\t\t<\/div>\n\t\t\t\t<\/div>\n\t\t\t\t\t<\/div>\n\t\t\t\t<\/div>\n\t\t<div class=\"elementor-element elementor-element-1557e77 e-flex e-con-boxed e-con e-parent\" data-id=\"1557e77\" data-element_type=\"container\" data-e-type=\"container\">\n\t\t\t\t\t<div class=\"e-con-inner\">\n\t\t\t\t<div class=\"elementor-element elementor-element-bc1880d elementor-widget elementor-widget-shortcode\" data-id=\"bc1880d\" data-element_type=\"widget\" data-e-type=\"widget\" data-widget_type=\"shortcode.default\">\n\t\t\t\t<div class=\"elementor-widget-container\">\n\t\t\t\t\t\t\t<div class=\"elementor-shortcode\"><section class=\"job-listing row clearfix\" aria-label=\"Job listings\"><div class=\"column medium-12 col-md-12\" role=\"list\"><article class=\"job-preview clearfix\" role=\"article\" aria-labelledby=\"job-title-24091\"><div class=\"job-content\"><h5><a href=\"http:\/\/www.chateauberne.com\/de\/job\/night-auditor\/\" id=\"job-title-24091\" target=\"_self\"><span>Night Auditor<\/span><\/a><\/h5><div class=\"job-additional-information\" aria-label=\"Additional job information\"><span>Befristet<\/span><\/div><\/div><div class=\"job-cta\"><a href=\"http:\/\/www.chateauberne.com\/de\/job\/night-auditor\/\" target=\"_self\" class=\"apply-btn local\" aria-label=\"View job: Night Auditor\">Ansehen<\/a><\/div><\/article><article class=\"job-preview clearfix\" role=\"article\" aria-labelledby=\"job-title-24090\"><div class=\"job-content\"><h5><a href=\"http:\/\/www.chateauberne.com\/de\/job\/receptionniste\/\" id=\"job-title-24090\" target=\"_self\"><span>Rezeptionistin<\/span><\/a><\/h5><div class=\"job-additional-information\" aria-label=\"Additional job information\"><span>Befristet<\/span><\/div><\/div><div class=\"job-cta\"><a href=\"http:\/\/www.chateauberne.com\/de\/job\/receptionniste\/\" target=\"_self\" class=\"apply-btn local\" aria-label=\"View job: R\u00e9ceptionniste\">Ansehen<\/a><\/div><\/article><article class=\"job-preview clearfix\" role=\"article\" aria-labelledby=\"job-title-24089\"><div class=\"job-content\"><h5><a href=\"http:\/\/www.chateauberne.com\/de\/job\/barman-hotel\/\" id=\"job-title-24089\" target=\"_self\"><span>Barkeeper - Hotel<\/span><\/a><\/h5><div class=\"job-additional-information\" aria-label=\"Additional job information\"><span>Befristet<\/span><\/div><\/div><div class=\"job-cta\"><a href=\"http:\/\/www.chateauberne.com\/de\/job\/barman-hotel\/\" target=\"_self\" class=\"apply-btn local\" aria-label=\"View job: Barman - H\u00f4tel\">Ansehen<\/a><\/div><\/article><article class=\"job-preview clearfix\" role=\"article\" aria-labelledby=\"job-title-23034\"><div class=\"job-content\"><h5><a href=\"http:\/\/www.chateauberne.com\/de\/job\/commis-de-salle-bistrot-f-h\/\" id=\"job-title-23034\" target=\"_self\"><span>Commis de salle - Le Bistrot F\/H<\/span><\/a><\/h5><div class=\"job-additional-information\" aria-label=\"Additional job information\"><span>Vollzeit, Befristet<\/span><\/div><\/div><div class=\"job-cta\"><a href=\"http:\/\/www.chateauberne.com\/de\/job\/commis-de-salle-bistrot-f-h\/\" target=\"_self\" class=\"apply-btn local\" aria-label=\"View job: Commis de salle - Le Bistrot F\/H\">Ansehen<\/a><\/div><\/article><article class=\"job-preview clearfix\" role=\"article\" aria-labelledby=\"job-title-23032\"><div class=\"job-content\"><h5><a href=\"http:\/\/www.chateauberne.com\/de\/job\/commis-de-salle-jardin-de-berne-f-h\/\" id=\"job-title-23032\" target=\"_self\"><span>Commis de salle - Le Jardin de Berne F\/H<\/span><\/a><\/h5><div class=\"job-additional-information\" aria-label=\"Additional job information\"><span>Vollzeit, Befristet<\/span><\/div><\/div><div class=\"job-cta\"><a href=\"http:\/\/www.chateauberne.com\/de\/job\/commis-de-salle-jardin-de-berne-f-h\/\" target=\"_self\" class=\"apply-btn local\" aria-label=\"View job: Commis de salle - Le Jardin de Berne F\/H\">Ansehen<\/a><\/div><\/article><article class=\"job-preview clearfix\" role=\"article\" aria-labelledby=\"job-title-23031\"><div class=\"job-content\"><h5><a href=\"http:\/\/www.chateauberne.com\/de\/job\/chef-de-rang-bistrot-f-h\/\" id=\"job-title-23031\" target=\"_self\"><span>Chef de Rang- Le Bistrot w\/m<\/span><\/a><\/h5><div class=\"job-additional-information\" aria-label=\"Additional job information\"><span>Vollzeit, Befristet<\/span><\/div><\/div><div class=\"job-cta\"><a href=\"http:\/\/www.chateauberne.com\/de\/job\/chef-de-rang-bistrot-f-h\/\" target=\"_self\" class=\"apply-btn local\" aria-label=\"View job: Chef de rang- Le Bistrot F\/H\">Ansehen<\/a><\/div><\/article><article class=\"job-preview clearfix\" role=\"article\" aria-labelledby=\"job-title-23030\"><div class=\"job-content\"><h5><a href=\"http:\/\/www.chateauberne.com\/de\/job\/chef-de-rang-jardin-de-berne-f-h\/\" id=\"job-title-23030\" target=\"_self\"><span>Chef de Rang Jardin de Berne F\/H<\/span><\/a><\/h5><div class=\"job-additional-information\" aria-label=\"Additional job information\"><\/div><\/div><div class=\"job-cta\"><a href=\"http:\/\/www.chateauberne.com\/de\/job\/chef-de-rang-jardin-de-berne-f-h\/\" target=\"_self\" class=\"apply-btn local\" aria-label=\"View job: Chef de rang Jardin de Berne F\/H\">Ansehen<\/a><\/div><\/article><article class=\"job-preview clearfix\" role=\"article\" aria-labelledby=\"job-title-23024\"><div class=\"job-content\"><h5><a href=\"http:\/\/www.chateauberne.com\/de\/job\/femme-de-chambre-valet-de-chambre\/\" id=\"job-title-23024\" target=\"_self\"><span>Zimmerm\u00e4dchen \/ Kammerdiener<\/span><\/a><\/h5><div class=\"job-additional-information\" aria-label=\"Additional job information\"><\/div><\/div><div class=\"job-cta\"><a href=\"http:\/\/www.chateauberne.com\/de\/job\/femme-de-chambre-valet-de-chambre\/\" target=\"_self\" class=\"apply-btn local\" aria-label=\"View job: Femme de chambre \/ Valet de chambre\">Ansehen<\/a><\/div><\/article><article class=\"job-preview clearfix\" role=\"article\" aria-labelledby=\"job-title-23020\"><div class=\"job-content\"><h5><a href=\"http:\/\/www.chateauberne.com\/de\/job\/second-de-cuisine-jardin-de-berne-f-h\/\" id=\"job-title-23020\" target=\"_self\"><span>Second de cuisine Jardin de Berne F\/H<\/span><\/a><\/h5><div class=\"job-additional-information\" aria-label=\"Additional job information\"><\/div><\/div><div class=\"job-cta\"><a href=\"http:\/\/www.chateauberne.com\/de\/job\/second-de-cuisine-jardin-de-berne-f-h\/\" target=\"_self\" class=\"apply-btn local\" aria-label=\"View job: Second de cuisine Jardin de Berne F\/H\">Ansehen<\/a><\/div><\/article><article class=\"job-preview clearfix\" role=\"article\" aria-labelledby=\"job-title-23019\"><div class=\"job-content\"><h5><a href=\"http:\/\/www.chateauberne.com\/de\/job\/plongeur-jardin-de-berne-f-h\/\" id=\"job-title-23019\" target=\"_self\"><span>Pongeur Jardin de Berne F\/H<\/span><\/a><\/h5><div class=\"job-additional-information\" aria-label=\"Additional job information\"><\/div><\/div><div class=\"job-cta\"><a href=\"http:\/\/www.chateauberne.com\/de\/job\/plongeur-jardin-de-berne-f-h\/\" target=\"_self\" class=\"apply-btn local\" aria-label=\"View job: Plongeur Jardin de Berne F\/H\">Ansehen<\/a><\/div><\/article><article class=\"job-preview clearfix\" role=\"article\" aria-labelledby=\"job-title-23017\"><div class=\"job-content\"><h5><a href=\"http:\/\/www.chateauberne.com\/de\/job\/chef-de-rang-bistrot-f-h-2-3-2-2-2-2-2-2\/\" id=\"job-title-23017\" target=\"_self\"><span>Demi-Chef de partie Jardin de Berne w\/m<\/span><\/a><\/h5><div class=\"job-additional-information\" aria-label=\"Additional job information\"><\/div><\/div><div class=\"job-cta\"><a href=\"http:\/\/www.chateauberne.com\/de\/job\/chef-de-rang-bistrot-f-h-2-3-2-2-2-2-2-2\/\" target=\"_self\" class=\"apply-btn local\" aria-label=\"View job: Demi-Chef de partie Jardin de Berne F\/H\">Ansehen<\/a><\/div><\/article><article class=\"job-preview clearfix\" role=\"article\" aria-labelledby=\"job-title-23014\"><div class=\"job-content\"><h5><a href=\"http:\/\/www.chateauberne.com\/de\/job\/chef-de-rang-bistrot-f-h-2-3-2-2-2\/\" id=\"job-title-23014\" target=\"_self\"><span>Commis de cuisine Jardin de Berne F\/H<\/span><\/a><\/h5><div class=\"job-additional-information\" aria-label=\"Additional job information\"><\/div><\/div><div class=\"job-cta\"><a href=\"http:\/\/www.chateauberne.com\/de\/job\/chef-de-rang-bistrot-f-h-2-3-2-2-2\/\" target=\"_self\" class=\"apply-btn local\" aria-label=\"View job: Commis de cuisine Jardin de Berne F\/H\">Ansehen<\/a><\/div><\/article><article class=\"job-preview clearfix\" role=\"article\" aria-labelledby=\"job-title-23013\"><div class=\"job-content\"><h5><a href=\"http:\/\/www.chateauberne.com\/de\/job\/chef-de-rang-bistrot-f-h-2-3-2-2\/\" id=\"job-title-23013\" target=\"_self\"><span>Commis de cuisine Bistrot w\/m<\/span><\/a><\/h5><div class=\"job-additional-information\" aria-label=\"Additional job information\"><span>Vollzeit<\/span><\/div><\/div><div class=\"job-cta\"><a href=\"http:\/\/www.chateauberne.com\/de\/job\/chef-de-rang-bistrot-f-h-2-3-2-2\/\" target=\"_self\" class=\"apply-btn local\" aria-label=\"View job: Commis de cuisine Bistrot F\/H\">Ansehen<\/a><\/div><\/article><article class=\"job-preview clearfix\" role=\"article\" aria-labelledby=\"job-title-23012\"><div class=\"job-content\"><h5><a href=\"http:\/\/www.chateauberne.com\/de\/job\/chef-de-rang-bistrot-f-h-2-3-2\/\" id=\"job-title-23012\" target=\"_self\"><span>Partyleiter\/in Berner Garten w\/m<\/span><\/a><\/h5><div class=\"job-additional-information\" aria-label=\"Additional job information\"><span>Vollzeit<\/span><\/div><\/div><div class=\"job-cta\"><a href=\"http:\/\/www.chateauberne.com\/de\/job\/chef-de-rang-bistrot-f-h-2-3-2\/\" target=\"_self\" class=\"apply-btn local\" aria-label=\"View job: Chef de partie Jardin de Berne F\/H\">Ansehen<\/a><\/div><\/article><article class=\"job-preview clearfix\" role=\"article\" aria-labelledby=\"job-title-23010\"><div class=\"job-content\"><h5><a href=\"http:\/\/www.chateauberne.com\/de\/job\/chef-de-rang-bistrot-f-h-2-2\/\" id=\"job-title-23010\" target=\"_self\"><span>Chef de partie - Le Bistrot F\/H<\/span><\/a><\/h5><div class=\"job-additional-information\" aria-label=\"Additional job information\"><span>Vollzeit, Befristet<\/span><\/div><\/div><div class=\"job-cta\"><a href=\"http:\/\/www.chateauberne.com\/de\/job\/chef-de-rang-bistrot-f-h-2-2\/\" target=\"_self\" class=\"apply-btn local\" aria-label=\"View job: Chef de partie - Le Bistrot F\/H\">Ansehen<\/a><\/div><\/article><\/div><\/section><\/div>\n\t\t\t\t\t\t<\/div>\n\t\t\t\t<\/div>\n\t\t\t\t\t<\/div>\n\t\t\t\t<\/div>\n\t\t\t\t<\/div>","protected":false},"excerpt":{"rendered":"<p>Le Ch\u00e2teau de Berne est avant tout une exp\u00e9rience unique au c\u0153ur de la Provence pour nos h\u00f4tes mais \u00e9galement pour nos collaborateurs. Vous souhaitez faire parti de cette aventure, vivre de votre passion, transmettre vos valeurs et votre exp\u00e9rience ?D\u00e9couvrez ci-dessous les postes \u00e0 pourvoir au sein de notre \u00e9tablissement et postulez en ligne [&hellip;]<\/p>\n","protected":false},"author":18,"featured_media":0,"parent":0,"menu_order":31,"comment_status":"closed","ping_status":"closed","template":"","meta":{"inline_featured_image":false,"footnotes":""},"class_list":["post-538","page","type-page","status-publish","hentry"],"_links":{"self":[{"href":"http:\/\/www.chateauberne.com\/de\/wp-json\/wp\/v2\/pages\/538","targetHints":{"allow":["GET"]}}],"collection":[{"href":"http:\/\/www.chateauberne.com\/de\/wp-json\/wp\/v2\/pages"}],"about":[{"href":"http:\/\/www.chateauberne.com\/de\/wp-json\/wp\/v2\/types\/page"}],"author":[{"embeddable":true,"href":"http:\/\/www.chateauberne.com\/de\/wp-json\/wp\/v2\/users\/18"}],"replies":[{"embeddable":true,"href":"http:\/\/www.chateauberne.com\/de\/wp-json\/wp\/v2\/comments?post=538"}],"version-history":[{"count":94,"href":"http:\/\/www.chateauberne.com\/de\/wp-json\/wp\/v2\/pages\/538\/revisions"}],"predecessor-version":[{"id":26060,"href":"http:\/\/www.chateauberne.com\/de\/wp-json\/wp\/v2\/pages\/538\/revisions\/26060"}],"wp:attachment":[{"href":"http:\/\/www.chateauberne.com\/de\/wp-json\/wp\/v2\/media?parent=538"}],"curies":[{"name":"wp","href":"https:\/\/api.w.org\/{rel}","templated":true}]}}