{"id":1385,"date":"2020-11-13T13:00:27","date_gmt":"2020-11-13T12:00:27","guid":{"rendered":"https:\/\/www.chateauberne.com\/bar-2\/"},"modified":"2026-03-04T14:13:23","modified_gmt":"2026-03-04T13:13:23","slug":"les-chefs","status":"publish","type":"page","link":"http:\/\/www.chateauberne.com\/it\/gastronomie\/les-chefs\/","title":{"rendered":"Gli chef"},"content":{"rendered":"<div data-elementor-type=\"wp-page\" data-elementor-id=\"1385\" class=\"elementor elementor-1385\" data-elementor-post-type=\"page\">\n\t\t\t\t<div class=\"elementor-element elementor-element-3ac27fc e-con-full e-flex e-con e-parent\" data-id=\"3ac27fc\" data-element_type=\"container\" data-e-type=\"container\">\n\t\t\t\t<div class=\"elementor-element elementor-element-c1bba56 elementor--h-position-center elementor--v-position-middle elementor-widget elementor-widget-slides\" data-id=\"c1bba56\" data-element_type=\"widget\" data-e-type=\"widget\" data-settings=\"{&quot;navigation&quot;:&quot;none&quot;,&quot;transition&quot;:&quot;fade&quot;,&quot;transition_speed&quot;:500}\" data-widget_type=\"slides.default\">\n\t\t\t\t<div class=\"elementor-widget-container\">\n\t\t\t\t\t\t\t\t\t<div class=\"elementor-swiper\">\n\t\t\t\t\t<div class=\"elementor-slides-wrapper elementor-main-swiper swiper\" role=\"region\" aria-roledescription=\"carousel\" aria-label=\"Diapositive\" dir=\"ltr\" data-animation=\"fadeInUp\">\n\t\t\t\t<div class=\"swiper-wrapper elementor-slides\">\n\t\t\t\t\t\t\t\t\t\t<div class=\"elementor-repeater-item-de8fba4 swiper-slide\" role=\"group\" aria-roledescription=\"slide\"><div class=\"swiper-slide-bg\" role=\"img\" aria-label=\"Le Jardin de Berne - l&#039;olio d&#039;oliva di xavier alazard@leagil (1)-min\"><\/div><div class=\"swiper-slide-inner\" ><div class=\"swiper-slide-contents\"><\/div><\/div><\/div>\t\t\t\t<\/div>\n\t\t\t\t\t\t\t<\/div>\n\t\t\t\t<\/div>\n\t\t\t\t\t\t\t\t<\/div>\n\t\t\t\t<\/div>\n\t\t\t\t<\/div>\n\t\t<div class=\"elementor-element elementor-element-5788b52 e-flex e-con-boxed e-con e-parent\" data-id=\"5788b52\" data-element_type=\"container\" data-e-type=\"container\">\n\t\t\t\t\t<div class=\"e-con-inner\">\n\t\t\t\t<div class=\"elementor-element elementor-element-32f1e48 e-transform e-transform elementor-widget-divider--view-line elementor-widget elementor-widget-global elementor-global-24569 elementor-widget-divider\" data-id=\"32f1e48\" data-element_type=\"widget\" data-e-type=\"widget\" data-settings=\"{&quot;_transform_rotateZ_effect&quot;:{&quot;unit&quot;:&quot;px&quot;,&quot;size&quot;:90,&quot;sizes&quot;:[]},&quot;_transform_translateX_effect&quot;:{&quot;unit&quot;:&quot;px&quot;,&quot;size&quot;:60,&quot;sizes&quot;:[]},&quot;_transform_rotateZ_effect_widescreen&quot;:{&quot;unit&quot;:&quot;deg&quot;,&quot;size&quot;:&quot;&quot;,&quot;sizes&quot;:[]},&quot;_transform_rotateZ_effect_laptop&quot;:{&quot;unit&quot;:&quot;deg&quot;,&quot;size&quot;:&quot;&quot;,&quot;sizes&quot;:[]},&quot;_transform_rotateZ_effect_tablet_extra&quot;:{&quot;unit&quot;:&quot;deg&quot;,&quot;size&quot;:&quot;&quot;,&quot;sizes&quot;:[]},&quot;_transform_rotateZ_effect_tablet&quot;:{&quot;unit&quot;:&quot;deg&quot;,&quot;size&quot;:&quot;&quot;,&quot;sizes&quot;:[]},&quot;_transform_rotateZ_effect_mobile&quot;:{&quot;unit&quot;:&quot;deg&quot;,&quot;size&quot;:&quot;&quot;,&quot;sizes&quot;:[]},&quot;_transform_translateX_effect_widescreen&quot;:{&quot;unit&quot;:&quot;px&quot;,&quot;size&quot;:&quot;&quot;,&quot;sizes&quot;:[]},&quot;_transform_translateX_effect_laptop&quot;:{&quot;unit&quot;:&quot;px&quot;,&quot;size&quot;:&quot;&quot;,&quot;sizes&quot;:[]},&quot;_transform_translateX_effect_tablet_extra&quot;:{&quot;unit&quot;:&quot;px&quot;,&quot;size&quot;:&quot;&quot;,&quot;sizes&quot;:[]},&quot;_transform_translateX_effect_tablet&quot;:{&quot;unit&quot;:&quot;px&quot;,&quot;size&quot;:&quot;&quot;,&quot;sizes&quot;:[]},&quot;_transform_translateX_effect_mobile&quot;:{&quot;unit&quot;:&quot;px&quot;,&quot;size&quot;:&quot;&quot;,&quot;sizes&quot;:[]},&quot;_transform_translateY_effect&quot;:{&quot;unit&quot;:&quot;px&quot;,&quot;size&quot;:&quot;&quot;,&quot;sizes&quot;:[]},&quot;_transform_translateY_effect_widescreen&quot;:{&quot;unit&quot;:&quot;px&quot;,&quot;size&quot;:&quot;&quot;,&quot;sizes&quot;:[]},&quot;_transform_translateY_effect_laptop&quot;:{&quot;unit&quot;:&quot;px&quot;,&quot;size&quot;:&quot;&quot;,&quot;sizes&quot;:[]},&quot;_transform_translateY_effect_tablet_extra&quot;:{&quot;unit&quot;:&quot;px&quot;,&quot;size&quot;:&quot;&quot;,&quot;sizes&quot;:[]},&quot;_transform_translateY_effect_tablet&quot;:{&quot;unit&quot;:&quot;px&quot;,&quot;size&quot;:&quot;&quot;,&quot;sizes&quot;:[]},&quot;_transform_translateY_effect_mobile&quot;:{&quot;unit&quot;:&quot;px&quot;,&quot;size&quot;:&quot;&quot;,&quot;sizes&quot;:[]}}\" data-widget_type=\"divider.default\">\n\t\t\t\t<div class=\"elementor-widget-container\">\n\t\t\t\t\t\t\t<div class=\"elementor-divider\">\n\t\t\t<span class=\"elementor-divider-separator\">\n\t\t\t\t\t\t<\/span>\n\t\t<\/div>\n\t\t\t\t\t\t<\/div>\n\t\t\t\t<\/div>\n\t\t\t\t<div class=\"elementor-element elementor-element-add0279 elementor-widget elementor-widget-heading\" data-id=\"add0279\" data-element_type=\"widget\" data-e-type=\"widget\" data-widget_type=\"heading.default\">\n\t\t\t\t<div class=\"elementor-widget-container\">\n\t\t\t\t\t<h1 class=\"elementor-heading-title elementor-size-default\">Gli chef<\/h1>\t\t\t\t<\/div>\n\t\t\t\t<\/div>\n\t\t\t\t<div class=\"elementor-element elementor-element-fa7e1ec elementor-widget elementor-widget-heading\" data-id=\"fa7e1ec\" data-element_type=\"widget\" data-e-type=\"widget\" data-widget_type=\"heading.default\">\n\t\t\t\t<div class=\"elementor-widget-container\">\n\t\t\t\t\t<h2 class=\"elementor-heading-title elementor-size-default\">le loro visioni e i loro impegni<\/h2>\t\t\t\t<\/div>\n\t\t\t\t<\/div>\n\t\t\t\t\t<\/div>\n\t\t\t\t<\/div>\n\t\t<div class=\"elementor-element elementor-element-dc762b1 e-flex e-con-boxed e-con e-parent\" data-id=\"dc762b1\" data-element_type=\"container\" data-e-type=\"container\">\n\t\t\t\t\t<div class=\"e-con-inner\">\n\t\t<div class=\"elementor-element elementor-element-c33f73c e-con-full e-flex e-con e-child\" data-id=\"c33f73c\" data-element_type=\"container\" data-e-type=\"container\">\n\t\t<div class=\"elementor-element elementor-element-f0b4c7d section-hide-bg e-con-full e-flex e-con e-child\" data-id=\"f0b4c7d\" data-element_type=\"container\" data-e-type=\"container\" data-settings=\"{&quot;background_background&quot;:&quot;classic&quot;}\">\n\t\t<div class=\"elementor-element elementor-element-ec9dcbb e-con-full e-flex e-con e-child\" data-id=\"ec9dcbb\" data-element_type=\"container\" data-e-type=\"container\" data-settings=\"{&quot;background_background&quot;:&quot;classic&quot;}\">\n\t\t\t\t<div class=\"elementor-element elementor-element-2cc59e6 elementor-widget elementor-widget-heading\" data-id=\"2cc59e6\" data-element_type=\"widget\" data-e-type=\"widget\" data-widget_type=\"heading.default\">\n\t\t\t\t<div class=\"elementor-widget-container\">\n\t\t\t\t\t<h2 class=\"elementor-heading-title elementor-size-default\">Louis Rameau<\/h2>\t\t\t\t<\/div>\n\t\t\t\t<\/div>\n\t\t\t\t<div class=\"elementor-element elementor-element-af1264f elementor-widget elementor-widget-text-editor\" data-id=\"af1264f\" data-element_type=\"widget\" data-e-type=\"widget\" data-widget_type=\"text-editor.default\">\n\t\t\t\t<div class=\"elementor-widget-container\">\n\t\t\t\t\t\t\t\t\t<p><b>Chef Le Jardin de Berne<\/b><\/p><p><b>\u00a0<\/b><i><span style=\"font-weight: 400;\">\"Allo Ch\u00e2teau de Berne la natura regna sovrana, ed \u00e8 anche uno dei valori pi\u00f9 importanti della mia cucina. Ogni giorno, quando raccogliamo le verdure, prepariamo un piatto in cui esaltiamo il meglio dei prodotti raccolti. Sono al loro meglio, quindi basta aggiungere qualche semplice tocco e si ottiene un piatto che \u00e8 il pi\u00f9 vicino alla natura.<\/span><\/i><\/p><p><span style=\"font-weight: 400;\">Per questo amante della natura, lo Ch\u00e2teau de Berne \u00e8 un parco giochi sconfinato, ricco e stimolante. Louis Rameau si \u00e8 unito alla cucina del Berne nell'aprile 2016 per poi assumerne la direzione all'inizio del 2020, dove esprime tutto il suo talento e la sua creativit\u00e0 attraverso una cucina semplice e autentica che esalta i prodotti locali e l'arte di vivere provenzale.<\/span><\/p><p><span style=\"font-weight: 400;\">Al Ch\u00e2teau de Berne si vive a contatto con la natura e si cerca di far emergere il meglio di ci\u00f2 che essa offre. Ci sono i giardini, l'orto, la verdura e la frutta, tutta questa diversit\u00e0, questa vegetazione locale che si ritrova nel menu de Le Jardin de Berne* al variare delle stagioni. \u00c8 una vicinanza che delizia lo chef e gli permette di dare libero sfogo alla sua immaginazione: un giorno un pistillo di zafferano dell'Haut-Var si aggiunge al piatto, il giorno dopo un aceto del Piemonte esalta tutti i sapori di un piatto. <\/span><i><span style=\"font-weight: 400;\">\"Cerco di fare bene come la natura, se possibile meglio, ma in genere \u00e8 qui che si fa fatica.<\/span><\/i><span style=\"font-weight: 400;\"> ammette con un ampio sorriso. Per Louis, che ha una concezione collettiva del successo, la nozione di rispetto \u00e8 fondamentale nella sua cucina. Si preoccupa molto di garantirlo.<\/span><\/p>\t\t\t\t\t\t\t\t<\/div>\n\t\t\t\t<\/div>\n\t\t\t\t<\/div>\n\t\t\t\t<\/div>\n\t\t\t\t<\/div>\n\t\t\t\t\t<\/div>\n\t\t\t\t<\/div>\n\t\t<div class=\"elementor-element elementor-element-db42908 e-flex e-con-boxed e-con e-parent\" data-id=\"db42908\" data-element_type=\"container\" data-e-type=\"container\">\n\t\t\t\t\t<div class=\"e-con-inner\">\n\t\t<div class=\"elementor-element elementor-element-672f835 e-con-full e-flex e-con e-child\" data-id=\"672f835\" data-element_type=\"container\" data-e-type=\"container\">\n\t\t<div class=\"elementor-element elementor-element-eb7a24a section-hide-bg e-con-full e-flex e-con e-child\" data-id=\"eb7a24a\" data-element_type=\"container\" data-e-type=\"container\" data-settings=\"{&quot;background_background&quot;:&quot;classic&quot;}\">\n\t\t<div class=\"elementor-element elementor-element-3bc6f55 e-con-full e-flex e-con e-child\" data-id=\"3bc6f55\" data-element_type=\"container\" data-e-type=\"container\" data-settings=\"{&quot;background_background&quot;:&quot;classic&quot;}\">\n\t\t\t\t<div class=\"elementor-element elementor-element-dc40484 elementor-widget elementor-widget-heading\" data-id=\"dc40484\" data-element_type=\"widget\" data-e-type=\"widget\" data-widget_type=\"heading.default\">\n\t\t\t\t<div class=\"elementor-widget-container\">\n\t\t\t\t\t<h2 class=\"elementor-heading-title elementor-size-default\">Eric Raynal<\/h2>\t\t\t\t<\/div>\n\t\t\t\t<\/div>\n\t\t\t\t<div class=\"elementor-element elementor-element-b436d1e elementor-widget elementor-widget-text-editor\" data-id=\"b436d1e\" data-element_type=\"widget\" data-e-type=\"widget\" data-widget_type=\"text-editor.default\">\n\t\t\t\t<div class=\"elementor-widget-container\">\n\t\t\t\t\t\t\t\t\t<p><b>Pasticcere<\/b><\/p>\n<p><span style=\"font-weight: 400;\">&nbsp;<\/span><i><span style=\"font-weight: 400;\">\"Da piccolo volevo fare il macchinista, ma alla fine non sono poi cos\u00ec lontano. Cerco di far viaggiare le persone avendo come meta il piacere culinario\".<\/span><\/i><\/p>\n<p><span style=\"font-weight: 400;\">L'uomo che ammette di aver sempre segretamente sognato di lavorare allo Ch\u00e2teau de Berne vi ha ritagliato un posto speciale in pochi anni, diventando uno dei suoi collaboratori pi\u00f9 ispirati. Infatti, gli \u00e8 bastata una sola stagione, nel 2016, per essere promosso a Pastry Chef, dimostrando che \"con il duro lavoro, tutto \u00e8 possibile\".<\/span><\/p>\n<p><span style=\"font-weight: 400;\">&nbsp;Dal \"Bistrot\" molto conviviale al raffinato \"Jardin de Berne*\", regna sui piatti dolci e si sforza di rispettare lo spirito del luogo, la natura e il giardino. Amante della terra, \u00c9ric predilige i prodotti della tenuta, dove non ha esitato a piantare agrumi insoliti: combava, caviale di limone, cedro, spinge indietro i limiti della sua creativit\u00e0 e del suo gusto gastronomico, e con essi quelli dei produttori locali. <\/span><i><span style=\"font-weight: 400;\">\"Leggeri nello zucchero, forti nel sapore, i miei dessert seguono il ritmo delle stagioni e quello del nostro orto\". <\/span><\/i><span style=\"font-weight: 400;\">spiega questo chef intransigente che dirige un team di pasticceri, non di cuochi, <\/span><i><span style=\"font-weight: 400;\">\"fa davvero la differenza per il risultato finale\".<\/span><\/i><span style=\"font-weight: 400;\"> \u00e8 entusiasta.&nbsp;<\/span><\/p>\n<p><span style=\"font-weight: 400;\">&nbsp;Il 2020 segna il coronamento per \u00c9ric, che \u00e8 stato nominato vincitore nella selezione <\/span><i><span style=\"font-weight: 400;\">\"Dessert della passione <\/span><\/i><span style=\"font-weight: 400;\">nella Guida Michelin.<\/span><\/p>\t\t\t\t\t\t\t\t<\/div>\n\t\t\t\t<\/div>\n\t\t\t\t<\/div>\n\t\t\t\t<\/div>\n\t\t\t\t<div class=\"elementor-element elementor-element-9228e17 elementor-widget elementor-widget-spacer\" data-id=\"9228e17\" data-element_type=\"widget\" data-e-type=\"widget\" data-widget_type=\"spacer.default\">\n\t\t\t\t<div class=\"elementor-widget-container\">\n\t\t\t\t\t\t\t<div class=\"elementor-spacer\">\n\t\t\t<div class=\"elementor-spacer-inner\"><\/div>\n\t\t<\/div>\n\t\t\t\t\t\t<\/div>\n\t\t\t\t<\/div>\n\t\t\t\t<\/div>\n\t\t\t\t\t<\/div>\n\t\t\t\t<\/div>\n\t\t<div class=\"elementor-element elementor-element-d56e0ce e-grid e-con-boxed e-con e-parent\" data-id=\"d56e0ce\" data-element_type=\"container\" data-e-type=\"container\">\n\t\t\t\t\t<div class=\"e-con-inner\">\n\t\t<div class=\"elementor-element elementor-element-7c9a072 e-con-full e-flex e-con e-child\" data-id=\"7c9a072\" data-element_type=\"container\" data-e-type=\"container\" data-settings=\"{&quot;background_background&quot;:&quot;classic&quot;}\">\n\t\t\t\t<div class=\"elementor-element elementor-element-65f597b elementor-widget elementor-widget-image\" data-id=\"65f597b\" data-element_type=\"widget\" data-e-type=\"widget\" data-widget_type=\"image.default\">\n\t\t\t\t<div class=\"elementor-widget-container\">\n\t\t\t\t\t\t\t\t\t\t\t\t\t\t\t\t<a href=\"http:\/\/www.chateauberne.com\/it\/gastronomie\/tables-du-chef\/\">\n\t\t\t\t\t\t\t<img fetchpriority=\"high\" decoding=\"async\" width=\"600\" height=\"380\" src=\"https:\/\/www.chateauberne.com\/wp-content\/uploads\/2021\/04\/@A.LANNERETONNE-2-1-600x380.jpg\" class=\"attachment-petit-paysage size-petit-paysage wp-image-4285\" alt=\"\" srcset=\"https:\/\/www.chateauberne.com\/wp-content\/uploads\/2021\/04\/@A.LANNERETONNE-2-1-600x380.jpg 600w, https:\/\/www.chateauberne.com\/wp-content\/uploads\/2021\/04\/@A.LANNERETONNE-2-1-16x10.jpg 16w\" sizes=\"(max-width: 600px) 100vw, 600px\" \/>\t\t\t\t\t\t\t\t<\/a>\n\t\t\t\t\t\t\t\t\t\t\t\t\t\t\t<\/div>\n\t\t\t\t<\/div>\n\t\t<div class=\"elementor-element elementor-element-4f1660a e-con-full e-flex e-con e-child\" data-id=\"4f1660a\" data-element_type=\"container\" data-e-type=\"container\">\n\t\t\t\t<div class=\"elementor-element elementor-element-4b151ec elementor-widget elementor-widget-heading\" data-id=\"4b151ec\" data-element_type=\"widget\" data-e-type=\"widget\" data-widget_type=\"heading.default\">\n\t\t\t\t<div class=\"elementor-widget-container\">\n\t\t\t\t\t<h3 class=\"elementor-heading-title elementor-size-default\">I tavoli dello chef<\/h3>\t\t\t\t<\/div>\n\t\t\t\t<\/div>\n\t\t\t\t<div class=\"elementor-element elementor-element-4b7c409 elementor-widget elementor-widget-heading\" data-id=\"4b7c409\" data-element_type=\"widget\" data-e-type=\"widget\" data-widget_type=\"heading.default\">\n\t\t\t\t<div class=\"elementor-widget-container\">\n\t\t\t\t\t<div class=\"elementor-heading-title elementor-size-default\">Una cena indimenticabile<\/div>\t\t\t\t<\/div>\n\t\t\t\t<\/div>\n\t\t<div class=\"elementor-element elementor-element-723d08e e-con-full e-flex e-con e-child\" data-id=\"723d08e\" data-element_type=\"container\" data-e-type=\"container\" data-settings=\"{&quot;background_background&quot;:&quot;classic&quot;}\">\n\t\t\t\t<div class=\"elementor-element elementor-element-24e4ae3 elementor-align-left elementor-widget__width-initial elementor-widget elementor-widget-button\" data-id=\"24e4ae3\" data-element_type=\"widget\" data-e-type=\"widget\" data-widget_type=\"button.default\">\n\t\t\t\t<div class=\"elementor-widget-container\">\n\t\t\t\t\t\t\t\t\t<div class=\"elementor-button-wrapper\">\n\t\t\t\t\t<a class=\"elementor-button elementor-button-link elementor-size-sm\" href=\"http:\/\/www.chateauberne.com\/it\/gastronomie\/tables-du-chef\/\">\n\t\t\t\t\t\t<span class=\"elementor-button-content-wrapper\">\n\t\t\t\t\t\t\t\t\t<span class=\"elementor-button-text\">Per saperne di pi\u00f9<\/span>\n\t\t\t\t\t<\/span>\n\t\t\t\t\t<\/a>\n\t\t\t\t<\/div>\n\t\t\t\t\t\t\t\t<\/div>\n\t\t\t\t<\/div>\n\t\t\t\t<div class=\"elementor-element elementor-element-1a8f1a9 elementor-align-right elementor-widget__width-initial elementor-widget elementor-widget-button\" data-id=\"1a8f1a9\" data-element_type=\"widget\" data-e-type=\"widget\" data-widget_type=\"button.default\">\n\t\t\t\t<div class=\"elementor-widget-container\">\n\t\t\t\t\t\t\t\t\t<div class=\"elementor-button-wrapper\">\n\t\t\t\t\t<a class=\"elementor-button elementor-button-link elementor-size-sm\" href=\"mailto:reservationrestaurant@chateauberne.com\">\n\t\t\t\t\t\t<span class=\"elementor-button-content-wrapper\">\n\t\t\t\t\t\t\t\t\t<span class=\"elementor-button-text\">Riserva<\/span>\n\t\t\t\t\t<\/span>\n\t\t\t\t\t<\/a>\n\t\t\t\t<\/div>\n\t\t\t\t\t\t\t\t<\/div>\n\t\t\t\t<\/div>\n\t\t\t\t<\/div>\n\t\t\t\t<\/div>\n\t\t\t\t<\/div>\n\t\t<div class=\"elementor-element elementor-element-5434b2b e-con-full e-flex e-con e-child\" data-id=\"5434b2b\" data-element_type=\"container\" data-e-type=\"container\" data-settings=\"{&quot;background_background&quot;:&quot;classic&quot;}\">\n\t\t\t\t<div class=\"elementor-element elementor-element-76109fe elementor-widget elementor-widget-image\" data-id=\"76109fe\" data-element_type=\"widget\" data-e-type=\"widget\" data-widget_type=\"image.default\">\n\t\t\t\t<div class=\"elementor-widget-container\">\n\t\t\t\t\t\t\t\t\t\t\t\t\t\t\t\t<a href=\"http:\/\/www.chateauberne.com\/it\/gastronomie\/restaurant-etoile\/\">\n\t\t\t\t\t\t\t<img decoding=\"async\" width=\"600\" height=\"380\" src=\"https:\/\/www.chateauberne.com\/wp-content\/uploads\/2021\/04\/DL-Cha\u0302teau-de-Berne113-600x380.jpg\" class=\"attachment-petit-paysage size-petit-paysage wp-image-2859\" alt=\"\" \/>\t\t\t\t\t\t\t\t<\/a>\n\t\t\t\t\t\t\t\t\t\t\t\t\t\t\t<\/div>\n\t\t\t\t<\/div>\n\t\t<div class=\"elementor-element elementor-element-11bd726 e-con-full e-flex e-con e-child\" data-id=\"11bd726\" data-element_type=\"container\" data-e-type=\"container\">\n\t\t\t\t<div class=\"elementor-element elementor-element-91aac9e elementor-widget elementor-widget-heading\" data-id=\"91aac9e\" data-element_type=\"widget\" data-e-type=\"widget\" data-widget_type=\"heading.default\">\n\t\t\t\t<div class=\"elementor-widget-container\">\n\t\t\t\t\t<h3 class=\"elementor-heading-title elementor-size-default\">Il giardino di Berna<\/h3>\t\t\t\t<\/div>\n\t\t\t\t<\/div>\n\t\t\t\t<div class=\"elementor-element elementor-element-9ec4d23 elementor-widget elementor-widget-heading\" data-id=\"9ec4d23\" data-element_type=\"widget\" data-e-type=\"widget\" data-widget_type=\"heading.default\">\n\t\t\t\t<div class=\"elementor-widget-container\">\n\t\t\t\t\t<div class=\"elementor-heading-title elementor-size-default\">Un eccezionale ristorante stellato Michelin<\/div>\t\t\t\t<\/div>\n\t\t\t\t<\/div>\n\t\t<div class=\"elementor-element elementor-element-39c0286 e-con-full e-flex e-con e-child\" data-id=\"39c0286\" data-element_type=\"container\" data-e-type=\"container\" data-settings=\"{&quot;background_background&quot;:&quot;classic&quot;}\">\n\t\t\t\t<div class=\"elementor-element elementor-element-8ec6865 elementor-align-left elementor-widget__width-initial elementor-widget elementor-widget-button\" data-id=\"8ec6865\" data-element_type=\"widget\" data-e-type=\"widget\" data-widget_type=\"button.default\">\n\t\t\t\t<div class=\"elementor-widget-container\">\n\t\t\t\t\t\t\t\t\t<div class=\"elementor-button-wrapper\">\n\t\t\t\t\t<a class=\"elementor-button elementor-button-link elementor-size-sm\" href=\"http:\/\/www.chateauberne.com\/it\/gastronomie\/restaurant-etoile\/\">\n\t\t\t\t\t\t<span class=\"elementor-button-content-wrapper\">\n\t\t\t\t\t\t\t\t\t<span class=\"elementor-button-text\">Per saperne di pi\u00f9<\/span>\n\t\t\t\t\t<\/span>\n\t\t\t\t\t<\/a>\n\t\t\t\t<\/div>\n\t\t\t\t\t\t\t\t<\/div>\n\t\t\t\t<\/div>\n\t\t\t\t<div class=\"elementor-element elementor-element-0ed4d97 elementor-align-right elementor-widget__width-initial elementor-widget elementor-widget-button\" data-id=\"0ed4d97\" data-element_type=\"widget\" data-e-type=\"widget\" data-widget_type=\"button.default\">\n\t\t\t\t<div class=\"elementor-widget-container\">\n\t\t\t\t\t\t\t\t\t<div class=\"elementor-button-wrapper\">\n\t\t\t\t\t<a class=\"elementor-button elementor-button-link elementor-size-sm\" href=\"https:\/\/www.sevenrooms.com\/explore\/lejardindeberne\/reservations\/create\/search\/\" target=\"_blank\" rel=\"noopener\">\n\t\t\t\t\t\t<span class=\"elementor-button-content-wrapper\">\n\t\t\t\t\t\t\t\t\t<span class=\"elementor-button-text\">Riserva<\/span>\n\t\t\t\t\t<\/span>\n\t\t\t\t\t<\/a>\n\t\t\t\t<\/div>\n\t\t\t\t\t\t\t\t<\/div>\n\t\t\t\t<\/div>\n\t\t\t\t<\/div>\n\t\t\t\t<\/div>\n\t\t\t\t<\/div>\n\t\t<div class=\"elementor-element elementor-element-60474dc e-con-full e-flex e-con e-child\" data-id=\"60474dc\" data-element_type=\"container\" data-e-type=\"container\" data-settings=\"{&quot;background_background&quot;:&quot;classic&quot;}\">\n\t\t\t\t<div class=\"elementor-element elementor-element-19e60ce elementor-widget elementor-widget-image\" data-id=\"19e60ce\" data-element_type=\"widget\" data-e-type=\"widget\" data-widget_type=\"image.default\">\n\t\t\t\t<div class=\"elementor-widget-container\">\n\t\t\t\t\t\t\t\t\t\t\t\t\t\t\t\t<a href=\"http:\/\/www.chateauberne.com\/it\/gastronomie\/bistrot\/\">\n\t\t\t\t\t\t\t<img decoding=\"async\" width=\"600\" height=\"380\" src=\"https:\/\/www.chateauberne.com\/wp-content\/uploads\/2023\/02\/BERNE-BISTROT-HD-5-600x380.jpg\" class=\"attachment-petit-paysage size-petit-paysage wp-image-15870\" alt=\"\" srcset=\"https:\/\/www.chateauberne.com\/wp-content\/uploads\/2023\/02\/BERNE-BISTROT-HD-5-600x380.jpg 600w, https:\/\/www.chateauberne.com\/wp-content\/uploads\/2023\/02\/BERNE-BISTROT-HD-5-18x12.jpg 18w\" sizes=\"(max-width: 600px) 100vw, 600px\" \/>\t\t\t\t\t\t\t\t<\/a>\n\t\t\t\t\t\t\t\t\t\t\t\t\t\t\t<\/div>\n\t\t\t\t<\/div>\n\t\t<div class=\"elementor-element elementor-element-a8d6ffa e-con-full e-flex e-con e-child\" data-id=\"a8d6ffa\" data-element_type=\"container\" data-e-type=\"container\">\n\t\t\t\t<div class=\"elementor-element elementor-element-d38926c elementor-widget elementor-widget-heading\" data-id=\"d38926c\" data-element_type=\"widget\" data-e-type=\"widget\" data-widget_type=\"heading.default\">\n\t\t\t\t<div class=\"elementor-widget-container\">\n\t\t\t\t\t<h3 class=\"elementor-heading-title elementor-size-default\">Le Bistrot<\/h3>\t\t\t\t<\/div>\n\t\t\t\t<\/div>\n\t\t\t\t<div class=\"elementor-element elementor-element-4874b06 elementor-widget elementor-widget-heading\" data-id=\"4874b06\" data-element_type=\"widget\" data-e-type=\"widget\" data-widget_type=\"heading.default\">\n\t\t\t\t<div class=\"elementor-widget-container\">\n\t\t\t\t\t<div class=\"elementor-heading-title elementor-size-default\">Cucina locale<\/div>\t\t\t\t<\/div>\n\t\t\t\t<\/div>\n\t\t<div class=\"elementor-element elementor-element-1033c71 e-con-full e-flex e-con e-child\" data-id=\"1033c71\" data-element_type=\"container\" data-e-type=\"container\" data-settings=\"{&quot;background_background&quot;:&quot;classic&quot;}\">\n\t\t\t\t<div class=\"elementor-element elementor-element-2e3bfee elementor-align-left elementor-widget__width-initial elementor-widget elementor-widget-button\" data-id=\"2e3bfee\" data-element_type=\"widget\" data-e-type=\"widget\" data-widget_type=\"button.default\">\n\t\t\t\t<div class=\"elementor-widget-container\">\n\t\t\t\t\t\t\t\t\t<div class=\"elementor-button-wrapper\">\n\t\t\t\t\t<a class=\"elementor-button elementor-button-link elementor-size-sm\" href=\"http:\/\/www.chateauberne.com\/it\/gastronomie\/bistrot\/\">\n\t\t\t\t\t\t<span class=\"elementor-button-content-wrapper\">\n\t\t\t\t\t\t\t\t\t<span class=\"elementor-button-text\">Per saperne di pi\u00f9<\/span>\n\t\t\t\t\t<\/span>\n\t\t\t\t\t<\/a>\n\t\t\t\t<\/div>\n\t\t\t\t\t\t\t\t<\/div>\n\t\t\t\t<\/div>\n\t\t\t\t<div class=\"elementor-element elementor-element-c4c8ddf elementor-align-right elementor-widget__width-initial elementor-widget elementor-widget-button\" data-id=\"c4c8ddf\" data-element_type=\"widget\" data-e-type=\"widget\" data-widget_type=\"button.default\">\n\t\t\t\t<div class=\"elementor-widget-container\">\n\t\t\t\t\t\t\t\t\t<div class=\"elementor-button-wrapper\">\n\t\t\t\t\t<a class=\"elementor-button elementor-button-link elementor-size-sm\" href=\"https:\/\/www.sevenrooms.com\/explore\/lebistrot\/reservations\/create\/search\/\" target=\"_blank\" rel=\"noopener\">\n\t\t\t\t\t\t<span class=\"elementor-button-content-wrapper\">\n\t\t\t\t\t\t\t\t\t<span class=\"elementor-button-text\">Riserva<\/span>\n\t\t\t\t\t<\/span>\n\t\t\t\t\t<\/a>\n\t\t\t\t<\/div>\n\t\t\t\t\t\t\t\t<\/div>\n\t\t\t\t<\/div>\n\t\t\t\t<\/div>\n\t\t\t\t<\/div>\n\t\t\t\t<\/div>\n\t\t\t\t\t<\/div>\n\t\t\t\t<\/div>\n\t\t\t\t<\/div>","protected":false},"excerpt":{"rendered":"<p>leurs visions et engagements Louis Rameau Chef Le Jardin de Berne* \u00a0\u00ab Au Ch\u00e2teau de Berne, la nature r\u00e8gne en ma\u00eetre et c\u2019est aussi l\u2019une des valeurs les plus importantes dans ma cuisine. Tous les jours, la cueillette du potager nous permet de proposer un plat o\u00f9 nous sublimons les produits de notre r\u00e9colte. Ils [&hellip;]<\/p>\n","protected":false},"author":18,"featured_media":0,"parent":29,"menu_order":8,"comment_status":"closed","ping_status":"closed","template":"","meta":{"inline_featured_image":false,"footnotes":""},"class_list":["post-1385","page","type-page","status-publish","hentry"],"_links":{"self":[{"href":"http:\/\/www.chateauberne.com\/it\/wp-json\/wp\/v2\/pages\/1385","targetHints":{"allow":["GET"]}}],"collection":[{"href":"http:\/\/www.chateauberne.com\/it\/wp-json\/wp\/v2\/pages"}],"about":[{"href":"http:\/\/www.chateauberne.com\/it\/wp-json\/wp\/v2\/types\/page"}],"author":[{"embeddable":true,"href":"http:\/\/www.chateauberne.com\/it\/wp-json\/wp\/v2\/users\/18"}],"replies":[{"embeddable":true,"href":"http:\/\/www.chateauberne.com\/it\/wp-json\/wp\/v2\/comments?post=1385"}],"version-history":[{"count":160,"href":"http:\/\/www.chateauberne.com\/it\/wp-json\/wp\/v2\/pages\/1385\/revisions"}],"predecessor-version":[{"id":26483,"href":"http:\/\/www.chateauberne.com\/it\/wp-json\/wp\/v2\/pages\/1385\/revisions\/26483"}],"up":[{"embeddable":true,"href":"http:\/\/www.chateauberne.com\/it\/wp-json\/wp\/v2\/pages\/29"}],"wp:attachment":[{"href":"http:\/\/www.chateauberne.com\/it\/wp-json\/wp\/v2\/media?parent=1385"}],"curies":[{"name":"wp","href":"https:\/\/api.w.org\/{rel}","templated":true}]}}