{"id":21140,"date":"2024-05-31T18:33:43","date_gmt":"2024-05-31T16:33:43","guid":{"rendered":"https:\/\/www.chateauberne.com\/?page_id=21140"},"modified":"2024-05-31T22:11:28","modified_gmt":"2024-05-31T20:11:28","slug":"carte-fidelite-hotel","status":"publish","type":"page","link":"http:\/\/www.chateauberne.com\/it\/definition\/carte-fidelite-hotel\/","title":{"rendered":"Carte fedelt\u00e0 dell'hotel - Fidelizzare i clienti"},"content":{"rendered":"<div data-elementor-type=\"wp-page\" data-elementor-id=\"21140\" class=\"elementor elementor-21140\" data-elementor-post-type=\"page\">\n\t\t\t\t\t\t<section class=\"elementor-section elementor-top-section elementor-element elementor-element-67bd95f elementor-section-full_width elementor-section-height-default elementor-section-height-default\" data-id=\"67bd95f\" data-element_type=\"section\" data-e-type=\"section\">\n\t\t\t\t\t\t<div class=\"elementor-container elementor-column-gap-default\">\n\t\t\t\t\t<div class=\"elementor-column elementor-col-100 elementor-top-column elementor-element elementor-element-d751b89\" data-id=\"d751b89\" data-element_type=\"column\" data-e-type=\"column\">\n\t\t\t<div class=\"elementor-widget-wrap elementor-element-populated\">\n\t\t\t\t\t\t<div class=\"elementor-element elementor-element-58da4dd elementor--h-position-center elementor--v-position-middle elementor-widget elementor-widget-slides\" data-id=\"58da4dd\" data-element_type=\"widget\" data-e-type=\"widget\" data-settings=\"{&quot;navigation&quot;:&quot;none&quot;,&quot;transition&quot;:&quot;fade&quot;,&quot;transition_speed&quot;:500}\" data-widget_type=\"slides.default\">\n\t\t\t\t<div class=\"elementor-widget-container\">\n\t\t\t\t\t\t\t\t\t<div class=\"elementor-swiper\">\n\t\t\t\t\t<div class=\"elementor-slides-wrapper elementor-main-swiper swiper\" role=\"region\" aria-roledescription=\"carousel\" aria-label=\"Diapositive\" dir=\"ltr\" data-animation=\"fadeInUp\">\n\t\t\t\t<div class=\"swiper-wrapper elementor-slides\">\n\t\t\t\t\t\t\t\t\t\t<div class=\"elementor-repeater-item-de8fba4 swiper-slide\" role=\"group\" aria-roledescription=\"slide\"><div class=\"swiper-slide-bg\" role=\"img\" aria-label=\"Ricevimento al Castello di Berna\"><\/div><div class=\"swiper-slide-inner\" ><div class=\"swiper-slide-contents\"><\/div><\/div><\/div>\t\t\t\t<\/div>\n\t\t\t\t\t\t\t<\/div>\n\t\t\t\t<\/div>\n\t\t\t\t\t\t\t\t<\/div>\n\t\t\t\t<\/div>\n\t\t\t\t\t<\/div>\n\t\t<\/div>\n\t\t\t\t\t<\/div>\n\t\t<\/section>\n\t\t\t\t<section class=\"elementor-section elementor-top-section elementor-element elementor-element-9b48af6 elementor-section-boxed elementor-section-height-default elementor-section-height-default\" data-id=\"9b48af6\" data-element_type=\"section\" data-e-type=\"section\">\n\t\t\t\t\t\t<div class=\"elementor-container elementor-column-gap-default\">\n\t\t\t\t\t<div class=\"elementor-column elementor-col-100 elementor-top-column elementor-element elementor-element-8e32d82\" data-id=\"8e32d82\" data-element_type=\"column\" data-e-type=\"column\">\n\t\t\t<div class=\"elementor-widget-wrap\">\n\t\t\t\t\t\t\t<\/div>\n\t\t<\/div>\n\t\t\t\t\t<\/div>\n\t\t<\/section>\n\t\t\t\t<section class=\"elementor-section elementor-top-section elementor-element elementor-element-37a6a01 elementor-section-boxed elementor-section-height-default elementor-section-height-default\" data-id=\"37a6a01\" data-element_type=\"section\" data-e-type=\"section\">\n\t\t\t\t\t\t<div class=\"elementor-container elementor-column-gap-default\">\n\t\t\t\t\t<div class=\"elementor-column elementor-col-100 elementor-top-column elementor-element elementor-element-4745049\" data-id=\"4745049\" data-element_type=\"column\" data-e-type=\"column\">\n\t\t\t<div class=\"elementor-widget-wrap elementor-element-populated\">\n\t\t\t\t\t\t<div class=\"elementor-element elementor-element-44ed9c7 elementor-widget elementor-widget-heading\" data-id=\"44ed9c7\" data-element_type=\"widget\" data-e-type=\"widget\" data-widget_type=\"heading.default\">\n\t\t\t\t<div class=\"elementor-widget-container\">\n\t\t\t\t\t<h1 class=\"elementor-heading-title elementor-size-default\">Come pu\u00f2 una carta fedelt\u00e0 trasformare l'esperienza del cliente nel settore alberghiero?\n<\/h1>\t\t\t\t<\/div>\n\t\t\t\t<\/div>\n\t\t\t\t<div class=\"elementor-element elementor-element-28c6e65 elementor-widget-divider--view-line elementor-widget elementor-widget-divider\" data-id=\"28c6e65\" data-element_type=\"widget\" data-e-type=\"widget\" data-widget_type=\"divider.default\">\n\t\t\t\t<div class=\"elementor-widget-container\">\n\t\t\t\t\t\t\t<div class=\"elementor-divider\">\n\t\t\t<span class=\"elementor-divider-separator\">\n\t\t\t\t\t\t<\/span>\n\t\t<\/div>\n\t\t\t\t\t\t<\/div>\n\t\t\t\t<\/div>\n\t\t\t\t<div class=\"elementor-element elementor-element-1a9fad2 elementor-widget__width-initial elementor-widget elementor-widget-text-editor\" data-id=\"1a9fad2\" data-element_type=\"widget\" data-e-type=\"widget\" data-widget_type=\"text-editor.default\">\n\t\t\t\t<div class=\"elementor-widget-container\">\n\t\t\t\t\t\t\t\t\t<p>Nel mondo competitivo di oggi, ogni azienda cerca di fidelizzare i propri clienti e di massimizzare i benefici che la fedelt\u00e0 comporta. Nel settore alberghiero francese, le carte fedelt\u00e0 sono uno strumento strategico non solo per attirare visitatori abituali, ma anche per aumentare la spesa per ospite. In questo articolo viene analizzato tutto ci\u00f2 che c'\u00e8 da sapere sulle carte fedelt\u00e0 nel settore alberghiero.<\/p><h2>Che cos'\u00e8 una carta fedelt\u00e0 alberghiera?<\/h2><p>La carta fedelt\u00e0 alberghiera \u00e8 un programma istituito da un hotel o da una catena alberghiera per premiare i clienti abituali. Le persone accumulano punti o crediti ogni volta che soggiornano in uno degli hotel aderenti. Questi punti possono essere scambiati con una serie di vantaggi, come notti gratuite, tariffe scontate e altro ancora. <a href=\"https:\/\/www.chateauberne.com\/it\/hotel-et-villa\/chambres-suites\/\" target=\"_blank\" rel=\"noopener\">aggiornamenti delle camere<\/a>Questi includono sconti e persino servizi extra come massaggi e cene gourmet.<\/p><h2>I vantaggi di una carta fedelt\u00e0 per i clienti<\/h2><p>Per i clienti, l'adesione a un programma di fidelizzazione comporta diversi vantaggi:<\/p><ul><li><strong>Accesso privilegiato<\/strong> offerte esclusive e promozioni speciali.<\/li><li>I punti vengono accumulati per ogni soggiorno e possono essere scambiati per ottenere premi.<\/li><li>Esperienze personalizzate in base alle loro preferenze grazie ai dati raccolti dall'hotel.<\/li><li><strong>Trattamento VIP<\/strong> con servizi aggiuntivi come check-in pi\u00f9 rapido e check-out tardivo gratuito.<\/li><li>Pu\u00f2 beneficiare di partnership con altre aziende che offrono sconti su viaggi, tempo libero o acquisti vari.<\/li><\/ul><h2>Perch\u00e9 gli hotel stanno introducendo le carte fedelt\u00e0?<\/h2><p>Dal punto di vista dell'industria alberghiera, l'implementazione di una soluzione di fidelizzazione efficace offre una serie di vantaggi strategici:<\/p><p>In primo luogo, aiuta a fidelizzare i clienti esistenti e ad aumentare la frequenza delle loro prenotazioni. Pi\u00f9 spesso un ospite torna, pi\u00f9 tende a spendere nell'hotel, aumentando cos\u00ec la spesa media per ospite.<\/p><p>In secondo luogo, aiuta a raccogliere dati fondamentali sulle preferenze e sul comportamento dei clienti. Queste informazioni possono essere utilizzate per ottimizzare i servizi, adattare le offerte promozionali e migliorare costantemente l'esperienza complessiva del cliente.<\/p><p>Infine, rafforza il marchio collettivo dell'hotel. Un programma di fidelizzazione ben concepito opera nell'interesse a lungo termine dell'azienda. Migliora la percezione del marchio e incoraggia gli ospiti ad aggiungere le loro esperienze positive al passaparola.<\/p><h2>Sono disponibili vari tipi di programmi di fidelizzazione<\/h2><p>Esistono diversi tipi di programmi di fidelizzazione, ognuno con caratteristiche uniche:<\/p><p><strong>Programmi a punti :<\/strong> Per ogni pernottamento, i clienti guadagnano un certo numero di punti corrispondenti all'importo speso. Questi punti possono essere scambiati con vari vantaggi.<\/p><p><strong>Programmi basati sul livello:<\/strong> Questo tipo di programma prevede diversi livelli di appartenenza (argento, oro, platino) a seconda del numero di soggiorni o dell'importo speso. Ogni livello offre maggiori vantaggi.<\/p><p><strong>Carte di credito co-branded :<\/strong> Alcuni hotel collaborano con istituti bancari per emettere carte di credito con il loro nome. Utilizzando queste carte per qualsiasi acquisto si guadagnano punti fedelt\u00e0 che possono essere utilizzati nell'hotel partner.<\/p><p><strong>Offerte speciali e promozioni:<\/strong> Le promozioni una tantum, come i bonus per le prenotazioni effettuate in determinati periodi, vengono utilizzate per attirare i clienti pi\u00f9 fedeli verso le nuove offerte.<\/p><h2>Strategia di progettazione e implementazione<\/h2><p>La progettazione e l'implementazione di una carta fedelt\u00e0 per i prodotti di consumo deve essere attentamente studiata per garantire che sia attraente sia per i clienti che per l'azienda. Ecco alcune strategie chiave:<\/p><p><strong>Semplicit\u00e0 :<\/strong> Il programma deve essere facile da capire e da usare, con regole semplici e chiare su come si guadagnano e si utilizzano i punti.<\/p><p><strong>Accessibilit\u00e0 :<\/strong> L'integrazione digitale, in particolare attraverso un'applicazione mobile intuitiva, facilita il coinvolgimento dei clienti e l'utilizzo dei loro punti.<\/p><p><strong>Personalizzazione :<\/strong> Utilizzando i dati raccolti, gli hotel possono offrire esperienze e suggerimenti personalizzati che aumentano il senso di valore per il cliente.<\/p><p><strong>Partenariati strategici :<\/strong> Unendo le forze con altre aziende del settore dei viaggi, del tempo libero o dello shopping si possono amplificare i vantaggi per i clienti.<\/p><h2>L'impatto economico delle carte fedelt\u00e0 per le imprese alberghiere<\/h2><p>Se implementata correttamente, una carta fedelt\u00e0 pu\u00f2 avere un impatto significativo sulle entrate e sulla redditivit\u00e0 di un hotel. Fidelizzando i clienti, gli hotel possono contare su una solida base di ricavi ricorrenti e prevedere meglio le prestazioni future.<\/p><p>Inoltre, si osserva spesso un aumento della spesa per visitatore. I clienti iscritti a un programma di fidelizzazione tendono a spendere di pi\u00f9 scegliendo camere di categoria superiore, prendendo <a href=\"https:\/\/www.chateauberne.com\/it\/gastronomie\/restaurant-etoile\/\" target=\"_blank\" rel=\"noopener\">pasti presso il ristorante dell'hotel<\/a> o optando per altri servizi a pagamento.<\/p><p>Infine, un buon programma di fidelizzazione incoraggia anche la raccolta di dati preziosi sui clienti. Ci\u00f2 consente di personalizzare le relazioni con i clienti e di adeguare rapidamente le azioni di marketing per soddisfare le mutevoli aspettative dei consumatori.<\/p>\t\t\t\t\t\t\t\t<\/div>\n\t\t\t\t<\/div>\n\t\t\t\t<div class=\"elementor-element elementor-element-866111a elementor-widget elementor-widget-spacer\" data-id=\"866111a\" data-element_type=\"widget\" data-e-type=\"widget\" data-widget_type=\"spacer.default\">\n\t\t\t\t<div class=\"elementor-widget-container\">\n\t\t\t\t\t\t\t<div class=\"elementor-spacer\">\n\t\t\t<div class=\"elementor-spacer-inner\"><\/div>\n\t\t<\/div>\n\t\t\t\t\t\t<\/div>\n\t\t\t\t<\/div>\n\t\t\t\t\t<\/div>\n\t\t<\/div>\n\t\t\t\t\t<\/div>\n\t\t<\/section>\n\t\t\t\t<\/div>","protected":false},"excerpt":{"rendered":"<p>Comment une carte de fid\u00e9lit\u00e9 peut transformer l&rsquo;exp\u00e9rience client\u00e8le dans le secteur de l&rsquo;h\u00f4tellerie ? Dans le monde concurrentiel actuel, chaque entreprise cherche \u00e0 fid\u00e9liser ses clients et \u00e0 maximiser les avantages qu\u2019apporte cette fid\u00e9lit\u00e9. Dans le secteur de l\u2019h\u00f4tellerie en France, la carte de fid\u00e9lit\u00e9 repr\u00e9sente un outil strat\u00e9gique non seulement pour attirer des [&hellip;]<\/p>\n","protected":false},"author":17,"featured_media":0,"parent":21098,"menu_order":7,"comment_status":"closed","ping_status":"closed","template":"","meta":{"inline_featured_image":false,"footnotes":""},"class_list":["post-21140","page","type-page","status-publish","hentry"],"_links":{"self":[{"href":"http:\/\/www.chateauberne.com\/it\/wp-json\/wp\/v2\/pages\/21140","targetHints":{"allow":["GET"]}}],"collection":[{"href":"http:\/\/www.chateauberne.com\/it\/wp-json\/wp\/v2\/pages"}],"about":[{"href":"http:\/\/www.chateauberne.com\/it\/wp-json\/wp\/v2\/types\/page"}],"author":[{"embeddable":true,"href":"http:\/\/www.chateauberne.com\/it\/wp-json\/wp\/v2\/users\/17"}],"replies":[{"embeddable":true,"href":"http:\/\/www.chateauberne.com\/it\/wp-json\/wp\/v2\/comments?post=21140"}],"version-history":[{"count":21,"href":"http:\/\/www.chateauberne.com\/it\/wp-json\/wp\/v2\/pages\/21140\/revisions"}],"predecessor-version":[{"id":21240,"href":"http:\/\/www.chateauberne.com\/it\/wp-json\/wp\/v2\/pages\/21140\/revisions\/21240"}],"up":[{"embeddable":true,"href":"http:\/\/www.chateauberne.com\/it\/wp-json\/wp\/v2\/pages\/21098"}],"wp:attachment":[{"href":"http:\/\/www.chateauberne.com\/it\/wp-json\/wp\/v2\/media?parent=21140"}],"curies":[{"name":"wp","href":"https:\/\/api.w.org\/{rel}","templated":true}]}}