{"id":21141,"date":"2024-05-31T18:36:08","date_gmt":"2024-05-31T16:36:08","guid":{"rendered":"https:\/\/www.chateauberne.com\/?page_id=21141"},"modified":"2024-05-31T18:42:49","modified_gmt":"2024-05-31T16:42:49","slug":"carte-cle-hotel","status":"publish","type":"page","link":"http:\/\/www.chateauberne.com\/it\/definition\/carte-cle-hotel\/","title":{"rendered":"Tutto quello che c'\u00e8 da sapere sulle key card nel settore alberghiero"},"content":{"rendered":"<div data-elementor-type=\"wp-page\" data-elementor-id=\"21141\" class=\"elementor elementor-21141\" data-elementor-post-type=\"page\">\n\t\t\t\t\t\t<section class=\"elementor-section elementor-top-section elementor-element elementor-element-dec2401 elementor-section-boxed elementor-section-height-default elementor-section-height-default\" data-id=\"dec2401\" data-element_type=\"section\" data-e-type=\"section\">\n\t\t\t\t\t\t<div class=\"elementor-container elementor-column-gap-default\">\n\t\t\t\t\t<div class=\"elementor-column elementor-col-100 elementor-top-column elementor-element elementor-element-9650c72\" data-id=\"9650c72\" data-element_type=\"column\" data-e-type=\"column\">\n\t\t\t<div class=\"elementor-widget-wrap elementor-element-populated\">\n\t\t\t\t\t\t<div class=\"elementor-element elementor-element-3270442 elementor--h-position-center elementor--v-position-middle elementor-widget elementor-widget-slides\" data-id=\"3270442\" data-element_type=\"widget\" data-e-type=\"widget\" data-settings=\"{&quot;navigation&quot;:&quot;none&quot;,&quot;transition&quot;:&quot;fade&quot;,&quot;transition_speed&quot;:500}\" data-widget_type=\"slides.default\">\n\t\t\t\t<div class=\"elementor-widget-container\">\n\t\t\t\t\t\t\t\t\t<div class=\"elementor-swiper\">\n\t\t\t\t\t<div class=\"elementor-slides-wrapper elementor-main-swiper swiper\" role=\"region\" aria-roledescription=\"carousel\" aria-label=\"Cursore\" dir=\"ltr\" data-animation=\"fadeInUp\">\n\t\t\t\t<div class=\"swiper-wrapper elementor-slides\">\n\t\t\t\t\t\t\t\t\t\t<div class=\"elementor-repeater-item-de8fba4 swiper-slide\" role=\"group\" aria-roledescription=\"slide\"><div class=\"swiper-slide-bg\" role=\"img\" aria-label=\"scheda chiave di berna\"><\/div><div class=\"swiper-slide-inner\" ><div class=\"swiper-slide-contents\"><\/div><\/div><\/div>\t\t\t\t<\/div>\n\t\t\t\t\t\t\t<\/div>\n\t\t\t\t<\/div>\n\t\t\t\t\t\t\t\t<\/div>\n\t\t\t\t<\/div>\n\t\t\t\t\t<\/div>\n\t\t<\/div>\n\t\t\t\t\t<\/div>\n\t\t<\/section>\n\t\t\t\t<section class=\"elementor-section elementor-top-section elementor-element elementor-element-8b5c7a8 elementor-section-boxed elementor-section-height-default elementor-section-height-default\" data-id=\"8b5c7a8\" data-element_type=\"section\" data-e-type=\"section\">\n\t\t\t\t\t\t<div class=\"elementor-container elementor-column-gap-default\">\n\t\t\t\t\t<div class=\"elementor-column elementor-col-100 elementor-top-column elementor-element elementor-element-b72de5d\" data-id=\"b72de5d\" data-element_type=\"column\" data-e-type=\"column\">\n\t\t\t<div class=\"elementor-widget-wrap\">\n\t\t\t\t\t\t\t<\/div>\n\t\t<\/div>\n\t\t\t\t\t<\/div>\n\t\t<\/section>\n\t\t\t\t<section class=\"elementor-section elementor-top-section elementor-element elementor-element-0ec409d elementor-section-boxed elementor-section-height-default elementor-section-height-default\" data-id=\"0ec409d\" data-element_type=\"section\" data-e-type=\"section\">\n\t\t\t\t\t\t<div class=\"elementor-container elementor-column-gap-default\">\n\t\t\t\t\t<div class=\"elementor-column elementor-col-100 elementor-top-column elementor-element elementor-element-dcbc2c0\" data-id=\"dcbc2c0\" data-element_type=\"column\" data-e-type=\"column\">\n\t\t\t<div class=\"elementor-widget-wrap elementor-element-populated\">\n\t\t\t\t\t\t<div class=\"elementor-element elementor-element-8edccab elementor-widget elementor-widget-heading\" data-id=\"8edccab\" data-element_type=\"widget\" data-e-type=\"widget\" data-widget_type=\"heading.default\">\n\t\t\t\t<div class=\"elementor-widget-container\">\n\t\t\t\t\t<h1 class=\"elementor-heading-title elementor-size-default\">Tutto quello che c'\u00e8 da sapere sulle key card nel settore alberghiero\n<\/h1>\t\t\t\t<\/div>\n\t\t\t\t<\/div>\n\t\t\t\t<div class=\"elementor-element elementor-element-07c93ca elementor-widget-divider--view-line elementor-widget elementor-widget-divider\" data-id=\"07c93ca\" data-element_type=\"widget\" data-e-type=\"widget\" data-widget_type=\"divider.default\">\n\t\t\t\t<div class=\"elementor-widget-container\">\n\t\t\t\t\t\t\t<div class=\"elementor-divider\">\n\t\t\t<span class=\"elementor-divider-separator\">\n\t\t\t\t\t\t<\/span>\n\t\t<\/div>\n\t\t\t\t\t\t<\/div>\n\t\t\t\t<\/div>\n\t\t\t\t<div class=\"elementor-element elementor-element-2b845c0 elementor-widget__width-initial elementor-widget elementor-widget-text-editor\" data-id=\"2b845c0\" data-element_type=\"widget\" data-e-type=\"widget\" data-widget_type=\"text-editor.default\">\n\t\t\t\t<div class=\"elementor-widget-container\">\n\t\t\t\t\t\t\t\t\t<p>La tecnologia ha trasformato molti aspetti della nostra vita quotidiana e il settore dell'ospitalit\u00e0 non fa eccezione. L'emergere di <strong>schede chiave<\/strong> ne \u00e8 un esempio lampante. Utilizzati principalmente per controllare l'accesso alle camere d'albergo, questi piccoli <strong>carte<\/strong> hanno rivoluzionato il modo in cui le aziende gestiscono quotidianamente la sicurezza e l'efficienza.<\/p><h2>Definizione e uso generale della key card<\/h2><p>A <strong>scheda chiave<\/strong>conosciuto anche come <strong>documento di ingresso<\/strong> o <strong>chiave elettronica<\/strong>\u00e8 una carta, spesso di plastica, utilizzata per fornire un accesso sicuro a Internet. <a href=\"https:\/\/www.chateauberne.com\/it\/hotel-et-villa\/chambres-suites\/\" target=\"_blank\" rel=\"noopener\">una camera d'albergo<\/a>. A differenza delle tradizionali chiavi in metallo <strong>schede chiave<\/strong> di solito contengono una banda magnetica o un chip RFID che comunica con il sistema elettronico di chiusura della porta.<\/p><p>I principali vantaggi di <strong>schede chiave<\/strong> includere :<\/p><ul><li><strong>Maggiore sicurezza<\/strong> Sono meno facili da duplicare rispetto alle chiavi tradizionali.<\/li><li><strong>Miglioramento dell'efficienza operativa<\/strong> In caso di smarrimento, \u00e8 sufficiente disattivare la carta smarrita e generarne una nuova.<\/li><\/ul><h2>I diversi tipi di schede chiave utilizzate<\/h2><p>Esistono diversi tipi di <strong>schede chiave<\/strong> che gli hotel possono utilizzare, ognuna con le proprie caratteristiche e i propri vantaggi:<\/p><ul><li><strong>Carte a banda magnetica<\/strong> Queste schede utilizzano una banda magnetica per memorizzare le informazioni necessarie per sbloccare la porta. Sebbene siano comunemente utilizzate e piuttosto economiche, possono essere soggette a usura e richiedono una manutenzione regolare.<\/li><li><strong>Carte RFID<\/strong> Queste carte contengono un chip che comunica in radiofrequenza con il sistema di chiusura. Le carte RFID sono pi\u00f9 resistenti e pi\u00f9 difficili da violare.<\/li><li><strong>Carte intelligenti<\/strong> Sono dotati di un chip integrato che contiene tutte le <strong>informazioni<\/strong> necessario. Offrono un livello di sicurezza ancora pi\u00f9 elevato e consentono persino opzioni avanzate come il tracciamento delle attivit\u00e0.<\/li><\/ul><h2>Come funzionano le key card<\/h2><p>Il processo di utilizzo di un <strong>scheda chiave<\/strong> inizia non appena si arriva in hotel. Di solito funziona cos\u00ec:<\/p><ol><li><strong>Registrazione<\/strong> Alla reception vi verr\u00e0 consegnata una chiave elettronica specifica per la vostra camera.<\/li><li><strong>Accesso alla stanza<\/strong> Per accedere alla camera \u00e8 sufficiente strisciare o toccare la carta sul lettore della porta.<\/li><li><strong>Manutenzione e servizi<\/strong> Alcune chiavi elettroniche danno accesso anche ad altre aree dell'hotel, come la piscina, le sale riunioni o il centro benessere.<\/li><\/ol><p>Oltre alla loro praticit\u00e0, i <strong>schede chiave<\/strong> consentono agli hotel di tracciare gli ingressi e le uscite, aggiungendo un ulteriore livello alla gestione della sicurezza e al servizio clienti.<\/p><h2>Effetti visivi e personalizzazione delle schede chiave<\/h2><p>Il <strong>effetti visivi<\/strong> e la personalizzazione sono aspetti fondamentali delle keycard, che contribuiscono non solo alla sicurezza ma anche all'esperienza complessiva dell'utente. Molti hotel scelgono di personalizzare le keycard con il proprio logo, elementi distintivi del marchio e talvolta anche informazioni utili per gli ospiti, come una mappa dell'hotel o offerte promozionali.<\/p><p>Ecco alcune opzioni popolari per la personalizzazione delle key card:<\/p><ul><li><strong>Loghi e colori<\/strong> Integrare il logo e i colori dell'hotel sulla key card per rafforzare l'immagine del marchio.<\/li><li><strong>Testi e messaggi<\/strong> Aggiungete messaggi di benvenuto o istruzioni personalizzate su come utilizzare le strutture.<\/li><li><strong>Elementi decorativi<\/strong> Scegliete design estetici specifici, che vanno da motivi minimalisti a opere d'arte complesse.<\/li><\/ul><h2>Ulteriori vantaggi delle key card<\/h2><p>Il <strong>schede chiave<\/strong> non si limitano ad aprire le porte. Offrono anche una serie di funzioni che li rendono la soluzione ideale per modernizzare le attivit\u00e0 alberghiere:<\/p><ul><li><strong>Monitoraggio delle attivit\u00e0<\/strong> Il nuovo sistema consente di monitorare i movimenti e di ottimizzare le risorse umane, in particolare le pulizie.<\/li><li><strong>Multiuso<\/strong> Utilizzato per accedere ad altri servizi come il ristorante, il parcheggio o le strutture sportive.<\/li><li><strong>Durata<\/strong> Meno probabilit\u00e0 di rottura o smarrimento rispetto alle chiavi tradizionali, riducendo i costi di sostituzione.<\/li><\/ul><p>Questi punti dimostrano come le key card siano diventate sinonimo di convenienza e facilit\u00e0 d'uso.<strong>innovazione<\/strong> nel settore alberghiero.<\/p><h2>Considerazioni tecniche sulle schede chiave<\/h2><p>Per garantire la massima efficienza, l'installazione delle schede chiave deve tener conto di una serie di aspetti tecnici:<\/p><ul><li><strong>Compatibilit\u00e0 hardware<\/strong> Assicurarsi che i lettori di schede e i sistemi di chiusura elettronica siano compatibili con il tipo di chiavi elettroniche selezionate.<\/li><li><strong>Aggiornamento software<\/strong> Il software di gestione delle keycard deve essere aggiornato regolarmente per rispondere alle nuove minacce alla sicurezza.<\/li><li><strong>Formazione del personale<\/strong> I dipendenti devono essere ben addestrati a gestire gli incidenti relativi alle chiavi elettroniche, come il ripristino o l'assegnazione di nuove carte.<\/li><\/ul><p>La padronanza di questi elementi vi consentir\u00e0 di sfruttare i vantaggi offerti dalle keycard riducendo al minimo i potenziali svantaggi.<\/p><h2>Scheda a chiave rispetto ad altri metodi di controllo dell'ingresso<\/h2><p>Confrontare il <strong>schede chiave<\/strong> con altri metodi di controllo tradizionali e moderni:<\/p><ul><li><strong>Chiavi meccaniche<\/strong> Sebbene siano semplici ed economiche, pongono problemi in termini di duplicazione e perdita. Il passaggio alle keycard offre quindi una maggiore sicurezza.<\/li><li><strong>Codici numerici<\/strong> Offrono una soluzione senza contatto, ma richiedono una memoria o un dispositivo per memorizzare il codice, che potrebbe non essere adatto a tutti gli utenti. Le keycard eliminano questo problema offrendo una soluzione tangibile e facile da usare.<\/li><li><strong>Applicazioni mobili<\/strong> Schede chiave: sempre pi\u00f9 utilizzate nei grandi alberghi tecnologici, le schede chiave consentono agli ospiti di utilizzare il proprio smartphone come chiave. Tuttavia, questo richiede uno smartphone compatibile e pu\u00f2 causare problemi di connettivit\u00e0, a differenza delle key card, che funzionano in modo indipendente.<\/li><\/ul><div>\u00a0<\/div><p>Ogni metodo ha i suoi vantaggi e svantaggi, ma le keycard rimangono un'opzione essenziale per la loro semplicit\u00e0 e sicurezza.<\/p><h2>Le innovazioni future nelle carte chiave<\/h2><p>Il settore delle key card continua a evolversi, con possibilit\u00e0 innovative per gli anni a venire:<\/p><ul><li><strong>Integrazione biometrica<\/strong> Combinate le tessere con i sensori biometrici per aggiungere un ulteriore livello di sicurezza.<\/li><li><strong>Carte intelligenti<\/strong> Schede in grado di interagire con l'IoT (Internet of Things), consentendo ai clienti di personalizzare l'ambiente della propria stanza attraverso le preferenze registrate.<\/li><li><strong>Durata<\/strong> Realizzazione di portachiavi eco-responsabili con materiali riciclati o biodegradabili.<\/li><\/ul><div>\u00a0<\/div><p>Queste invenzioni dimostrano la nostra determinazione a migliorare costantemente le prestazioni delle keycard e la loro crescente adozione nel settore alberghiero.<\/p>\t\t\t\t\t\t\t\t<\/div>\n\t\t\t\t<\/div>\n\t\t\t\t<div class=\"elementor-element elementor-element-20dc3f7 elementor-widget elementor-widget-spacer\" data-id=\"20dc3f7\" data-element_type=\"widget\" data-e-type=\"widget\" data-widget_type=\"spacer.default\">\n\t\t\t\t<div class=\"elementor-widget-container\">\n\t\t\t\t\t\t\t<div class=\"elementor-spacer\">\n\t\t\t<div class=\"elementor-spacer-inner\"><\/div>\n\t\t<\/div>\n\t\t\t\t\t\t<\/div>\n\t\t\t\t<\/div>\n\t\t\t\t\t<\/div>\n\t\t<\/div>\n\t\t\t\t\t<\/div>\n\t\t<\/section>\n\t\t\t\t<\/div>","protected":false},"excerpt":{"rendered":"<p>Tout savoir sur les cartes-cl\u00e9s dans l&rsquo;h\u00f4tellerie La technologie a transform\u00e9 divers aspects de notre vie quotidienne, et le secteur de l\u2019h\u00f4tellerie n\u2019en fait pas exception. L\u2019\u00e9mergence des cartes-cl\u00e9s en est un exemple frappant. Utilis\u00e9es principalement pour le contr\u00f4le d&rsquo;acc\u00e8s aux chambres des h\u00f4tels, ces petites cartes ont r\u00e9volutionn\u00e9 la fa\u00e7on dont les \u00e9tablissements g\u00e8rent [&hellip;]<\/p>\n","protected":false},"author":17,"featured_media":0,"parent":21098,"menu_order":8,"comment_status":"closed","ping_status":"closed","template":"","meta":{"inline_featured_image":false,"footnotes":""},"class_list":["post-21141","page","type-page","status-publish","hentry"],"_links":{"self":[{"href":"http:\/\/www.chateauberne.com\/it\/wp-json\/wp\/v2\/pages\/21141","targetHints":{"allow":["GET"]}}],"collection":[{"href":"http:\/\/www.chateauberne.com\/it\/wp-json\/wp\/v2\/pages"}],"about":[{"href":"http:\/\/www.chateauberne.com\/it\/wp-json\/wp\/v2\/types\/page"}],"author":[{"embeddable":true,"href":"http:\/\/www.chateauberne.com\/it\/wp-json\/wp\/v2\/users\/17"}],"replies":[{"embeddable":true,"href":"http:\/\/www.chateauberne.com\/it\/wp-json\/wp\/v2\/comments?post=21141"}],"version-history":[{"count":21,"href":"http:\/\/www.chateauberne.com\/it\/wp-json\/wp\/v2\/pages\/21141\/revisions"}],"predecessor-version":[{"id":21227,"href":"http:\/\/www.chateauberne.com\/it\/wp-json\/wp\/v2\/pages\/21141\/revisions\/21227"}],"up":[{"embeddable":true,"href":"http:\/\/www.chateauberne.com\/it\/wp-json\/wp\/v2\/pages\/21098"}],"wp:attachment":[{"href":"http:\/\/www.chateauberne.com\/it\/wp-json\/wp\/v2\/media?parent=21141"}],"curies":[{"name":"wp","href":"https:\/\/api.w.org\/{rel}","templated":true}]}}