{"id":21143,"date":"2024-05-31T18:40:27","date_gmt":"2024-05-31T16:40:27","guid":{"rendered":"https:\/\/www.chateauberne.com\/?page_id=21143"},"modified":"2024-05-31T21:09:34","modified_gmt":"2024-05-31T19:09:34","slug":"centre-de-loisirs-dans-les-hotels","status":"publish","type":"page","link":"http:\/\/www.chateauberne.com\/it\/definition\/centre-de-loisirs-dans-les-hotels\/","title":{"rendered":"Centro ricreativo in hotel"},"content":{"rendered":"<div data-elementor-type=\"wp-page\" data-elementor-id=\"21143\" class=\"elementor elementor-21143\" data-elementor-post-type=\"page\">\n\t\t\t\t\t\t<section class=\"elementor-section elementor-top-section elementor-element elementor-element-07f630b elementor-section-boxed elementor-section-height-default elementor-section-height-default\" data-id=\"07f630b\" data-element_type=\"section\" data-e-type=\"section\">\n\t\t\t\t\t\t<div class=\"elementor-container elementor-column-gap-default\">\n\t\t\t\t\t<div class=\"elementor-column elementor-col-100 elementor-top-column elementor-element elementor-element-2cbe646\" data-id=\"2cbe646\" data-element_type=\"column\" data-e-type=\"column\">\n\t\t\t<div class=\"elementor-widget-wrap elementor-element-populated\">\n\t\t\t\t\t\t<div class=\"elementor-element elementor-element-444aaad elementor--h-position-center elementor--v-position-middle elementor-widget elementor-widget-slides\" data-id=\"444aaad\" data-element_type=\"widget\" data-e-type=\"widget\" data-settings=\"{&quot;navigation&quot;:&quot;none&quot;,&quot;transition&quot;:&quot;fade&quot;,&quot;transition_speed&quot;:500}\" data-widget_type=\"slides.default\">\n\t\t\t\t<div class=\"elementor-widget-container\">\n\t\t\t\t\t\t\t\t\t<div class=\"elementor-swiper\">\n\t\t\t\t\t<div class=\"elementor-slides-wrapper elementor-main-swiper swiper\" role=\"region\" aria-roledescription=\"carousel\" aria-label=\"Diapositive\" dir=\"ltr\" data-animation=\"fadeInUp\">\n\t\t\t\t<div class=\"swiper-wrapper elementor-slides\">\n\t\t\t\t\t\t\t\t\t\t<div class=\"elementor-repeater-item-de8fba4 swiper-slide\" role=\"group\" aria-roledescription=\"slide\"><div class=\"swiper-slide-bg\" role=\"img\" aria-label=\"Vigneti della Provenza\"><\/div><div class=\"swiper-slide-inner\" ><div class=\"swiper-slide-contents\"><\/div><\/div><\/div>\t\t\t\t<\/div>\n\t\t\t\t\t\t\t<\/div>\n\t\t\t\t<\/div>\n\t\t\t\t\t\t\t\t<\/div>\n\t\t\t\t<\/div>\n\t\t\t\t\t<\/div>\n\t\t<\/div>\n\t\t\t\t\t<\/div>\n\t\t<\/section>\n\t\t\t\t<section class=\"elementor-section elementor-top-section elementor-element elementor-element-5f7f2d1 elementor-section-boxed elementor-section-height-default elementor-section-height-default\" data-id=\"5f7f2d1\" data-element_type=\"section\" data-e-type=\"section\">\n\t\t\t\t\t\t<div class=\"elementor-container elementor-column-gap-default\">\n\t\t\t\t\t<div class=\"elementor-column elementor-col-100 elementor-top-column elementor-element elementor-element-43d9214\" data-id=\"43d9214\" data-element_type=\"column\" data-e-type=\"column\">\n\t\t\t<div class=\"elementor-widget-wrap\">\n\t\t\t\t\t\t\t<\/div>\n\t\t<\/div>\n\t\t\t\t\t<\/div>\n\t\t<\/section>\n\t\t\t\t<section class=\"elementor-section elementor-top-section elementor-element elementor-element-13ecd25 elementor-section-boxed elementor-section-height-default elementor-section-height-default\" data-id=\"13ecd25\" data-element_type=\"section\" data-e-type=\"section\">\n\t\t\t\t\t\t<div class=\"elementor-container elementor-column-gap-default\">\n\t\t\t\t\t<div class=\"elementor-column elementor-col-100 elementor-top-column elementor-element elementor-element-4161d25\" data-id=\"4161d25\" data-element_type=\"column\" data-e-type=\"column\">\n\t\t\t<div class=\"elementor-widget-wrap elementor-element-populated\">\n\t\t\t\t\t\t<div class=\"elementor-element elementor-element-ee2f177 elementor-widget elementor-widget-heading\" data-id=\"ee2f177\" data-element_type=\"widget\" data-e-type=\"widget\" data-widget_type=\"heading.default\">\n\t\t\t\t<div class=\"elementor-widget-container\">\n\t\t\t\t\t<h1 class=\"elementor-heading-title elementor-size-default\">Centro ricreativo in hotel<\/h1>\t\t\t\t<\/div>\n\t\t\t\t<\/div>\n\t\t\t\t<div class=\"elementor-element elementor-element-6d71b58 elementor-widget-divider--view-line elementor-widget elementor-widget-divider\" data-id=\"6d71b58\" data-element_type=\"widget\" data-e-type=\"widget\" data-widget_type=\"divider.default\">\n\t\t\t\t<div class=\"elementor-widget-container\">\n\t\t\t\t\t\t\t<div class=\"elementor-divider\">\n\t\t\t<span class=\"elementor-divider-separator\">\n\t\t\t\t\t\t<\/span>\n\t\t<\/div>\n\t\t\t\t\t\t<\/div>\n\t\t\t\t<\/div>\n\t\t\t\t<div class=\"elementor-element elementor-element-e2a95bd elementor-widget__width-initial elementor-widget elementor-widget-text-editor\" data-id=\"e2a95bd\" data-element_type=\"widget\" data-e-type=\"widget\" data-widget_type=\"text-editor.default\">\n\t\t\t\t<div class=\"elementor-widget-container\">\n\t\t\t\t\t\t\t\t\t<p>Il <strong>centri per il tempo libero<\/strong> svolgono un ruolo essenziale e multifunzionale nell'industria alberghiera moderna. Questi luoghi di intrattenimento sono progettati per soddisfare i bambini durante le vacanze scolastiche, il mercoled\u00ec e altri giorni non scolastici, aggiungendo un valore significativo alle famiglie che soggiornano in hotel. Questo articolo analizza tutto quello che c'\u00e8 da sapere su <strong>centri per il tempo libero<\/strong>e l'impatto positivo che possono avere sull'esperienza del cliente.<\/p><h2>Definizione di centri ricreativi nel settore alberghiero<\/h2><p>Nel settore alberghiero, un <strong>centro ricreativo<\/strong> \u00e8 una struttura specializzata che offre una serie di attivit\u00e0 ricreative ed educative rivolte principalmente ai bambini. Questo servizio permette ai genitori di godere di momenti di relax sapendo che i loro figli sono in buone mani, impegnati in attivit\u00e0 arricchenti e divertenti.<\/p><h2>Caratteristiche dei moderni centri ricreativi<\/h2><p>Il <strong>centri per il tempo libero<\/strong> si distinguono per la loro <strong>variet\u00e0 di attivit\u00e0<\/strong> e la loro capacit\u00e0 di adattarsi alle esigenze specifiche dei clienti. Ecco alcune caratteristiche chiave:<\/p><ul><li><p><strong>Attivit\u00e0 educative<\/strong>\u00a0Laboratori di disegno, corsi di cucina e sessioni di lettura danno ai bambini la possibilit\u00e0 di sviluppare nuove abilit\u00e0 divertendosi.<\/p><\/li><li><p><strong>Giochi interattivi<\/strong>\u00a0Videogiochi, zone di realt\u00e0 virtuale e sale giochi collettive che offrono esperienze immersive.<\/p><\/li><li><p><strong>Sport e attivit\u00e0 fisiche<\/strong>\u00a0Piscine, campi sportivi e attivit\u00e0 come l'arrampicata sugli alberi incoraggiano l'esercizio fisico e la cooperazione tra i bambini.<\/p><\/li><li><p><strong>Laboratori creativi<\/strong>\u00a0Pittura, scultura e arti manuali stimolano la creativit\u00e0 dei giovani partecipanti.<\/p><\/li><li><p><strong>Sicurezza e supervisione professionale<\/strong>\u00a0: Sotto la supervisione di personale qualificato, i bambini godono di un ambiente sicuro e attento.<\/p><\/li><\/ul><p>Allo Ch\u00e2teau de Berne possiamo offrirvi <a href=\"https:\/\/www.chateauberne.com\/it\/oenotourisme-agenda\/decouvrir-les-alentours\/\" target=\"_blank\" rel=\"noopener\">scoprite l'arte di vivere provenzale con la vostra famiglia<\/a> con consigli su visite culturali, villaggi provenzali e siti naturali.<\/p><h2>Vantaggi per le famiglie<\/h2><p>Scegliete un hotel con un <strong>centro ricreativo<\/strong> offre una serie di importanti vantaggi per le famiglie. In primo luogo, queste strutture permettono ai genitori di godersi appieno la vacanza, sapendo che i loro figli sono impegnati in attivit\u00e0 adatte alla loro et\u00e0 e sotto costante controllo. In secondo luogo, arricchiscono l'esperienza dei bambini offrendo loro opportunit\u00e0 di socializzazione e sviluppo. Infine, aggiunge <strong>valore<\/strong> all'offerta dell'hotel e pu\u00f2 influenzare positivamente la decisione di prenotazione del cliente.<\/p><h2>Come iscriversi e come funziona<\/h2><p>Il processo <strong>registrazione<\/strong> in un <strong>centro ricreativo<\/strong> La procedura di iscrizione varia da scuola a scuola, ma in genere segue semplici passaggi. Le famiglie interessate devono compilare i moduli di iscrizione fornendo le informazioni necessarie sui propri figli: et\u00e0, preferenze per le attivit\u00e0 ed eventuali esigenze particolari. Visita <strong>termini e condizioni<\/strong> spesso includono sessioni di orientamento per far conoscere ai bambini la sede e il personale.<\/p><h2>Proposta di valore per gli hotel<\/h2><p>Integrare un <strong>centro ricreativo<\/strong> nell'offerta complessiva di un hotel pu\u00f2 aumentarne notevolmente l'attrattiva, in particolare per <strong>famiglie<\/strong>. Questo non solo offre un'esperienza superiore al cliente, ma distingue anche la struttura dalla concorrenza. Questo diventa un'importante risorsa di marketing che si traduce in un aumento delle prenotazioni durante il <strong>vacanze scolastiche<\/strong> e in altri periodi non di punta.<\/p>\t\t\t\t\t\t\t\t<\/div>\n\t\t\t\t<\/div>\n\t\t\t\t<div class=\"elementor-element elementor-element-685c83a elementor-widget elementor-widget-spacer\" data-id=\"685c83a\" data-element_type=\"widget\" data-e-type=\"widget\" data-widget_type=\"spacer.default\">\n\t\t\t\t<div class=\"elementor-widget-container\">\n\t\t\t\t\t\t\t<div class=\"elementor-spacer\">\n\t\t\t<div class=\"elementor-spacer-inner\"><\/div>\n\t\t<\/div>\n\t\t\t\t\t\t<\/div>\n\t\t\t\t<\/div>\n\t\t\t\t\t<\/div>\n\t\t<\/div>\n\t\t\t\t\t<\/div>\n\t\t<\/section>\n\t\t\t\t<section class=\"elementor-section elementor-top-section elementor-element elementor-element-c700dc4 elementor-section-boxed elementor-section-height-default elementor-section-height-default\" data-id=\"c700dc4\" data-element_type=\"section\" data-e-type=\"section\">\n\t\t\t\t\t\t<div class=\"elementor-container elementor-column-gap-default\">\n\t\t\t\t\t<div class=\"elementor-column elementor-col-100 elementor-top-column elementor-element elementor-element-7c03989\" data-id=\"7c03989\" data-element_type=\"column\" data-e-type=\"column\">\n\t\t\t<div class=\"elementor-widget-wrap\">\n\t\t\t\t\t\t\t<\/div>\n\t\t<\/div>\n\t\t\t\t\t<\/div>\n\t\t<\/section>\n\t\t\t\t<\/div>","protected":false},"excerpt":{"rendered":"<p>Centre de loisirs dans les h\u00f4tels Les centres de loisirs jouent un r\u00f4le essentiel et multifonctionnel dans l&rsquo;industrie h\u00f4teli\u00e8re moderne. Ces lieux d\u00e9di\u00e9s au divertissement sont con\u00e7us pour accueillir les enfants pendant les vacances scolaires, les mercredis et autres jours o\u00f9 ils n&rsquo;ont pas \u00e9cole, apportant une valeur ajout\u00e9e significative aux familles r\u00e9sidant \u00e0 l&rsquo;h\u00f4tel. [&hellip;]<\/p>\n","protected":false},"author":17,"featured_media":0,"parent":21098,"menu_order":10,"comment_status":"closed","ping_status":"closed","template":"","meta":{"inline_featured_image":false,"footnotes":""},"class_list":["post-21143","page","type-page","status-publish","hentry"],"_links":{"self":[{"href":"http:\/\/www.chateauberne.com\/it\/wp-json\/wp\/v2\/pages\/21143","targetHints":{"allow":["GET"]}}],"collection":[{"href":"http:\/\/www.chateauberne.com\/it\/wp-json\/wp\/v2\/pages"}],"about":[{"href":"http:\/\/www.chateauberne.com\/it\/wp-json\/wp\/v2\/types\/page"}],"author":[{"embeddable":true,"href":"http:\/\/www.chateauberne.com\/it\/wp-json\/wp\/v2\/users\/17"}],"replies":[{"embeddable":true,"href":"http:\/\/www.chateauberne.com\/it\/wp-json\/wp\/v2\/comments?post=21143"}],"version-history":[{"count":8,"href":"http:\/\/www.chateauberne.com\/it\/wp-json\/wp\/v2\/pages\/21143\/revisions"}],"predecessor-version":[{"id":21229,"href":"http:\/\/www.chateauberne.com\/it\/wp-json\/wp\/v2\/pages\/21143\/revisions\/21229"}],"up":[{"embeddable":true,"href":"http:\/\/www.chateauberne.com\/it\/wp-json\/wp\/v2\/pages\/21098"}],"wp:attachment":[{"href":"http:\/\/www.chateauberne.com\/it\/wp-json\/wp\/v2\/media?parent=21143"}],"curies":[{"name":"wp","href":"https:\/\/api.w.org\/{rel}","templated":true}]}}