{"id":22253,"date":"2024-08-04T17:28:14","date_gmt":"2024-08-04T15:28:14","guid":{"rendered":"https:\/\/www.chateauberne.com\/?page_id=22253"},"modified":"2024-08-04T18:27:46","modified_gmt":"2024-08-04T16:27:46","slug":"room-service","status":"publish","type":"page","link":"http:\/\/www.chateauberne.com\/it\/definition\/room-service\/","title":{"rendered":"Servizio in camera"},"content":{"rendered":"<div data-elementor-type=\"wp-page\" data-elementor-id=\"22253\" class=\"elementor elementor-22253\" data-elementor-post-type=\"page\">\n\t\t\t\t\t\t<section class=\"elementor-section elementor-top-section elementor-element elementor-element-bc34da9 elementor-section-full_width elementor-section-height-default elementor-section-height-default\" data-id=\"bc34da9\" data-element_type=\"section\" data-e-type=\"section\">\n\t\t\t\t\t\t<div class=\"elementor-container elementor-column-gap-default\">\n\t\t\t\t\t<div class=\"elementor-column elementor-col-100 elementor-top-column elementor-element elementor-element-83d3ec1\" data-id=\"83d3ec1\" data-element_type=\"column\" data-e-type=\"column\">\n\t\t\t<div class=\"elementor-widget-wrap elementor-element-populated\">\n\t\t\t\t\t\t<div class=\"elementor-element elementor-element-86ae637 elementor--h-position-center elementor--v-position-middle elementor-widget elementor-widget-slides\" data-id=\"86ae637\" data-element_type=\"widget\" data-e-type=\"widget\" data-settings=\"{&quot;navigation&quot;:&quot;none&quot;,&quot;transition&quot;:&quot;fade&quot;,&quot;transition_speed&quot;:500}\" data-widget_type=\"slides.default\">\n\t\t\t\t<div class=\"elementor-widget-container\">\n\t\t\t\t\t\t\t\t\t<div class=\"elementor-swiper\">\n\t\t\t\t\t<div class=\"elementor-slides-wrapper elementor-main-swiper swiper\" role=\"region\" aria-roledescription=\"carousel\" aria-label=\"Diapositive\" dir=\"ltr\" data-animation=\"fadeInUp\">\n\t\t\t\t<div class=\"swiper-wrapper elementor-slides\">\n\t\t\t\t\t\t\t\t\t\t<div class=\"elementor-repeater-item-de8fba4 swiper-slide\" role=\"group\" aria-roledescription=\"slide\"><div class=\"swiper-slide-bg\" role=\"img\" aria-label=\"Servizio in camera\"><\/div><div class=\"swiper-slide-inner\" ><div class=\"swiper-slide-contents\"><\/div><\/div><\/div>\t\t\t\t<\/div>\n\t\t\t\t\t\t\t<\/div>\n\t\t\t\t<\/div>\n\t\t\t\t\t\t\t\t<\/div>\n\t\t\t\t<\/div>\n\t\t\t\t\t<\/div>\n\t\t<\/div>\n\t\t\t\t\t<\/div>\n\t\t<\/section>\n\t\t\t\t<section class=\"elementor-section elementor-top-section elementor-element elementor-element-5cf06ff elementor-section-boxed elementor-section-height-default elementor-section-height-default\" data-id=\"5cf06ff\" data-element_type=\"section\" data-e-type=\"section\">\n\t\t\t\t\t\t<div class=\"elementor-container elementor-column-gap-default\">\n\t\t\t\t\t<div class=\"elementor-column elementor-col-100 elementor-top-column elementor-element elementor-element-3d63388\" data-id=\"3d63388\" data-element_type=\"column\" data-e-type=\"column\">\n\t\t\t<div class=\"elementor-widget-wrap\">\n\t\t\t\t\t\t\t<\/div>\n\t\t<\/div>\n\t\t\t\t\t<\/div>\n\t\t<\/section>\n\t\t\t\t<section class=\"elementor-section elementor-top-section elementor-element elementor-element-7f5ec95 elementor-section-boxed elementor-section-height-default elementor-section-height-default\" data-id=\"7f5ec95\" data-element_type=\"section\" data-e-type=\"section\">\n\t\t\t\t\t\t<div class=\"elementor-container elementor-column-gap-default\">\n\t\t\t\t\t<div class=\"elementor-column elementor-col-100 elementor-top-column elementor-element elementor-element-4ba4d21\" data-id=\"4ba4d21\" data-element_type=\"column\" data-e-type=\"column\">\n\t\t\t<div class=\"elementor-widget-wrap elementor-element-populated\">\n\t\t\t\t\t\t<div class=\"elementor-element elementor-element-734d688 elementor-widget elementor-widget-heading\" data-id=\"734d688\" data-element_type=\"widget\" data-e-type=\"widget\" data-widget_type=\"heading.default\">\n\t\t\t\t<div class=\"elementor-widget-container\">\n\t\t\t\t\t<h1 class=\"elementor-heading-title elementor-size-default\">Capire il servizio in camera d'albergo: tutto quello che c'\u00e8 da sapere<\/h1>\t\t\t\t<\/div>\n\t\t\t\t<\/div>\n\t\t\t\t<div class=\"elementor-element elementor-element-b98f450 elementor-widget-divider--view-line elementor-widget elementor-widget-divider\" data-id=\"b98f450\" data-element_type=\"widget\" data-e-type=\"widget\" data-widget_type=\"divider.default\">\n\t\t\t\t<div class=\"elementor-widget-container\">\n\t\t\t\t\t\t\t<div class=\"elementor-divider\">\n\t\t\t<span class=\"elementor-divider-separator\">\n\t\t\t\t\t\t<\/span>\n\t\t<\/div>\n\t\t\t\t\t\t<\/div>\n\t\t\t\t<\/div>\n\t\t\t\t<div class=\"elementor-element elementor-element-8fc19a8 elementor-widget__width-initial elementor-widget elementor-widget-text-editor\" data-id=\"8fc19a8\" data-element_type=\"widget\" data-e-type=\"widget\" data-widget_type=\"text-editor.default\">\n\t\t\t\t<div class=\"elementor-widget-container\">\n\t\t\t\t\t\t\t\t\t<p>Il servizio in camera \u00e8 un servizio offerto da molti hotel che consente agli ospiti di ordinare cibo e bevande dalla propria camera.\u00a0<strong>pasto<\/strong>,\u00a0<strong>bevande<\/strong>\u00a0e\u00a0<strong>spuntini<\/strong>\u00a0direttamente dalla propria camera. Questo servizio offre una comodit\u00e0 superiore e spesso migliora l'esperienza complessiva dell'hotel. In questo articolo analizzeremo in dettaglio tutti gli aspetti del servizio in camera, tra cui il suo\u00a0<strong>benefici<\/strong>e come funziona, oltre a esempi pratici.<\/p><h2>Definizione di servizio in camera<\/h2><p>Il servizio in camera, noto anche come servizio in camera, si riferisce alla possibilit\u00e0 per gli ospiti dell'hotel di farsi consegnare direttamente in camera diversi articoli come pasti, bevande e altri servizi. Questo servizio non solo soddisfa\u00a0<strong>esigenze alimentari<\/strong>\u00a0dei clienti, ma si estende anche ad altre richieste specifiche legate al comfort e al piacere degli occupanti durante il loro soggiorno.<\/p><h3>Funzionamento generale del servizio in camera<\/h3><p>Per usufruire del servizio in camera, i clienti hanno in genere accesso ad un\u00a0<strong>menu<\/strong>\u00a0disponibili in camera o tramite l'applicazione mobile dell'hotel. Una volta effettuata la scelta, i clienti effettuano l'ordine per telefono o tramite l'app. Il team di\u00a0<strong>cucina<\/strong>\u00a0prepara i piatti ordinati, mentre il personale di sala consegna l'ordine direttamente nella stanza del cliente, pronto per essere gustato.<\/p><p><a href=\"https:\/\/www.chateauberne.com\/it\/gastronomie\/\" target=\"_blank\" rel=\"noopener\">Scoprite i nostri ristoranti.<\/a><\/p><h3>Diversi tipi di servizi offerti<\/h3><p>A seconda della struttura, il servizio in camera pu\u00f2 includere :<\/p><ul><li>Colazione in camera<\/li><li>Pasti principali (pranzo e cena)<\/li><li>Menu per bambini<\/li><li><strong>Opzioni vegetariane<\/strong>\u00a0e vegano<\/li><li>Bevande alcoliche e analcoliche<\/li><li>Dolci e snack<\/li><\/ul><h2>I vantaggi del servizio in camera per il cliente<\/h2><p>Il servizio in camera offre diversi\u00a0<strong>vantaggi significativi<\/strong>In termini di comfort, flessibilit\u00e0 e personalizzazione dell'esperienza alberghiera.<\/p><h3>Convenienza e comfort<\/h3><p>Una delle principali attrattive del servizio in camera \u00e8 il\u00a0<strong>convenienza<\/strong>\u00a0che fornisce. Consentendo agli ospiti di consumare i pasti nel comfort della propria camera, il servizio in camera elimina la necessit\u00e0 di recarsi al ristorante dell'hotel, il che pu\u00f2 essere particolarmente utile dopo una giornata intensa.\u00a0<strong>giorno lungo<\/strong>\u00a0viaggio o di lavoro.<\/p><h3>Orario di lavoro flessibile<\/h3><p>Molti hotel offrono il servizio in camera\u00a0<strong>24 ore su 24<\/strong>In questo modo i clienti possono scegliere con la massima flessibilit\u00e0 quando mangiare. Questa opzione \u00e8 particolarmente utile per chi ha orari di viaggio irregolari o per chi desidera fare uno spuntino notturno.<\/p><h3>Esperienze culinarie personalizzate<\/h3><p>Grazie al servizio in camera, i clienti possono\u00a0<strong>personalizzare il proprio ordine<\/strong>\u00a0in base alle loro preferenze e restrizioni alimentari. In questo modo, tutti possono gustare un pasto esattamente come lo desiderano, su misura per i loro gusti e le loro esigenze specifiche.<\/p><h3>Un'esperienza intima e privata<\/h3><p>Mangiare nella propria stanza evita la folla e offre un'atmosfera pi\u00f9 personale e rilassata. Questo pu\u00f2 essere particolarmente vantaggioso per occasioni speciali come compleanni o fughe romantiche.<\/p><h2>Ottimizzare il servizio in camera negli hotel<\/h2><p>Per massimizzare l'efficienza e la soddisfazione del servizio in camera, i direttori d'albergo devono tenere conto di alcuni elementi chiave.<\/p><h3>Un menu vario e attraente<\/h3><p>Un menu ben concepito \u00e8 fondamentale per coinvolgere i clienti. Dovrebbe offrire una variet\u00e0 di piatti, dalle opzioni locali ai classici internazionali, tra cui carni alla griglia, piatti a base di pesce, verdure fresche e dessert gourmet. Le bevande devono includere una buona selezione di vini, cocktail, birre e bibite.<\/p><h3>Qualit\u00e0 della preparazione e della presentazione<\/h3><p>La qualit\u00e0 di\u00a0<strong>ingredienti utilizzati<\/strong>La preparazione accurata dei piatti e la loro presentazione sono fondamentali per lasciare un'impressione positiva ai clienti. Le stoviglie devono essere eleganti e adatte a ogni tipo di piatto.<\/p><h3>Servizio rapido ed efficiente<\/h3><p>Un servizio rapido e cortese \u00e8 fondamentale. Gli ordini devono essere presi rapidamente, possibilmente utilizzando una tecnologia integrata come un'app mobile, e consegnati entro i tempi promessi. Anche il monitoraggio e la verifica successivi alla consegna possono contribuire a migliorare la soddisfazione dei clienti.<\/p><h3>Formazione del personale<\/h3><p>Il personale del servizio in camera deve essere completamente formato su tutti gli aspetti del servizio in camera, tra cui\u00a0<strong>sicurezza alimentare<\/strong>\u00a0e la presentazione dei piatti, ma anche nella comunicazione con i clienti. Un atteggiamento professionale e amichevole pu\u00f2 migliorare notevolmente l'esperienza dell'utente.<\/p><h2>Esempi pratici e tendenze attuali<\/h2><p>Vediamo come alcuni hotel stanno innovando e ottimizzando il servizio in camera per attirare pi\u00f9 ospiti.<\/p><h3>L'uso delle tecnologie digitali<\/h3><p>Alcuni hotel hanno sviluppato\u00a0<strong>applicazioni mobili<\/strong>\u00a0per effettuare ordini direttamente da uno smartphone. Queste applicazioni consentono non solo di visualizzare il menu, ma anche di seguire l'avanzamento dell'ordine in tempo reale.<\/p><h3>Opzioni di menu sane e personalizzate<\/h3><p>Con la crescente domanda di\u00a0<strong>alimenti specifici<\/strong>Molti hotel includono ora nei loro menu del servizio in camera opzioni senza glutine, a basso contenuto calorico, vegane e altre opzioni salutari.<\/p><h3>Eventi speciali e promozioni<\/h3><p>Le offerte speciali per determinate occasioni, come San Valentino, Halloween o Natale, possono includere menu a tema e decorazioni extra. Anche le promozioni periodiche, come le tariffe ridotte per gli ordini effettuati in determinati orari, attirano i clienti.<\/p><h2>Confronto tra diversi livelli di hotel<\/h2><p>Il servizio in camera varia enormemente tra le strutture di diversa fascia, ecco quindi alcuni confronti.<\/p><h3>Hotel economici e hotel di lusso<\/h3><p>In un hotel economico, il servizio in camera potrebbe essere limitato a una piccola selezione di piatti semplici come panini e insalate, mentre in un hotel di lusso potrebbe essere limitato a una piccola selezione di piatti semplici come panini e insalate.\u00a0<strong>lusso<\/strong>\u00a0probabilmente offrir\u00e0 un\u00a0<strong>menu completo gourmet<\/strong>\u00a0compresi articoli raffinati come il caviale e l'aragosta.<\/p><h3>Catene internazionali e boutique hotel<\/h3><p>Le catene alberghiere internazionali tendono a offrire un menu abbastanza standardizzato e omogeneo in tutte le loro strutture, spesso con l'aggiunta di alcune specialit\u00e0 locali. Gli hotel di charme, invece, pongono l'accento su\u00a0<strong>opzioni uniche<\/strong>\u00a0e personalizzati per adattarsi all'ambiente esclusivo della struttura.<\/p>\t\t\t\t\t\t\t\t<\/div>\n\t\t\t\t<\/div>\n\t\t\t\t<div class=\"elementor-element elementor-element-8b58a57 elementor-widget elementor-widget-spacer\" data-id=\"8b58a57\" data-element_type=\"widget\" data-e-type=\"widget\" data-widget_type=\"spacer.default\">\n\t\t\t\t<div class=\"elementor-widget-container\">\n\t\t\t\t\t\t\t<div class=\"elementor-spacer\">\n\t\t\t<div class=\"elementor-spacer-inner\"><\/div>\n\t\t<\/div>\n\t\t\t\t\t\t<\/div>\n\t\t\t\t<\/div>\n\t\t\t\t\t<\/div>\n\t\t<\/div>\n\t\t\t\t\t<\/div>\n\t\t<\/section>\n\t\t\t\t<\/div>","protected":false},"excerpt":{"rendered":"<p>Comprendre le room service dans les h\u00f4tels : tout ce qu&rsquo;il faut savoir Le room service est un service propos\u00e9 par de nombreux h\u00f4tels, permettant aux clients de commander des\u00a0repas,\u00a0boissons\u00a0et\u00a0collations\u00a0directement depuis leur chambre. Ce service offre une commodit\u00e9 sup\u00e9rieure et am\u00e9liore souvent l&rsquo;exp\u00e9rience globale du s\u00e9jour \u00e0 l&rsquo;h\u00f4tel. Dans cet article, nous explorerons en d\u00e9tail [&hellip;]<\/p>\n","protected":false},"author":18,"featured_media":0,"parent":21098,"menu_order":25,"comment_status":"closed","ping_status":"closed","template":"","meta":{"inline_featured_image":false,"footnotes":""},"class_list":["post-22253","page","type-page","status-publish","hentry"],"_links":{"self":[{"href":"http:\/\/www.chateauberne.com\/it\/wp-json\/wp\/v2\/pages\/22253","targetHints":{"allow":["GET"]}}],"collection":[{"href":"http:\/\/www.chateauberne.com\/it\/wp-json\/wp\/v2\/pages"}],"about":[{"href":"http:\/\/www.chateauberne.com\/it\/wp-json\/wp\/v2\/types\/page"}],"author":[{"embeddable":true,"href":"http:\/\/www.chateauberne.com\/it\/wp-json\/wp\/v2\/users\/18"}],"replies":[{"embeddable":true,"href":"http:\/\/www.chateauberne.com\/it\/wp-json\/wp\/v2\/comments?post=22253"}],"version-history":[{"count":5,"href":"http:\/\/www.chateauberne.com\/it\/wp-json\/wp\/v2\/pages\/22253\/revisions"}],"predecessor-version":[{"id":22394,"href":"http:\/\/www.chateauberne.com\/it\/wp-json\/wp\/v2\/pages\/22253\/revisions\/22394"}],"up":[{"embeddable":true,"href":"http:\/\/www.chateauberne.com\/it\/wp-json\/wp\/v2\/pages\/21098"}],"wp:attachment":[{"href":"http:\/\/www.chateauberne.com\/it\/wp-json\/wp\/v2\/media?parent=22253"}],"curies":[{"name":"wp","href":"https:\/\/api.w.org\/{rel}","templated":true}]}}