{"id":18482,"date":"2023-10-10T14:59:00","date_gmt":"2023-10-10T12:59:42","guid":{"rendered":"https:\/\/www.chateauberne.com\/?page_id=18482"},"modified":"2024-11-05T11:24:22","modified_gmt":"2024-11-05T10:24:22","slug":"reservation-visites","status":"publish","type":"page","link":"https:\/\/www.chateauberne.com\/de\/reservation-visites\/","title":{"rendered":"Reservierung Besichtigungen"},"content":{"rendered":"<div data-elementor-type=\"wp-page\" data-elementor-id=\"18482\" class=\"elementor elementor-18482\" data-elementor-post-type=\"page\">\n\t\t\t\t\t\t<section class=\"elementor-section elementor-top-section elementor-element elementor-element-6801dab7 elementor-section-boxed elementor-section-height-default elementor-section-height-default\" data-id=\"6801dab7\" data-element_type=\"section\" data-e-type=\"section\">\n\t\t\t\t\t\t<div class=\"elementor-container elementor-column-gap-default\">\n\t\t\t\t\t<div class=\"elementor-column elementor-col-100 elementor-top-column elementor-element elementor-element-519ecd9a\" data-id=\"519ecd9a\" data-element_type=\"column\" data-e-type=\"column\" data-settings=\"{&quot;background_background&quot;:&quot;classic&quot;}\">\n\t\t\t<div class=\"elementor-widget-wrap elementor-element-populated\">\n\t\t\t\t\t\t<div class=\"elementor-element elementor-element-6f882762 elementor-widget elementor-widget-heading\" data-id=\"6f882762\" data-element_type=\"widget\" data-e-type=\"widget\" data-widget_type=\"heading.default\">\n\t\t\t\t<div class=\"elementor-widget-container\">\n\t\t\t\t\t<h1 class=\"elementor-heading-title elementor-size-default\">Die Kellerbesuche <\/h1>\t\t\t\t<\/div>\n\t\t\t\t<\/div>\n\t\t\t\t<div class=\"elementor-element elementor-element-08a3ea6 elementor-widget-divider--view-line elementor-widget elementor-widget-divider\" data-id=\"08a3ea6\" data-element_type=\"widget\" data-e-type=\"widget\" data-widget_type=\"divider.default\">\n\t\t\t\t<div class=\"elementor-widget-container\">\n\t\t\t\t\t\t\t<div class=\"elementor-divider\">\n\t\t\t<span class=\"elementor-divider-separator\">\n\t\t\t\t\t\t<\/span>\n\t\t<\/div>\n\t\t\t\t\t\t<\/div>\n\t\t\t\t<\/div>\n\t\t\t\t<div class=\"elementor-element elementor-element-f919d36 elementor-widget elementor-widget-spacer\" data-id=\"f919d36\" data-element_type=\"widget\" data-e-type=\"widget\" data-widget_type=\"spacer.default\">\n\t\t\t\t<div class=\"elementor-widget-container\">\n\t\t\t\t\t\t\t<div class=\"elementor-spacer\">\n\t\t\t<div class=\"elementor-spacer-inner\"><\/div>\n\t\t<\/div>\n\t\t\t\t\t\t<\/div>\n\t\t\t\t<\/div>\n\t\t\t\t<div class=\"elementor-element elementor-element-616071e3 elementor-widget elementor-widget-heading\" data-id=\"616071e3\" data-element_type=\"widget\" data-e-type=\"widget\" data-widget_type=\"heading.default\">\n\t\t\t\t<div class=\"elementor-widget-container\">\n\t\t\t\t\t<div class=\"elementor-heading-title elementor-size-default\">Reisen Sie in das Herz der Weinkultur des Ch\u00e2teau de Berne, indem Sie in unsere Weinberge und die verschiedenen Produktionsr\u00e4ume eintauchen. Unser passioniertes Team bietet Ihnen drei Besichtigungen an, die Sie nach Lust und Laune ausw\u00e4hlen k\u00f6nnen.<\/div>\t\t\t\t<\/div>\n\t\t\t\t<\/div>\n\t\t\t\t<div class=\"elementor-element elementor-element-284cf40 elementor-widget elementor-widget-spacer\" data-id=\"284cf40\" data-element_type=\"widget\" data-e-type=\"widget\" data-widget_type=\"spacer.default\">\n\t\t\t\t<div class=\"elementor-widget-container\">\n\t\t\t\t\t\t\t<div class=\"elementor-spacer\">\n\t\t\t<div class=\"elementor-spacer-inner\"><\/div>\n\t\t<\/div>\n\t\t\t\t\t\t<\/div>\n\t\t\t\t<\/div>\n\t\t\t\t<div class=\"elementor-element elementor-element-ef42372 elementor-widget elementor-widget-text-editor\" data-id=\"ef42372\" data-element_type=\"widget\" data-e-type=\"widget\" data-widget_type=\"text-editor.default\">\n\t\t\t\t<div class=\"elementor-widget-container\">\n\t\t\t\t\t\t\t\t\t<p><em>Um eine Tour auf Englisch zu buchen, klicken Sie bitte auf die untenstehende Flagge. <\/em><\/p>\t\t\t\t\t\t\t\t<\/div>\n\t\t\t\t<\/div>\n\t\t\t\t<div class=\"elementor-element elementor-element-46a04d2 elementor-view-default elementor-widget elementor-widget-icon\" data-id=\"46a04d2\" data-element_type=\"widget\" data-e-type=\"widget\" data-widget_type=\"icon.default\">\n\t\t\t\t<div class=\"elementor-widget-container\">\n\t\t\t\t\t\t\t<div class=\"elementor-icon-wrapper\">\n\t\t\t<a class=\"elementor-icon\" href=\"https:\/\/www.chateauberne.com\/en\/reservation-visites\/\">\n\t\t\t<svg xmlns=\"http:\/\/www.w3.org\/2000\/svg\" viewbox=\"0 0 50 30\" width=\"1000\" height=\"600\"><clippath id=\"t\"><path d=\"M25,15h25v15zv15h-25zh-25v-15zv-15h25z\"><\/path><\/clippath><path d=\"M0,0v30h50v-30z\" fill=\"#012169\"><\/path><path d=\"M0,0 50,30M50,0 0,30\" stroke=\"#fff\" stroke-width=\"6\"><\/path><path d=\"M0,0 50,30M50,0 0,30\" clip-path=\"url(#t)\" stroke=\"#C8102E\" stroke-width=\"4\"><\/path><path d=\"M-1 11h22v-12h8v12h22v8h-22v12h-8v-12h-22z\" fill=\"#C8102E\" stroke=\"#FFF\" stroke-width=\"2\"><\/path><\/svg>\t\t\t<\/a>\n\t\t<\/div>\n\t\t\t\t\t\t<\/div>\n\t\t\t\t<\/div>\n\t\t\t\t<div class=\"elementor-element elementor-element-35babf6 elementor-widget elementor-widget-html\" data-id=\"35babf6\" data-element_type=\"widget\" data-e-type=\"widget\" data-no-translation=\"\" data-widget_type=\"html.default\">\n\t\t\t\t<div class=\"elementor-widget-container\">\n\t\t\t\t\t<style>.elementor-element-35babf6{display:none !important}<\/style>\t\t\t\t<\/div>\n\t\t\t\t<\/div>\n\t\t\t\t<div class=\"elementor-element elementor-element-569cc23 elementor-widget elementor-widget-html\" data-id=\"569cc23\" data-element_type=\"widget\" data-e-type=\"widget\" data-widget_type=\"html.default\">\n\t\t\t\t<div class=\"elementor-widget-container\">\n\t\t\t\t\t<product-catalog-widget widget-id=\"79981f3f-8b47-47d6-8067-11f33a91d879\"><\/product-catalog-widget><script type=\"text\/javascript\" src=https:\/\/widgets.regiondo.net\/catalog\/v1\/catalog-widget.min.js><\/script>\t\t\t\t<\/div>\n\t\t\t\t<\/div>\n\t\t\t\t\t<\/div>\n\t\t<\/div>\n\t\t\t\t\t<\/div>\n\t\t<\/section>\n\t\t\t\t<\/div>","protected":false},"excerpt":{"rendered":"<p>Les Visites de cave Voyagez au c\u0153ur de la culture viticole du Ch\u00e2teau de Berne gr\u00e2ce \u00e0 une immersion dans notre vignoble et nos diff\u00e9rents espaces de production. Notre \u00e9quipe de passionn\u00e9s vous propose trois visites \u00e0 choisir au gr\u00e9 de vos envies. To book a tour in English, please click on the flag below.<\/p>","protected":false},"author":18,"featured_media":0,"parent":0,"menu_order":5,"comment_status":"closed","ping_status":"closed","template":"","meta":{"inline_featured_image":false,"footnotes":""},"class_list":["post-18482","page","type-page","status-publish","hentry"],"_links":{"self":[{"href":"https:\/\/www.chateauberne.com\/de\/wp-json\/wp\/v2\/pages\/18482","targetHints":{"allow":["GET"]}}],"collection":[{"href":"https:\/\/www.chateauberne.com\/de\/wp-json\/wp\/v2\/pages"}],"about":[{"href":"https:\/\/www.chateauberne.com\/de\/wp-json\/wp\/v2\/types\/page"}],"author":[{"embeddable":true,"href":"https:\/\/www.chateauberne.com\/de\/wp-json\/wp\/v2\/users\/18"}],"replies":[{"embeddable":true,"href":"https:\/\/www.chateauberne.com\/de\/wp-json\/wp\/v2\/comments?post=18482"}],"version-history":[{"count":43,"href":"https:\/\/www.chateauberne.com\/de\/wp-json\/wp\/v2\/pages\/18482\/revisions"}],"predecessor-version":[{"id":23066,"href":"https:\/\/www.chateauberne.com\/de\/wp-json\/wp\/v2\/pages\/18482\/revisions\/23066"}],"wp:attachment":[{"href":"https:\/\/www.chateauberne.com\/de\/wp-json\/wp\/v2\/media?parent=18482"}],"curies":[{"name":"wp","href":"https:\/\/api.w.org\/{rel}","templated":true}]}}