{"id":21132,"date":"2024-05-31T21:14:28","date_gmt":"2024-05-31T19:14:28","guid":{"rendered":"https:\/\/www.chateauberne.com\/?page_id=21132"},"modified":"2024-05-31T22:11:35","modified_gmt":"2024-05-31T20:11:35","slug":"hotel-accessibles-personnes-handicapees","status":"publish","type":"page","link":"https:\/\/www.chateauberne.com\/de\/definition\/hotel-accessibles-personnes-handicapees\/","title":{"rendered":"Behindertengerechte Einrichtungen im Hotelgewerbe: alles, was Sie wissen m\u00fcssen"},"content":{"rendered":"<div data-elementor-type=\"wp-page\" data-elementor-id=\"21132\" class=\"elementor elementor-21132\" data-elementor-post-type=\"page\">\n\t\t\t\t\t\t<section class=\"elementor-section elementor-top-section elementor-element elementor-element-40a8f31 elementor-section-boxed elementor-section-height-default elementor-section-height-default\" data-id=\"40a8f31\" data-element_type=\"section\" data-e-type=\"section\">\n\t\t\t\t\t\t<div class=\"elementor-container elementor-column-gap-default\">\n\t\t\t\t\t<div class=\"elementor-column elementor-col-100 elementor-top-column elementor-element elementor-element-e0b0351\" data-id=\"e0b0351\" data-element_type=\"column\" data-e-type=\"column\">\n\t\t\t<div class=\"elementor-widget-wrap elementor-element-populated\">\n\t\t\t\t\t\t<div class=\"elementor-element elementor-element-d49116e elementor--h-position-center elementor--v-position-middle elementor-widget elementor-widget-slides\" data-id=\"d49116e\" data-element_type=\"widget\" data-e-type=\"widget\" data-settings=\"{&quot;navigation&quot;:&quot;none&quot;,&quot;transition&quot;:&quot;fade&quot;,&quot;transition_speed&quot;:500}\" data-widget_type=\"slides.default\">\n\t\t\t\t<div class=\"elementor-widget-container\">\n\t\t\t\t\t\t\t\t\t<div class=\"elementor-swiper\">\n\t\t\t\t\t<div class=\"elementor-slides-wrapper elementor-main-swiper swiper\" role=\"region\" aria-roledescription=\"carousel\" aria-label=\"Slides\" dir=\"ltr\" data-animation=\"fadeInUp\">\n\t\t\t\t<div class=\"swiper-wrapper elementor-slides\">\n\t\t\t\t\t\t\t\t\t\t<div class=\"elementor-repeater-item-de8fba4 swiper-slide\" role=\"group\" aria-roledescription=\"slide\"><div class=\"swiper-slide-bg\" role=\"img\" aria-label=\"Empfang im Schloss Bern\"><\/div><div class=\"swiper-slide-inner\" ><div class=\"swiper-slide-contents\"><\/div><\/div><\/div>\t\t\t\t<\/div>\n\t\t\t\t\t\t\t<\/div>\n\t\t\t\t<\/div>\n\t\t\t\t\t\t\t\t<\/div>\n\t\t\t\t<\/div>\n\t\t\t\t\t<\/div>\n\t\t<\/div>\n\t\t\t\t\t<\/div>\n\t\t<\/section>\n\t\t\t\t<section class=\"elementor-section elementor-top-section elementor-element elementor-element-2e62aa2 elementor-section-boxed elementor-section-height-default elementor-section-height-default\" data-id=\"2e62aa2\" data-element_type=\"section\" data-e-type=\"section\">\n\t\t\t\t\t\t<div class=\"elementor-container elementor-column-gap-default\">\n\t\t\t\t\t<div class=\"elementor-column elementor-col-100 elementor-top-column elementor-element elementor-element-eb942c1\" data-id=\"eb942c1\" data-element_type=\"column\" data-e-type=\"column\">\n\t\t\t<div class=\"elementor-widget-wrap\">\n\t\t\t\t\t\t\t<\/div>\n\t\t<\/div>\n\t\t\t\t\t<\/div>\n\t\t<\/section>\n\t\t\t\t<section class=\"elementor-section elementor-top-section elementor-element elementor-element-a23e451 elementor-section-boxed elementor-section-height-default elementor-section-height-default\" data-id=\"a23e451\" data-element_type=\"section\" data-e-type=\"section\">\n\t\t\t\t\t\t<div class=\"elementor-container elementor-column-gap-default\">\n\t\t\t\t\t<div class=\"elementor-column elementor-col-100 elementor-top-column elementor-element elementor-element-9be119f\" data-id=\"9be119f\" data-element_type=\"column\" data-e-type=\"column\">\n\t\t\t<div class=\"elementor-widget-wrap elementor-element-populated\">\n\t\t\t\t\t\t<div class=\"elementor-element elementor-element-167f385 elementor-widget elementor-widget-heading\" data-id=\"167f385\" data-element_type=\"widget\" data-e-type=\"widget\" data-widget_type=\"heading.default\">\n\t\t\t\t<div class=\"elementor-widget-container\">\n\t\t\t\t\t<h1 class=\"elementor-heading-title elementor-size-default\">Behindertengerechte Einrichtungen im Gastgewerbe: Alles, was Sie wissen m\u00fcssen.<\/h1>\t\t\t\t<\/div>\n\t\t\t\t<\/div>\n\t\t\t\t<div class=\"elementor-element elementor-element-a429e05 elementor-widget-divider--view-line elementor-widget elementor-widget-divider\" data-id=\"a429e05\" data-element_type=\"widget\" data-e-type=\"widget\" data-widget_type=\"divider.default\">\n\t\t\t\t<div class=\"elementor-widget-container\">\n\t\t\t\t\t\t\t<div class=\"elementor-divider\">\n\t\t\t<span class=\"elementor-divider-separator\">\n\t\t\t\t\t\t<\/span>\n\t\t<\/div>\n\t\t\t\t\t\t<\/div>\n\t\t\t\t<\/div>\n\t\t\t\t<div class=\"elementor-element elementor-element-5dc081d elementor-widget__width-initial elementor-widget elementor-widget-text-editor\" data-id=\"5dc081d\" data-element_type=\"widget\" data-e-type=\"widget\" data-widget_type=\"text-editor.default\">\n\t\t\t\t<div class=\"elementor-widget-container\">\n\t\t\t\t\t\t\t\t\t<p>Die Einrichtung von Unterk\u00fcnften f\u00fcr Menschen mit Behinderungen\u00a0<strong>Behinderung<\/strong>\u00a0ist ein grundlegender Schritt zur F\u00f6rderung einer\u00a0<strong>effektiver Kampf gegen Diskriminierung<\/strong>. Im Gastgewerbe bedeutet das Anbieten geeigneter Einrichtungen und Dienstleistungen nicht nur, dass man die Gesetze einh\u00e4lt. Es stellt auch eine vorteilhafte Investition dar, die den potenziellen Kundenkreis erweitert und die Qualit\u00e4t des Service f\u00fcr alle G\u00e4ste verbessert.<\/p>\n<h2>Spezifische Bed\u00fcrfnisse verstehen<\/h2>\n<p>Zur Durchf\u00fchrung von\u00a0<strong>behindertengerechte Einrichtungen<\/strong>Es ist unerl\u00e4sslich, ein klares Verst\u00e4ndnis der verschiedenen Behinderungen und der spezifischen Bed\u00fcrfnisse, die jede Behinderung mit sich bringt, zu haben. Hier einige Beispiele:<\/p>\n<ul>\n<li><strong>Motorische Behinderung<\/strong>\u00a0Barrierefreiheit: Notwendigkeit von Rampen, breiten T\u00fcren, barrierefreien Aufz\u00fcgen, Schlafzimmern und B\u00e4dern mit Haltegriffen und schwellenlosen Duschen.<\/li>\n<li><strong>Sehbehinderung<\/strong>\u00a0: Verwendung von Platten aus\u00a0<strong>Braille<\/strong>Die meisten Sch\u00fclerinnen und Sch\u00fcler sind in der Lage, sich selbst zu lesen.<strong>Bildschirm<\/strong>.<\/li>\n<li><strong>H\u00f6rbehinderung<\/strong>\u00a0: Installation von Lichtbenachrichtigungssystemen f\u00fcr Feueralarme, h\u00f6rger\u00e4tekompatiblen Telefonen, Untertiteln oder Dolmetschdiensten in Geb\u00e4rdensprache.<\/li>\n<li><strong>Kognitive Behinderung<\/strong>\u00a0Hinweis: Klare und einfache Beschilderung, geschultes Personal zur Unterst\u00fctzung von Kunden mit kognitiven Beeintr\u00e4chtigungen.<\/li>\n<\/ul>\n<h2>Gesetzliche und beh\u00f6rdliche Normen<\/h2>\n<p>In Frankreich werden die Zug\u00e4nglichkeitsstandards durch mehrere Gesetzestexte und Verordnungen geregelt. Einrichtungen mit Publikumsverkehr (ERP) m\u00fcssen bestimmte Kriterien erf\u00fcllen, um die Barrierefreiheit zu gew\u00e4hrleisten.<strong>universeller Zugang<\/strong>\u00a0zu den verschiedenen Arten von Behinderungen. Zu den Regeln geh\u00f6ren:<\/p>\n<ol>\n<li>Die Mindestbreite von Durchg\u00e4ngen und T\u00fcren, damit man sich mit dem Rollstuhl fortbewegen kann.<\/li>\n<li>Das Vorhandensein von Rampen und\/oder Aufz\u00fcgen.<\/li>\n<li>Akustische und visuelle Ger\u00e4te zur Signalisierung und Alarmierung.<\/li>\n<li>Angepasste Sanit\u00e4ranlagen mit Haltegriffen und ausreichend Platz zum Man\u00f6vrieren.<\/li>\n<li>Eine Mindestanzahl an barrierefreien Zimmern je nach Gesamtkapazit\u00e4t des Hotels.<\/li>\n<\/ol>\n<p>Diese Standards werden regelm\u00e4\u00dfig aktualisiert, um technologische Fortschritte und ermittelte Best Practices zu integrieren.<\/p>\n<h2>Wesentliche architektonische Annehmlichkeiten<\/h2>\n<p>Einer der sichtbarsten Aspekte von Vorkehrungen f\u00fcr Menschen mit Behinderungen sind die strukturellen Ver\u00e4nderungen an Geb\u00e4uden. Hier sind einige Schl\u00fcsselelemente, die Sie beachten sollten:<\/p>\n<p><strong>Einreise und Empfang<\/strong>\u00a0: Der erste Eindruck z\u00e4hlt sehr viel. Eine gut positionierte Zugangsrampe in Verbindung mit einer ausreichend breiten automatischen T\u00fcr erm\u00f6glicht einen w\u00fcrdigen und respektvollen Empfang. Der Empfangstresen sollte mit einem abgesenkten Abschnitt f\u00fcr die direkte Interaktion mit G\u00e4sten im Rollstuhl gestaltet werden.<\/p>\n<p><strong>Angepasste Badezimmer<\/strong>\u00a0Diese Bereiche sollten \u00fcber begehbare Duschen, erh\u00f6hte Toiletten, klappbare Duschsitze und sicher befestigte Haltegriffe verf\u00fcgen. Au\u00dferdem muss ein freier Drehbereich gew\u00e4hrleistet sein, der f\u00fcr das Man\u00f6vrieren eines Rollstuhls n\u00fctzlich ist.<\/p>\n<h2>Technologie und Innovation<\/h2>\n<p>Technologische Innovationen spielen eine entscheidende Rolle bei der Verbesserung der<strong>Zug\u00e4nglichkeit<\/strong>\u00a0hotel i\u00e8re. Es k\u00f6nnen verschiedene Hilfsmittel integriert werden, um G\u00e4sten mit Behinderungen das Erlebnis zu erleichtern :<\/p>\n<p><strong>Angepasste Screenreader und Tastaturen<\/strong>\u00a0: Bieten Sie sehbehinderten Kunden Computer mit Bildschirmlesesoftware und\u00a0<strong>Braille-Tastaturen<\/strong>\u00a0kann einen enormen Unterschied machen. Diese Technologien erm\u00f6glichen eine einfache und unabh\u00e4ngige Navigation, um auf das Internet zuzugreifen oder verschiedene Dienstleistungen des Hotels zu nutzen.<\/p>\n<p><strong>Mobile Anwendungen<\/strong>\u00a0Die Entwicklung von Apps, die Audiof\u00fchrungen oder Sprachanweisungen anbieten, erleichtert das Reisen in gro\u00dfen Einrichtungen wie Hotels erheblich. Einige Apps bieten sogar die Funktion, Zimmereinrichtungen wie Licht oder Klimaanlage per Sprachbefehl zu aktivieren.<\/p>\n<p><strong>Leuchtende und vibrierende Alarme<\/strong>\u00a0Die Installation von multisensorischen Warnsystemen (akustisch, leuchtend und vibrierend) stellt sicher, dass jeder Gast, unabh\u00e4ngig von seiner Behinderung, im Notfall gewarnt wird.<\/p>\n<h2>Ausbildung von Mitarbeitern<\/h2>\n<p>Eine angemessene Ausstattung zu haben ist grundlegend, aber ebenso wichtig ist die Sensibilisierung und Schulung des Personals in Bezug auf den Empfang und die Unterst\u00fctzung von G\u00e4sten mit Behinderungen. Ein gut informiertes und vorbereitetes Team tr\u00e4gt wesentlich zum Komfort und zur Zufriedenheit der G\u00e4ste bei.<\/p>\n<p><strong>Bildungsprogramme<\/strong>\u00a0Regelm\u00e4\u00dfige Schulungen \u00fcber den Umgang mit Menschen mit Behinderungen tragen dazu bei, dass das Personal gute Praktiken einf\u00fchrt. Sie sollten praktische Demonstrationen, Erkl\u00e4rungen zur korrekten Verwendung von Spezialger\u00e4ten und Anweisungen dazu enthalten, wie man vorab Hilfe anbietet, ohne die Unabh\u00e4ngigkeit der Kunden einzuschr\u00e4nken.<\/p>\n<p><strong>Einstellung und Verhalten<\/strong>\u00a0: Einf\u00fchlungsverm\u00f6gen, Respekt und Diskretion sind unerl\u00e4sslich. Ein guter Empfang beginnt damit, dass man den spezifischen Bed\u00fcrfnissen der Kunden aktiv zuh\u00f6rt und ihnen angemessene und feinf\u00fchlige Unterst\u00fctzung bietet.<\/p>\n<h2>Das Schloss von Bern: ein 5-Sterne-Hotel, das f\u00fcr Menschen mit eingeschr\u00e4nkter Mobilit\u00e4t (PRM) zug\u00e4nglich ist<\/h2>\n<p>Das im Herzen der Provence gelegene Ch\u00e2teau de Berne ist mit seiner 5-Sterne-Klassifizierung nicht nur ein luxuri\u00f6ses Reiseziel, sondern auch f\u00fcr Menschen mit eingeschr\u00e4nkter Mobilit\u00e4t (PMR) zug\u00e4nglich. Diese prestigetr\u00e4chtige Einrichtung vereint Eleganz, Komfort und Zug\u00e4nglichkeit, um allen Besuchern ein unvergessliches Erlebnis zu bieten.<\/p>\n<ol>\n<li>\n<p><strong>Erleichterter Zugang :<\/strong>\u00a0Es gibt Rampen und Aufz\u00fcge, die einen reibungslosen Ablauf im gesamten Hotel, von den Zimmern bis zu den \u00f6ffentlichen Bereichen, gew\u00e4hrleisten.<\/p>\n<\/li>\n<li>\n<p><strong><a href=\"https:\/\/www.chateauberne.com\/de\/hotel-et-villa\/chambres-suites\/\">5-Sterne-Zimmer<\/a>\u00a0Angepasst :<\/strong>\u00a0Speziell eingerichtete Zimmer, die den Bed\u00fcrfnissen von Personen mit eingeschr\u00e4nkter Mobilit\u00e4t gerecht werden, mit Badezimmern, die mit Haltegriffen und begehbaren Duschen ausgestattet sind.<\/p>\n<\/li>\n<li>\n<p><strong>Gemeinsame zug\u00e4ngliche R\u00e4ume :<\/strong>\u00a0Alle Bereiche des Hotels, einschlie\u00dflich der Restaurants, Lounges und des Spas, sind so gestaltet, dass sie f\u00fcr jeden leicht zug\u00e4nglich sind.<\/p>\n<\/li>\n<li>\n<p><strong>Qualit\u00e4tsdienst :<\/strong>\u00a0Das Personal ist darauf geschult, pers\u00f6nliche Unterst\u00fctzung zu bieten und sicherzustellen, dass jeder Aufenthalt unter den bestm\u00f6glichen Bedingungen stattfindet.<\/p>\n<\/li>\n<\/ol>\n<p>Das Schloss Bern ist bestrebt, allen seinen G\u00e4sten ein au\u00dfergew\u00f6hnliches Erlebnis zu bieten. Dabei legt es gro\u00dfen Wert auf vollst\u00e4ndige Zug\u00e4nglichkeit und optimalen Komfort f\u00fcr Menschen mit eingeschr\u00e4nkter Mobilit\u00e4t. Ein Besuch im Ch\u00e2teau de Berne bedeutet, sich f\u00fcr einen Luxusaufenthalt zu entscheiden, bei dem jedes Detail f\u00fcr Sie durchdacht ist.<\/p>\n<h2>Wirtschaftliche und soziale Perspektiven<\/h2>\n<p>Investitionen in eine barrierefreie Infrastruktur haben nicht nur soziale Vorteile, sondern auch erhebliche wirtschaftliche Auswirkungen. Die Zug\u00e4nglichkeit von Einrichtungen erh\u00f6ht die Attraktivit\u00e4t f\u00fcr eine Vielzahl von Kunden, einschlie\u00dflich \u00e4lterer Menschen und Menschen mit Behinderungen.\u00a0<strong>vor\u00fcbergehende Einschr\u00e4nkungen<\/strong>\u00a0infolge einer Verletzung<\/p>\n<p><strong>Zunahme der Kundschaft<\/strong>\u00a0G\u00e4ste mit Behinderungen machen einen wachsenden Anteil des internationalen Tourismus aus. Die Erf\u00fcllung dieser Erwartungen zieht einen neuen Teil des Marktes an, was letztendlich die Auslastung der Einrichtungen erh\u00f6ht.<\/p>\n<p><strong>Positives Markenimage<\/strong>\u00a0Unternehmen, die sich f\u00fcr die Bek\u00e4mpfung von Diskriminierungen einsetzen, profitieren von einem verst\u00e4rkten und positiven Markenimage. Diese Wahrnehmung erh\u00f6ht die Kundenbindung und st\u00e4rkt die vermittelten gesellschaftlichen Werte.<\/p>\n<p><strong>Lokale Partnerschaften<\/strong>\u00a0Die Zusammenarbeit mit lokalen Behindertenorganisationen bereichert die integrative Strategie der Hotels und schafft gewinnbringende Synergien, um innovative L\u00f6sungen umzusetzen und zu testen.<\/p>\t\t\t\t\t\t\t\t<\/div>\n\t\t\t\t<\/div>\n\t\t\t\t<div class=\"elementor-element elementor-element-5699915 elementor-widget elementor-widget-spacer\" data-id=\"5699915\" data-element_type=\"widget\" data-e-type=\"widget\" data-widget_type=\"spacer.default\">\n\t\t\t\t<div class=\"elementor-widget-container\">\n\t\t\t\t\t\t\t<div class=\"elementor-spacer\">\n\t\t\t<div class=\"elementor-spacer-inner\"><\/div>\n\t\t<\/div>\n\t\t\t\t\t\t<\/div>\n\t\t\t\t<\/div>\n\t\t\t\t\t<\/div>\n\t\t<\/div>\n\t\t\t\t\t<\/div>\n\t\t<\/section>\n\t\t\t\t<\/div>","protected":false},"excerpt":{"rendered":"<p>Am\u00e9nagements accessibles aux personnes handicap\u00e9es dans l&rsquo;h\u00f4tellerie : tout ce qu&rsquo;il faut savoir. L&rsquo;am\u00e9nagement des lieux d&rsquo;h\u00e9bergement pour les personnes en situation de\u00a0handicap\u00a0est une \u00e9tape fondamentale pour promouvoir une\u00a0lutte effective contre les discriminations. Dans le secteur de l&rsquo;h\u00f4tellerie, offrir des installations et services adapt\u00e9s ne se limite pas seulement \u00e0 respecter la loi. Cela repr\u00e9sente [&hellip;]<\/p>\n","protected":false},"author":17,"featured_media":0,"parent":21098,"menu_order":6,"comment_status":"closed","ping_status":"closed","template":"","meta":{"inline_featured_image":false,"footnotes":""},"class_list":["post-21132","page","type-page","status-publish","hentry"],"_links":{"self":[{"href":"https:\/\/www.chateauberne.com\/de\/wp-json\/wp\/v2\/pages\/21132","targetHints":{"allow":["GET"]}}],"collection":[{"href":"https:\/\/www.chateauberne.com\/de\/wp-json\/wp\/v2\/pages"}],"about":[{"href":"https:\/\/www.chateauberne.com\/de\/wp-json\/wp\/v2\/types\/page"}],"author":[{"embeddable":true,"href":"https:\/\/www.chateauberne.com\/de\/wp-json\/wp\/v2\/users\/17"}],"replies":[{"embeddable":true,"href":"https:\/\/www.chateauberne.com\/de\/wp-json\/wp\/v2\/comments?post=21132"}],"version-history":[{"count":14,"href":"https:\/\/www.chateauberne.com\/de\/wp-json\/wp\/v2\/pages\/21132\/revisions"}],"predecessor-version":[{"id":21441,"href":"https:\/\/www.chateauberne.com\/de\/wp-json\/wp\/v2\/pages\/21132\/revisions\/21441"}],"up":[{"embeddable":true,"href":"https:\/\/www.chateauberne.com\/de\/wp-json\/wp\/v2\/pages\/21098"}],"wp:attachment":[{"href":"https:\/\/www.chateauberne.com\/de\/wp-json\/wp\/v2\/media?parent=21132"}],"curies":[{"name":"wp","href":"https:\/\/api.w.org\/{rel}","templated":true}]}}