{"id":21141,"date":"2024-05-31T18:36:08","date_gmt":"2024-05-31T16:36:08","guid":{"rendered":"https:\/\/www.chateauberne.com\/?page_id=21141"},"modified":"2024-05-31T18:42:49","modified_gmt":"2024-05-31T16:42:49","slug":"carte-cle-hotel","status":"publish","type":"page","link":"https:\/\/www.chateauberne.com\/de\/definition\/carte-cle-hotel\/","title":{"rendered":"Alles \u00fcber Schl\u00fcsselkarten in der Hotellerie"},"content":{"rendered":"<div data-elementor-type=\"wp-page\" data-elementor-id=\"21141\" class=\"elementor elementor-21141\" data-elementor-post-type=\"page\">\n\t\t\t\t\t\t<section class=\"elementor-section elementor-top-section elementor-element elementor-element-dec2401 elementor-section-boxed elementor-section-height-default elementor-section-height-default\" data-id=\"dec2401\" data-element_type=\"section\" data-e-type=\"section\">\n\t\t\t\t\t\t<div class=\"elementor-container elementor-column-gap-default\">\n\t\t\t\t\t<div class=\"elementor-column elementor-col-100 elementor-top-column elementor-element elementor-element-9650c72\" data-id=\"9650c72\" data-element_type=\"column\" data-e-type=\"column\">\n\t\t\t<div class=\"elementor-widget-wrap elementor-element-populated\">\n\t\t\t\t\t\t<div class=\"elementor-element elementor-element-3270442 elementor--h-position-center elementor--v-position-middle elementor-widget elementor-widget-slides\" data-id=\"3270442\" data-element_type=\"widget\" data-e-type=\"widget\" data-settings=\"{&quot;navigation&quot;:&quot;none&quot;,&quot;transition&quot;:&quot;fade&quot;,&quot;transition_speed&quot;:500}\" data-widget_type=\"slides.default\">\n\t\t\t\t<div class=\"elementor-widget-container\">\n\t\t\t\t\t\t\t\t\t<div class=\"elementor-swiper\">\n\t\t\t\t\t<div class=\"elementor-slides-wrapper elementor-main-swiper swiper\" role=\"region\" aria-roledescription=\"carousel\" aria-label=\"Folien\" dir=\"ltr\" data-animation=\"fadeInUp\">\n\t\t\t\t<div class=\"swiper-wrapper elementor-slides\">\n\t\t\t\t\t\t\t\t\t\t<div class=\"elementor-repeater-item-de8fba4 swiper-slide\" role=\"group\" aria-roledescription=\"slide\"><div class=\"swiper-slide-bg\" role=\"img\" aria-label=\"Schl\u00fcsselkarte bern\"><\/div><div class=\"swiper-slide-inner\" ><div class=\"swiper-slide-contents\"><\/div><\/div><\/div>\t\t\t\t<\/div>\n\t\t\t\t\t\t\t<\/div>\n\t\t\t\t<\/div>\n\t\t\t\t\t\t\t\t<\/div>\n\t\t\t\t<\/div>\n\t\t\t\t\t<\/div>\n\t\t<\/div>\n\t\t\t\t\t<\/div>\n\t\t<\/section>\n\t\t\t\t<section class=\"elementor-section elementor-top-section elementor-element elementor-element-8b5c7a8 elementor-section-boxed elementor-section-height-default elementor-section-height-default\" data-id=\"8b5c7a8\" data-element_type=\"section\" data-e-type=\"section\">\n\t\t\t\t\t\t<div class=\"elementor-container elementor-column-gap-default\">\n\t\t\t\t\t<div class=\"elementor-column elementor-col-100 elementor-top-column elementor-element elementor-element-b72de5d\" data-id=\"b72de5d\" data-element_type=\"column\" data-e-type=\"column\">\n\t\t\t<div class=\"elementor-widget-wrap\">\n\t\t\t\t\t\t\t<\/div>\n\t\t<\/div>\n\t\t\t\t\t<\/div>\n\t\t<\/section>\n\t\t\t\t<section class=\"elementor-section elementor-top-section elementor-element elementor-element-0ec409d elementor-section-boxed elementor-section-height-default elementor-section-height-default\" data-id=\"0ec409d\" data-element_type=\"section\" data-e-type=\"section\">\n\t\t\t\t\t\t<div class=\"elementor-container elementor-column-gap-default\">\n\t\t\t\t\t<div class=\"elementor-column elementor-col-100 elementor-top-column elementor-element elementor-element-dcbc2c0\" data-id=\"dcbc2c0\" data-element_type=\"column\" data-e-type=\"column\">\n\t\t\t<div class=\"elementor-widget-wrap elementor-element-populated\">\n\t\t\t\t\t\t<div class=\"elementor-element elementor-element-8edccab elementor-widget elementor-widget-heading\" data-id=\"8edccab\" data-element_type=\"widget\" data-e-type=\"widget\" data-widget_type=\"heading.default\">\n\t\t\t\t<div class=\"elementor-widget-container\">\n\t\t\t\t\t<h1 class=\"elementor-heading-title elementor-size-default\">Alles \u00fcber Schl\u00fcsselkarten in der Hotellerie\n<\/h1>\t\t\t\t<\/div>\n\t\t\t\t<\/div>\n\t\t\t\t<div class=\"elementor-element elementor-element-07c93ca elementor-widget-divider--view-line elementor-widget elementor-widget-divider\" data-id=\"07c93ca\" data-element_type=\"widget\" data-e-type=\"widget\" data-widget_type=\"divider.default\">\n\t\t\t\t<div class=\"elementor-widget-container\">\n\t\t\t\t\t\t\t<div class=\"elementor-divider\">\n\t\t\t<span class=\"elementor-divider-separator\">\n\t\t\t\t\t\t<\/span>\n\t\t<\/div>\n\t\t\t\t\t\t<\/div>\n\t\t\t\t<\/div>\n\t\t\t\t<div class=\"elementor-element elementor-element-2b845c0 elementor-widget__width-initial elementor-widget elementor-widget-text-editor\" data-id=\"2b845c0\" data-element_type=\"widget\" data-e-type=\"widget\" data-widget_type=\"text-editor.default\">\n\t\t\t\t<div class=\"elementor-widget-container\">\n\t\t\t\t\t\t\t\t\t<p>Die Technologie hat verschiedene Aspekte unseres t\u00e4glichen Lebens ver\u00e4ndert, und das Gastgewerbe ist hier keine Ausnahme. Die Entstehung von <strong>Schl\u00fcsselkarten<\/strong> ist ein anschauliches Beispiel daf\u00fcr. Da sie haupts\u00e4chlich f\u00fcr die Zugangskontrolle zu Hotelzimmern verwendet werden, sind diese kleinen <strong>Karten<\/strong> haben die Art und Weise, wie Einrichtungen Sicherheit und Effizienz im Alltag handhaben, revolutioniert.<\/p><h2>Definition und allgemeine Verwendung von Schl\u00fcsselkarten<\/h2><p>Eine <strong>Schl\u00fcsselkarte<\/strong>, auch bekannt als <strong>Einreisedokument<\/strong> oder <strong>elektronischer Schl\u00fcssel<\/strong>Eine Karte ist eine Karte, oft aus Plastik, die verwendet wird, um einen sicheren Zugang zu <a href=\"https:\/\/www.chateauberne.com\/de\/hotel-et-villa\/chambres-suites\/\" target=\"_blank\" rel=\"noopener\">ein Hotelzimmer<\/a>. Im Gegensatz zu herk\u00f6mmlichen Metallschl\u00fcsseln <strong>Schl\u00fcsselkarten<\/strong> enthalten in der Regel einen Magnetstreifen oder einen RFID-Chip, der mit dem elektronischen T\u00fcrverriegelungssystem kommuniziert.<\/p><p>Die wichtigsten Vorteile von <strong>Schl\u00fcsselkarten<\/strong> einschlie\u00dfen:<\/p><ul><li><strong>H\u00f6here Sicherheit<\/strong> : Sie sind weniger leicht zu duplizieren als herk\u00f6mmliche Schl\u00fcssel.<\/li><li><strong>Verbesserte betriebliche Effizienz<\/strong> : Im Falle eines Verlustes deaktivieren Sie einfach die verlorene Karte und generieren eine neue.<\/li><\/ul><h2>Die verschiedenen Arten von verwendeten Schl\u00fcsselkarten<\/h2><p>Es gibt verschiedene Arten von <strong>Schl\u00fcsselkarten<\/strong> die Hotels nutzen k\u00f6nnen, wobei jedes seine eigenen einzigartigen Merkmale und Vorteile hat:<\/p><ul><li><strong>Karten mit Magnetstreifen<\/strong> : Diese Karten verwenden einen Magnetstreifen, um die Informationen zu speichern, die zum Aufschlie\u00dfen der T\u00fcr erforderlich sind. Obwohl sie h\u00e4ufig verwendet werden und recht g\u00fcnstig sind, k\u00f6nnen sie verschlei\u00dfanf\u00e4llig sein und m\u00fcssen regelm\u00e4\u00dfig gewartet werden.<\/li><li><strong>RFID-Karten<\/strong> : Diese Karten enthalten einen Chip, der \u00fcber Radiofrequenzen mit dem Schlie\u00dfsystem kommuniziert. RFID-Karten bieten eine bessere Haltbarkeit und sind schwieriger zu hacken.<\/li><li><strong>Smartcards<\/strong> Sie haben einen eingebauten Chip, der alle Daten enth\u00e4lt. <strong>Informationen<\/strong> verschl\u00fcsselten Dateien erforderlich. Sie bieten ein noch h\u00f6heres Ma\u00df an Sicherheit und erm\u00f6glichen sogar erweiterte Optionen wie die Verfolgung von Aktivit\u00e4ten.<\/li><\/ul><h2>Funktionsweise von Schl\u00fcsselkarten<\/h2><p>Der Prozess der Verwendung einer <strong>Schl\u00fcsselkarte<\/strong> beginnt bereits bei Ihrer Ankunft im Hotel. Das funktioniert in der Regel folgenderma\u00dfen:<\/p><ol><li><strong>Registrierung<\/strong> An der Rezeption wird Ihnen eine Schl\u00fcsselkarte ausgestellt, die speziell f\u00fcr Ihr Zimmer konfiguriert wurde.<\/li><li><strong>Zugang zum Zimmer<\/strong> Zugang zu Ihrem Zimmer: Schieben oder tippen Sie die Karte einfach gegen das Leseger\u00e4t an der T\u00fcr.<\/li><li><strong>Wartung und Dienstleistungen<\/strong> : Einige Schl\u00fcsselkarten erm\u00f6glichen auch den Zugang zu anderen Bereichen des Hotels, z. B. zum Schwimmbad, zu den Tagungsr\u00e4umen oder zum Spa.<\/li><\/ol><p>Neben ihrem praktischen Aspekt <strong>Schl\u00fcsselkarten<\/strong> erm\u00f6glichen es Hotels, Ein- und Ausg\u00e4nge zu verfolgen, und f\u00fcgen so dem Sicherheitsmanagement und dem Kundenservice eine weitere Ebene hinzu.<\/p><h2>Visuelle Effekte und Anpassungen der Schl\u00fcsselkarten<\/h2><p>Die <strong>visuelle Effekte<\/strong> und Personalisierung sind wesentliche Aspekte von Schl\u00fcsselkarten, die nicht nur zur Sicherheit, sondern auch zum Gesamterlebnis des Nutzers beitragen. Viele Hotels entscheiden sich daf\u00fcr, ihre Schl\u00fcsselkarten mit ihrem Logo, deutlichen Branding-Elementen und manchmal sogar mit n\u00fctzlichen Informationen f\u00fcr die G\u00e4ste, wie dem Hotelplan oder Sonderangeboten, zu personalisieren.<\/p><p>Hier sind einige beliebte Optionen, um Schl\u00fcsselkarten zu personalisieren:<\/p><ul><li><strong>Logos und Farben<\/strong> : Integrieren Sie das Logo und die Farben des Hotels auf der Schl\u00fcsselkarte, um das Markenimage zu st\u00e4rken.<\/li><li><strong>Texte und Nachrichten<\/strong> : F\u00fcgen Sie Willkommensnachrichten oder personalisierte Anweisungen zur Nutzung der Einrichtungen hinzu.<\/li><li><strong>Dekorative Elemente<\/strong> : W\u00e4hlen Sie spezifische \u00e4sthetische Designs, von minimalistischen Mustern bis hin zu komplexen Kunstwerken.<\/li><\/ul><h2>Zus\u00e4tzliche Vorteile von Schl\u00fcsselkarten<\/h2><p>Die <strong>Schl\u00fcsselkarten<\/strong> \u00f6ffnen nicht nur T\u00fcren. Sie bieten auch eine Reihe von Funktionen, die sie zur idealen L\u00f6sung f\u00fcr die Modernisierung des Hotelbetriebs machen:<\/p><ul><li><strong>Verfolgung von Aktivit\u00e4ten<\/strong> : Erm\u00f6glicht die \u00dcberwachung von Bewegungen und die Optimierung der Personalressourcen, insbesondere des Haushalts.<\/li><li><strong>Mehrzweck<\/strong> : Werden verwendet, um Zugang zu anderen Dienstleistungen wie Restaurants, Parkpl\u00e4tzen oder Sporteinrichtungen zu erhalten.<\/li><li><strong>Nachhaltigkeit<\/strong> Schl\u00fcssel: Weniger wahrscheinlich als herk\u00f6mmliche Schl\u00fcssel, dass sie abbrechen oder verloren gehen, wodurch die mit dem Ersatz verbundenen Kosten gesenkt werden.<\/li><\/ul><p>Diese Punkte zeigen, wie Schl\u00fcsselkarten zu einem Synonym f\u00fcr Bequemlichkeit und<strong>Innovation<\/strong> im Bereich der Hotellerie.<\/p><h2>Technische \u00dcberlegungen zu Schl\u00fcsselkarten<\/h2><p>Bei der Implementierung von Schl\u00fcsselkarten m\u00fcssen mehrere technische Aspekte ber\u00fccksichtigt werden, um eine maximale Effizienz zu gew\u00e4hrleisten:<\/p><ul><li><strong>Kompatibilit\u00e4t der Hardware<\/strong> : Stellen Sie sicher, dass die Kartenleseger\u00e4te und elektronischen Schlosssysteme mit der Art der ausgew\u00e4hlten Schl\u00fcsselkarten kompatibel sind.<\/li><li><strong>Software-Aktualisierung<\/strong> : Software f\u00fcr die Verwaltung von Schl\u00fcsselkarten muss regelm\u00e4\u00dfig aktualisiert werden, um neuen Sicherheitsbedrohungen zu begegnen.<\/li><li><strong>Ausbildung des Personals<\/strong> : Die Mitarbeiter m\u00fcssen gut geschult sein, um mit Vorf\u00e4llen im Zusammenhang mit Schl\u00fcsselkarten umgehen zu k\u00f6nnen, z. B. mit dem Zur\u00fccksetzen oder der Zuweisung neuer Karten.<\/li><\/ul><p>Wenn Sie diese Elemente beherrschen, k\u00f6nnen Sie die Vorteile, die Schl\u00fcsselkarten bieten, nutzen und gleichzeitig die potenziellen Nachteile minimieren.<\/p><h2>Schl\u00fcsselkarte vs. andere Methoden der Einlasskontrolle<\/h2><p>Vergleichen Sie die <strong>Schl\u00fcsselkarten<\/strong> mit anderen traditionellen und modernen Methoden der Einreisekontrolle :<\/p><ul><li><strong>Mechanische Schl\u00fcssel<\/strong> : Obwohl sie einfach und kosteng\u00fcnstig sind, stellen sie in Bezug auf Duplizierung und Verlust eine Herausforderung dar. Die Modernisierung auf Schl\u00fcsselkarten bietet daher mehr Sicherheit.<\/li><li><strong>Numerische Codes<\/strong> : Sie bieten eine kontaktlose L\u00f6sung, erfordern aber einen Speicher oder ein Ger\u00e4t, um den Code zu speichern, was m\u00f6glicherweise nicht f\u00fcr alle Nutzer geeignet ist. Schl\u00fcsselkarten beseitigen dieses Problem, indem sie eine greifbare L\u00f6sung bieten, die einfach zu verwenden ist.<\/li><li><strong>Mobile Anwendungen<\/strong> Die Schl\u00fcsselkarten werden zunehmend in gro\u00dfen, technikaffinen Hotels eingesetzt und erm\u00f6glichen es, das eigene Smartphone als Schl\u00fcssel zu verwenden. Dies erfordert jedoch ein kompatibles Smartphone und kann zu Verbindungsproblemen f\u00fchren, im Gegensatz zu Schl\u00fcsselkarten, die unabh\u00e4ngig funktionieren.<\/li><\/ul><div>\u00a0<\/div><p>Jede Methode hat ihre eigenen Vor- und Nachteile, aber Schl\u00fcsselkarten bleiben aufgrund ihrer Einfachheit und Sicherheit eine unverzichtbare Option.<\/p><h2>Zuk\u00fcnftige Innovationen von Schl\u00fcsselkarten<\/h2><p>Die Schl\u00fcsselkartenindustrie entwickelt sich weiter, mit innovativen M\u00f6glichkeiten, die f\u00fcr die kommenden Jahre geplant sind :<\/p><ul><li><strong>Biometrische Integration<\/strong> : Kombinieren Sie Schl\u00fcsselkarten mit biometrischen Sensoren, um eine weitere Sicherheitsebene hinzuzuf\u00fcgen.<\/li><li><strong>Intelligente Karten<\/strong> : Karten, die mit IoT (Internet of Things) interagieren k\u00f6nnen und es den G\u00e4sten erm\u00f6glichen, ihre Zimmerumgebung \u00fcber ihre gespeicherten Pr\u00e4ferenzen zu personalisieren.<\/li><li><strong>Nachhaltigkeit<\/strong> : Herstellung von umweltfreundlichen Schl\u00fcsselkarten unter Verwendung von recycelten oder biologisch abbaubaren Materialien.<\/li><\/ul><div>\u00a0<\/div><p>Diese Erfindungen zeugen von dem Bestreben, die Leistung der Schl\u00fcsselkarten und ihre zunehmende Akzeptanz in der Hotelwelt st\u00e4ndig zu verbessern.<\/p>\t\t\t\t\t\t\t\t<\/div>\n\t\t\t\t<\/div>\n\t\t\t\t<div class=\"elementor-element elementor-element-20dc3f7 elementor-widget elementor-widget-spacer\" data-id=\"20dc3f7\" data-element_type=\"widget\" data-e-type=\"widget\" data-widget_type=\"spacer.default\">\n\t\t\t\t<div class=\"elementor-widget-container\">\n\t\t\t\t\t\t\t<div class=\"elementor-spacer\">\n\t\t\t<div class=\"elementor-spacer-inner\"><\/div>\n\t\t<\/div>\n\t\t\t\t\t\t<\/div>\n\t\t\t\t<\/div>\n\t\t\t\t\t<\/div>\n\t\t<\/div>\n\t\t\t\t\t<\/div>\n\t\t<\/section>\n\t\t\t\t<\/div>","protected":false},"excerpt":{"rendered":"<p>Tout savoir sur les cartes-cl\u00e9s dans l&rsquo;h\u00f4tellerie La technologie a transform\u00e9 divers aspects de notre vie quotidienne, et le secteur de l\u2019h\u00f4tellerie n\u2019en fait pas exception. L\u2019\u00e9mergence des cartes-cl\u00e9s en est un exemple frappant. Utilis\u00e9es principalement pour le contr\u00f4le d&rsquo;acc\u00e8s aux chambres des h\u00f4tels, ces petites cartes ont r\u00e9volutionn\u00e9 la fa\u00e7on dont les \u00e9tablissements g\u00e8rent [&hellip;]<\/p>\n","protected":false},"author":17,"featured_media":0,"parent":21098,"menu_order":8,"comment_status":"closed","ping_status":"closed","template":"","meta":{"inline_featured_image":false,"footnotes":""},"class_list":["post-21141","page","type-page","status-publish","hentry"],"_links":{"self":[{"href":"https:\/\/www.chateauberne.com\/de\/wp-json\/wp\/v2\/pages\/21141","targetHints":{"allow":["GET"]}}],"collection":[{"href":"https:\/\/www.chateauberne.com\/de\/wp-json\/wp\/v2\/pages"}],"about":[{"href":"https:\/\/www.chateauberne.com\/de\/wp-json\/wp\/v2\/types\/page"}],"author":[{"embeddable":true,"href":"https:\/\/www.chateauberne.com\/de\/wp-json\/wp\/v2\/users\/17"}],"replies":[{"embeddable":true,"href":"https:\/\/www.chateauberne.com\/de\/wp-json\/wp\/v2\/comments?post=21141"}],"version-history":[{"count":21,"href":"https:\/\/www.chateauberne.com\/de\/wp-json\/wp\/v2\/pages\/21141\/revisions"}],"predecessor-version":[{"id":21227,"href":"https:\/\/www.chateauberne.com\/de\/wp-json\/wp\/v2\/pages\/21141\/revisions\/21227"}],"up":[{"embeddable":true,"href":"https:\/\/www.chateauberne.com\/de\/wp-json\/wp\/v2\/pages\/21098"}],"wp:attachment":[{"href":"https:\/\/www.chateauberne.com\/de\/wp-json\/wp\/v2\/media?parent=21141"}],"curies":[{"name":"wp","href":"https:\/\/api.w.org\/{rel}","templated":true}]}}