{"id":21142,"date":"2024-05-31T18:24:38","date_gmt":"2024-05-31T16:24:38","guid":{"rendered":"https:\/\/www.chateauberne.com\/?page_id=21142"},"modified":"2024-05-31T18:42:51","modified_gmt":"2024-05-31T16:42:51","slug":"centre-affaires-hotellerie","status":"publish","type":"page","link":"https:\/\/www.chateauberne.com\/de\/definition\/centre-affaires-hotellerie\/","title":{"rendered":"Business Center im Zusammenhang mit dem Gastgewerbe verstehen"},"content":{"rendered":"<div data-elementor-type=\"wp-page\" data-elementor-id=\"21142\" class=\"elementor elementor-21142\" data-elementor-post-type=\"page\">\n\t\t\t\t\t\t<section class=\"elementor-section elementor-top-section elementor-element elementor-element-1e59978 elementor-section-boxed elementor-section-height-default elementor-section-height-default\" data-id=\"1e59978\" data-element_type=\"section\" data-e-type=\"section\">\n\t\t\t\t\t\t<div class=\"elementor-container elementor-column-gap-default\">\n\t\t\t\t\t<div class=\"elementor-column elementor-col-100 elementor-top-column elementor-element elementor-element-39253fb\" data-id=\"39253fb\" data-element_type=\"column\" data-e-type=\"column\">\n\t\t\t<div class=\"elementor-widget-wrap elementor-element-populated\">\n\t\t\t\t\t\t<div class=\"elementor-element elementor-element-db8bb9f elementor--h-position-center elementor--v-position-middle elementor-widget elementor-widget-slides\" data-id=\"db8bb9f\" data-element_type=\"widget\" data-e-type=\"widget\" data-settings=\"{&quot;navigation&quot;:&quot;none&quot;,&quot;transition&quot;:&quot;fade&quot;,&quot;transition_speed&quot;:500}\" data-widget_type=\"slides.default\">\n\t\t\t\t<div class=\"elementor-widget-container\">\n\t\t\t\t\t\t\t\t\t<div class=\"elementor-swiper\">\n\t\t\t\t\t<div class=\"elementor-slides-wrapper elementor-main-swiper swiper\" role=\"region\" aria-roledescription=\"carousel\" aria-label=\"Slider\" dir=\"ltr\" data-animation=\"fadeInUp\">\n\t\t\t\t<div class=\"swiper-wrapper elementor-slides\">\n\t\t\t\t\t\t\t\t\t\t<div class=\"elementor-repeater-item-de8fba4 swiper-slide\" role=\"group\" aria-roledescription=\"slide\"><div class=\"swiper-slide-bg\" role=\"img\" aria-label=\"ein Seminar organisieren\"><\/div><div class=\"swiper-slide-inner\" ><div class=\"swiper-slide-contents\"><\/div><\/div><\/div>\t\t\t\t<\/div>\n\t\t\t\t\t\t\t<\/div>\n\t\t\t\t<\/div>\n\t\t\t\t\t\t\t\t<\/div>\n\t\t\t\t<\/div>\n\t\t\t\t\t<\/div>\n\t\t<\/div>\n\t\t\t\t\t<\/div>\n\t\t<\/section>\n\t\t\t\t<section class=\"elementor-section elementor-top-section elementor-element elementor-element-b772b83 elementor-section-boxed elementor-section-height-default elementor-section-height-default\" data-id=\"b772b83\" data-element_type=\"section\" data-e-type=\"section\">\n\t\t\t\t\t\t<div class=\"elementor-container elementor-column-gap-default\">\n\t\t\t\t\t<div class=\"elementor-column elementor-col-100 elementor-top-column elementor-element elementor-element-433f571\" data-id=\"433f571\" data-element_type=\"column\" data-e-type=\"column\">\n\t\t\t<div class=\"elementor-widget-wrap\">\n\t\t\t\t\t\t\t<\/div>\n\t\t<\/div>\n\t\t\t\t\t<\/div>\n\t\t<\/section>\n\t\t\t\t<section class=\"elementor-section elementor-top-section elementor-element elementor-element-b85609e elementor-section-boxed elementor-section-height-default elementor-section-height-default\" data-id=\"b85609e\" data-element_type=\"section\" data-e-type=\"section\">\n\t\t\t\t\t\t<div class=\"elementor-container elementor-column-gap-default\">\n\t\t\t\t\t<div class=\"elementor-column elementor-col-100 elementor-top-column elementor-element elementor-element-e14f8d9\" data-id=\"e14f8d9\" data-element_type=\"column\" data-e-type=\"column\">\n\t\t\t<div class=\"elementor-widget-wrap elementor-element-populated\">\n\t\t\t\t\t\t<div class=\"elementor-element elementor-element-001c6cb elementor-widget elementor-widget-heading\" data-id=\"001c6cb\" data-element_type=\"widget\" data-e-type=\"widget\" data-widget_type=\"heading.default\">\n\t\t\t\t<div class=\"elementor-widget-container\">\n\t\t\t\t\t<h1 class=\"elementor-heading-title elementor-size-default\">Business Center im Zusammenhang mit dem Gastgewerbe verstehen: alles, was Sie wissen m\u00fcssen<\/h1>\t\t\t\t<\/div>\n\t\t\t\t<\/div>\n\t\t\t\t<div class=\"elementor-element elementor-element-a303c28 elementor-widget-divider--view-line elementor-widget elementor-widget-divider\" data-id=\"a303c28\" data-element_type=\"widget\" data-e-type=\"widget\" data-widget_type=\"divider.default\">\n\t\t\t\t<div class=\"elementor-widget-container\">\n\t\t\t\t\t\t\t<div class=\"elementor-divider\">\n\t\t\t<span class=\"elementor-divider-separator\">\n\t\t\t\t\t\t<\/span>\n\t\t<\/div>\n\t\t\t\t\t\t<\/div>\n\t\t\t\t<\/div>\n\t\t\t\t<div class=\"elementor-element elementor-element-cb7141e elementor-widget__width-initial elementor-widget elementor-widget-text-editor\" data-id=\"cb7141e\" data-element_type=\"widget\" data-e-type=\"widget\" data-widget_type=\"text-editor.default\">\n\t\t\t\t<div class=\"elementor-widget-container\">\n\t\t\t\t\t\t\t\t\t<p>Der rasante Wandel in der Berufswelt hat die Art und Weise, wie Unternehmen operieren, ver\u00e4ndert. Ein bedeutender Aspekt dieses Wandels ist der Aufstieg von <strong>Gesch\u00e4ftszentren<\/strong>. Diese R\u00e4ume beschr\u00e4nken sich nicht mehr nur auf einfache B\u00fcros, sondern erstrecken sich mittlerweile auch auf die Hotelumgebung und bieten eine einzigartige Kombination aus Dienstleistungen und Infrastruktur, die der Arbeit gewidmet ist. In diesem Artikel untersuchen wir, was ein Business Center im Kontext der Hotellerie ist und warum es die ideale Option f\u00fcr Ihr Unternehmen sein k\u00f6nnte.<\/p><h2>Definition eines Business Centers in der Hotellerie<\/h2><p>Eine <strong>Gesch\u00e4ftszentrum<\/strong> im Zusammenhang mit dem Hotelgewerbe bezieht sich auf einen Raum, der speziell f\u00fcr die beruflichen Bed\u00fcrfnisse der Hotelg\u00e4ste eingerichtet wurde. Im Gegensatz zu den traditionellen <strong>B\u00fcrogeb\u00e4ude<\/strong>Diese Einrichtungen bieten nicht nur ausgestattete Arbeitsr\u00e4ume, sondern auch eine Reihe von Dienstleistungen, die den Alltag von Berufst\u00e4tigen, die viel unterwegs sind, erheblich erleichtern.<\/p><p>Diese Zentren befinden sich oft in <em>gesuchte Stadtteile<\/em> oder in der N\u00e4he von gro\u00dfen Gesch\u00e4ftszentren, was ihre Lage f\u00fcr Gesch\u00e4ftsreisende attraktiv macht. Sie verbinden den Wohnaspekt des Hotels mit der<strong>Arbeitsumfeld<\/strong>Dies erm\u00f6glicht einen flie\u00dfenden \u00dcbergang zwischen Berufs- und Privatleben.<\/p><h2>Die Schl\u00fcsselkomponenten eines Gesch\u00e4ftszentrums<\/h2><p>Um gut zu funktionieren, muss ein Gesch\u00e4ftszentrum mehrere wesentliche Elemente anbieten:<\/p><ul><li><strong>Flexible Arbeitsbereiche :<\/strong> Die M\u00f6glichkeit, zwischen verschiedenen Arten von R\u00e4umen zu w\u00e4hlen, wie z. B. <strong><a href=\"https:\/\/www.regus.com\/fr-fr\/coworking\" target=\"_blank\" rel=\"noopener\">Coworking Spaces<\/a><\/strong>Die Bereitstellung von privaten B\u00fcros oder ausgestatteten Konferenzr\u00e4umen ist von entscheidender Bedeutung. So k\u00f6nnen sich Unternehmen leicht an wechselnde Bed\u00fcrfnisse anpassen.<\/li><li><strong>Moderne Infrastruktur :<\/strong> Berufst\u00e4tige erwarten einen nahtlosen Zugang zu Hochgeschwindigkeits-Internetverbindungen, hochwertigen audiovisuellen Ger\u00e4ten und fortschrittlichen Kommunikationstools.<\/li><li><strong>Neuartige Dienste :<\/strong> Ein gutes Business Center bietet auch zus\u00e4tzliche Dienstleistungen wie administrative Unterst\u00fctzung, Postverwaltung und Zugang zu hochwertigen Druckern\/Scannern.<\/li><li><strong><a href=\"https:\/\/www.chateauberne.com\/de\/receptions-seminaires\/seminaires-incentive\/\" target=\"_blank\" rel=\"noopener\">Sorgf\u00e4ltig gestaltetes berufliches Umfeld\u00a0<\/a>:<\/strong> Gut beleuchtete, ergonomische und \u00e4sthetisch ansprechende R\u00e4ume tragen zu einer Umgebung bei, die produktives Arbeiten f\u00f6rdert.<\/li><\/ul><h2>Vorteile der Nutzung eines integrierten Business Centers in einem Hotel<\/h2><p>\"Warum w\u00e4hlen Sie einen <strong>Gesch\u00e4ftszentrum<\/strong> in einem Hotel statt in einem einfachen B\u00fcro befinden?\" Hier sind einige Vorteile, die Sie ber\u00fccksichtigen sollten:<\/p><p><strong>Mietflexibilit\u00e4t :<\/strong> Im Gegensatz zu herk\u00f6mmlichen Immobilienvertr\u00e4gen bieten Hotels oft eine kurzfristige Miete an, die ideal f\u00fcr diejenigen ist, die st\u00e4ndig unterwegs sind oder nur f\u00fcr einen bestimmten Zeitraum Gesch\u00e4ftsr\u00e4ume ben\u00f6tigen.<\/p><p><strong>24\/7-Zugang :<\/strong> F\u00fcr Berufst\u00e4tige, die in verschiedenen Zeitzonen arbeiten, ist der st\u00e4ndige Zugang zu ihrem Arbeitsplatz unerl\u00e4sslich.<\/p><p><strong>Hotelannehmlichkeiten :<\/strong> In einem Hotel zu wohnen bedeutet, Zugang zu verschiedenen Annehmlichkeiten wie Zimmerservice, Restaurants, Fitnessstudio und manchmal sogar <a href=\"https:\/\/www.chateauberne.com\/de\/spa\/\" target=\"_blank\" rel=\"noopener\">ein Spa<\/a>. Dies f\u00f6rdert ein gesundes Gleichgewicht zwischen Arbeit und Entspannung.<\/p><p><strong>Gelegenheiten zum Netzwerken :<\/strong> Ein in ein Hotel integriertes Gesch\u00e4ftszentrum zieht Fachkr\u00e4fte aus verschiedenen Branchen und L\u00e4ndern an und schafft so ein fruchtbares Umfeld f\u00fcr den Aufbau von Gesch\u00e4ftsbeziehungen und M\u00f6glichkeiten zur Zusammenarbeit.<\/p><h2>W\u00e4hlen Sie f\u00fcr Ihre Seminare das Schloss Bern!<\/h2><p>Das Ch\u00e2teau de Berne, ein 5-Sterne-Hotel im Herzen der Provence, ist das ideale Ziel f\u00fcr Ihre Seminare und Firmenveranstaltungen. Dieses prestigetr\u00e4chtige Haus verbindet Luxus, Komfort und eine zauberhafte Umgebung. Es bietet mit modernster Technologie ausgestattete Tagungsr\u00e4ume, flexibel nutzbare Fl\u00e4chen, eine raffinierte Gourmetk\u00fcche und vielf\u00e4ltige Teambuilding-Aktivit\u00e4ten. Ihre Mitarbeiter profitieren von eleganten Unterk\u00fcnften und Wellnessangeboten wie einem Spa und einem Swimmingpool. Der Concierge-Service k\u00fcmmert sich um die Organisation von Transfers und logistischen Anforderungen und garantiert so einen stressfreien Aufenthalt. Wenn Sie sich f\u00fcr das Berner Schloss entscheiden, entscheiden Sie sich f\u00fcr ein erstklassiges Arbeitserlebnis in einer au\u00dfergew\u00f6hnlichen Umgebung, in der jedes Detail durchdacht ist, um Ihnen das Beste zu bieten.<\/p><h2>Wer kann von den Gesch\u00e4ftszentren profitieren?<\/h2><p>Die <strong>Gesch\u00e4ftszentren<\/strong> in Hotels sind nicht nur gro\u00dfen Unternehmen vorbehalten. Im Gegenteil, eine Vielzahl von Berufsprofilen kann von diesen Einrichtungen profitieren:<\/p><p>Startups und kleine Unternehmen profitieren von der finanziellen Flexibilit\u00e4t, da sie die hohen Kosten vermeiden k\u00f6nnen, die mit dem Erwerb oder der langfristigen Miete eines <strong>B\u00fcrogeb\u00e4ude<\/strong>.<\/p><p>Die <strong>Selbstst\u00e4ndige<\/strong> und Freiberufler finden hier auch ein ideales Terrain, um ohne Unterbrechungen und fernab der Ablenkung eines Heims zu arbeiten.<\/p><p>Gro\u00dfe Unternehmen, die h\u00e4ufig reisen, profitieren von einer soliden Infrastruktur, ohne separate B\u00fcros anmieten zu m\u00fcssen.<\/p><h2>Tipps zur Auswahl des besten Hotel-Business-Centers<\/h2><p>Bevor Sie sich f\u00fcr ein bestimmtes Gesch\u00e4ftszentrum entscheiden, sollten Sie folgende Punkte \u00fcberpr\u00fcfen:<\/p><p><strong>Strategische Lokalisierung :<\/strong> Stellen Sie sicher, dass die Lage zug\u00e4nglich und in der N\u00e4he der wichtigsten wirtschaftlichen Attraktionen der Stadt ist.<\/p><p><strong>Verf\u00fcgbare Ausstattungen :<\/strong> \u00dcberpr\u00fcfen Sie das Vorhandensein und die Qualit\u00e4t der technischen Ausstattung (Internet, Telefon, audiovisuelle Medien), um einen reibungslosen Arbeitsablauf zu gew\u00e4hrleisten.<\/p><p><strong>Bewertungen und Erfahrungsberichte :<\/strong> Suchen Sie online nach Bewertungen oder bitten Sie andere Berufst\u00e4tige, die das betreffende Gesch\u00e4ftszentrum genutzt haben, um Feedback.<\/p><p><strong>Personalisierungsoptionen :<\/strong> Einige Notwendigkeiten k\u00f6nnen von Unternehmen zu Unternehmen unterschiedlich sein. Entscheiden Sie sich daher f\u00fcr einen Ort, der Optionen bietet, die sich an Ihre spezifischen Bed\u00fcrfnisse anpassen lassen.<\/p><h2>Vergleich zwischen einem traditionellen Gesch\u00e4ftszentrum und einem Hotelgesch\u00e4ftszentrum<\/h2><p>Sehen wir uns an, wie ein <strong>Hotelgesch\u00e4ftszentrum<\/strong> unterscheidet sich von seinem traditionellen Gegenst\u00fcck :<\/p><ul><li><strong>Kosten :<\/strong> Mit Gesch\u00e4ftszentren in Hotels lassen sich die Betriebskosten durch Paketangebote, die Unterkunft und Arbeitsraum umfassen, erheblich senken.<\/li><li><strong>Flexibilit\u00e4t :<\/strong> Im Gegensatz zu starren, langfristigen Mietvertr\u00e4gen bieten diese Zentren flexible L\u00f6sungen, die auf die schwankenden Bed\u00fcrfnisse moderner Unternehmen zugeschnitten sind.<\/li><li><strong>Reduzierung des logistischen Stresses :<\/strong> Weniger Verwaltungsaufwand und Eigentumsverwaltung, sodass mehr Zeit bleibt, um sich auf das Kerngesch\u00e4ft zu konzentrieren.<\/li><li><strong>Lebensqualit\u00e4t :<\/strong> Der Zugang zu verschiedenen Hotelannehmlichkeiten f\u00f6rdert eine bessere Lebensqualit\u00e4t f\u00fcr die Mitarbeiter und steigert so ihr allgemeines Wohlbefinden und ihre Effizienz.<\/li><\/ul><h2>Zuk\u00fcnftige Trends in Hotel-Business-Centern<\/h2><p>Der Bereich der <strong>Gesch\u00e4ftszentren<\/strong> w\u00e4chst und entwickelt sich st\u00e4ndig weiter, vor allem wenn sie in Hotels integriert sind. Hier sind einige der zu erwartenden Innovationen :<\/p><p><strong>Automatisierung und intelligente Technologien :<\/strong> Die verst\u00e4rkte Nutzung von Heimautomatisierung und Sprachassistenten zur Bew\u00e4ltigung von Verwaltungsaufgaben k\u00f6nnte zur Norm werden.<\/p><p><strong>Gr\u00fcnfl\u00e4chen und Nachhaltigkeit :<\/strong> Da Umweltbelange immer mehr an Bedeutung gewinnen, sollten Sie damit rechnen, dass es mehr Arbeitsbereiche gibt, die gr\u00fcne und umweltfreundliche Elemente integrieren.<\/p><p><strong>P\u00fcnktlichkeit und pers\u00f6nlicher Service :<\/strong> Mithilfe von Datenanalysen und automatisierten Plattformen k\u00f6nnen Dienstleistungen zunehmend an die individuellen Bed\u00fcrfnisse der einzelnen Nutzer angepasst werden.<\/p><p><strong>Hotel\u00fcbergreifende Kooperationen :<\/strong> Ein globales Netzwerk von angeschlossenen Gesch\u00e4ftszentren, das den Nutzern Zugang zu denselben Leistungen in mehreren Partnereinrichtungen rund um die Welt erm\u00f6glicht.<\/p><p>Zusammenfassend l\u00e4sst sich sagen, dass das Modell der Business Center in der Hotellerie eine elegante und effiziente L\u00f6sung f\u00fcr die zeitgen\u00f6ssischen Bed\u00fcrfnisse von Unternehmen darstellt, die Flexibilit\u00e4t, Modernit\u00e4t und erweiterte Dienstleistungen miteinander verbindet. Diese Option eignet sich perfekt f\u00fcr eine breite Palette von Berufst\u00e4tigen und optimiert nicht nur den Arbeitsbereich, sondern auch das pers\u00f6nliche Umfeld, wodurch sie zu einem harmonischen und produktiven beruflichen \u00d6kosystem beitr\u00e4gt.<\/p>\t\t\t\t\t\t\t\t<\/div>\n\t\t\t\t<\/div>\n\t\t\t\t<div class=\"elementor-element elementor-element-d14d217 elementor-widget elementor-widget-spacer\" data-id=\"d14d217\" data-element_type=\"widget\" data-e-type=\"widget\" data-widget_type=\"spacer.default\">\n\t\t\t\t<div class=\"elementor-widget-container\">\n\t\t\t\t\t\t\t<div class=\"elementor-spacer\">\n\t\t\t<div class=\"elementor-spacer-inner\"><\/div>\n\t\t<\/div>\n\t\t\t\t\t\t<\/div>\n\t\t\t\t<\/div>\n\t\t\t\t\t<\/div>\n\t\t<\/div>\n\t\t\t\t\t<\/div>\n\t\t<\/section>\n\t\t\t\t<section class=\"elementor-section elementor-top-section elementor-element elementor-element-e9ba56b elementor-section-boxed elementor-section-height-default elementor-section-height-default\" data-id=\"e9ba56b\" data-element_type=\"section\" data-e-type=\"section\">\n\t\t\t\t\t\t<div class=\"elementor-container elementor-column-gap-default\">\n\t\t\t\t\t<div class=\"elementor-column elementor-col-100 elementor-top-column elementor-element elementor-element-bf8ea12\" data-id=\"bf8ea12\" data-element_type=\"column\" data-e-type=\"column\">\n\t\t\t<div class=\"elementor-widget-wrap\">\n\t\t\t\t\t\t\t<\/div>\n\t\t<\/div>\n\t\t\t\t\t<\/div>\n\t\t<\/section>\n\t\t\t\t<\/div>","protected":false},"excerpt":{"rendered":"<p>Comprendre les centres d&rsquo;affaires dans le cadre de l&rsquo;h\u00f4tellerie : tout ce qu&rsquo;il faut savoir L&rsquo;\u00e9volution rapide du monde professionnel a transform\u00e9 la mani\u00e8re dont les entreprises op\u00e8rent. Un des aspects significatifs de cette transformation est la mont\u00e9e en puissance des centres d&rsquo;affaires. Ces espaces ne se limitent plus aux simples bureaux, mais s&rsquo;\u00e9tendent d\u00e9sormais [&hellip;]<\/p>\n","protected":false},"author":17,"featured_media":0,"parent":21098,"menu_order":9,"comment_status":"closed","ping_status":"closed","template":"","meta":{"inline_featured_image":false,"footnotes":""},"class_list":["post-21142","page","type-page","status-publish","hentry"],"_links":{"self":[{"href":"https:\/\/www.chateauberne.com\/de\/wp-json\/wp\/v2\/pages\/21142","targetHints":{"allow":["GET"]}}],"collection":[{"href":"https:\/\/www.chateauberne.com\/de\/wp-json\/wp\/v2\/pages"}],"about":[{"href":"https:\/\/www.chateauberne.com\/de\/wp-json\/wp\/v2\/types\/page"}],"author":[{"embeddable":true,"href":"https:\/\/www.chateauberne.com\/de\/wp-json\/wp\/v2\/users\/17"}],"replies":[{"embeddable":true,"href":"https:\/\/www.chateauberne.com\/de\/wp-json\/wp\/v2\/comments?post=21142"}],"version-history":[{"count":15,"href":"https:\/\/www.chateauberne.com\/de\/wp-json\/wp\/v2\/pages\/21142\/revisions"}],"predecessor-version":[{"id":21228,"href":"https:\/\/www.chateauberne.com\/de\/wp-json\/wp\/v2\/pages\/21142\/revisions\/21228"}],"up":[{"embeddable":true,"href":"https:\/\/www.chateauberne.com\/de\/wp-json\/wp\/v2\/pages\/21098"}],"wp:attachment":[{"href":"https:\/\/www.chateauberne.com\/de\/wp-json\/wp\/v2\/media?parent=21142"}],"curies":[{"name":"wp","href":"https:\/\/api.w.org\/{rel}","templated":true}]}}