{"id":21144,"date":"2024-05-31T18:30:24","date_gmt":"2024-05-31T16:30:24","guid":{"rendered":"https:\/\/www.chateauberne.com\/?page_id=21144"},"modified":"2024-05-31T22:11:30","modified_gmt":"2024-05-31T20:11:30","slug":"centre-remise-forme-hotel","status":"publish","type":"page","link":"https:\/\/www.chateauberne.com\/de\/definition\/centre-remise-forme-hotel\/","title":{"rendered":"Fitnesscenter in Ihrem Hotel"},"content":{"rendered":"<div data-elementor-type=\"wp-page\" data-elementor-id=\"21144\" class=\"elementor elementor-21144\" data-elementor-post-type=\"page\">\n\t\t\t\t\t\t<section class=\"elementor-section elementor-top-section elementor-element elementor-element-1d33bf9 elementor-section-boxed elementor-section-height-default elementor-section-height-default\" data-id=\"1d33bf9\" data-element_type=\"section\" data-e-type=\"section\">\n\t\t\t\t\t\t<div class=\"elementor-container elementor-column-gap-default\">\n\t\t\t\t\t<div class=\"elementor-column elementor-col-100 elementor-top-column elementor-element elementor-element-3b05521\" data-id=\"3b05521\" data-element_type=\"column\" data-e-type=\"column\">\n\t\t\t<div class=\"elementor-widget-wrap elementor-element-populated\">\n\t\t\t\t\t\t<div class=\"elementor-element elementor-element-d33f1fe elementor--h-position-center elementor--v-position-middle elementor-widget elementor-widget-slides\" data-id=\"d33f1fe\" data-element_type=\"widget\" data-e-type=\"widget\" data-settings=\"{&quot;navigation&quot;:&quot;none&quot;,&quot;transition&quot;:&quot;fade&quot;,&quot;transition_speed&quot;:500}\" data-widget_type=\"slides.default\">\n\t\t\t\t<div class=\"elementor-widget-container\">\n\t\t\t\t\t\t\t\t\t<div class=\"elementor-swiper\">\n\t\t\t\t\t<div class=\"elementor-slides-wrapper elementor-main-swiper swiper\" role=\"region\" aria-roledescription=\"carousel\" aria-label=\"Slider\" dir=\"ltr\" data-animation=\"fadeInUp\">\n\t\t\t\t<div class=\"swiper-wrapper elementor-slides\">\n\t\t\t\t\t\t\t\t\t\t<div class=\"elementor-repeater-item-de8fba4 swiper-slide\" role=\"group\" aria-roledescription=\"slide\"><div class=\"swiper-slide-bg\" role=\"img\" aria-label=\"Sporthalle des berner schlosses\"><\/div><div class=\"swiper-slide-inner\" ><div class=\"swiper-slide-contents\"><\/div><\/div><\/div>\t\t\t\t<\/div>\n\t\t\t\t\t\t\t<\/div>\n\t\t\t\t<\/div>\n\t\t\t\t\t\t\t\t<\/div>\n\t\t\t\t<\/div>\n\t\t\t\t\t<\/div>\n\t\t<\/div>\n\t\t\t\t\t<\/div>\n\t\t<\/section>\n\t\t\t\t<section class=\"elementor-section elementor-top-section elementor-element elementor-element-3827e89 elementor-section-boxed elementor-section-height-default elementor-section-height-default\" data-id=\"3827e89\" data-element_type=\"section\" data-e-type=\"section\">\n\t\t\t\t\t\t<div class=\"elementor-container elementor-column-gap-default\">\n\t\t\t\t\t<div class=\"elementor-column elementor-col-100 elementor-top-column elementor-element elementor-element-a4724c9\" data-id=\"a4724c9\" data-element_type=\"column\" data-e-type=\"column\">\n\t\t\t<div class=\"elementor-widget-wrap\">\n\t\t\t\t\t\t\t<\/div>\n\t\t<\/div>\n\t\t\t\t\t<\/div>\n\t\t<\/section>\n\t\t\t\t<section class=\"elementor-section elementor-top-section elementor-element elementor-element-e13015f elementor-section-boxed elementor-section-height-default elementor-section-height-default\" data-id=\"e13015f\" data-element_type=\"section\" data-e-type=\"section\">\n\t\t\t\t\t\t<div class=\"elementor-container elementor-column-gap-default\">\n\t\t\t\t\t<div class=\"elementor-column elementor-col-100 elementor-top-column elementor-element elementor-element-cb6779c\" data-id=\"cb6779c\" data-element_type=\"column\" data-e-type=\"column\">\n\t\t\t<div class=\"elementor-widget-wrap elementor-element-populated\">\n\t\t\t\t\t\t<div class=\"elementor-element elementor-element-8f15a34 elementor-widget elementor-widget-heading\" data-id=\"8f15a34\" data-element_type=\"widget\" data-e-type=\"widget\" data-widget_type=\"heading.default\">\n\t\t\t\t<div class=\"elementor-widget-container\">\n\t\t\t\t\t<h1 class=\"elementor-heading-title elementor-size-default\">Fitnesscenter in Ihrem Hotel<\/h1>\t\t\t\t<\/div>\n\t\t\t\t<\/div>\n\t\t\t\t<div class=\"elementor-element elementor-element-f133976 elementor-widget-divider--view-line elementor-widget elementor-widget-divider\" data-id=\"f133976\" data-element_type=\"widget\" data-e-type=\"widget\" data-widget_type=\"divider.default\">\n\t\t\t\t<div class=\"elementor-widget-container\">\n\t\t\t\t\t\t\t<div class=\"elementor-divider\">\n\t\t\t<span class=\"elementor-divider-separator\">\n\t\t\t\t\t\t<\/span>\n\t\t<\/div>\n\t\t\t\t\t\t<\/div>\n\t\t\t\t<\/div>\n\t\t\t\t<div class=\"elementor-element elementor-element-55d24bf elementor-widget__width-initial elementor-widget elementor-widget-text-editor\" data-id=\"55d24bf\" data-element_type=\"widget\" data-e-type=\"widget\" data-widget_type=\"text-editor.default\">\n\t\t\t\t<div class=\"elementor-widget-container\">\n\t\t\t\t\t\t\t\t\t<p>Die Hotelbranche hat sich im Laufe der Jahre weiterentwickelt und ist weit \u00fcber die reine Unterbringung hinausgegangen. Heute erwarten die G\u00e4ste umfassende Erlebnisse, die nicht nur die Unterkunft, sondern auch verschiedene Aspekte des Wohlbefindens und der K\u00f6rperpflege umfassen. Ein Schl\u00fcsselelement, das diese Erwartungen erf\u00fcllt, ist das in das Hotel integrierte Fitnesscenter. Diese Art von Einrichtung erm\u00f6glicht es den Besuchern, w\u00e4hrend ihres Aufenthalts auf dem Hotelgel\u00e4nde verschiedene Behandlungen zu genie\u00dfen, die von Krafttraining bis hin zu belebenden Hydromassagen reichen. Dieser Artikel erl\u00e4utert alles, was Sie \u00fcber Fitnesscenter im Hotelkontext wissen m\u00fcssen.<\/p><h2>Was ist ein Fitnesscenter in einem Hotel?<\/h2><p>Ein Fitnesscenter in einem Hotel ist eine Einrichtung, die speziell daf\u00fcr eingerichtet ist, den G\u00e4sten k\u00f6rperliche Aktivit\u00e4ten und Wellnessangebote zu bieten. Im Gegensatz zu einem herk\u00f6mmlichen Fitnessstudio sind diese Zentren ganzheitlicher konzipiert und bieten moderne Ger\u00e4te, spezielle Entspannungsbereiche sowie individuell zugeschnittene Programme.<\/p><ul><li><strong>Moderne Ausstattung :<\/strong> Cardio-Trainingsger\u00e4te wie Laufb\u00e4nder, Crosstrainer und Ruderger\u00e4te bis hin zu freien Gewichten und Hanteln.<\/li><li><strong>Eigener Bereich :<\/strong> Entspannungsbereiche mit bequemen Sofas und beruhigenden Dekorationen.<\/li><li><strong>Zus\u00e4tzliche Dienste :<\/strong> <a href=\"https:\/\/www.chateauberne.com\/de\/spa\/\" target=\"_blank\" rel=\"noopener\">Angebote f\u00fcr Massagen, Whirlpools, Saunas und andere Wellness-Behandlungen<\/a>.<\/li><\/ul><h2>Die Vorteile der Integration eines Fitnesscenters in ein Hotel<\/h2><p>Die Ausstattung eines Hotels mit einem Fitnesscenter hat viele Vorteile, sowohl f\u00fcr das Hotel selbst als auch f\u00fcr seine G\u00e4ste. Solche Einrichtungen werten den Aufenthalt der G\u00e4ste auf, steigern die allgemeine Zufriedenheit und ziehen neue Marktsegmente an.<\/p><p><strong>Erh\u00f6hung des wahrgenommenen Wertes :<\/strong> Ein moderner Fitnessbereich ist f\u00fcr G\u00e4ste ein Anreiz, Ihr Hotel einem anderen ohne solche Einrichtungen vorzuziehen. Dies kann h\u00f6here Zimmerpreise und l\u00e4ngere Aufenthalte rechtfertigen.<\/p><p><strong>H\u00f6here Kundenzufriedenheit :<\/strong> G\u00e4ste sch\u00e4tzen vor allem Hotels, die ihre Wellnessbed\u00fcrfnisse ber\u00fccksichtigen. \u00dcber einen leichten Zugang zu hochwertigen Einrichtungen zu verf\u00fcgen, verbessert ihr Gesamterlebnis.<\/p><p><strong>Neue Segmente ansprechen :<\/strong> Ein Fitnesscenter zieht nicht nur Urlauber, sondern auch Gesch\u00e4ftsreisende an. Viele wollen ihre Fitnessroutine auch auf Reisen aufrechterhalten, was Ihr Hotel zu einer bevorzugten Option macht.<\/p><h2>In einem Fitnesscenter verf\u00fcgbare Einrichtungen<\/h2><p>Es gibt viele spezielle Ger\u00e4te, aus denen ein Fitnesscenter in einem Hotel besteht. Jedes Ger\u00e4t oder jeder Bereich wird so ausgew\u00e4hlt, dass er den Nutzern ein umfassendes und angenehmes Erlebnis bietet.<\/p><p><strong>Kardiomaschinen :<\/strong> Laufb\u00e4nder, station\u00e4re Fahrr\u00e4der, Crosstrainer und Ruderger\u00e4te arbeiten vor allem am Herz-Kreislauf-Widerstand.<\/p><p><strong>Krafttrainingsmaschinen :<\/strong> Hantelb\u00e4nke, Multifunktionsstationen und Hantelst\u00e4nder erm\u00f6glichen es den Bewohnern, alle Muskelgruppen zu trainieren.<\/p><p><strong>Entspannungsr\u00e4ume :<\/strong> Einige Zentren stellen Yoga- und Pilatesr\u00e4ume zur Verf\u00fcgung, in denen die G\u00e4ste sanftere \u00dcbungen praktizieren k\u00f6nnen, die sich auf Flexibilit\u00e4t und geistige Ruhe konzentrieren.<\/p><p><strong>Wasseranlagen :<\/strong> Beheizte Pools, Sprudelb\u00e4der und Hydromassaged\u00fcsen sind Teil der Wassertherapie und tragen zur v\u00f6lligen Entspannung nach einem aktiven Tag bei.<\/p><h2>Personal und zus\u00e4tzlich angebotene Dienste<\/h2><p>Ein gutes Fitnesscenter besteht nicht nur aus seinen Ger\u00e4ten. Auch das qualifizierte Personal und die zus\u00e4tzlichen Dienstleistungen spielen eine entscheidende Rolle.<\/p><p><strong>Pers\u00f6nliche Trainer :<\/strong> Viele Hotels stellen zertifizierte Trainer ein, die pers\u00f6nliche Coaching-Sitzungen anbieten und den G\u00e4sten helfen, ihre Fitnessziele zu erreichen und gleichzeitig Verletzungen zu vermeiden.<\/p><p><strong>Individuelles Wohlf\u00fchlprogramm :<\/strong> Manchmal mit Ern\u00e4hrungsberatung verbunden, hilft dieser Service den Klienten, ein umfassendes Programm zur Verbesserung ihres gesamten Lebensstils zu absolvieren.<\/p><p><strong><a href=\"https:\/\/www.chateauberne.com\/de\/spa\/\" target=\"_blank\" rel=\"noopener\">Spa-Behandlungen<\/a> :<\/strong> Viele Zentren integrieren Spas, in denen Massagen, K\u00f6rper- und Gesichtsbehandlungen angeboten werden, um das Fitnesserlebnis mit Momenten tiefer Entspannung zu erg\u00e4nzen.<\/p><h2>Wie beeinflusst ein Fitnesscenter den Ruf eines Hotels?<\/h2><p>Das Vorhandensein eines Fitnesscenters hat einen gro\u00dfen Einfluss auf den Ruf eines Hotels. Online-Bewertungen und Erfahrungsberichte zufriedener G\u00e4ste verbessern den Status des Hotels auf Buchungsplattformen und in sozialen Netzwerken deutlich.<\/p><p><strong>Positive Kommentare :<\/strong> Die G\u00e4ste teilen ihre Erfahrungen h\u00e4ufig online mit. Eine gute Ausstattung und au\u00dfergew\u00f6hnliche Dienstleistungen zu haben, f\u00fchrt zu positiven Bewertungen, die mehr Besucher anziehen k\u00f6nnen.<\/p><p><strong>Wettbewerbsvorteil :<\/strong> In einer Branche, in der jedes Detail z\u00e4hlt, wird ein hervorragendes Fitnesscenter zu einem starken Marketingargument, das das Hotel von der Konkurrenz abhebt.<\/p><p><strong>Kundenbindung :<\/strong> Ein \u00fcberlegenes Wellnesserlebnis veranlasst G\u00e4ste, wiederzukommen und das Hotel weiterzuempfehlen. Dies tr\u00e4gt zum Aufbau eines treuen Kundenstamms bei.<\/p><h2>\u00dcberlegungen zur Einrichtung eines Fitnesscenters in einem Hotel<\/h2><p>Um ein erfolgreiches Fitnesscenter zu gr\u00fcnden, m\u00fcssen mehrere wichtige Parameter ber\u00fccksichtigt werden.<\/p><p><strong>Lokalisierung :<\/strong> Es sollte von den Zimmern der G\u00e4ste aus leicht zug\u00e4nglich sein und gleichzeitig Privatsph\u00e4re und Ruhe gew\u00e4hrleisten.<\/p><p><strong>Gestaltung :<\/strong> Die \u00c4sthetik des Raumes sollte einladend und beruhigend sein, mit Materialien und Farben, die die Entspannung f\u00f6rdern.<\/p><p><strong>Regelm\u00e4\u00dfige Wartung :<\/strong> Um eine sichere und effektive Nutzung zu gew\u00e4hrleisten, ist die regelm\u00e4\u00dfige Wartung der Einrichtungen von entscheidender Bedeutung. Dies beinhaltet eine kontinuierliche Inspektion der Sportger\u00e4te und eine h\u00e4ufige Reinigung der Gemeinschaftsr\u00e4ume.<\/p><p><strong>Kombinierte Angebote :<\/strong> Durch die Integration von Sonderangeboten, die den Zugang zum Fitnesscenter mit \u00dcbernachtungen, Mahlzeiten in der Gastronomie oder Wellnessbehandlungen verbinden, k\u00f6nnen Hotels das Kundenerlebnis noch wertvoller gestalten.<\/p><h2>Fitnesscenter und nachhaltige Entwicklung<\/h2><p>Die wachsende Sorge um die Umwelt veranlasst auch einige Hotels, nachhaltige Praktiken in ihre Fitnesscenter zu integrieren.<\/p><p><strong>Energieeffiziente Ger\u00e4te :<\/strong> Die Verwendung von energiesparenden Ger\u00e4ten hilft, den CO2-Fu\u00dfabdruck des Hotels zu verringern.<\/p><p><strong>Recycling und umweltfreundliche Produkte :<\/strong> Das Anbieten von recycelbaren Wasserflaschen, die Verwendung von umweltfreundlichen Reinigungsmitteln und die Bereitstellung von Handt\u00fcchern aus Biobaumwolle sind Teil der Ma\u00dfnahmen zur F\u00f6rderung einer gesunden und nachhaltigen Umwelt.<\/p><h2>Kundenpr\u00e4ferenzen und die Entwicklung von Fitnesscentern<\/h2><p>Die Vorlieben der G\u00e4ste beeinflussen kontinuierlich die Entwicklung von Fitnesscentern in Hotels.<\/p><p><strong>Fortschrittliche Technologie :<\/strong> Moderne Zentren verf\u00fcgen \u00fcber vernetzte Ger\u00e4te, die es den Nutzern erm\u00f6glichen, ihre Leistung \u00fcber mobile Anwendungen zu verfolgen. Diese Technologie bietet einen personalisierten und verbindlichen Ansatz.<\/p><p><strong>Gemischte und getrennte Zonen :<\/strong> Das Angebot von Optionen f\u00fcr gemischte Trainingsbereiche sowie f\u00fcr Bereiche, die nur f\u00fcr Frauen bestimmt sind, sorgt f\u00fcr eine komfortable Nutzung f\u00fcr alle Arten von Kunden.<\/p><p><strong>Klassifizierung und Zertifizierung :<\/strong> Das Erlangen von Zertifizierungen wie \"Green Globe\" oder \"LEED\" f\u00fcr Einrichtungen kann ebenfalls eine umweltbewusste und anspruchsvolle Klientel anziehen, die Verantwortung f\u00fcr die Umwelt \u00fcbernimmt.<\/p>\t\t\t\t\t\t\t\t<\/div>\n\t\t\t\t<\/div>\n\t\t\t\t<div class=\"elementor-element elementor-element-a416dff elementor-widget elementor-widget-spacer\" data-id=\"a416dff\" data-element_type=\"widget\" data-e-type=\"widget\" data-widget_type=\"spacer.default\">\n\t\t\t\t<div class=\"elementor-widget-container\">\n\t\t\t\t\t\t\t<div class=\"elementor-spacer\">\n\t\t\t<div class=\"elementor-spacer-inner\"><\/div>\n\t\t<\/div>\n\t\t\t\t\t\t<\/div>\n\t\t\t\t<\/div>\n\t\t\t\t\t<\/div>\n\t\t<\/div>\n\t\t\t\t\t<\/div>\n\t\t<\/section>\n\t\t\t\t<section class=\"elementor-section elementor-top-section elementor-element elementor-element-04babfd elementor-section-boxed elementor-section-height-default elementor-section-height-default\" data-id=\"04babfd\" data-element_type=\"section\" data-e-type=\"section\">\n\t\t\t\t\t\t<div class=\"elementor-container elementor-column-gap-default\">\n\t\t\t\t\t<div class=\"elementor-column elementor-col-100 elementor-top-column elementor-element elementor-element-5cdebc8\" data-id=\"5cdebc8\" data-element_type=\"column\" data-e-type=\"column\">\n\t\t\t<div class=\"elementor-widget-wrap\">\n\t\t\t\t\t\t\t<\/div>\n\t\t<\/div>\n\t\t\t\t\t<\/div>\n\t\t<\/section>\n\t\t\t\t<\/div>","protected":false},"excerpt":{"rendered":"<p>Centres de remise en forme dans votre h\u00f4tel L&rsquo;industrie h\u00f4teli\u00e8re a \u00e9volu\u00e9 au fil des ann\u00e9es, allant bien au-del\u00e0 des simples services de logement. Aujourd&rsquo;hui, les clients attendent des exp\u00e9riences compl\u00e8tes qui englobent non seulement l&rsquo;h\u00e9bergement, mais aussi divers aspects du bien-\u00eatre et du soin personnel. Un \u00e9l\u00e9ment cl\u00e9 qui r\u00e9pond \u00e0 ces attentes est [&hellip;]<\/p>\n","protected":false},"author":17,"featured_media":0,"parent":21098,"menu_order":11,"comment_status":"closed","ping_status":"closed","template":"","meta":{"inline_featured_image":false,"footnotes":""},"class_list":["post-21144","page","type-page","status-publish","hentry"],"_links":{"self":[{"href":"https:\/\/www.chateauberne.com\/de\/wp-json\/wp\/v2\/pages\/21144","targetHints":{"allow":["GET"]}}],"collection":[{"href":"https:\/\/www.chateauberne.com\/de\/wp-json\/wp\/v2\/pages"}],"about":[{"href":"https:\/\/www.chateauberne.com\/de\/wp-json\/wp\/v2\/types\/page"}],"author":[{"embeddable":true,"href":"https:\/\/www.chateauberne.com\/de\/wp-json\/wp\/v2\/users\/17"}],"replies":[{"embeddable":true,"href":"https:\/\/www.chateauberne.com\/de\/wp-json\/wp\/v2\/comments?post=21144"}],"version-history":[{"count":12,"href":"https:\/\/www.chateauberne.com\/de\/wp-json\/wp\/v2\/pages\/21144\/revisions"}],"predecessor-version":[{"id":21225,"href":"https:\/\/www.chateauberne.com\/de\/wp-json\/wp\/v2\/pages\/21144\/revisions\/21225"}],"up":[{"embeddable":true,"href":"https:\/\/www.chateauberne.com\/de\/wp-json\/wp\/v2\/pages\/21098"}],"wp:attachment":[{"href":"https:\/\/www.chateauberne.com\/de\/wp-json\/wp\/v2\/media?parent=21144"}],"curies":[{"name":"wp","href":"https:\/\/api.w.org\/{rel}","templated":true}]}}