{"id":21231,"date":"2024-05-31T19:17:33","date_gmt":"2024-05-31T17:17:33","guid":{"rendered":"https:\/\/www.chateauberne.com\/?page_id=21231"},"modified":"2024-05-31T21:09:20","modified_gmt":"2024-05-31T19:09:20","slug":"chambre-simple","status":"publish","type":"page","link":"https:\/\/www.chateauberne.com\/de\/definition\/chambre-simple\/","title":{"rendered":"Das Einzelzimmer in der Hotellerie"},"content":{"rendered":"<div data-elementor-type=\"wp-page\" data-elementor-id=\"21231\" class=\"elementor elementor-21231\" data-elementor-post-type=\"page\">\n\t\t\t\t\t\t<section class=\"elementor-section elementor-top-section elementor-element elementor-element-bc34da9 elementor-section-full_width elementor-section-height-default elementor-section-height-default\" data-id=\"bc34da9\" data-element_type=\"section\" data-e-type=\"section\">\n\t\t\t\t\t\t<div class=\"elementor-container elementor-column-gap-default\">\n\t\t\t\t\t<div class=\"elementor-column elementor-col-100 elementor-top-column elementor-element elementor-element-83d3ec1\" data-id=\"83d3ec1\" data-element_type=\"column\" data-e-type=\"column\">\n\t\t\t<div class=\"elementor-widget-wrap elementor-element-populated\">\n\t\t\t\t\t\t<div class=\"elementor-element elementor-element-86ae637 elementor--h-position-center elementor--v-position-middle elementor-widget elementor-widget-slides\" data-id=\"86ae637\" data-element_type=\"widget\" data-e-type=\"widget\" data-settings=\"{&quot;navigation&quot;:&quot;none&quot;,&quot;transition&quot;:&quot;fade&quot;,&quot;transition_speed&quot;:500}\" data-widget_type=\"slides.default\">\n\t\t\t\t<div class=\"elementor-widget-container\">\n\t\t\t\t\t\t\t\t\t<div class=\"elementor-swiper\">\n\t\t\t\t\t<div class=\"elementor-slides-wrapper elementor-main-swiper swiper\" role=\"region\" aria-roledescription=\"carousel\" aria-label=\"Slides\" dir=\"ltr\" data-animation=\"fadeInUp\">\n\t\t\t\t<div class=\"swiper-wrapper elementor-slides\">\n\t\t\t\t\t\t\t\t\t\t<div class=\"elementor-repeater-item-de8fba4 swiper-slide\" role=\"group\" aria-roledescription=\"slide\"><div class=\"swiper-slide-bg\" role=\"img\" aria-label=\"47-Zimmer @martin dejoie\"><\/div><div class=\"swiper-slide-inner\" ><div class=\"swiper-slide-contents\"><\/div><\/div><\/div>\t\t\t\t<\/div>\n\t\t\t\t\t\t\t<\/div>\n\t\t\t\t<\/div>\n\t\t\t\t\t\t\t\t<\/div>\n\t\t\t\t<\/div>\n\t\t\t\t\t<\/div>\n\t\t<\/div>\n\t\t\t\t\t<\/div>\n\t\t<\/section>\n\t\t\t\t<section class=\"elementor-section elementor-top-section elementor-element elementor-element-5cf06ff elementor-section-boxed elementor-section-height-default elementor-section-height-default\" data-id=\"5cf06ff\" data-element_type=\"section\" data-e-type=\"section\">\n\t\t\t\t\t\t<div class=\"elementor-container elementor-column-gap-default\">\n\t\t\t\t\t<div class=\"elementor-column elementor-col-100 elementor-top-column elementor-element elementor-element-3d63388\" data-id=\"3d63388\" data-element_type=\"column\" data-e-type=\"column\">\n\t\t\t<div class=\"elementor-widget-wrap\">\n\t\t\t\t\t\t\t<\/div>\n\t\t<\/div>\n\t\t\t\t\t<\/div>\n\t\t<\/section>\n\t\t\t\t<section class=\"elementor-section elementor-top-section elementor-element elementor-element-7f5ec95 elementor-section-boxed elementor-section-height-default elementor-section-height-default\" data-id=\"7f5ec95\" data-element_type=\"section\" data-e-type=\"section\">\n\t\t\t\t\t\t<div class=\"elementor-container elementor-column-gap-default\">\n\t\t\t\t\t<div class=\"elementor-column elementor-col-100 elementor-top-column elementor-element elementor-element-4ba4d21\" data-id=\"4ba4d21\" data-element_type=\"column\" data-e-type=\"column\">\n\t\t\t<div class=\"elementor-widget-wrap elementor-element-populated\">\n\t\t\t\t\t\t<div class=\"elementor-element elementor-element-734d688 elementor-widget elementor-widget-heading\" data-id=\"734d688\" data-element_type=\"widget\" data-e-type=\"widget\" data-widget_type=\"heading.default\">\n\t\t\t\t<div class=\"elementor-widget-container\">\n\t\t\t\t\t<h1 class=\"elementor-heading-title elementor-size-default\">Das Einzelzimmer in der Hotellerie verstehen: Alles, was Sie wissen m\u00fcssen\n<\/h1>\t\t\t\t<\/div>\n\t\t\t\t<\/div>\n\t\t\t\t<div class=\"elementor-element elementor-element-b98f450 elementor-widget-divider--view-line elementor-widget elementor-widget-divider\" data-id=\"b98f450\" data-element_type=\"widget\" data-e-type=\"widget\" data-widget_type=\"divider.default\">\n\t\t\t\t<div class=\"elementor-widget-container\">\n\t\t\t\t\t\t\t<div class=\"elementor-divider\">\n\t\t\t<span class=\"elementor-divider-separator\">\n\t\t\t\t\t\t<\/span>\n\t\t<\/div>\n\t\t\t\t\t\t<\/div>\n\t\t\t\t<\/div>\n\t\t\t\t<div class=\"elementor-element elementor-element-8fc19a8 elementor-widget__width-initial elementor-widget elementor-widget-text-editor\" data-id=\"8fc19a8\" data-element_type=\"widget\" data-e-type=\"widget\" data-widget_type=\"text-editor.default\">\n\t\t\t\t<div class=\"elementor-widget-container\">\n\t\t\t\t\t\t\t\t\t<p>Eine\u00a0<strong>Einzelzimmer<\/strong>\u00a0ist eine sehr h\u00e4ufige Unterkunftsm\u00f6glichkeit in Hotels. F\u00fcr eine einzelne Person bestimmt, bietet es einen komfortablen pers\u00f6nlichen Bereich und ist oft preisg\u00fcnstig. In diesem Artikel untersuchen wir im Detail, was es mit der Buchung eines Einzelzimmers auf sich hat: seine Hauptmerkmale, seine spezifischen Vorteile und einige wichtige \u00dcberlegungen, um Ihre Wahl zu optimieren.<\/p><h2>Definition eines Einzelzimmers<\/h2><p>Im Rahmen des Gastgewerbes ist eine\u00a0<strong>Einzelzimmer<\/strong>\u00a0ist f\u00fcr die Unterbringung einer einzelnen Person gedacht. Sie verf\u00fcgt daher in der Regel \u00fcber ein Einzelbett oder manchmal auch \u00fcber ein Doppelbett. Trotz der Gr\u00f6\u00dfe des Zimmers wird nicht auf Komfort verzichtet, da es alle wichtigen Elemente f\u00fcr einen angenehmen Aufenthalt bietet. Da es im Vergleich zu Doppelzimmern kleiner ist, nutzt es den verf\u00fcgbaren Raum optimal aus.<\/p><h2>Wesentliche Merkmale eines Einzelzimmers<\/h2><p>Die\u00a0<strong>Merkmale<\/strong>\u00a0einer\u00a0<strong>Einzelzimmer<\/strong>\u00a0sind vielf\u00e4ltig, folgen aber einigen grundlegenden Standards, um den Komfort des Kunden zu gew\u00e4hrleisten. Hier ist eine Liste dieser gemeinsamen Attribute :<\/p><ul><li><strong>Bett f\u00fcr eine Person<\/strong>\u00a0Ein Einzelbett ist die Norm, wobei die typischen Ma\u00dfe um 90 cm x 200 cm schwanken.<\/li><li><strong>Optimierter Raum<\/strong>\u00a0Die durchschnittliche Gr\u00f6\u00dfe liegt oft zwischen 9 m\u00b2 und 15 m\u00b2, geeignet f\u00fcr grundlegende Bed\u00fcrfnisse ohne unn\u00f6tigen \u00dcberschuss.<\/li><li><strong>Zugang zu Annehmlichkeiten<\/strong>\u00a0: Fernseher, Internetanschluss, Arbeitstisch, Aufbewahrungsschrank und manchmal ein kleiner Tisch sind inbegriffen.<\/li><li><strong>Eigenes Badezimmer<\/strong>\u00a0: In der Regel ist ein angrenzendes Badezimmer vorgesehen, das mindestens mit einer Dusche ausgestattet ist.<\/li><li><strong>Zus\u00e4tzliches Zubeh\u00f6r<\/strong>\u00a0: Toilettenartikel, Handt\u00fccher, Haartrockner sind Bestandteil der angebotenen Leistungen.<\/li><\/ul><h2>Praktische Vorteile eines Einzelzimmers<\/h2><p>Die Buchung eines Einzelzimmers hat mehrere Vorteile, vor allem in Bezug auf die Kostenersparnis und die Funktionalit\u00e4t. Alleinreisende finden zum Beispiel, dass diese Zimmer perfekt auf ihre speziellen Bed\u00fcrfnisse zugeschnitten sind. Au\u00dferdem bieten sie in der Regel ein g\u00fcnstiges Preis-Leistungs-Verh\u00e4ltnis, insbesondere f\u00fcr diejenigen, die einfach nur einen sicheren und funktionalen Ort zum \u00dcbernachten suchen.<\/p><h2>Der Stil und die Einrichtung des Einzelzimmers<\/h2><p>Obwohl das Einzelzimmer kompakt ist, legen einige Hotels gro\u00dfen Wert darauf, durch Stil und Einrichtung eine einzigartige Atmosph\u00e4re zu schaffen. Modernes Design umfasst \u00e4sthetische Akzente wie beruhigende Wanddekorationen, hochwertige Bettw\u00e4sche und eine sorgf\u00e4ltige Auswahl an kompakten, multifunktionalen M\u00f6beln, um jeden Quadratzentimeter optimal zu nutzen.<\/p><h2>Vergleich mit anderen Arten von Hotelzimmern<\/h2><p>Wenn es darum geht, zwischen verschiedenen Unterkunftsm\u00f6glichkeiten zu w\u00e4hlen, ist es hilfreich, ein Einzelzimmer mit anderen verf\u00fcgbaren Zimmertypen zu vergleichen (Doppelzimmer,\u00a0<a href=\"https:\/\/www.chateauberne.com\/de\/hotel-et-villa\/chambres-suites\/suite\/\" target=\"_blank\" rel=\"noopener\">Suite<\/a>usw.). Ein Doppelzimmer ist nat\u00fcrlich ger\u00e4umiger und f\u00fcr zwei Personen gedacht und wird oft von einem Paar gew\u00e4hlt. Suiten bieten einen noch gr\u00f6\u00dferen Raum mit separaten Wohnbereichen, sind aber auch wesentlich teurer. Der Hauptunterschied liegt also in der Gr\u00f6\u00dfe und dem Ma\u00df an Luxus, das Ihren Vorlieben und Mitteln entspricht.<\/p><h2>Kriterien, die Sie bei der Buchung ber\u00fccksichtigen sollten<\/h2><p>Bei der Buchung eines Einzelzimmers in einem Hotel m\u00fcssen mehrere Kriterien sorgf\u00e4ltig gepr\u00fcft werden, um sicherzustellen, dass Sie eine informierte Wahl treffen. Dazu geh\u00f6ren:<\/p><ul><li><strong>Lokalisierung<\/strong>\u00a0: N\u00e4he zu Touristenattraktionen, \u00f6ffentlichen Verkehrsmitteln und unmittelbaren Dienstleistungen wie Restaurants und Gesch\u00e4ften.<\/li><li><strong>Qualit\u00e4t der Dienstleistung<\/strong>\u00a0: Sauberkeitsgrad, Verf\u00fcgbarkeit und H\u00f6flichkeit des Personals, Zusatzleistungen wie die t\u00e4gliche Reinigung.<\/li><li><strong>Angebotene Ausstattungen<\/strong>\u00a0: Wi-Fi-Zugang, Kabelfernsehen, Klimaanlage\/Heizung, Badezubeh\u00f6r.<\/li><li><strong>Kommentare von Kunden<\/strong>\u00a0: Das Lesen von Meinungen und Bewertungen kann einen guten Hinweis auf die Realit\u00e4t vs. Werbebeschreibungen geben.<\/li><li><strong>Budget<\/strong>\u00a0: Preis pro Nacht im Verh\u00e4ltnis zu den bereitgestellten Einrichtungen und Dienstleistungen.<\/li><\/ul><h2>Warum sollte man ein Einzelzimmer w\u00e4hlen?<\/h2><p>Die Wahl eines Einzelzimmers ist vor allem aus praktischen und finanziellen Gr\u00fcnden gerechtfertigt. Diese Option ist vor allem f\u00fcr Solo-Traveller*, Arbeitnehmer auf Reisen oder Besucher auf der Durchreise gedacht und erm\u00f6glicht es, innerhalb eines bestimmten Budgets zu bleiben und gleichzeitig ein optimales Komfortniveau zu gew\u00e4hrleisten. Dar\u00fcber hinaus vermittelt der Raumgewinn ein Gef\u00fchl der Ruhe, das nach einem anstrengenden Tag oft gew\u00fcnscht wird.<\/p><h2>Zus\u00e4tzliche Tipps<\/h2><p>Damit Sie Ihr Einzelzimmer voll ausnutzen k\u00f6nnen, haben wir hier ein paar praktische Tipps f\u00fcr Sie:<\/p><ol><li><strong>Fr\u00fch buchen<\/strong>\u00a0: Dies erm\u00f6glicht bessere Preise und garantiert die Verf\u00fcgbarkeit des Zimmers.<\/li><li><strong>Ermitteln Sie Sonderangebote<\/strong>\u00a0: Viele Hotels bieten saisonale Rabatte oder Pakete an, die Mahlzeiten und Aktivit\u00e4ten beinhalten.<\/li><li><strong>Nutzen Sie Ihre Treuepunkte<\/strong>\u00a0: Wenn Sie h\u00e4ufig reisen, k\u00f6nnen Treueprogramme kostenlose \u00dcbernachtungen oder Upgrades anbieten.<\/li><li><strong>Lesen Sie die neuesten Meinungen<\/strong>\u00a0: Vergewissern Sie sich, dass Sie die Bewertungen von G\u00e4sten lesen, die k\u00fcrzlich dort waren, um ein aktuelles Bild von der erbrachten Leistung zu erhalten.<\/li><\/ol><p>Wir haben gerade alle Aspekte des Einzelzimmers in der Hotellerie besprochen. Sei es die genaue Definition, die einzigartigen Merkmale oder die wichtigen Kriterien, die bei der Buchung zu beachten sind - die genaue Kenntnis dieser Elemente hilft wirklich dabei, eine angemessene Wahl zu treffen, die auf jeden genauen Bedarf zugeschnitten ist. Die erw\u00e4hnten Vorteile und Tips helfen ebenfalls dabei, das Beste aus einer solchen Unterkunftsentscheidung herauszuholen.<\/p>\t\t\t\t\t\t\t\t<\/div>\n\t\t\t\t<\/div>\n\t\t\t\t<div class=\"elementor-element elementor-element-8b58a57 elementor-widget elementor-widget-spacer\" data-id=\"8b58a57\" data-element_type=\"widget\" data-e-type=\"widget\" data-widget_type=\"spacer.default\">\n\t\t\t\t<div class=\"elementor-widget-container\">\n\t\t\t\t\t\t\t<div class=\"elementor-spacer\">\n\t\t\t<div class=\"elementor-spacer-inner\"><\/div>\n\t\t<\/div>\n\t\t\t\t\t\t<\/div>\n\t\t\t\t<\/div>\n\t\t\t\t\t<\/div>\n\t\t<\/div>\n\t\t\t\t\t<\/div>\n\t\t<\/section>\n\t\t\t\t<\/div>","protected":false},"excerpt":{"rendered":"<p>Comprendre la chambre simple dans l&rsquo;h\u00f4tellerie : tout ce qu&rsquo;il faut savoir Une\u00a0chambre simple\u00a0est une option d&rsquo;h\u00e9bergement tr\u00e8s courante dans les h\u00f4tels. Destin\u00e9e \u00e0 une seule personne, elle offre un espace personnel confortable et souvent \u00e9conomique. Dans cet article, nous explorerons en d\u00e9tail ce qu&rsquo;implique la r\u00e9servation d&rsquo;une chambre simple : ses caract\u00e9ristiques principales, ses [&hellip;]<\/p>\n","protected":false},"author":17,"featured_media":0,"parent":21098,"menu_order":28,"comment_status":"closed","ping_status":"closed","template":"","meta":{"inline_featured_image":false,"footnotes":""},"class_list":["post-21231","page","type-page","status-publish","hentry"],"_links":{"self":[{"href":"https:\/\/www.chateauberne.com\/de\/wp-json\/wp\/v2\/pages\/21231","targetHints":{"allow":["GET"]}}],"collection":[{"href":"https:\/\/www.chateauberne.com\/de\/wp-json\/wp\/v2\/pages"}],"about":[{"href":"https:\/\/www.chateauberne.com\/de\/wp-json\/wp\/v2\/types\/page"}],"author":[{"embeddable":true,"href":"https:\/\/www.chateauberne.com\/de\/wp-json\/wp\/v2\/users\/17"}],"replies":[{"embeddable":true,"href":"https:\/\/www.chateauberne.com\/de\/wp-json\/wp\/v2\/comments?post=21231"}],"version-history":[{"count":13,"href":"https:\/\/www.chateauberne.com\/de\/wp-json\/wp\/v2\/pages\/21231\/revisions"}],"predecessor-version":[{"id":21298,"href":"https:\/\/www.chateauberne.com\/de\/wp-json\/wp\/v2\/pages\/21231\/revisions\/21298"}],"up":[{"embeddable":true,"href":"https:\/\/www.chateauberne.com\/de\/wp-json\/wp\/v2\/pages\/21098"}],"wp:attachment":[{"href":"https:\/\/www.chateauberne.com\/de\/wp-json\/wp\/v2\/media?parent=21231"}],"curies":[{"name":"wp","href":"https:\/\/api.w.org\/{rel}","templated":true}]}}