{"id":21232,"date":"2024-05-31T19:17:29","date_gmt":"2024-05-31T17:17:29","guid":{"rendered":"https:\/\/www.chateauberne.com\/?page_id=21232"},"modified":"2024-05-31T22:11:30","modified_gmt":"2024-05-31T20:11:30","slug":"check-in-hotel","status":"publish","type":"page","link":"https:\/\/www.chateauberne.com\/de\/definition\/check-in-hotel\/","title":{"rendered":"Alles \u00fcber das Einchecken"},"content":{"rendered":"<div data-elementor-type=\"wp-page\" data-elementor-id=\"21232\" class=\"elementor elementor-21232\" data-elementor-post-type=\"page\">\n\t\t\t\t\t\t<section class=\"elementor-section elementor-top-section elementor-element elementor-element-d11df5f elementor-section-full_width elementor-section-height-default elementor-section-height-default\" data-id=\"d11df5f\" data-element_type=\"section\" data-e-type=\"section\">\n\t\t\t\t\t\t<div class=\"elementor-container elementor-column-gap-default\">\n\t\t\t\t\t<div class=\"elementor-column elementor-col-100 elementor-top-column elementor-element elementor-element-131d94a\" data-id=\"131d94a\" data-element_type=\"column\" data-e-type=\"column\">\n\t\t\t<div class=\"elementor-widget-wrap elementor-element-populated\">\n\t\t\t\t\t\t<div class=\"elementor-element elementor-element-0c9d9f9 elementor--h-position-center elementor--v-position-middle elementor-widget elementor-widget-slides\" data-id=\"0c9d9f9\" data-element_type=\"widget\" data-e-type=\"widget\" data-settings=\"{&quot;navigation&quot;:&quot;none&quot;,&quot;transition&quot;:&quot;fade&quot;,&quot;transition_speed&quot;:500}\" data-widget_type=\"slides.default\">\n\t\t\t\t<div class=\"elementor-widget-container\">\n\t\t\t\t\t\t\t\t\t<div class=\"elementor-swiper\">\n\t\t\t\t\t<div class=\"elementor-slides-wrapper elementor-main-swiper swiper\" role=\"region\" aria-roledescription=\"carousel\" aria-label=\"Slides\" dir=\"ltr\" data-animation=\"fadeInUp\">\n\t\t\t\t<div class=\"swiper-wrapper elementor-slides\">\n\t\t\t\t\t\t\t\t\t\t<div class=\"elementor-repeater-item-de8fba4 swiper-slide\" role=\"group\" aria-roledescription=\"slide\"><div class=\"swiper-slide-bg\" role=\"img\" aria-label=\"Check-in Hotel\"><\/div><div class=\"swiper-slide-inner\" ><div class=\"swiper-slide-contents\"><\/div><\/div><\/div>\t\t\t\t<\/div>\n\t\t\t\t\t\t\t<\/div>\n\t\t\t\t<\/div>\n\t\t\t\t\t\t\t\t<\/div>\n\t\t\t\t<\/div>\n\t\t\t\t\t<\/div>\n\t\t<\/div>\n\t\t\t\t\t<\/div>\n\t\t<\/section>\n\t\t\t\t<section class=\"elementor-section elementor-top-section elementor-element elementor-element-d1dc90b elementor-section-boxed elementor-section-height-default elementor-section-height-default\" data-id=\"d1dc90b\" data-element_type=\"section\" data-e-type=\"section\">\n\t\t\t\t\t\t<div class=\"elementor-container elementor-column-gap-default\">\n\t\t\t\t\t<div class=\"elementor-column elementor-col-100 elementor-top-column elementor-element elementor-element-d742ff0\" data-id=\"d742ff0\" data-element_type=\"column\" data-e-type=\"column\">\n\t\t\t<div class=\"elementor-widget-wrap\">\n\t\t\t\t\t\t\t<\/div>\n\t\t<\/div>\n\t\t\t\t\t<\/div>\n\t\t<\/section>\n\t\t\t\t<section class=\"elementor-section elementor-top-section elementor-element elementor-element-c5fa907 elementor-section-boxed elementor-section-height-default elementor-section-height-default\" data-id=\"c5fa907\" data-element_type=\"section\" data-e-type=\"section\">\n\t\t\t\t\t\t<div class=\"elementor-container elementor-column-gap-default\">\n\t\t\t\t\t<div class=\"elementor-column elementor-col-100 elementor-top-column elementor-element elementor-element-84e3bad\" data-id=\"84e3bad\" data-element_type=\"column\" data-e-type=\"column\">\n\t\t\t<div class=\"elementor-widget-wrap elementor-element-populated\">\n\t\t\t\t\t\t<div class=\"elementor-element elementor-element-eb13735 elementor-widget elementor-widget-heading\" data-id=\"eb13735\" data-element_type=\"widget\" data-e-type=\"widget\" data-widget_type=\"heading.default\">\n\t\t\t\t<div class=\"elementor-widget-container\">\n\t\t\t\t\t<h1 class=\"elementor-heading-title elementor-size-default\">Alles \u00fcber den Check-in: Vereinfachen Sie Ihren Hotelaufenthalt\n<\/h1>\t\t\t\t<\/div>\n\t\t\t\t<\/div>\n\t\t\t\t<div class=\"elementor-element elementor-element-5f052a6 elementor-widget-divider--view-line elementor-widget elementor-widget-divider\" data-id=\"5f052a6\" data-element_type=\"widget\" data-e-type=\"widget\" data-widget_type=\"divider.default\">\n\t\t\t\t<div class=\"elementor-widget-container\">\n\t\t\t\t\t\t\t<div class=\"elementor-divider\">\n\t\t\t<span class=\"elementor-divider-separator\">\n\t\t\t\t\t\t<\/span>\n\t\t<\/div>\n\t\t\t\t\t\t<\/div>\n\t\t\t\t<\/div>\n\t\t\t\t<div class=\"elementor-element elementor-element-1a80c15 elementor-widget__width-initial elementor-widget elementor-widget-text-editor\" data-id=\"1a80c15\" data-element_type=\"widget\" data-e-type=\"widget\" data-widget_type=\"text-editor.default\">\n\t\t\t\t<div class=\"elementor-widget-container\">\n\t\t\t\t\t\t\t\t\t<p>In der Welt der Hotellerie ist der Begriff <strong>check-in<\/strong> ist f\u00fcr ein reibungsloses und angenehmes Kundenerlebnis von entscheidender Bedeutung. Beim Check-in geht es nicht nur um den Empfang von G\u00e4sten, sondern um eine Reihe wichtiger Aspekte, die die Zufriedenheit der G\u00e4ste bei ihrer Ankunft verbessern. In diesem Artikel erfahren Sie alles, was Sie \u00fcber das Einchecken wissen m\u00fcssen, wobei wir die verschiedenen Schritte des Prozesses, seine Vorteile und M\u00f6glichkeiten zur Optimierung erl\u00e4utern.<\/p><h2>Die Definition von Check-in<\/h2><p>Die <strong>check-in<\/strong>Im Hotelgewerbe bezeichnet der Begriff \"Check-in\" die erste Phase, in der ein Gast seine Ankunft in einem Hotel registriert. Dieser Vorgang umfasst in der Regel die \u00dcberpr\u00fcfung der Buchung, die Zuweisung des Zimmers und die Bereitstellung der erforderlichen Informationen \u00fcber die Dienstleistungen des Hotels. Der Check-in kann zwischen wenigen Minuten und l\u00e4nger dauern, abh\u00e4ngig von verschiedenen Faktoren, wie der Komplexit\u00e4t der Buchung oder der Verf\u00fcgbarkeit von Personal.<\/p><h2>Die Schritte des Eincheckens<\/h2><p>Der Check-in im Hotel folgt mehreren genau festgelegten Schritten, um eine reibungslose und effiziente Betreuung der G\u00e4ste zu gew\u00e4hrleisten:<\/p><ol><li><strong>Den Gast begr\u00fc\u00dfen<\/strong>\u00a0: Sobald der Kunde durch die T\u00fcr kommt, ist ein guter erster Eindruck von entscheidender Bedeutung. Ein warmes L\u00e4cheln und eine einladende Haltung schaffen sofort eine positive Verbindung.<\/li><li><strong>\u00dcberpr\u00fcfung der Buchung<\/strong>\u00a0: Geld und Zeit sind f\u00fcr jeden Kunden wertvolle Ressourcen. Die schnelle \u00dcberpr\u00fcfung der Buchung mithilfe moderner Tools spart Zeit und vermeidet Verwirrung.<\/li><li><strong>Sammlung der ben\u00f6tigten Informationen<\/strong>\u00a0: Daten wie Ausweis, Zimmerpr\u00e4ferenzen und Sonderw\u00fcnsche, falls erforderlich, um das Aufenthaltserlebnis weiter zu personalisieren.<\/li><li><strong>Zuweisung des Zimmers<\/strong>\u00a0: Nachdem die Mitarbeiter alle notwendigen Informationen erhalten haben, weisen sie ein Zimmer zu. Wichtige Details wie die Zimmernummer, Inklusivleistungen (wie kostenloses Wi-Fi) und die Abreisezeiten werden erkl\u00e4rt.<\/li><li><strong>Leitfaden zu Einrichtungen und Diensten<\/strong>\u00a0Die Angabe der verschiedenen Dienstleistungen, die dem Kunden zur Verf\u00fcgung stehen, wie Restaurant, Spa oder Fitnessstudio, verleiht dem pers\u00f6nlichen Service eine zus\u00e4tzliche Note.<\/li><\/ol><h2>Die Vorteile eines effektiven Check-ins<\/h2><p>Ein gut organisierter Check-in-Prozess bietet nicht nur f\u00fcr die G\u00e4ste, sondern auch f\u00fcr die Einrichtung viele Vorteile:<\/p><ul><li><strong>Gesparte Zeit<\/strong>\u00a0Ein schneller Check-in bedeutet, dass die Kunden schnell mit ihren Aktivit\u00e4ten beginnen k\u00f6nnen, wodurch Stress reduziert und die Gesamtzufriedenheit erh\u00f6ht wird. Ein digitalisiertes Tool w\u00fcrde diesen Schritt erheblich erleichtern.<\/li><li><strong>Positiver Eindruck<\/strong>\u00a0: Ein erfolgreicher erster Eindruck setzt einen Pr\u00e4zedenzfall f\u00fcr den Rest des Aufenthalts. G\u00e4ste kommen mit gr\u00f6\u00dferer Wahrscheinlichkeit wieder oder empfehlen das Hotel weiter.<\/li><li><strong>Reduzierung menschlicher Fehler<\/strong>\u00a0: Fortschrittliche Software minimiert das Risiko von Fehlern durch schlecht verwaltete Buchungen und sorgt so f\u00fcr ein reibungsloses Kundenerlebnis.<\/li><li><strong>H\u00f6here Kundenzufriedenheit<\/strong>\u00a0: Wenn G\u00e4ste das Gef\u00fchl haben, dass ihre Bed\u00fcrfnisse bei ihrer Ankunft antizipiert und ber\u00fccksichtigt werden, f\u00fchlen sie sich wertgesch\u00e4tzt und willkommen.<\/li><\/ul><p>Erfahren Sie mehr \u00fcber das Einchecken in unserem 5-Sterne-Hotel<\/p><h2>Neue Technologien und das Einchecken<\/h2><p>Die Integration neuer Technologien in den Check-in-Prozess verbessert das Kundenerlebnis deutlich. Immer mehr Hotels f\u00fchren digitale Systeme ein, um die physischen Interaktionen zu reduzieren und die betrieblichen Vorteile zu erh\u00f6hen :<\/p><p><strong>Self Check-in \u00fcber mobile Anwendungen<\/strong>\u00a0Viele Hotels bieten mittlerweile Self-Check-in-Optionen an, bei denen die G\u00e4ste ihre Ankunft direkt \u00fcber ihr Smartphone einchecken k\u00f6nnen. Diese Methode ist praktisch, da sie den direkten Kontakt mit dem Personal reduziert und den Prozess beschleunigt.<\/p><p><strong>Self-Check-in-Kioske<\/strong>\u00a0Die Kioske werden in der Hotellobby aufgestellt und erm\u00f6glichen es den G\u00e4sten, ihren Check-in selbst zu verwalten, indem sie einfachen Anweisungen folgen. Dies setzt auch die Zeit des Personals frei, das sich dann auf andere wichtige Aufgaben konzentrieren kann.<\/p><p><strong>Gesichtserkennung und digitale Schl\u00fcssel<\/strong>\u00a0: Einige gro\u00dfe Hotelketten haben Gesichtserkennungssysteme eingef\u00fchrt, um das Einchecken noch schneller zu machen. Die G\u00e4ste erhalten au\u00dferdem digitale Schl\u00fcssel auf ihr Telefon, um in ihr Zimmer zu gelangen, wodurch der Bedarf an herk\u00f6mmlichen Schl\u00fcsseln eingeschr\u00e4nkt wird.<\/p><h2>Den Check-in optimieren: Praktische Tipps<\/h2><p>Um den Check-in zu optimieren, m\u00fcssen mehrere Dinge von der Hotelverwaltung beachtet werden:<\/p><ul><li><strong>Ausbildung des Personals<\/strong>\u00a0Die Mitarbeiter sollten nicht nur im Umgang mit digitalen Systemen geschult werden, sondern auch in der Kunst der Begr\u00fc\u00dfung, um eine qualitativ hochwertige menschliche Interaktion aufrechtzuerhalten.<\/li><li><strong>Pre-Check-in<\/strong>\u00a0: Wenn Kunden die M\u00f6glichkeit haben, vor ihrer Ankunft \u00fcber eine Website oder eine App bestimmte Formalit\u00e4ten auszuf\u00fcllen, verk\u00fcrzt sich die Zeit bis zum Einchecken erheblich.<\/li><li><strong>Verwaltung von Fl\u00fcssen<\/strong>\u00a0: Die Analyse von Check-in-Spitzen, um w\u00e4hrend dieser Zeiten zus\u00e4tzliche Ressourcen zuzuweisen, hilft, den Prozess reibungsloser zu gestalten.<\/li><li><strong>Kundenfeedback<\/strong>\u00a0: Ber\u00fccksichtigen Sie das Feedback der Kunden \u00fcber ihre Erfahrungen beim Einchecken, um Schwachstellen im Prozess zu erkennen und zu beheben.<\/li><\/ul><h2>Express-Check-in: Wer ist betroffen?<\/h2><p>Bestimmten Kundengruppen wird ein Express-Check-in angeboten, der auf ihre speziellen Bed\u00fcrfnisse zugeschnitten ist. Identifizieren wir die Betroffenen:<\/p><p><strong>Premium- und VIP-Kunden<\/strong>\u00a0Diese Kunden profitieren oft von speziellen Counters, die einen schnelleren und pers\u00f6nlicheren Service bieten. So wird sichergestellt, dass man schon bei der Ankunft einen hervorragenden Eindruck hinterl\u00e4sst.<\/p><p><strong>H\u00e4ufige Reisende<\/strong>\u00a0Um diese G\u00e4ste an sich zu binden, richten einige Hotels VIP-Dienste ein, die vereinfachte und anpassungsf\u00e4hige Schritte beinhalten.<\/p><p><strong>Gruppen und Veranstaltungen<\/strong>\u00a0Die Einrichtung von St\u00e4nden speziell f\u00fcr die Abwicklung von Gruppen-Check-ins minimiert Verz\u00f6gerungen und steuert effektiv den Fluss gro\u00dfer Teilnehmerzahlen.<\/p><h2>Bedeutung der Kommunikation beim Einchecken<\/h2><p><strong>Unmittelbare und klare Kommunikation<\/strong> Kunden proaktiv \u00fcber alle relevanten Aspekte (Richtlinien, Sonderangebote) zu informieren, erzeugt ein Gef\u00fchl der Transparenz und des Vertrauens. Die Erw\u00e4hnung von Details wie versp\u00e4teter Abflug oder verf\u00fcgbare Entsch\u00e4digungen, wenn es zu Versp\u00e4tungen kommt, hilft, eine offene und zufriedenstellende Kontaktlinie aufrechtzuerhalten.<\/p><p>Durch ein gepflegtes und optimiertes Check-in-Erlebnis, <a href=\"https:\/\/www.chateauberne.com\/de\/hotel-et-villa\/\" target=\"_blank\" rel=\"noopener\">das 5-Sterne-Hotel<\/a> stellt nicht nur sicher, dass es hohe Qualit\u00e4tsstandards erf\u00fcllt, sondern vor allem, dass es eine dauerhafte und positive Beziehung zu jedem seiner G\u00e4ste aufbaut.<\/p>\t\t\t\t\t\t\t\t<\/div>\n\t\t\t\t<\/div>\n\t\t\t\t<div class=\"elementor-element elementor-element-92d1b9a elementor-widget elementor-widget-spacer\" data-id=\"92d1b9a\" data-element_type=\"widget\" data-e-type=\"widget\" data-widget_type=\"spacer.default\">\n\t\t\t\t<div class=\"elementor-widget-container\">\n\t\t\t\t\t\t\t<div class=\"elementor-spacer\">\n\t\t\t<div class=\"elementor-spacer-inner\"><\/div>\n\t\t<\/div>\n\t\t\t\t\t\t<\/div>\n\t\t\t\t<\/div>\n\t\t\t\t\t<\/div>\n\t\t<\/div>\n\t\t\t\t\t<\/div>\n\t\t<\/section>\n\t\t\t\t<\/div>","protected":false},"excerpt":{"rendered":"<p>Tout savoir sur le check-in : Simplifier vos s\u00e9jours \u00e0 l&rsquo;h\u00f4tel Dans le monde de l&rsquo;h\u00f4tellerie, le terme check-in est essentiel pour offrir une exp\u00e9rience client fluide et agr\u00e9able. Le check-in ne se limite pas simplement \u00e0 la r\u00e9ception des clients; il englobe plusieurs aspects cruciaux qui am\u00e9liorent la satisfaction des h\u00f4tes d\u00e8s leur arriv\u00e9e. [&hellip;]<\/p>\n","protected":false},"author":17,"featured_media":0,"parent":21098,"menu_order":30,"comment_status":"closed","ping_status":"closed","template":"","meta":{"inline_featured_image":false,"footnotes":""},"class_list":["post-21232","page","type-page","status-publish","hentry"],"_links":{"self":[{"href":"https:\/\/www.chateauberne.com\/de\/wp-json\/wp\/v2\/pages\/21232","targetHints":{"allow":["GET"]}}],"collection":[{"href":"https:\/\/www.chateauberne.com\/de\/wp-json\/wp\/v2\/pages"}],"about":[{"href":"https:\/\/www.chateauberne.com\/de\/wp-json\/wp\/v2\/types\/page"}],"author":[{"embeddable":true,"href":"https:\/\/www.chateauberne.com\/de\/wp-json\/wp\/v2\/users\/17"}],"replies":[{"embeddable":true,"href":"https:\/\/www.chateauberne.com\/de\/wp-json\/wp\/v2\/comments?post=21232"}],"version-history":[{"count":11,"href":"https:\/\/www.chateauberne.com\/de\/wp-json\/wp\/v2\/pages\/21232\/revisions"}],"predecessor-version":[{"id":21436,"href":"https:\/\/www.chateauberne.com\/de\/wp-json\/wp\/v2\/pages\/21232\/revisions\/21436"}],"up":[{"embeddable":true,"href":"https:\/\/www.chateauberne.com\/de\/wp-json\/wp\/v2\/pages\/21098"}],"wp:attachment":[{"href":"https:\/\/www.chateauberne.com\/de\/wp-json\/wp\/v2\/media?parent=21232"}],"curies":[{"name":"wp","href":"https:\/\/api.w.org\/{rel}","templated":true}]}}