{"id":21233,"date":"2024-05-31T19:17:27","date_gmt":"2024-05-31T17:17:27","guid":{"rendered":"https:\/\/www.chateauberne.com\/?page_id=21233"},"modified":"2024-05-31T21:09:30","modified_gmt":"2024-05-31T19:09:30","slug":"check-out-hotel","status":"publish","type":"page","link":"https:\/\/www.chateauberne.com\/de\/definition\/check-out-hotel\/","title":{"rendered":"Alles, was Sie \u00fcber das Auschecken wissen m\u00fcssen"},"content":{"rendered":"<div data-elementor-type=\"wp-page\" data-elementor-id=\"21233\" class=\"elementor elementor-21233\" data-elementor-post-type=\"page\">\n\t\t\t\t\t\t<section class=\"elementor-section elementor-top-section elementor-element elementor-element-1a28d1f elementor-section-full_width elementor-section-height-default elementor-section-height-default\" data-id=\"1a28d1f\" data-element_type=\"section\" data-e-type=\"section\">\n\t\t\t\t\t\t<div class=\"elementor-container elementor-column-gap-default\">\n\t\t\t\t\t<div class=\"elementor-column elementor-col-100 elementor-top-column elementor-element elementor-element-9589c14\" data-id=\"9589c14\" data-element_type=\"column\" data-e-type=\"column\">\n\t\t\t<div class=\"elementor-widget-wrap elementor-element-populated\">\n\t\t\t\t\t\t<div class=\"elementor-element elementor-element-00b4e91 elementor--h-position-center elementor--v-position-middle elementor-widget elementor-widget-slides\" data-id=\"00b4e91\" data-element_type=\"widget\" data-e-type=\"widget\" data-settings=\"{&quot;navigation&quot;:&quot;none&quot;,&quot;transition&quot;:&quot;fade&quot;,&quot;transition_speed&quot;:500}\" data-widget_type=\"slides.default\">\n\t\t\t\t<div class=\"elementor-widget-container\">\n\t\t\t\t\t\t\t\t\t<div class=\"elementor-swiper\">\n\t\t\t\t\t<div class=\"elementor-slides-wrapper elementor-main-swiper swiper\" role=\"region\" aria-roledescription=\"carousel\" aria-label=\"Folien\" dir=\"ltr\" data-animation=\"fadeInUp\">\n\t\t\t\t<div class=\"swiper-wrapper elementor-slides\">\n\t\t\t\t\t\t\t\t\t\t<div class=\"elementor-repeater-item-de8fba4 swiper-slide\" role=\"group\" aria-roledescription=\"slide\"><div class=\"swiper-slide-bg\" role=\"img\" aria-label=\"Check-out Hotel\"><\/div><div class=\"swiper-slide-inner\" ><div class=\"swiper-slide-contents\"><\/div><\/div><\/div>\t\t\t\t<\/div>\n\t\t\t\t\t\t\t<\/div>\n\t\t\t\t<\/div>\n\t\t\t\t\t\t\t\t<\/div>\n\t\t\t\t<\/div>\n\t\t\t\t\t<\/div>\n\t\t<\/div>\n\t\t\t\t\t<\/div>\n\t\t<\/section>\n\t\t\t\t<section class=\"elementor-section elementor-top-section elementor-element elementor-element-11d6b19 elementor-section-boxed elementor-section-height-default elementor-section-height-default\" data-id=\"11d6b19\" data-element_type=\"section\" data-e-type=\"section\">\n\t\t\t\t\t\t<div class=\"elementor-container elementor-column-gap-default\">\n\t\t\t\t\t<div class=\"elementor-column elementor-col-100 elementor-top-column elementor-element elementor-element-a4065cd\" data-id=\"a4065cd\" data-element_type=\"column\" data-e-type=\"column\">\n\t\t\t<div class=\"elementor-widget-wrap\">\n\t\t\t\t\t\t\t<\/div>\n\t\t<\/div>\n\t\t\t\t\t<\/div>\n\t\t<\/section>\n\t\t\t\t<section class=\"elementor-section elementor-top-section elementor-element elementor-element-f6f44e9 elementor-section-boxed elementor-section-height-default elementor-section-height-default\" data-id=\"f6f44e9\" data-element_type=\"section\" data-e-type=\"section\">\n\t\t\t\t\t\t<div class=\"elementor-container elementor-column-gap-default\">\n\t\t\t\t\t<div class=\"elementor-column elementor-col-100 elementor-top-column elementor-element elementor-element-46d5035\" data-id=\"46d5035\" data-element_type=\"column\" data-e-type=\"column\">\n\t\t\t<div class=\"elementor-widget-wrap elementor-element-populated\">\n\t\t\t\t\t\t<div class=\"elementor-element elementor-element-901a724 elementor-widget elementor-widget-heading\" data-id=\"901a724\" data-element_type=\"widget\" data-e-type=\"widget\" data-widget_type=\"heading.default\">\n\t\t\t\t<div class=\"elementor-widget-container\">\n\t\t\t\t\t<h1 class=\"elementor-heading-title elementor-size-default\">Alles, was Sie \u00fcber das Auschecken in der Hotellerie wissen m\u00fcssen\n<\/h1>\t\t\t\t<\/div>\n\t\t\t\t<\/div>\n\t\t\t\t<div class=\"elementor-element elementor-element-82523ea elementor-widget-divider--view-line elementor-widget elementor-widget-divider\" data-id=\"82523ea\" data-element_type=\"widget\" data-e-type=\"widget\" data-widget_type=\"divider.default\">\n\t\t\t\t<div class=\"elementor-widget-container\">\n\t\t\t\t\t\t\t<div class=\"elementor-divider\">\n\t\t\t<span class=\"elementor-divider-separator\">\n\t\t\t\t\t\t<\/span>\n\t\t<\/div>\n\t\t\t\t\t\t<\/div>\n\t\t\t\t<\/div>\n\t\t\t\t<div class=\"elementor-element elementor-element-0801fa3 elementor-widget__width-initial elementor-widget elementor-widget-text-editor\" data-id=\"0801fa3\" data-element_type=\"widget\" data-e-type=\"widget\" data-widget_type=\"text-editor.default\">\n\t\t\t\t<div class=\"elementor-widget-container\">\n\t\t\t\t\t\t\t\t\t<p>Der Check-out ist ein entscheidender Schritt w\u00e4hrend Ihres Aufenthalts in einem Hotel. Dieser Vorgang umfasst die \u00dcberpr\u00fcfung der Details Ihrer Rechnung, die Zahlung der damit verbundenen Geb\u00fchren und die R\u00e4umung Ihres Zimmers, bevor Sie das Hotel verlassen. Erkunden wir im Detail alles, was Sie f\u00fcr einen reibungslosen Check-out wissen m\u00fcssen.<\/p><h2>Definition von Check-out<\/h2><p>In der Hotellerie stellt der Check-out den Prozess dar, mit dem ein Gast seinen Aufenthalt im Hotel abschlie\u00dft. Dazu geh\u00f6ren die \u00dcberpr\u00fcfung der w\u00e4hrend des Aufenthalts aufgelaufenen Kosten, die Bezahlung der Schlussrechnung sowie die R\u00fcckgabe der Schl\u00fcssel oder Magnetkarten. Dieser Vorgang findet in der Regel an der Hotelrezeption statt und erfolgt vor der Abreise des Gastes.<\/p><h2>Wesentliche Schritte beim Auschecken<\/h2><p>Der Check-out besteht in der Regel aus mehreren getrennten Schritten:\u00a0<\/p><ul><li><strong>\u00dcberpr\u00fcfung der Note<\/strong> : Einmal an der Rezeption angekommen, stellt das Hotelpersonal dem Gast eine detaillierte Liste aller Ausgaben zur Verf\u00fcgung, die w\u00e4hrend seines Aufenthalts get\u00e4tigt wurden.<\/li><li><strong>Verordnung<\/strong> Der Kunde zahlt die Rechnung entweder per Kreditkarte, in bar oder auf eine andere vom Hotel akzeptierte Weise.<\/li><li><strong>R\u00fcckgabe der Schl\u00fcssel<\/strong> Der Gast gibt die Schl\u00fcssel oder Magnetkarten zur\u00fcck, die er f\u00fcr den Zugang zu seinem Zimmer benutzt hat.<\/li><li><strong>Sammeln von Quittungen und Dokumenten<\/strong> : Die Rezeption \u00fcbergibt dem Kunden eine Kopie des Zahlungsbelegs und alle anderen relevanten Unterlagen.<\/li><li><strong>\u00dcberpr\u00fcfung der Verwaltungsformalit\u00e4ten<\/strong> : Falls n\u00f6tig, \u00fcberpr\u00fcft das Personal alle f\u00fcr den Aufenthalt erforderlichen Ausweisdokumente und andere Belege.<\/li><\/ul><h2>Die Check-out-Zeiten<\/h2><p>Die Check-out-Zeiten variieren in der Regel von Hotel zu Hotel, liegen aber meist zwischen 10 und 12 Uhr. Einige Hotels bieten gegen eine zus\u00e4tzliche Geb\u00fchr oder unter bestimmten Bedingungen einen sp\u00e4ten Check-out an, insbesondere wenn sie nicht ausgebucht sind.<\/p><p>Weitere Informationen zum Check-out im Berner Schloss<a href=\"https:\/\/www.chateauberne.com\/de\/hotel-et-villa\/\" target=\"_blank\" rel=\"noopener\">https:\/\/www.chateauberne.com\/hotel-et-villa\/<\/a><\/p><h2>Tipps f\u00fcr ein stressfreies Auschecken<\/h2><p>Um einen effizienten und stressfreien Start zu gew\u00e4hrleisten, gibt es einige praktische Tipps:\u00a0<\/p><ul><li><strong>Den Tag der Abreise antizipieren<\/strong> : Packen Sie Ihre Sachen am Vorabend und achten Sie darauf, dass Sie nichts in Ihrem Zimmer vergessen.<\/li><li><strong>Die Notiz im Voraus konsultieren<\/strong> : Lassen Sie sich Ihre endg\u00fcltige Rechnung vor dem Morgen der Abreise zeigen, damit Sie eventuelle Unstimmigkeiten besprechen k\u00f6nnen.<\/li><li><strong>Zeit einplanen<\/strong> : Kommen Sie fr\u00fch genug an der Rezeption an, um Warteschlangen zu vermeiden und das Verfahren ohne Eile abzuwickeln.<\/li><li><strong>Expressdienste nutzen<\/strong> : Einige Hotels bieten einen Express-Check-out an, bei dem die Schl\u00fcssel in einer speziellen Box hinterlegt werden und die Rechnung per E-Mail zugestellt wird.<\/li><\/ul><h2>Die verf\u00fcgbaren Zahlungsmethoden<\/h2><p>Moderne Hotels bieten mehrere M\u00f6glichkeiten, die Schlussrechnung zu begleichen:\u00a0<\/p><ul><li><strong>Kredit-\/Debitkarte<\/strong> : Dies ist die am h\u00e4ufigsten verwendete und von fast allen Hotels akzeptierte Option.<\/li><li><strong>Arten<\/strong> : Obwohl weniger h\u00e4ufig, ist die Barzahlung oft eine praktikable Option.<\/li><li><strong>Reiseschecks<\/strong> Reisechecks: Einige Hotels akzeptieren noch Reiseschecks als Zahlungsmittel.<\/li><li><strong>Mobile Zahlungen<\/strong> In modernisierten Einrichtungen k\u00f6nnen verschiedene elektronische Zahlungsmethoden (wie Apple Pay und Google Wallet) verwendet werden.<\/li><\/ul><h2>Verwaltung von Streitf\u00e4llen und Rechnungsanpassungen<\/h2><p>Es kommt vor, dass der Kunde auf seiner Abschlussrechnung Unstimmigkeiten feststellt. Zu den h\u00e4ufigen Fehlern k\u00f6nnen geh\u00f6ren:<\/p><ul><li><strong>Doppelte Rechnungsstellung<\/strong> : Dienstleistungen oder Eink\u00e4ufe erscheinen zweimal auf der Rechnung.<\/li><li><strong>Betr\u00fcgerische<\/strong> : Kosten f\u00fcr Minibar oder Restaurantbesuche, die vom Kunden nie konsumiert wurden.<\/li><li><strong>Technische Zwischenf\u00e4lle<\/strong> : Falsche Berechnung von anwendbaren Rabatten oder Sonderangeboten.<\/li><\/ul><p>In solchen F\u00e4llen ist es ratsam, sich direkt mit der Rezeption in Verbindung zu setzen. Das Personal ist geschult, mit solchen Situationen umzugehen, und oft werden nach einer \u00dcberpr\u00fcfung die notwendigen Anpassungen schnell vorgenommen.<\/p><h2>Zus\u00e4tzliche Dienstleistungen beim Auschecken<\/h2><p>Viele Hotels bieten beim Auschecken zus\u00e4tzliche Dienstleistungen an, um das Gesamterlebnis der G\u00e4ste zu verbessern.<\/p><ul><li><strong>Gep\u00e4ckaufbewahrung<\/strong> : F\u00fcr G\u00e4ste, die einen Flug oder einen Zug am Ende des Tages haben, gibt es eine Gep\u00e4ckaufbewahrung, in der das Gep\u00e4ck f\u00fcr einige Stunden aufbewahrt werden kann.<\/li><li><strong>Transfer Flughafen\/Bahnhof<\/strong> : Mehrere Hotels bieten einen Shuttle-Service an, um die Fahrt zum Flughafen oder Bahnhof zu erleichtern.<\/li><li><strong>Verz\u00f6gerte Rechnungsstellung<\/strong> : Einige Hotelketten bieten die M\u00f6glichkeit, die Rechnung nach der Abreise mithilfe eines Lastschriftverfahrens zu begleichen.<\/li><\/ul><h2>Check-out f\u00fcr Gruppen und Veranstaltungen<\/h2><p>Das Auschecken kann kompliziert werden, wenn Sie in einer Gruppe reisen oder eine Veranstaltung organisieren. Einen Gruppen-Check-out zu praktizieren, erfordert eine besondere Organisation :<\/p><ul><li><strong>Koordination im Vorfeld<\/strong> : Kommunizieren Sie mit dem Verantwortlichen der Unterkunft, um eine koordinierte Abreise zu organisieren.<\/li><li><strong>Getrennte Rechnungsstellung<\/strong> : Jedes Gruppenmitglied kann eine separate Rechnung nach seinen eigenen Ausgaben beantragen.<\/li><li><strong>Verwaltung von Extras<\/strong> : Achten Sie darauf, dass Gruppen- oder Einzelaktivit\u00e4ten korrekt zu den jeweiligen Noten hinzugef\u00fcgt werden.<\/li><\/ul><h2>Vorteile eines reibungslosen Check-outs<\/h2><p>Ein gut gef\u00fchrter Check-out bringt sowohl f\u00fcr den Gast als auch f\u00fcr das Hotel erhebliche Vorteile:<\/p><ul><li><strong>Kundenzufriedenheit<\/strong> : Ein schneller und transparenter Prozess hinterl\u00e4sst eine gute Erinnerung an den Aufenthalt.<\/li><li><strong>Operative Effizienz<\/strong> Anmerkung: Das Hotel kann die An- und Abreise besser steuern, wenn das Auschecken vereinfacht wird.<\/li><li><strong>Reduzierung von Fehlern<\/strong> : Eine geordnete Abreise minimiert das Risiko eines Rechtsstreits nach der Abreise.<\/li><\/ul>\t\t\t\t\t\t\t\t<\/div>\n\t\t\t\t<\/div>\n\t\t\t\t<div class=\"elementor-element elementor-element-a8a7884 elementor-widget elementor-widget-spacer\" data-id=\"a8a7884\" data-element_type=\"widget\" data-e-type=\"widget\" data-widget_type=\"spacer.default\">\n\t\t\t\t<div class=\"elementor-widget-container\">\n\t\t\t\t\t\t\t<div class=\"elementor-spacer\">\n\t\t\t<div class=\"elementor-spacer-inner\"><\/div>\n\t\t<\/div>\n\t\t\t\t\t\t<\/div>\n\t\t\t\t<\/div>\n\t\t\t\t\t<\/div>\n\t\t<\/div>\n\t\t\t\t\t<\/div>\n\t\t<\/section>\n\t\t\t\t<\/div>","protected":false},"excerpt":{"rendered":"<p>Tout ce qu&rsquo;il faut savoir sur le check-out dans l&rsquo;h\u00f4tellerie Le check-out est une \u00e9tape cruciale lors de votre s\u00e9jour dans un h\u00f4tel. Cette proc\u00e9dure consiste \u00e0 v\u00e9rifier les d\u00e9tails de votre note, \u00e0 r\u00e9gler les frais associ\u00e9s et \u00e0 lib\u00e9rer votre chambre avant de quitter l&rsquo;\u00e9tablissement. Explorons en d\u00e9tail tout ce qu&rsquo;il faut savoir [&hellip;]<\/p>\n","protected":false},"author":17,"featured_media":0,"parent":21098,"menu_order":32,"comment_status":"closed","ping_status":"closed","template":"","meta":{"inline_featured_image":false,"footnotes":""},"class_list":["post-21233","page","type-page","status-publish","hentry"],"_links":{"self":[{"href":"https:\/\/www.chateauberne.com\/de\/wp-json\/wp\/v2\/pages\/21233","targetHints":{"allow":["GET"]}}],"collection":[{"href":"https:\/\/www.chateauberne.com\/de\/wp-json\/wp\/v2\/pages"}],"about":[{"href":"https:\/\/www.chateauberne.com\/de\/wp-json\/wp\/v2\/types\/page"}],"author":[{"embeddable":true,"href":"https:\/\/www.chateauberne.com\/de\/wp-json\/wp\/v2\/users\/17"}],"replies":[{"embeddable":true,"href":"https:\/\/www.chateauberne.com\/de\/wp-json\/wp\/v2\/comments?post=21233"}],"version-history":[{"count":12,"href":"https:\/\/www.chateauberne.com\/de\/wp-json\/wp\/v2\/pages\/21233\/revisions"}],"predecessor-version":[{"id":21299,"href":"https:\/\/www.chateauberne.com\/de\/wp-json\/wp\/v2\/pages\/21233\/revisions\/21299"}],"up":[{"embeddable":true,"href":"https:\/\/www.chateauberne.com\/de\/wp-json\/wp\/v2\/pages\/21098"}],"wp:attachment":[{"href":"https:\/\/www.chateauberne.com\/de\/wp-json\/wp\/v2\/media?parent=21233"}],"curies":[{"name":"wp","href":"https:\/\/api.w.org\/{rel}","templated":true}]}}