{"id":21234,"date":"2024-05-31T19:24:48","date_gmt":"2024-05-31T17:24:48","guid":{"rendered":"https:\/\/www.chateauberne.com\/?page_id=21234"},"modified":"2024-05-31T22:11:30","modified_gmt":"2024-05-31T20:11:30","slug":"gestion-plainte-hotellerie","status":"publish","type":"page","link":"https:\/\/www.chateauberne.com\/de\/definition\/gestion-plainte-hotellerie\/","title":{"rendered":"Verwaltung von Hotelbeschwerden"},"content":{"rendered":"<div data-elementor-type=\"wp-page\" data-elementor-id=\"21234\" class=\"elementor elementor-21234\" data-elementor-post-type=\"page\">\n\t\t\t\t\t\t<section class=\"elementor-section elementor-top-section elementor-element elementor-element-312faa0 elementor-section-full_width elementor-section-height-default elementor-section-height-default\" data-id=\"312faa0\" data-element_type=\"section\" data-e-type=\"section\">\n\t\t\t\t\t\t<div class=\"elementor-container elementor-column-gap-default\">\n\t\t\t\t\t<div class=\"elementor-column elementor-col-100 elementor-top-column elementor-element elementor-element-9a916bf\" data-id=\"9a916bf\" data-element_type=\"column\" data-e-type=\"column\">\n\t\t\t<div class=\"elementor-widget-wrap elementor-element-populated\">\n\t\t\t\t\t\t<div class=\"elementor-element elementor-element-4d1055c elementor--h-position-center elementor--v-position-middle elementor-widget elementor-widget-slides\" data-id=\"4d1055c\" data-element_type=\"widget\" data-e-type=\"widget\" data-settings=\"{&quot;navigation&quot;:&quot;none&quot;,&quot;transition&quot;:&quot;fade&quot;,&quot;transition_speed&quot;:500}\" data-widget_type=\"slides.default\">\n\t\t\t\t<div class=\"elementor-widget-container\">\n\t\t\t\t\t\t\t\t\t<div class=\"elementor-swiper\">\n\t\t\t\t\t<div class=\"elementor-slides-wrapper elementor-main-swiper swiper\" role=\"region\" aria-roledescription=\"carousel\" aria-label=\"Slides\" dir=\"ltr\" data-animation=\"fadeInUp\">\n\t\t\t\t<div class=\"swiper-wrapper elementor-slides\">\n\t\t\t\t\t\t\t\t\t\t<div class=\"elementor-repeater-item-de8fba4 swiper-slide\" role=\"group\" aria-roledescription=\"slide\"><div class=\"swiper-slide-bg\" role=\"img\" aria-label=\"Empfang im Schloss Bern\"><\/div><div class=\"swiper-slide-inner\" ><div class=\"swiper-slide-contents\"><\/div><\/div><\/div>\t\t\t\t<\/div>\n\t\t\t\t\t\t\t<\/div>\n\t\t\t\t<\/div>\n\t\t\t\t\t\t\t\t<\/div>\n\t\t\t\t<\/div>\n\t\t\t\t\t<\/div>\n\t\t<\/div>\n\t\t\t\t\t<\/div>\n\t\t<\/section>\n\t\t\t\t<section class=\"elementor-section elementor-top-section elementor-element elementor-element-74e3449 elementor-section-boxed elementor-section-height-default elementor-section-height-default\" data-id=\"74e3449\" data-element_type=\"section\" data-e-type=\"section\">\n\t\t\t\t\t\t<div class=\"elementor-container elementor-column-gap-default\">\n\t\t\t\t\t<div class=\"elementor-column elementor-col-100 elementor-top-column elementor-element elementor-element-0584140\" data-id=\"0584140\" data-element_type=\"column\" data-e-type=\"column\">\n\t\t\t<div class=\"elementor-widget-wrap\">\n\t\t\t\t\t\t\t<\/div>\n\t\t<\/div>\n\t\t\t\t\t<\/div>\n\t\t<\/section>\n\t\t\t\t<section class=\"elementor-section elementor-top-section elementor-element elementor-element-0a1fa99 elementor-section-boxed elementor-section-height-default elementor-section-height-default\" data-id=\"0a1fa99\" data-element_type=\"section\" data-e-type=\"section\">\n\t\t\t\t\t\t<div class=\"elementor-container elementor-column-gap-default\">\n\t\t\t\t\t<div class=\"elementor-column elementor-col-100 elementor-top-column elementor-element elementor-element-f14d987\" data-id=\"f14d987\" data-element_type=\"column\" data-e-type=\"column\">\n\t\t\t<div class=\"elementor-widget-wrap elementor-element-populated\">\n\t\t\t\t\t\t<div class=\"elementor-element elementor-element-1f8cabc elementor-widget elementor-widget-heading\" data-id=\"1f8cabc\" data-element_type=\"widget\" data-e-type=\"widget\" data-widget_type=\"heading.default\">\n\t\t\t\t<div class=\"elementor-widget-container\">\n\t\t\t\t\t<h1 class=\"elementor-heading-title elementor-size-default\">Beschwerdemanagement in der Hotellerie: Alles, was Sie wissen m\u00fcssen<\/h1>\t\t\t\t<\/div>\n\t\t\t\t<\/div>\n\t\t\t\t<div class=\"elementor-element elementor-element-2cc1eb8 elementor-widget-divider--view-line elementor-widget elementor-widget-divider\" data-id=\"2cc1eb8\" data-element_type=\"widget\" data-e-type=\"widget\" data-widget_type=\"divider.default\">\n\t\t\t\t<div class=\"elementor-widget-container\">\n\t\t\t\t\t\t\t<div class=\"elementor-divider\">\n\t\t\t<span class=\"elementor-divider-separator\">\n\t\t\t\t\t\t<\/span>\n\t\t<\/div>\n\t\t\t\t\t\t<\/div>\n\t\t\t\t<\/div>\n\t\t\t\t<div class=\"elementor-element elementor-element-0f31947 elementor-widget__width-initial elementor-widget elementor-widget-text-editor\" data-id=\"0f31947\" data-element_type=\"widget\" data-e-type=\"widget\" data-widget_type=\"text-editor.default\">\n\t\t\t\t<div class=\"elementor-widget-container\">\n\t\t\t\t\t\t\t\t\t<p>Im Bereich der Hotellerie, <strong>die Zufriedenheit der Klienten<\/strong> ist ein wesentliches Element, um Kundentreue zu gew\u00e4hrleisten und neue Kunden anzuziehen. Trotz aller Bem\u00fchungen kommt es jedoch vor, dass einige Kunden ihre Unzufriedenheit in Form von Beschwerden oder Reklamationen zum Ausdruck bringen. <strong>Der Umgang mit diesen Beschwerden<\/strong> ist von besonderer Bedeutung, da sie sowohl die Qualit\u00e4t der Dienstleistung verbessern als auch den Ruf eines Hotels st\u00e4rken kann.<\/p><h2>Ursachen f\u00fcr Beschwerden in der Hotellerie<\/h2><h3>Sachliche Fehler und Auslassungen<\/h3><p>Die <strong>sachliche Fehler<\/strong> und Auslassungen sind h\u00e4ufige Quellen f\u00fcr Beschwerden in der Hotellerie. Zum Beispiel :<\/p><ul><li>Ein Fehler in der Abschlussrechnung<\/li><li>Das Vergessen von bestimmten Dienstleistungen, die bei der Buchung versprochen wurden<\/li><li>Die Nichtverf\u00fcgbarkeit von angek\u00fcndigten Einrichtungen (Wi-Fi, Schwimmbad, Sporthalle)<\/li><\/ul><p>Diese Fehler k\u00f6nnen die Wahrnehmung des Gastes von der Qualit\u00e4t des Hotels stark beeintr\u00e4chtigen. Daher ist es f\u00fcr Beherbergungsbetriebe von entscheidender Bedeutung, die Details gr\u00fcndlich zu \u00fcberpr\u00fcfen, um solche Probleme zu vermeiden und damit Beschwerden zu minimieren.<\/p><h3>Unzufriedenheit mit den erbrachten Dienstleistungen<\/h3><p>Viele Kundinnen und Kunden beschweren sich aufgrund von <strong>die empfundene Unzufriedenheit<\/strong> infolge von Dienstleistungen, die als unter den Erwartungen liegend wahrgenommen wurden :<\/p><ul><li>Zu lange Wartezeit beim Einchecken\/Auschecken<\/li><li>Unzureichende Sauberkeit der Zimmer<\/li><li>Ineffizienter oder unpers\u00f6nlicher Hausmeisterservice<\/li><\/ul><p>Daher ist es f\u00fcr Hotels von entscheidender Bedeutung, ihr Personal systematisch zu schulen, um diese Situationen zu minimieren und proaktiv auf die W\u00fcnsche der G\u00e4ste zu reagieren.<\/p><h2>Die entscheidende Rolle der Kommunikation bei der Bearbeitung von Beschwerden<\/h2><p><strong>Der Schl\u00fcssel zum effektiven Umgang mit Beschwerden<\/strong> in der Hotellerie beruht auf der Schnelligkeit und Qualit\u00e4t der Kommunikation zwischen Gast und Hotelpersonal. Hier sind einige wesentliche Punkte, die Sie beachten sollten:<\/p><h3>Aktives Zuh\u00f6ren<\/h3><p><strong>Aktives Zuh\u00f6ren<\/strong> besteht darin, dem, was der Kunde sagt, besondere und empathische Aufmerksamkeit zu schenken. Dies beinhaltet :<\/p><ul><li>Unterbrechen Sie den Kunden nicht, w\u00e4hrend er seine Beschwerde erkl\u00e4rt.<\/li><li>Stellen Sie kl\u00e4rende Fragen, um die Art des Problems zu verstehen<\/li><li>Empathie und Verst\u00e4ndnis zeigen<\/li><\/ul><h3>Die schnelle und effektive Antwort<\/h3><p>Eine Beschwerde, die nicht schnell bearbeitet wird, kann die Situation verschlimmern. Hotels sollten ein System zur schnellen Eskalation von Beschwerden einrichten, um Probleme so schnell wie m\u00f6glich zu l\u00f6sen :<\/p><ul><li>Implementierung eines standardisierten Prozesses zur Bearbeitung von Beschwerden<\/li><li>Zuweisung von Mitarbeitern, die f\u00fcr die verschiedenen Phasen der Beschwerdebearbeitung zust\u00e4ndig sind<\/li><\/ul><p>Durch eine prompte und angemessene Reaktion k\u00f6nnen Einrichtungen eine negative Erfahrung in eine Gelegenheit umwandeln, um ihr Engagement f\u00fcr Kundenzufriedenheit zu demonstrieren.<\/p><h2>Die Nachbereitung nach der Bearbeitung von Beschwerden<\/h2><p>Ein guter Umgang mit einer Beschwerde bedeutet mehr als nur die L\u00f6sung des urspr\u00fcnglichen Problems. Die <strong>Nachsorge nach einer Beschwerde<\/strong> ist ebenso wichtig, um sicherzustellen, dass der Kunde mit der gefundenen L\u00f6sung vollst\u00e4ndig zufrieden ist.<\/p><h3>Bewertung der Zufriedenheit nach der L\u00f6sung<\/h3><p>Nachdem Sie eine L\u00f6sung f\u00fcr die Beschwerde eines Kunden angeboten haben, ist es ratsam, zu bewerten, ob diese L\u00f6sung erfolgreich war:<\/p><ul><li>Senden Sie eine Nachfass-E-Mail oder kontaktieren Sie den Kunden direkt, um seine Eindr\u00fccke zu sammeln.<\/li><li>Messung der Zufriedenheit durch Umfragen oder kurze Frageb\u00f6gen<\/li><\/ul><h3>Die Analyse von Beschwerden f\u00fcr eine kontinuierliche Verbesserung<\/h3><p>Jede eingegangene Beschwerde ist eine wertvolle Informationsquelle, die genutzt werden kann, um zuk\u00fcnftige Probleme zu verhindern. So k\u00f6nnen Sie diese R\u00fcckmeldungen nutzen :<\/p><ul><li>Erstellen Sie ein detailliertes Verzeichnis von Beschwerden und L\u00f6sungen.<\/li><li>Regelm\u00e4\u00dfige Analyse der gesammelten Daten, um Trends oder wiederkehrende Punkte zu erkennen<\/li><li>Verwenden Sie diese Analysen, um Personal zu schulen und betriebliche Praktiken anzupassen.<\/li><\/ul><p>Indem sie so vorgehen, werden die <a href=\"https:\/\/www.chateauberne.com\/de\/spa\/\" target=\"_blank\" rel=\"noopener\">5-Sterne-Spa-Hotels<\/a> k\u00f6nnen ihre Leistungserbringung kontinuierlich verbessern.<\/p><h2>Moderne Instrumente f\u00fcr das Beschwerdemanagement<\/h2><p>Die technologische Entwicklung bietet zahlreiche Werkzeuge, die es Hotels erm\u00f6glichen, besser <strong>Beschwerden verwalten<\/strong> und die Kommunikation mit den Kunden zu optimieren.<\/p><h3>Software zur Verwaltung von Beschwerden<\/h3><p>Mithilfe spezieller Software k\u00f6nnen alle Beschwerden zentral erfasst und ihre Bearbeitung rationalisiert werden:<\/p><ul><li>Ticketing-Systeme f\u00fcr eine bessere R\u00fcckverfolgbarkeit von Beschwerden<\/li><li>Automatische Benachrichtigungen f\u00fcr Manager, damit sie neue Beschwerden schnell zur Kenntnis nehmen k\u00f6nnen<\/li><\/ul><h3>Online-Feedbackformulare<\/h3><p>Feedbackformulare, die \u00fcber die Hotelwebseiten oder mobile Anwendungen zug\u00e4nglich sind, erleichtern das Sammeln von Beschwerden :<\/p><ul><li>Einfacher Zugang und einfache Nutzung f\u00fcr die Klientinnen und Klienten<\/li><li>Automatische Sammlung der relevanten Informationen f\u00fcr jede Beschwerde<\/li><\/ul><h3>Pr\u00e4diktive Analysen<\/h3><p>Mithilfe von k\u00fcnstlicher Intelligenz k\u00f6nnen Hotels nun bestimmte Beschwerden vorhersehen und pr\u00e4ventiv handeln:<\/p><ul><li>Analyse vergangener Trends, um kritische Zeiten vorherzusagen<\/li><li>Erkennen schwacher Signale, die auf eine potenzielle Unzufriedenheit hinweisen<\/li><\/ul><h2>Teilen Sie gute Praktiken mit den Mitarbeitern<\/h2><p>Es muss sichergestellt werden, dass alle Mitarbeiter in das Beschwerdemanagement einbezogen werden und sich der besten Praktiken bewusst sind.<\/p><h3>Regelm\u00e4\u00dfige Schulungen<\/h3><p>Organisieren Sie regelm\u00e4\u00dfige Schulungen, um das Personal f\u00fcr die Techniken des Beschwerdemanagements zu sensibilisieren und anzuleiten :<\/p><ul><li>Praktische Workshops auf der Grundlage von realen Szenarien, die das Hotel erlebt hat<\/li><li>Einladungen von externen Spezialisten f\u00fcr zus\u00e4tzliche Einblicke<\/li><\/ul><h3>Erstellung von internen Leitf\u00e4den und Protokollen<\/h3><p>Verfassen Sie klare und leicht zug\u00e4ngliche Protokolle, um das Personal anzuleiten :<\/p><ul><li>Handb\u00fccher, in denen die Verfahren Schritt f\u00fcr Schritt beschrieben werden<\/li><li>Schnell-L\u00f6sungsbl\u00e4tter f\u00fcr kleinere Vorf\u00e4lle<\/li><\/ul><p>Wenn sichergestellt ist, dass jeder Mitarbeiter diese Praktiken beherrscht, k\u00f6nnen die Einrichtungen eine einheitliche und professionelle Reaktion auf jede Beschwerde anbieten.<\/p><h2>Strategien zur Vermeidung von Beschwerden<\/h2><p>Zum Schluss <strong>Beschwerden vorbeugen<\/strong> noch bevor sie entstehen, ist die ideale Strategie f\u00fcr jedes Hotelunternehmen, das eine hohe Kundenzufriedenheit aufrechterhalten m\u00f6chte.<\/p><h3>Kontinuierliche Verbesserungen auf der Grundlage von Kundenfeedback<\/h3><p>Ber\u00fccksichtigen Sie weiterhin das Kundenfeedback, um sichtbare Verbesserungen im Service zu erzielen :<\/p><ul><li>Regelm\u00e4\u00dfige Umfragen zur Zufriedenheit<\/li><li>St\u00e4ndige \u00dcberpr\u00fcfung der Angebote und Dienstleistungen<\/li><\/ul><h3>Transparente Kommunikation<\/h3><p>Wenn Sie mit Ihren Kunden \u00fcber m\u00f6gliche Einschr\u00e4nkungen und Unw\u00e4gbarkeiten transparent sind, k\u00f6nnen Sie oft Frustrationen vermeiden:<\/p><ul><li>Vorab \u00fcber anstehende Arbeiten oder Renovierungen informieren<\/li><li>Klarheit \u00fcber die verf\u00fcgbaren Bedingungen und Funktionen<\/li><\/ul><p>Durch einen proaktiven Ansatz und st\u00e4ndige Verbesserungen auf der Grundlage von Beschwerdeanalysen k\u00f6nnen Hotels nicht nur die Anzahl der Beschwerden reduzieren, sondern auch die Loyalit\u00e4t und Gesamtzufriedenheit ihrer G\u00e4ste steigern.<\/p>\t\t\t\t\t\t\t\t<\/div>\n\t\t\t\t<\/div>\n\t\t\t\t<div class=\"elementor-element elementor-element-e164ff8 elementor-widget elementor-widget-spacer\" data-id=\"e164ff8\" data-element_type=\"widget\" data-e-type=\"widget\" data-widget_type=\"spacer.default\">\n\t\t\t\t<div class=\"elementor-widget-container\">\n\t\t\t\t\t\t\t<div class=\"elementor-spacer\">\n\t\t\t<div class=\"elementor-spacer-inner\"><\/div>\n\t\t<\/div>\n\t\t\t\t\t\t<\/div>\n\t\t\t\t<\/div>\n\t\t\t\t\t<\/div>\n\t\t<\/div>\n\t\t\t\t\t<\/div>\n\t\t<\/section>\n\t\t\t\t<\/div>","protected":false},"excerpt":{"rendered":"<p>La gestion des plaintes dans le secteur de l&rsquo;h\u00f4tellerie : Tout ce que vous devez savoir Dans le domaine de l&rsquo;h\u00f4tellerie, la satisfaction des clients est un \u00e9l\u00e9ment essentiel pour garantir la fid\u00e9lit\u00e9 et attirer une nouvelle client\u00e8le. Cependant, malgr\u00e9 les efforts d\u00e9ploy\u00e9s, il arrive que certains clients expriment leur m\u00e9contentement sous forme de r\u00e9clamations [&hellip;]<\/p>\n","protected":false},"author":17,"featured_media":0,"parent":21098,"menu_order":34,"comment_status":"closed","ping_status":"closed","template":"","meta":{"inline_featured_image":false,"footnotes":""},"class_list":["post-21234","page","type-page","status-publish","hentry"],"_links":{"self":[{"href":"https:\/\/www.chateauberne.com\/de\/wp-json\/wp\/v2\/pages\/21234","targetHints":{"allow":["GET"]}}],"collection":[{"href":"https:\/\/www.chateauberne.com\/de\/wp-json\/wp\/v2\/pages"}],"about":[{"href":"https:\/\/www.chateauberne.com\/de\/wp-json\/wp\/v2\/types\/page"}],"author":[{"embeddable":true,"href":"https:\/\/www.chateauberne.com\/de\/wp-json\/wp\/v2\/users\/17"}],"replies":[{"embeddable":true,"href":"https:\/\/www.chateauberne.com\/de\/wp-json\/wp\/v2\/comments?post=21234"}],"version-history":[{"count":10,"href":"https:\/\/www.chateauberne.com\/de\/wp-json\/wp\/v2\/pages\/21234\/revisions"}],"predecessor-version":[{"id":21438,"href":"https:\/\/www.chateauberne.com\/de\/wp-json\/wp\/v2\/pages\/21234\/revisions\/21438"}],"up":[{"embeddable":true,"href":"https:\/\/www.chateauberne.com\/de\/wp-json\/wp\/v2\/pages\/21098"}],"wp:attachment":[{"href":"https:\/\/www.chateauberne.com\/de\/wp-json\/wp\/v2\/media?parent=21234"}],"curies":[{"name":"wp","href":"https:\/\/api.w.org\/{rel}","templated":true}]}}