{"id":21312,"date":"2024-05-31T19:38:35","date_gmt":"2024-05-31T17:38:35","guid":{"rendered":"https:\/\/www.chateauberne.com\/?page_id=21312"},"modified":"2024-05-31T22:11:30","modified_gmt":"2024-05-31T20:11:30","slug":"gestion-urgences-medicales-hotellerie","status":"publish","type":"page","link":"https:\/\/www.chateauberne.com\/de\/definition\/gestion-urgences-medicales-hotellerie\/","title":{"rendered":"Verwaltung medizinischer Notf\u00e4lle"},"content":{"rendered":"<div data-elementor-type=\"wp-page\" data-elementor-id=\"21312\" class=\"elementor elementor-21312\" data-elementor-post-type=\"page\">\n\t\t\t\t\t\t<section class=\"elementor-section elementor-top-section elementor-element elementor-element-1663662 elementor-section-full_width elementor-section-height-default elementor-section-height-default\" data-id=\"1663662\" data-element_type=\"section\" data-e-type=\"section\">\n\t\t\t\t\t\t<div class=\"elementor-container elementor-column-gap-default\">\n\t\t\t\t\t<div class=\"elementor-column elementor-col-100 elementor-top-column elementor-element elementor-element-b3976a9\" data-id=\"b3976a9\" data-element_type=\"column\" data-e-type=\"column\">\n\t\t\t<div class=\"elementor-widget-wrap elementor-element-populated\">\n\t\t\t\t\t\t<div class=\"elementor-element elementor-element-1a70337 elementor--h-position-center elementor--v-position-middle elementor-widget elementor-widget-slides\" data-id=\"1a70337\" data-element_type=\"widget\" data-e-type=\"widget\" data-settings=\"{&quot;navigation&quot;:&quot;none&quot;,&quot;transition&quot;:&quot;fade&quot;,&quot;transition_speed&quot;:500}\" data-widget_type=\"slides.default\">\n\t\t\t\t<div class=\"elementor-widget-container\">\n\t\t\t\t\t\t\t\t\t<div class=\"elementor-swiper\">\n\t\t\t\t\t<div class=\"elementor-slides-wrapper elementor-main-swiper swiper\" role=\"region\" aria-roledescription=\"carousel\" aria-label=\"Folien\" dir=\"ltr\" data-animation=\"fadeInUp\">\n\t\t\t\t<div class=\"swiper-wrapper elementor-slides\">\n\t\t\t\t\t\t\t\t\t\t<div class=\"elementor-repeater-item-de8fba4 swiper-slide\" role=\"group\" aria-roledescription=\"slide\"><div class=\"swiper-slide-bg\" role=\"img\" aria-label=\"medizinische Notf\u00e4lle in der Hotellerie\"><\/div><div class=\"swiper-slide-inner\" ><div class=\"swiper-slide-contents\"><\/div><\/div><\/div>\t\t\t\t<\/div>\n\t\t\t\t\t\t\t<\/div>\n\t\t\t\t<\/div>\n\t\t\t\t\t\t\t\t<\/div>\n\t\t\t\t<\/div>\n\t\t\t\t\t<\/div>\n\t\t<\/div>\n\t\t\t\t\t<\/div>\n\t\t<\/section>\n\t\t\t\t<section class=\"elementor-section elementor-top-section elementor-element elementor-element-1448e21 elementor-section-boxed elementor-section-height-default elementor-section-height-default\" data-id=\"1448e21\" data-element_type=\"section\" data-e-type=\"section\">\n\t\t\t\t\t\t<div class=\"elementor-container elementor-column-gap-default\">\n\t\t\t\t\t<div class=\"elementor-column elementor-col-100 elementor-top-column elementor-element elementor-element-485248b\" data-id=\"485248b\" data-element_type=\"column\" data-e-type=\"column\">\n\t\t\t<div class=\"elementor-widget-wrap\">\n\t\t\t\t\t\t\t<\/div>\n\t\t<\/div>\n\t\t\t\t\t<\/div>\n\t\t<\/section>\n\t\t\t\t<section class=\"elementor-section elementor-top-section elementor-element elementor-element-01aff19 elementor-section-boxed elementor-section-height-default elementor-section-height-default\" data-id=\"01aff19\" data-element_type=\"section\" data-e-type=\"section\">\n\t\t\t\t\t\t<div class=\"elementor-container elementor-column-gap-default\">\n\t\t\t\t\t<div class=\"elementor-column elementor-col-100 elementor-top-column elementor-element elementor-element-52a80da\" data-id=\"52a80da\" data-element_type=\"column\" data-e-type=\"column\">\n\t\t\t<div class=\"elementor-widget-wrap elementor-element-populated\">\n\t\t\t\t\t\t<div class=\"elementor-element elementor-element-e984dd7 elementor-widget elementor-widget-heading\" data-id=\"e984dd7\" data-element_type=\"widget\" data-e-type=\"widget\" data-widget_type=\"heading.default\">\n\t\t\t\t<div class=\"elementor-widget-container\">\n\t\t\t\t\t<h1 class=\"elementor-heading-title elementor-size-default\">Umgang mit medizinischen Notf\u00e4llen im Gastgewerbe: alles, was Sie wissen m\u00fcssen\n<\/h1>\t\t\t\t<\/div>\n\t\t\t\t<\/div>\n\t\t\t\t<div class=\"elementor-element elementor-element-f0d7e29 elementor-widget-divider--view-line elementor-widget elementor-widget-divider\" data-id=\"f0d7e29\" data-element_type=\"widget\" data-e-type=\"widget\" data-widget_type=\"divider.default\">\n\t\t\t\t<div class=\"elementor-widget-container\">\n\t\t\t\t\t\t\t<div class=\"elementor-divider\">\n\t\t\t<span class=\"elementor-divider-separator\">\n\t\t\t\t\t\t<\/span>\n\t\t<\/div>\n\t\t\t\t\t\t<\/div>\n\t\t\t\t<\/div>\n\t\t\t\t<div class=\"elementor-element elementor-element-fe79b5c elementor-widget__width-initial elementor-widget elementor-widget-text-editor\" data-id=\"fe79b5c\" data-element_type=\"widget\" data-e-type=\"widget\" data-widget_type=\"text-editor.default\">\n\t\t\t\t<div class=\"elementor-widget-container\">\n\t\t\t\t\t\t\t\t\t<p>Das Management von medizinischen Notf\u00e4llen in einem\u00a0<a href=\"https:\/\/www.chateauberne.com\/de\/\" target=\"_blank\" rel=\"noopener\">Hoteleinrichtung<\/a>\u00a0ist ein komplexes Thema, das eine angemessene Vorbereitung und spezielle Verfahren erfordert, um die Sicherheit und das Wohlbefinden der G\u00e4ste zu gew\u00e4hrleisten. Dieser umfassende Leitfaden untersucht verschiedene Facetten des Umgangs mit medizinischen Notf\u00e4llen in der Hotelbranche und bietet eine detaillierte Analyse der <strong>wichtige Faktoren, die es zu beachten gilt<\/strong> sowie empfohlene Praktiken.<\/p><h2>Was ist ein medizinischer Notfall in der Hotellerie?<\/h2><p>In einem Hotelkontext bezieht sich ein medizinischer Notfall auf jede Situation, in der ein Gast oder ein Mitarbeiter ein Gesundheitsproblem erleidet, das sofortiges Handeln erfordert. Dazu k\u00f6nnen geh\u00f6ren <strong>Herzinfarkte<\/strong>Die <strong>Unf\u00e4lle<\/strong>Die <strong>allergische Reaktionen<\/strong> streng und noch mehr.<\/p><h3>G\u00e4ngige Beispiele aus dem Bereich<\/h3><p>Hotels m\u00fcssen darauf vorbereitet sein, mit verschiedenen Arten von Notf\u00e4llen umzugehen, z. B. :<\/p><ul><li>Herzanf\u00e4lle und Herzstillstand<\/li><li>Schwere allergische Reaktionen<\/li><li>Unf\u00e4lle und Verletzungen (St\u00fcrze, Schnitte usw.)<\/li><li>Ersticken an Lebensmitteln<\/li><li>Vergiftung<\/li><\/ul><h2>Warum ist es entscheidend, mit diesen Situationen richtig umzugehen?<\/h2><p><strong>Eine schnelle und effektive Reaktion auf medizinische Notf\u00e4lle ist entscheidend<\/strong> nicht nur f\u00fcr die Gesundheit der Betroffenen, sondern auch f\u00fcr den Ruf des Hotels. Eine Einrichtung, die nicht in der Lage ist, mit solchen Situationen angemessen umzugehen, l\u00e4uft Gefahr, als nachl\u00e4ssig wahrgenommen zu werden, was zu einem R\u00fcckgang der Besucherzahlen und des Vertrauens der G\u00e4ste f\u00fchren kann.<\/p><h3>Auswirkungen auf die Gesundheit der Klientinnen und Klienten<\/h3><p><strong>Die Geschwindigkeit und Effizienz, mit der Notf\u00e4lle bew\u00e4ltigt werden, kann den Unterschied zwischen Leben und Tod ausmachen<\/strong>. Eine fr\u00fche Diagnose und schnelle Interventionen erh\u00f6hen die Chancen auf eine vollst\u00e4ndige und schnelle Genesung erheblich.<\/p><h3>Folgen f\u00fcr die Einrichtung<\/h3><p><strong>Die Unf\u00e4higkeit, angemessen auf einen medizinischen Notfall zu reagieren, kann zu einer strafrechtlichen Verfolgung f\u00fchren<\/strong> und das Markenimage des Hotels besch\u00e4digen. Negative Erfahrungsberichte und schlechte Online-Bewertungen wirken sich ebenfalls auf die \u00f6ffentliche Wahrnehmung aus.<\/p><h2>Grundlegende Verfahren f\u00fcr das Notfallmanagement<\/h2><p>Haben <strong>klare und vereinfachte Verfahren<\/strong> ist unerl\u00e4sslich, um in Notf\u00e4llen schnell reagieren zu k\u00f6nnen. Diese Verfahren sollten folgende Schritte umfassen:<\/p><h3>Erste Bewertung<\/h3><p>Wenn sich ein Vorfall ereignet, ist der erste Schritt eine schnelle Einsch\u00e4tzung der Situation, um ihren Schweregrad zu bestimmen. Das daf\u00fcr vorgesehene Personal muss die Lebenszeichen \u00fcberpr\u00fcfen und sofort feststellen, welche medizinischen Bed\u00fcrfnisse Priorit\u00e4t haben.<\/p><h3>Anruf bei den Notdiensten<\/h3><p>Je nach Einsch\u00e4tzung kann es notwendig sein, die \u00f6rtlichen Notdienste anzurufen. Die Bereitstellung aller notwendigen Informationen wie die Art des Notfalls, den Zustand der betroffenen Person und die genaue Adresse des Hotels erm\u00f6glicht es den Rettungskr\u00e4ften, ihren Einsatz effektiv vorzubereiten.<\/p><h3>Unterst\u00fctzung, w\u00e4hrend Sie auf Hilfe warten<\/h3><p>Bis zum Eintreffen von medizinischem Fachpersonal ist es entscheidend, dass geschultes Personal geeignete Erste-Hilfe-Ma\u00dfnahmen ergreift, wie z. B. die <strong>kardiopulmonale Reanimation (CPR)<\/strong> oder die Anwendung eines <strong>automatischer externer Defibrillator (AED)<\/strong>. F\u00fcr jede zuvor identifizierte Art von Notfall m\u00fcssen spezifische Protokolle befolgt werden.<\/p><h2>Ausbildung und notwendige Ausr\u00fcstung<\/h2><p>Um ein effektives Management von medizinischen Notf\u00e4llen zu gew\u00e4hrleisten, ist die <strong>Personalausbildung<\/strong> und die Zug\u00e4nglichkeit zu<strong>medizinische Ausr\u00fcstung<\/strong> sind grundlegend.<\/p><h3>Bildungsprogramme<\/h3><p>Die Einrichtung muss eine regelm\u00e4\u00dfige und umfassende Ausbildung anbieten, die Folgendes umfasst :<\/p><ul><li>Erste Hilfe und Herz-Lungen-Wiederbelebung<\/li><li>Verwendung von automatischen externen Defibrillatoren (AEDs)<\/li><li>Umgang mit Blutungen und Verbrennungen<\/li><li>Erkennen von Symptomen h\u00e4ufiger chronischer Krankheiten (Diabetes, Epilepsie usw.)<\/li><\/ul><h3>Wichtige medizinische Ausr\u00fcstung<\/h3><p>Hier ist eine nicht ersch\u00f6pfende Liste von Ausr\u00fcstungsgegenst\u00e4nden, die in der Einrichtung leicht zug\u00e4nglich sein m\u00fcssen:<\/p><ul><li>Automatischer externer Defibrillator (AED)<\/li><li>Komplette Erste-Hilfe-Ausr\u00fcstung<\/li><li>EpiPen oder gleichwertig f\u00fcr schwere allergische Reaktionen<\/li><li>Krankentrage und Rollstuhl f\u00fcr den internen Transport<\/li><\/ul><h2>Fallstudien und Best Practices<\/h2><p>Die Analyse der Fallstudien verdeutlicht, wie wichtig Vorbereitung und schnelle Reaktion sind, um die Folgen medizinischer Notf\u00e4lle zu minimieren.<\/p><h3>Fallstudie : Ein Hotel wird mit einem Herzinfarkt konfrontiert<\/h3><p>Ein Besucher erlitt w\u00e4hrend seines Aufenthalts einen Herzinfarkt. Dank des vorhandenen AED und der HLW-Schulung des Personals konnte bereits vor dem Eintreffen der Rettungskr\u00e4fte wirksam Erste Hilfe geleistet werden. Das Leben des Gastes wurde dank dieser schnellen und angemessenen Reaktion gerettet, was die Bedeutung von Ausr\u00fcstung und Schulung verdeutlicht.<\/p><h3>Beobachtete beste Praktiken<\/h3><p>Verschiedenen Studien zufolge geh\u00f6ren zu den besten Praktiken :<\/p><ol><li>Regelm\u00e4\u00dfige Schulung des Personals in den neuesten Protokollen f\u00fcr medizinische Notf\u00e4lle<\/li><li>Durchf\u00fchrung von Notfallsimulationen zur Verbesserung der Reaktionsf\u00e4higkeit<\/li><li>Ger\u00e4te an verschiedenen strategischen Punkten aufstellen<\/li><\/ol><h2>Alternativen und Auslagerung von Dienstleistungen<\/h2><p>Obwohl sich viele Hotels f\u00fcr ein internes Notfallmanagement entscheiden, kann es Situationen geben, die eine Zusammenarbeit mit <strong>Unternehmen, die auf medizinische Managementdienstleistungen spezialisiert sind<\/strong>.<\/p><h3>Zusammenarbeit mit externen Anbietern<\/h3><p>Spezialisierte Anbieter bieten verschiedene Dienstleistungen an, darunter :<\/p><ul><li>24\/7-Telefonberatung mit \u00c4rzten<\/li><li>Kurzfristige Bereitstellung von qualifizierten Krankenschwestern<\/li><li>Eiltransportdienst zu medizinischen Einrichtungen<\/li><\/ul><h3>Vergleichende Analyse der Optionen<\/h3><p>Die Internalisierung des Managements medizinischer Notf\u00e4lle erm\u00f6glicht eine direkte Kontrolle und eine potenziell schnellere Reaktion. Die Auslagerung dieser Dienste kann jedoch fortschrittliches Fachwissen bieten und die administrative Belastung der Einrichtung verringern, obwohl dies auch zus\u00e4tzliche Kosten verursachen kann.<\/p><h2>Die Bedeutung von Vorabdiagnosen und Pr\u00e4vention<\/h2><p>Neben der Reaktionsf\u00e4higkeit ist die <strong>Pr\u00e4vention spielt eine Schl\u00fcsselrolle<\/strong> bei der Reduzierung von medizinischen Zwischenf\u00e4llen<\/p><h3>Proaktive Gesundheitsbewertungen<\/h3><p>Das Angebot von Gesundheitsbewertungen beim Einchecken, um Kunden zu identifizieren, die potenziell besondere Aufmerksamkeit ben\u00f6tigen, kann bestimmte Vorf\u00e4lle verhindern. Eine fr\u00fchzeitige Konsultation mit einem Gesundheitsexperten hilft, individuelle Risiken besser zu verstehen.<\/p><h3>Sensibilisierungs- und Pr\u00e4ventionskampagnen<\/h3><p>Die Durchf\u00fchrung interner Kampagnen zur F\u00f6rderung von Gesundheit und Sicherheit tr\u00e4gt dazu bei, eine Pr\u00e4ventionskultur bei G\u00e4sten und Personal zu schaffen. Das Aush\u00e4ngen von grundlegenden Anweisungen f\u00fcr Erste Hilfe in Zimmern und Gemeinschaftsbereichen erh\u00f6ht die kollektive Wachsamkeit.<\/p><h3>Sicherstellung der langfristigen Wirksamkeit<\/h3><p>Regelm\u00e4\u00dfige \u00dcberpr\u00fcfungen und Aktualisierungen der Protokolle stellen sicher, dass die Verfahren stets mit den neuesten medizinischen Empfehlungen \u00fcbereinstimmen. Die kontinuierliche Einbeziehung von Erfahrungsberichten tr\u00e4gt ebenfalls zur Verbesserung bestehender Verfahren bei.<\/p>\t\t\t\t\t\t\t\t<\/div>\n\t\t\t\t<\/div>\n\t\t\t\t<div class=\"elementor-element elementor-element-c142c39 elementor-widget elementor-widget-spacer\" data-id=\"c142c39\" data-element_type=\"widget\" data-e-type=\"widget\" data-widget_type=\"spacer.default\">\n\t\t\t\t<div class=\"elementor-widget-container\">\n\t\t\t\t\t\t\t<div class=\"elementor-spacer\">\n\t\t\t<div class=\"elementor-spacer-inner\"><\/div>\n\t\t<\/div>\n\t\t\t\t\t\t<\/div>\n\t\t\t\t<\/div>\n\t\t\t\t\t<\/div>\n\t\t<\/div>\n\t\t\t\t\t<\/div>\n\t\t<\/section>\n\t\t\t\t<\/div>","protected":false},"excerpt":{"rendered":"<p>Gestion des urgences m\u00e9dicales dans le cadre de l&rsquo;h\u00f4tellerie : tout ce qu&rsquo;il faut savoir La gestion des urgences m\u00e9dicales dans un\u00a0\u00e9tablissement h\u00f4telier\u00a0est un sujet complexe qui n\u00e9cessite une pr\u00e9paration ad\u00e9quate et des proc\u00e9dures sp\u00e9cifiques pour garantir la s\u00e9curit\u00e9 et le bien-\u00eatre des clients. Ce guide complet explore diverses facettes de la gestion des urgences [&hellip;]<\/p>\n","protected":false},"author":17,"featured_media":0,"parent":21098,"menu_order":0,"comment_status":"closed","ping_status":"closed","template":"","meta":{"inline_featured_image":false,"footnotes":""},"class_list":["post-21312","page","type-page","status-publish","hentry"],"_links":{"self":[{"href":"https:\/\/www.chateauberne.com\/de\/wp-json\/wp\/v2\/pages\/21312","targetHints":{"allow":["GET"]}}],"collection":[{"href":"https:\/\/www.chateauberne.com\/de\/wp-json\/wp\/v2\/pages"}],"about":[{"href":"https:\/\/www.chateauberne.com\/de\/wp-json\/wp\/v2\/types\/page"}],"author":[{"embeddable":true,"href":"https:\/\/www.chateauberne.com\/de\/wp-json\/wp\/v2\/users\/17"}],"replies":[{"embeddable":true,"href":"https:\/\/www.chateauberne.com\/de\/wp-json\/wp\/v2\/comments?post=21312"}],"version-history":[{"count":11,"href":"https:\/\/www.chateauberne.com\/de\/wp-json\/wp\/v2\/pages\/21312\/revisions"}],"predecessor-version":[{"id":21351,"href":"https:\/\/www.chateauberne.com\/de\/wp-json\/wp\/v2\/pages\/21312\/revisions\/21351"}],"up":[{"embeddable":true,"href":"https:\/\/www.chateauberne.com\/de\/wp-json\/wp\/v2\/pages\/21098"}],"wp:attachment":[{"href":"https:\/\/www.chateauberne.com\/de\/wp-json\/wp\/v2\/media?parent=21312"}],"curies":[{"name":"wp","href":"https:\/\/api.w.org\/{rel}","templated":true}]}}