{"id":21313,"date":"2024-05-31T19:38:27","date_gmt":"2024-05-31T17:38:27","guid":{"rendered":"https:\/\/www.chateauberne.com\/?page_id=21313"},"modified":"2024-05-31T21:09:04","modified_gmt":"2024-05-31T19:09:04","slug":"conception-menu-enfant","status":"publish","type":"page","link":"https:\/\/www.chateauberne.com\/de\/definition\/conception-menu-enfant\/","title":{"rendered":"kindermen\u00fc im hotelgewerbe"},"content":{"rendered":"<div data-elementor-type=\"wp-page\" data-elementor-id=\"21313\" class=\"elementor elementor-21313\" data-elementor-post-type=\"page\">\n\t\t\t\t\t\t<section class=\"elementor-section elementor-top-section elementor-element elementor-element-8ab1719 elementor-section-full_width elementor-section-height-default elementor-section-height-default\" data-id=\"8ab1719\" data-element_type=\"section\" data-e-type=\"section\">\n\t\t\t\t\t\t<div class=\"elementor-container elementor-column-gap-default\">\n\t\t\t\t\t<div class=\"elementor-column elementor-col-100 elementor-top-column elementor-element elementor-element-0144f43\" data-id=\"0144f43\" data-element_type=\"column\" data-e-type=\"column\">\n\t\t\t<div class=\"elementor-widget-wrap elementor-element-populated\">\n\t\t\t\t\t\t<div class=\"elementor-element elementor-element-e15a6ed elementor--h-position-center elementor--v-position-middle elementor-widget elementor-widget-slides\" data-id=\"e15a6ed\" data-element_type=\"widget\" data-e-type=\"widget\" data-settings=\"{&quot;navigation&quot;:&quot;none&quot;,&quot;transition&quot;:&quot;fade&quot;,&quot;transition_speed&quot;:500}\" data-widget_type=\"slides.default\">\n\t\t\t\t<div class=\"elementor-widget-container\">\n\t\t\t\t\t\t\t\t\t<div class=\"elementor-swiper\">\n\t\t\t\t\t<div class=\"elementor-slides-wrapper elementor-main-swiper swiper\" role=\"region\" aria-roledescription=\"carousel\" aria-label=\"Folien\" dir=\"ltr\" data-animation=\"fadeInUp\">\n\t\t\t\t<div class=\"swiper-wrapper elementor-slides\">\n\t\t\t\t\t\t\t\t\t\t<div class=\"elementor-repeater-item-de8fba4 swiper-slide\" role=\"group\" aria-roledescription=\"slide\"><div class=\"swiper-slide-bg\" role=\"img\" aria-label=\"weihnachten in der familie\"><\/div><div class=\"swiper-slide-inner\" ><div class=\"swiper-slide-contents\"><\/div><\/div><\/div>\t\t\t\t<\/div>\n\t\t\t\t\t\t\t<\/div>\n\t\t\t\t<\/div>\n\t\t\t\t\t\t\t\t<\/div>\n\t\t\t\t<\/div>\n\t\t\t\t\t<\/div>\n\t\t<\/div>\n\t\t\t\t\t<\/div>\n\t\t<\/section>\n\t\t\t\t<section class=\"elementor-section elementor-top-section elementor-element elementor-element-d490a13 elementor-section-boxed elementor-section-height-default elementor-section-height-default\" data-id=\"d490a13\" data-element_type=\"section\" data-e-type=\"section\">\n\t\t\t\t\t\t<div class=\"elementor-container elementor-column-gap-default\">\n\t\t\t\t\t<div class=\"elementor-column elementor-col-100 elementor-top-column elementor-element elementor-element-374b7a9\" data-id=\"374b7a9\" data-element_type=\"column\" data-e-type=\"column\">\n\t\t\t<div class=\"elementor-widget-wrap\">\n\t\t\t\t\t\t\t<\/div>\n\t\t<\/div>\n\t\t\t\t\t<\/div>\n\t\t<\/section>\n\t\t\t\t<section class=\"elementor-section elementor-top-section elementor-element elementor-element-55eb4da elementor-section-boxed elementor-section-height-default elementor-section-height-default\" data-id=\"55eb4da\" data-element_type=\"section\" data-e-type=\"section\">\n\t\t\t\t\t\t<div class=\"elementor-container elementor-column-gap-default\">\n\t\t\t\t\t<div class=\"elementor-column elementor-col-100 elementor-top-column elementor-element elementor-element-9f4752f\" data-id=\"9f4752f\" data-element_type=\"column\" data-e-type=\"column\">\n\t\t\t<div class=\"elementor-widget-wrap elementor-element-populated\">\n\t\t\t\t\t\t<div class=\"elementor-element elementor-element-4a0b810 elementor-widget elementor-widget-heading\" data-id=\"4a0b810\" data-element_type=\"widget\" data-e-type=\"widget\" data-widget_type=\"heading.default\">\n\t\t\t\t<div class=\"elementor-widget-container\">\n\t\t\t\t\t<h1 class=\"elementor-heading-title elementor-size-default\">Gestaltung eines Kindermen\u00fcs in der Hotellerie: Alles, was Sie wissen m\u00fcssen<\/h1>\t\t\t\t<\/div>\n\t\t\t\t<\/div>\n\t\t\t\t<div class=\"elementor-element elementor-element-67e9d76 elementor-widget-divider--view-line elementor-widget elementor-widget-divider\" data-id=\"67e9d76\" data-element_type=\"widget\" data-e-type=\"widget\" data-widget_type=\"divider.default\">\n\t\t\t\t<div class=\"elementor-widget-container\">\n\t\t\t\t\t\t\t<div class=\"elementor-divider\">\n\t\t\t<span class=\"elementor-divider-separator\">\n\t\t\t\t\t\t<\/span>\n\t\t<\/div>\n\t\t\t\t\t\t<\/div>\n\t\t\t\t<\/div>\n\t\t\t\t<div class=\"elementor-element elementor-element-0570cc5 elementor-widget__width-initial elementor-widget elementor-widget-text-editor\" data-id=\"0570cc5\" data-element_type=\"widget\" data-e-type=\"widget\" data-widget_type=\"text-editor.default\">\n\t\t\t\t<div class=\"elementor-widget-container\">\n\t\t\t\t\t\t\t\t\t<p>Die Erarbeitung eines <strong>Kindermen\u00fc<\/strong> ist ein wesentlicher Bestandteil vieler Hotelbetriebe. Die Einrichtung eines solchen Men\u00fcs erfordert besondere Aufmerksamkeit, um die folgenden Anforderungen zu erf\u00fcllen <strong>besondere Bed\u00fcrfnisse junger Klienten<\/strong>. In diesem Artikel werden wir die verschiedenen Aspekte erkunden, die ein Men\u00fc f\u00fcr Kinder <strong>attraktiv<\/strong> und gut angepasst.<\/p><p><a href=\"https:\/\/www.chateauberne.com\/wp-content\/uploads\/2024\/04\/Carte-Bistrot.pdf\" target=\"_blank\" rel=\"noopener\">Entdecken Sie das Kindermen\u00fc im Bistrot de Berne<\/a><\/p><p><a href=\"https:\/\/www.chateauberne.com\/wp-content\/uploads\/2024\/03\/Menu-enfant-fr.pdf\" target=\"_blank\" rel=\"noopener\">Entdecken Sie das Kindermen\u00fc in unserem Sternerestaurant Le Jardin de Berne<\/a><\/p><h2>Die Ern\u00e4hrungsbed\u00fcrfnisse von Kindern verstehen<\/h2><p>Kinder haben andere Ern\u00e4hrungsbed\u00fcrfnisse als Erwachsene. Bevor Sie einen Speiseplan entwerfen, ist es entscheidend, diese zu verstehen <strong>Bed\u00fcrfnisse<\/strong> um sicherzustellen, dass die angebotenen Gerichte sowohl <strong>gesund<\/strong> und ausgewogen.<\/p><h3>Empfohlene t\u00e4gliche Kalorienzufuhr<\/h3><p>Die N\u00e4hrstoffzufuhr ist je nach Alter der Kinder nicht gleich. Zum Beispiel :<\/p><ul><li>Kinder von 1-3 Jahren: Etwa 1000-1400 Kalorien pro Tag.<\/li><li>Kinder von 4-8 Jahren: Etwa 1200-1800 Kalorien pro Tag.<\/li><li>Kinder von 9-13 Jahren: Etwa 1600-2200 Kalorien pro Tag (variiert je nach Geschlecht und k\u00f6rperlicher Aktivit\u00e4t).<\/li><\/ul><h3>Wesentliche N\u00e4hrstoffe<\/h3><p>Eine <strong>Kindermen\u00fc<\/strong> muss beinhalten:<\/p><ul><li>Von <strong>komplexe Kohlenhydrate<\/strong> um verl\u00e4ngerte Energie zu liefern.<\/li><li>Von <strong>ben\u00f6tigte Proteine<\/strong> zu Wachstum und Entwicklung.<\/li><li>Von <strong>gesunde Lipide<\/strong> f\u00fcr die Gehirnfunktion und das Zellwachstum.<\/li><li>Von <strong>Vitamine und Mineralien<\/strong> wie Kalzium, Vitamin D und Eisen.<\/li><\/ul><h2>Die Pr\u00e4sentation der Speisen: Essen soll Spa\u00df machen<\/h2><p>Ein Kind f\u00fchlt sich von Natur aus von der Farbe und der Form von Lebensmitteln angezogen. Die <strong>Pr\u00e4sentation<\/strong> spielt daher eine Schl\u00fcsselrolle dabei, dass die Mahlzeiten bei den jungen G\u00e4sten besser ankommen.<\/p><h3>Verschiedene Farben und Texturen<\/h3><p>Verwenden Sie eine <strong>Farbvielfalt<\/strong> und von <strong>Texturen<\/strong> kann eine gew\u00f6hnliche Mahlzeit in ein kulinarisches Abenteuer verwandeln. Buntes Gem\u00fcse, in lustige Formen geschnittenes Obst und Kombinationen von Texturen (knusprig, weich) k\u00f6nnen das Interesse des Kindes an seiner Mahlzeit wecken.<\/p><h3>Vertraute Themen und Personen<\/h3><p>Integrieren Sie Themen oder <strong>Zeichentrickfiguren<\/strong> kann ein wirksames Mittel sein, um die Aufmerksamkeit der Kinder zu gewinnen. Zum Beispiel :<\/p><ul><li>Pfannkuchen in Tierform.<\/li><li>Teller, die von Superhelden oder Prinzessinnen inspiriert sind.<\/li><\/ul><h2>Portionen anpassen: nicht zu wenig, nicht zu viel<\/h2><p>Die Portionsgr\u00f6\u00dfe sollte dem Appetit und den Ern\u00e4hrungsbed\u00fcrfnissen der Kinder angepasst sein. Eine <strong>\u00dcberportion<\/strong> k\u00f6nnte das Kind entmutigen, w\u00e4hrend eine zu geringe Portion das Kind hungrig zur\u00fccklassen k\u00f6nnte.<\/p><h3>Optionen diversifizieren<\/h3><p>Mehrere Auswahlm\u00f6glichkeiten bei den Gerichten anzubieten, hilft, unterschiedliche Appetite und Essensvorlieben zu befriedigen. Ein gutes Men\u00fc umfasst in der Regel :<\/p><ul><li>Ein leichtes Fr\u00fchst\u00fcck und herzhaftere Koteletts zum Mittag- und Abendessen.<\/li><li>Von <strong>vegetarische Optionen<\/strong> und <strong>glutenfrei<\/strong> um sich an spezifische Di\u00e4ten anzupassen.<\/li><\/ul><h3>Standardisierte Portionsgr\u00f6\u00dfe<\/h3><p>Jedes angebotene Gericht sollte einer Norm in Bezug auf die Menge folgen. Eine gute Regel ist, die Erwachsenenportionen durch zwei oder drei zu teilen, wobei auch die Beilagen und Beilagen angepasst werden sollten.<\/p><h2>Spielerischer und erzieherischer Aspekt des Essens<\/h2><p>Essen ist auch eine Gelegenheit zum Lernen. Ein guter Speiseplan f\u00fcr Kinder enth\u00e4lt folgende Elemente <strong>Bildungswesen<\/strong> die es Kindern erm\u00f6glichen, verschiedene Esskulturen sowie gute Ern\u00e4hrungspraktiken kennenzulernen.<\/p><h3>Entdecken Sie die K\u00fcchen der Welt<\/h3><p>Die Einf\u00fchrung von Gerichten aus verschiedenen Kulturen hilft nicht nur, den Geschmack zu diversifizieren, sondern auch \u00fcber die globale Vielfalt aufzukl\u00e4ren. Einige Beispiele:<\/p><ul><li>Kleine Pizzas nach italienischer Art.<\/li><li>Milde asiatische Br\u00fchen.<\/li><li>S\u00fc\u00dfe oder herzhafte franz\u00f6sische Cr\u00eapes.<\/li><\/ul><h3>Gesunde Essgewohnheiten f\u00f6rdern<\/h3><p>Ermutigen Sie <strong>gesunde Essgewohnheiten<\/strong> von klein auf ist von entscheidender Bedeutung. Hier sind einige einfache Praktiken:<\/p><ul><li>Vorschlagen von <strong>rohes Gem\u00fcse<\/strong> mit schmackhaften Dips.<\/li><li>Vorlegen von <strong>frisches Obst<\/strong> als Nachtisch anstelle von ultraverarbeiteten S\u00fc\u00dfigkeiten.<\/li><li>Vermeiden Sie <strong>zuckerhaltige Getr\u00e4nke<\/strong> ; Wasser und nat\u00fcrliche S\u00e4fte bevorzugen.<\/li><\/ul><h2>Sich auf Nahrungsmittelallergien und -unvertr\u00e4glichkeiten einstellen<\/h2><p>Die <strong>Nahrungsmittelallergien und -unvertr\u00e4glichkeiten<\/strong> sind bei Kindern weit verbreitet. Die Gew\u00e4hrleistung einer sicheren Umgebung und das Anbieten von Alternativen sind unerl\u00e4sslich.<\/p><h3>Klar identifizieren und informieren<\/h3><p>Alle <strong>potenzielle Allergene<\/strong> m\u00fcssen auf der Speisekarte deutlich angegeben werden. Dazu geh\u00f6ren insbesondere:<\/p><ul><li>Gluten.<\/li><li>Milcherzeugnisse.<\/li><li>Schalenfr\u00fcchte.<\/li><li>Eier und Soja.<\/li><\/ul><h3>Personal ausbilden<\/h3><p>Die <strong>Dienstpersonal<\/strong> muss darin geschult werden, Fragen zu den Zutaten und der Zubereitung von Speisen zu beantworten. Dazu geh\u00f6rt auch zu wissen, wie man Kreuzkontaminationen in der K\u00fcche vermeiden kann.<\/p><h2>Konkrete Beispiele f\u00fcr kinderfreundliche Men\u00fcs<\/h2><p>Um die oben genannten Konzepte besser zu veranschaulichen, finden Sie hier einige Beispiele f\u00fcr kindgerechte Mustermen\u00fcs.<\/p><h3>Kinderfr\u00fchst\u00fcck<\/h3><ul><li>Mehrkornpfannkuchen, die mit Fruchtst\u00fccken und nat\u00fcrlichem Sirup serviert werden.<\/li><li>K\u00e4se-Omelette mit ausgew\u00e4hlten Gem\u00fcsesorten (Paprika, Tomaten, Spinat).<\/li><li>Naturjoghurt mit selbstgemachtem Granola und Fruchtp\u00fcree.<\/li><\/ul><h3>Ausgewogenes Mittagessen<\/h3><ul><li>Vegetarische Mini-Burger mit S\u00fc\u00dfkartoffelpommes frites.<\/li><li>Wraps mit gegrilltem H\u00e4hnchen, K\u00e4se und frischem Gem\u00fcse.<\/li><li>Gebratener Reis mit Gem\u00fcse und kleinen mageren Fleischst\u00fccken.<\/li><\/ul><h3>Leckeres Abendessen<\/h3><ul><li>Vollkornnudeln mit Tomatenso\u00dfe, angereichert mit verstecktem Gem\u00fcse (Karotten, Zucchini).<\/li><li>Hausgemachte Fish Fingers mit Basmatireis und ged\u00fcnstetem Brokkoli.<\/li><li>Marinierte Putenspie\u00dfe, die mit Couscous und einem frischen Salat serviert werden.<\/li><\/ul><h2>Nachhaltigkeit auf Kindermen\u00fcs hervorheben<\/h2><p>Weit mehr als nur ein Trend ist die <strong>Ern\u00e4hrungsnachhaltigkeit<\/strong> gewinnt immer mehr an Bedeutung. Wenn Sie \u00f6kologische \u00dcberlegungen in Ihr Kindermen\u00fc einbeziehen, kann das Bewusstsein f\u00fcr diese Genauigkeit schon in jungen Jahren gesch\u00e4rft werden.<\/p><h3>Lokale und saisonale Versorgung<\/h3><p>F\u00f6rdern Sie die <strong>lokale und saisonale Produkte<\/strong> erm\u00f6glicht es, den CO2-Fu\u00dfabdruck Ihrer Einrichtung zu verringern. Dies garantiert auch frischere und oftmals schmackhaftere Produkte f\u00fcr Ihre jungen G\u00e4ste.<\/p><h3>Lebensmittelverschwendung reduzieren<\/h3><p>Angemessene Portionen und ein optimiertes Management von Lebensmittel\u00fcbersch\u00fcssen helfen, den <strong>Verschwendung<\/strong>Die Sch\u00fclerinnen und Sch\u00fcler sollen die M\u00f6glichkeit haben, sich in der Schule zu engagieren und gleichzeitig verantwortungsvolle Praktiken zu erlernen.<\/p>\t\t\t\t\t\t\t\t<\/div>\n\t\t\t\t<\/div>\n\t\t\t\t<div class=\"elementor-element elementor-element-d26b4f6 elementor-widget elementor-widget-spacer\" data-id=\"d26b4f6\" data-element_type=\"widget\" data-e-type=\"widget\" data-widget_type=\"spacer.default\">\n\t\t\t\t<div class=\"elementor-widget-container\">\n\t\t\t\t\t\t\t<div class=\"elementor-spacer\">\n\t\t\t<div class=\"elementor-spacer-inner\"><\/div>\n\t\t<\/div>\n\t\t\t\t\t\t<\/div>\n\t\t\t\t<\/div>\n\t\t\t\t\t<\/div>\n\t\t<\/div>\n\t\t\t\t\t<\/div>\n\t\t<\/section>\n\t\t\t\t<\/div>","protected":false},"excerpt":{"rendered":"<p>Conception d&rsquo;un menu pour enfants dans l&rsquo;h\u00f4tellerie : tout ce qu&rsquo;il faut savoir L&rsquo;\u00e9laboration d&rsquo;un menu pour enfants est une composante essentielle de nombreux \u00e9tablissements h\u00f4teliers. La mise en place d\u2019un tel menu demande une attention particuli\u00e8re afin de r\u00e9pondre aux besoins sp\u00e9cifiques des jeunes clients. Dans cet article, nous allons explorer les diff\u00e9rents aspects [&hellip;]<\/p>\n","protected":false},"author":17,"featured_media":0,"parent":21098,"menu_order":1,"comment_status":"closed","ping_status":"closed","template":"","meta":{"inline_featured_image":false,"footnotes":""},"class_list":["post-21313","page","type-page","status-publish","hentry"],"_links":{"self":[{"href":"https:\/\/www.chateauberne.com\/de\/wp-json\/wp\/v2\/pages\/21313","targetHints":{"allow":["GET"]}}],"collection":[{"href":"https:\/\/www.chateauberne.com\/de\/wp-json\/wp\/v2\/pages"}],"about":[{"href":"https:\/\/www.chateauberne.com\/de\/wp-json\/wp\/v2\/types\/page"}],"author":[{"embeddable":true,"href":"https:\/\/www.chateauberne.com\/de\/wp-json\/wp\/v2\/users\/17"}],"replies":[{"embeddable":true,"href":"https:\/\/www.chateauberne.com\/de\/wp-json\/wp\/v2\/comments?post=21313"}],"version-history":[{"count":17,"href":"https:\/\/www.chateauberne.com\/de\/wp-json\/wp\/v2\/pages\/21313\/revisions"}],"predecessor-version":[{"id":21372,"href":"https:\/\/www.chateauberne.com\/de\/wp-json\/wp\/v2\/pages\/21313\/revisions\/21372"}],"up":[{"embeddable":true,"href":"https:\/\/www.chateauberne.com\/de\/wp-json\/wp\/v2\/pages\/21098"}],"wp:attachment":[{"href":"https:\/\/www.chateauberne.com\/de\/wp-json\/wp\/v2\/media?parent=21313"}],"curies":[{"name":"wp","href":"https:\/\/api.w.org\/{rel}","templated":true}]}}