{"id":21314,"date":"2024-05-31T19:38:27","date_gmt":"2024-05-31T17:38:27","guid":{"rendered":"https:\/\/www.chateauberne.com\/?page_id=21314"},"modified":"2024-05-31T22:10:59","modified_gmt":"2024-05-31T20:10:59","slug":"mini-bar-hotel","status":"publish","type":"page","link":"https:\/\/www.chateauberne.com\/de\/definition\/mini-bar-hotel\/","title":{"rendered":"Alles, was Sie \u00fcber Minibars wissen m\u00fcssen"},"content":{"rendered":"<div data-elementor-type=\"wp-page\" data-elementor-id=\"21314\" class=\"elementor elementor-21314\" data-elementor-post-type=\"page\">\n\t\t\t\t\t\t<section class=\"elementor-section elementor-top-section elementor-element elementor-element-67b68ef elementor-section-full_width elementor-section-height-default elementor-section-height-default\" data-id=\"67b68ef\" data-element_type=\"section\" data-e-type=\"section\">\n\t\t\t\t\t\t<div class=\"elementor-container elementor-column-gap-default\">\n\t\t\t\t\t<div class=\"elementor-column elementor-col-100 elementor-top-column elementor-element elementor-element-3a1e618\" data-id=\"3a1e618\" data-element_type=\"column\" data-e-type=\"column\">\n\t\t\t<div class=\"elementor-widget-wrap elementor-element-populated\">\n\t\t\t\t\t\t<div class=\"elementor-element elementor-element-081776a elementor--h-position-center elementor--v-position-middle elementor-widget elementor-widget-slides\" data-id=\"081776a\" data-element_type=\"widget\" data-e-type=\"widget\" data-settings=\"{&quot;navigation&quot;:&quot;none&quot;,&quot;transition&quot;:&quot;fade&quot;,&quot;transition_speed&quot;:500}\" data-widget_type=\"slides.default\">\n\t\t\t\t<div class=\"elementor-widget-container\">\n\t\t\t\t\t\t\t\t\t<div class=\"elementor-swiper\">\n\t\t\t\t\t<div class=\"elementor-slides-wrapper elementor-main-swiper swiper\" role=\"region\" aria-roledescription=\"carousel\" aria-label=\"Slides\" dir=\"ltr\" data-animation=\"fadeInUp\">\n\t\t\t\t<div class=\"swiper-wrapper elementor-slides\">\n\t\t\t\t\t\t\t\t\t\t<div class=\"elementor-repeater-item-de8fba4 swiper-slide\" role=\"group\" aria-roledescription=\"slide\"><div class=\"swiper-slide-bg\" role=\"img\" aria-label=\"Minibar Hotel\"><\/div><div class=\"swiper-slide-inner\" ><div class=\"swiper-slide-contents\"><\/div><\/div><\/div>\t\t\t\t<\/div>\n\t\t\t\t\t\t\t<\/div>\n\t\t\t\t<\/div>\n\t\t\t\t\t\t\t\t<\/div>\n\t\t\t\t<\/div>\n\t\t\t\t\t<\/div>\n\t\t<\/div>\n\t\t\t\t\t<\/div>\n\t\t<\/section>\n\t\t\t\t<section class=\"elementor-section elementor-top-section elementor-element elementor-element-cf6796e elementor-section-boxed elementor-section-height-default elementor-section-height-default\" data-id=\"cf6796e\" data-element_type=\"section\" data-e-type=\"section\">\n\t\t\t\t\t\t<div class=\"elementor-container elementor-column-gap-default\">\n\t\t\t\t\t<div class=\"elementor-column elementor-col-100 elementor-top-column elementor-element elementor-element-a49f0db\" data-id=\"a49f0db\" data-element_type=\"column\" data-e-type=\"column\">\n\t\t\t<div class=\"elementor-widget-wrap\">\n\t\t\t\t\t\t\t<\/div>\n\t\t<\/div>\n\t\t\t\t\t<\/div>\n\t\t<\/section>\n\t\t\t\t<section class=\"elementor-section elementor-top-section elementor-element elementor-element-18bff13 elementor-section-boxed elementor-section-height-default elementor-section-height-default\" data-id=\"18bff13\" data-element_type=\"section\" data-e-type=\"section\">\n\t\t\t\t\t\t<div class=\"elementor-container elementor-column-gap-default\">\n\t\t\t\t\t<div class=\"elementor-column elementor-col-100 elementor-top-column elementor-element elementor-element-66a0f4b\" data-id=\"66a0f4b\" data-element_type=\"column\" data-e-type=\"column\">\n\t\t\t<div class=\"elementor-widget-wrap elementor-element-populated\">\n\t\t\t\t\t\t<div class=\"elementor-element elementor-element-b84c278 elementor-widget elementor-widget-heading\" data-id=\"b84c278\" data-element_type=\"widget\" data-e-type=\"widget\" data-widget_type=\"heading.default\">\n\t\t\t\t<div class=\"elementor-widget-container\">\n\t\t\t\t\t<h1 class=\"elementor-heading-title elementor-size-default\">Alles, was Sie \u00fcber Minibars in der Hotellerie wissen m\u00fcssen\n<\/h1>\t\t\t\t<\/div>\n\t\t\t\t<\/div>\n\t\t\t\t<div class=\"elementor-element elementor-element-a2b7d2f elementor-widget-divider--view-line elementor-widget elementor-widget-divider\" data-id=\"a2b7d2f\" data-element_type=\"widget\" data-e-type=\"widget\" data-widget_type=\"divider.default\">\n\t\t\t\t<div class=\"elementor-widget-container\">\n\t\t\t\t\t\t\t<div class=\"elementor-divider\">\n\t\t\t<span class=\"elementor-divider-separator\">\n\t\t\t\t\t\t<\/span>\n\t\t<\/div>\n\t\t\t\t\t\t<\/div>\n\t\t\t\t<\/div>\n\t\t\t\t<div class=\"elementor-element elementor-element-cf4239a elementor-widget__width-initial elementor-widget elementor-widget-text-editor\" data-id=\"cf4239a\" data-element_type=\"widget\" data-e-type=\"widget\" data-widget_type=\"text-editor.default\">\n\t\t\t\t<div class=\"elementor-widget-container\">\n\t\t\t\t\t\t\t\t\t<p>Die <strong>Minibars<\/strong> sind zu einer unverzichtbaren Einrichtung in modernen Hotels geworden. Sie bieten den G\u00e4sten die Bequemlichkeit, k\u00fchle Getr\u00e4nke und Snacks zu konsumieren, ohne ihr Zimmer verlassen zu m\u00fcssen. Dieser Artikel untersucht ausf\u00fchrlich alles Wissenswerte \u00fcber die <strong>Minibars<\/strong>In diesem Kapitel finden Sie eine Reihe von Informationen \u00fcber die wichtigsten Merkmale, St\u00e4rken und Aspekte, die Sie bei der Auswahl des richtigen Modells beachten sollten.<\/p><h2>Definition von Minibar<\/h2><p>Eine <strong>Minibar<\/strong> ist ein kleiner K\u00fchlschrank, der oft in Hotelzimmern eingebaut wird, um Getr\u00e4nke und Snacks f\u00fcr die G\u00e4ste aufzubewahren. Es handelt sich dabei in der Regel um ein kompaktes M\u00f6belst\u00fcck mit einer T\u00fcr, dessen Fassungsverm\u00f6gen je nach Modell variiert. Die <strong>Minibars<\/strong> sind so konzipiert, dass sie den Klientinnen und Klienten eine gewisse Autonomie bieten.<\/p><h3>Wichtigste Funktionen<\/h3><p>Die <strong>Minibars<\/strong> weisen mehrere wichtige Funktionen auf, die sie zu einer beliebten Einrichtung sowohl f\u00fcr Hoteliers als auch f\u00fcr Reisende machen.<\/p><ul><li><strong>Gl\u00e4serne oder undurchsichtige T\u00fcr<\/strong> : Einige Modelle haben eine Glast\u00fcr, durch die man den Inhalt sehen kann, ohne sie zu \u00f6ffnen, w\u00e4hrend andere eine undurchsichtige T\u00fcr f\u00fcr ein dezenteres Design haben.<\/li><li><strong>Variable Kapazit\u00e4t<\/strong> : Das Fassungsverm\u00f6gen einer Minibar kann von einigen Litern bis zu mehreren Dutzend reichen, sodass verschiedene Mengen an Getr\u00e4nken und Snacks darin aufbewahrt werden k\u00f6nnen.<\/li><li><strong>Einstellbare Temperatur<\/strong> : Genau wie ein herk\u00f6mmlicher K\u00fchlschrank bietet eine Minibar die M\u00f6glichkeit, die Innentemperatur zu regulieren, um die Lagerung von Produkten anzupassen.<\/li><li><strong>Innenbeleuchtung<\/strong> Viele Modelle beinhalten eine LED-Innenbeleuchtung, die praktisch ist, um Produkte auch im Dunkeln leicht zu finden.<\/li><li><strong>Verriegelungssystem<\/strong> : Eine Minibar kann \u00fcber ein Schlie\u00dfsystem verf\u00fcgen, um die Produkte im Inneren zu sichern.<\/li><\/ul><h2>Vorteile einer Minibar<\/h2><p>Die Integration eines <strong><a>Minibar<\/a><\/strong><a> in einem Zimmer eines 5-Sterne-Hotels<\/a> hat mehrere Vorteile sowohl f\u00fcr die Einrichtung als auch f\u00fcr ihre Kunden.<\/p><h3>Bequemlichkeit der Klienten<\/h3><p>Einen haben <strong>Minibar<\/strong> im Zimmer erh\u00f6ht den Komfort der G\u00e4ste :<\/p><ol><li>Sie k\u00f6nnen jederzeit auf Erfrischungsgetr\u00e4nke oder Snacks zugreifen, ohne ihr Zimmer verlassen zu m\u00fcssen.<\/li><li>Es erm\u00f6glicht den G\u00e4sten auch, ihre eigenen Lebensmittel oder Medikamente w\u00e4hrend ihres Aufenthalts k\u00fchl zu halten.<\/li><li>Die <strong>Minibar<\/strong> bietet oftmals Erg\u00e4nzungen zu den Verpflegungsleistungen an, wie z. B. Zimmerservice.<\/li><\/ol><h3>Erh\u00f6hung des Einkommens<\/h3><p>F\u00fcr Hotels, die <strong>Minibars<\/strong> stellen eine zus\u00e4tzliche Einnahmequelle dar. Indem sie eine kostenpflichtige Auswahl an Getr\u00e4nken und Snacks anbieten, k\u00f6nnen die Lokale ihren Umsatz steigern.<\/p><h2>Arten von Minibars<\/h2><p>Es gibt verschiedene Arten von <strong>Minibars<\/strong>Es gibt viele verschiedene Arten von B\u00fcchern, von denen jedes seine eigenen Besonderheiten hat, die unterschiedlichen Bed\u00fcrfnissen und Stilen entsprechen.<\/p><h3>Klassische Minibars<\/h3><p>Dies sind die Standardmodelle, die man \u00fcblicherweise in Hotelzimmern findet. Sie haben den Vorteil, dass sie die grundlegenden Bed\u00fcrfnisse der G\u00e4ste erf\u00fcllen und ausreichend Stauraum f\u00fcr Getr\u00e4nke und Snacks bieten. Hier einige Unterscheidungsmerkmale :<\/p><ul><li><strong>Kompakte Gr\u00f6\u00dfe<\/strong> : Geeignet, um sich unauff\u00e4llig einzurichten.<\/li><li><strong>Schlichtes Design<\/strong> : H\u00e4ufig mit einer undurchsichtigen Metallt\u00fcr oder einer Glast\u00fcr.<\/li><li><strong>Kompressor oder thermoelektrisches System<\/strong> : F\u00fcr die K\u00fchlung.<\/li><\/ul><h3>Eco-friendly Minibars<\/h3><p>Diese Modelle sind umweltfreundlicher gestaltet, mit einem Schwerpunkt auf <strong>Energieeinsparungen<\/strong>. Sie verwenden fortschrittliche Technologien, um den Stromverbrauch zu minimieren, ohne die Effizienz zu beeintr\u00e4chtigen.<\/p><ul><li><strong>Innovative elektrische Regelsysteme<\/strong>.<\/li><li><strong>Recycelbare Materialien<\/strong> die im Bauwesen verwendet werden.<\/li><li><strong>LED-Beleuchtung<\/strong> um den Energieverbrauch zu senken.<\/li><\/ul><h3>Premium-Minibars<\/h3><p>Diese Modelle zeichnen sich durch ihr elegantes Design und zus\u00e4tzliche Optionen aus, was sie zu einer beliebten Wahl in Luxushotels macht.<\/p><ul><li><strong>Hochwertige Verarbeitung<\/strong> wie poliertes Holz oder gef\u00e4rbtes Glas.<\/li><li><strong>Eingebettete Technologien<\/strong> wie z. B. Touchscreens zur Steuerung der Temperatur.<\/li><li><strong>Integrierte Zahlungssysteme<\/strong> die es den G\u00e4sten erm\u00f6glicht, direkt \u00fcber die Minibar zu bezahlen.<\/li><\/ul><h2>Die richtige Minibar w\u00e4hlen<\/h2><p>Die Auswahl des Richtigen <strong>Minibar<\/strong> f\u00fcr ein Hotel beruht auf mehreren wesentlichen Kriterien. Hier erfahren Sie, wie Sie dabei vorgehen sollten.<\/p><h3>Besondere Bed\u00fcrfnisse einsch\u00e4tzen<\/h3><p>Jede Einrichtung hat je nach Klientel und Positionierung spezifische Bed\u00fcrfnisse. Bevor Sie eine Wahl treffen, sollten Sie einige Dinge analysieren:<\/p><ol><li><strong>Typologie der Kundschaft<\/strong> : Ein Business-Hotel wird andere Anforderungen stellen als ein Familienresort.<\/li><li><strong>Verf\u00fcgbarer Raum<\/strong> : Der <strong>Minibar<\/strong> sollte sich harmonisch in die Gestaltung des Zimmers einf\u00fcgen.<\/li><li><strong>Bedarf an Kapazit\u00e4t<\/strong> : Ber\u00fccksichtigen Sie die durchschnittliche Aufenthaltsdauer und die erwartete Nutzungsh\u00e4ufigkeit.<\/li><\/ol><h3>Technische Kriterien<\/h3><p>Vor dem Kauf sollten Sie unbedingt einige technische Spezifikationen \u00fcberpr\u00fcfen:<\/p><ol><li><strong>Energieverbrauch<\/strong> : Sparsame Modelle bevorzugen, um die Betriebskosten zu senken.<\/li><li><strong>Ger\u00e4uschpegel<\/strong> : Die <strong>Minibars<\/strong> m\u00fcssen leise sein, um die G\u00e4ste nicht zu st\u00f6ren.<\/li><li><strong>Zuverl\u00e4ssig und wartungsfreundlich<\/strong> : W\u00e4hlen Sie renommierte Marken mit gutem Kundenservice.<\/li><\/ol><h3>\u00c4sthetik und Design<\/h3><p>Die <strong>Minibars<\/strong> m\u00fcssen nicht nur funktional, sondern auch \u00e4sthetisch ansprechend sein:<\/p><ul><li><strong>Koh\u00e4renz mit der Dekoration<\/strong> : Das Design des <strong>Minibar<\/strong> muss den des Zimmers erg\u00e4nzen.<\/li><li><strong>Personalisierungsoptionen<\/strong> : Einige Marken bieten anpassbare Endbearbeitungen an.<\/li><\/ul><h2>Aktuelle Trends in Minibars<\/h2><p>Die <strong>Minibars<\/strong> entwickeln sich mit den neuen Erwartungen der Verbraucher und den technologischen Innovationen.<\/p><h3>Verbundene Technologie<\/h3><p>Immer mehr <strong>Minibars<\/strong> integrieren Konnektivit\u00e4tsl\u00f6sungen, die Folgendes erm\u00f6glichen :<\/p><ul><li><strong>Fernsteuerung<\/strong> : \u00dcber mobile Anwendungen, um die Temperatur anzupassen oder den Bestand zu \u00fcberpr\u00fcfen.<\/li><li><strong>Intelligente Lagerverwaltung<\/strong> : Computergest\u00fctzte Systeme zur automatischen Benachrichtigung \u00fcber Nachbestellungen.<\/li><\/ul><h3>\u00d6kologische Sensibilit\u00e4t<\/h3><p>Da Nachhaltigkeit ein immer wichtigeres Anliegen ist, versuchen die Hotels, die Integration von <strong>Minibars<\/strong> umweltfreundlicher:<\/p><ul><li><strong>Minimierung des CO2-Fu\u00dfabdrucks<\/strong> : Modelle, die gr\u00fcne Technologien verwenden.<\/li><li><strong>Nachhaltige Rohstoffe<\/strong> Verwendung von recycelten oder leicht recycelbaren Materialien.<\/li><\/ul><h3>Flexibilit\u00e4t und Modularit\u00e4t<\/h3><p>Die <strong>Minibars<\/strong> Die zeitgen\u00f6ssischen Schulen bieten jetzt mehr Flexibilit\u00e4t und Modularit\u00e4t:<\/p><ul><li><strong>Alternative Module<\/strong> : Optionen, mit denen Sie je nach Bedarf F\u00e4cher hinzuf\u00fcgen oder entfernen k\u00f6nnen.<\/li><li><strong>Multifunktionsger\u00e4te<\/strong> In einigen F\u00e4llen sind Kaffeemaschinen oder Heizger\u00e4te integriert.<\/li><\/ul><p>Abschlie\u00dfend <strong>Minibars<\/strong> sind ein Schl\u00fcsselelement moderner Hotelerlebnisse, indem sie Komfort, Zweckm\u00e4\u00dfigkeit und Innovation in einem kompakten und anspruchsvollen M\u00f6belst\u00fcck kondensieren.<\/p>\t\t\t\t\t\t\t\t<\/div>\n\t\t\t\t<\/div>\n\t\t\t\t<div class=\"elementor-element elementor-element-ed81d30 elementor-widget elementor-widget-spacer\" data-id=\"ed81d30\" data-element_type=\"widget\" data-e-type=\"widget\" data-widget_type=\"spacer.default\">\n\t\t\t\t<div class=\"elementor-widget-container\">\n\t\t\t\t\t\t\t<div class=\"elementor-spacer\">\n\t\t\t<div class=\"elementor-spacer-inner\"><\/div>\n\t\t<\/div>\n\t\t\t\t\t\t<\/div>\n\t\t\t\t<\/div>\n\t\t\t\t\t<\/div>\n\t\t<\/div>\n\t\t\t\t\t<\/div>\n\t\t<\/section>\n\t\t\t\t<\/div>","protected":false},"excerpt":{"rendered":"<p>Tout ce que vous devez savoir sur les mini-bars dans le cadre de l&rsquo;h\u00f4tellerie Les mini-bars sont devenus des \u00e9quipements incontournables dans les h\u00f4tels modernes. Ils offrent aux clients la commodit\u00e9 de consommer des boissons fra\u00eeches et des snacks sans quitter leur chambre. Cet article explore en d\u00e9tail tout ce qu&rsquo;il y a \u00e0 savoir [&hellip;]<\/p>\n","protected":false},"author":17,"featured_media":0,"parent":21098,"menu_order":2,"comment_status":"closed","ping_status":"closed","template":"","meta":{"inline_featured_image":false,"footnotes":""},"class_list":["post-21314","page","type-page","status-publish","hentry"],"_links":{"self":[{"href":"https:\/\/www.chateauberne.com\/de\/wp-json\/wp\/v2\/pages\/21314","targetHints":{"allow":["GET"]}}],"collection":[{"href":"https:\/\/www.chateauberne.com\/de\/wp-json\/wp\/v2\/pages"}],"about":[{"href":"https:\/\/www.chateauberne.com\/de\/wp-json\/wp\/v2\/types\/page"}],"author":[{"embeddable":true,"href":"https:\/\/www.chateauberne.com\/de\/wp-json\/wp\/v2\/users\/17"}],"replies":[{"embeddable":true,"href":"https:\/\/www.chateauberne.com\/de\/wp-json\/wp\/v2\/comments?post=21314"}],"version-history":[{"count":14,"href":"https:\/\/www.chateauberne.com\/de\/wp-json\/wp\/v2\/pages\/21314\/revisions"}],"predecessor-version":[{"id":21380,"href":"https:\/\/www.chateauberne.com\/de\/wp-json\/wp\/v2\/pages\/21314\/revisions\/21380"}],"up":[{"embeddable":true,"href":"https:\/\/www.chateauberne.com\/de\/wp-json\/wp\/v2\/pages\/21098"}],"wp:attachment":[{"href":"https:\/\/www.chateauberne.com\/de\/wp-json\/wp\/v2\/media?parent=21314"}],"curies":[{"name":"wp","href":"https:\/\/api.w.org\/{rel}","templated":true}]}}