{"id":21385,"date":"2024-05-31T20:03:43","date_gmt":"2024-05-31T18:03:43","guid":{"rendered":"https:\/\/www.chateauberne.com\/?page_id=21385"},"modified":"2024-05-31T22:11:30","modified_gmt":"2024-05-31T20:11:30","slug":"occupation-simple-hotel","status":"publish","type":"page","link":"https:\/\/www.chateauberne.com\/de\/definition\/occupation-simple-hotel\/","title":{"rendered":"Einfache Besetzung"},"content":{"rendered":"<div data-elementor-type=\"wp-page\" data-elementor-id=\"21385\" class=\"elementor elementor-21385\" data-elementor-post-type=\"page\">\n\t\t\t\t\t\t<section class=\"elementor-section elementor-top-section elementor-element elementor-element-83096fe elementor-section-full_width elementor-section-height-default elementor-section-height-default\" data-id=\"83096fe\" data-element_type=\"section\" data-e-type=\"section\">\n\t\t\t\t\t\t<div class=\"elementor-container elementor-column-gap-default\">\n\t\t\t\t\t<div class=\"elementor-column elementor-col-100 elementor-top-column elementor-element elementor-element-23ed385\" data-id=\"23ed385\" data-element_type=\"column\" data-e-type=\"column\">\n\t\t\t<div class=\"elementor-widget-wrap elementor-element-populated\">\n\t\t\t\t\t\t<div class=\"elementor-element elementor-element-28fe711 elementor-widget__width-inherit elementor--h-position-center elementor--v-position-middle elementor-widget elementor-widget-slides\" data-id=\"28fe711\" data-element_type=\"widget\" data-e-type=\"widget\" data-settings=\"{&quot;navigation&quot;:&quot;none&quot;,&quot;transition&quot;:&quot;fade&quot;,&quot;transition_speed&quot;:500}\" data-widget_type=\"slides.default\">\n\t\t\t\t<div class=\"elementor-widget-container\">\n\t\t\t\t\t\t\t\t\t<div class=\"elementor-swiper\">\n\t\t\t\t\t<div class=\"elementor-slides-wrapper elementor-main-swiper swiper\" role=\"region\" aria-roledescription=\"carousel\" aria-label=\"Slides\" dir=\"ltr\" data-animation=\"fadeInUp\">\n\t\t\t\t<div class=\"swiper-wrapper elementor-slides\">\n\t\t\t\t\t\t\t\t\t\t<div class=\"elementor-repeater-item-de8fba4 swiper-slide\" role=\"group\" aria-roledescription=\"slide\"><div class=\"swiper-slide-bg\" role=\"img\" aria-label=\"50-Zimmer JUNIOR SUITE CYPRES (7)\"><\/div><div class=\"swiper-slide-inner\" ><div class=\"swiper-slide-contents\"><\/div><\/div><\/div>\t\t\t\t<\/div>\n\t\t\t\t\t\t\t<\/div>\n\t\t\t\t<\/div>\n\t\t\t\t\t\t\t\t<\/div>\n\t\t\t\t<\/div>\n\t\t\t\t\t<\/div>\n\t\t<\/div>\n\t\t\t\t\t<\/div>\n\t\t<\/section>\n\t\t\t\t<section class=\"elementor-section elementor-top-section elementor-element elementor-element-3c7db8e elementor-section-boxed elementor-section-height-default elementor-section-height-default\" data-id=\"3c7db8e\" data-element_type=\"section\" data-e-type=\"section\">\n\t\t\t\t\t\t<div class=\"elementor-container elementor-column-gap-default\">\n\t\t\t\t\t<div class=\"elementor-column elementor-col-100 elementor-top-column elementor-element elementor-element-bb485bc\" data-id=\"bb485bc\" data-element_type=\"column\" data-e-type=\"column\">\n\t\t\t<div class=\"elementor-widget-wrap\">\n\t\t\t\t\t\t\t<\/div>\n\t\t<\/div>\n\t\t\t\t\t<\/div>\n\t\t<\/section>\n\t\t\t\t<section class=\"elementor-section elementor-top-section elementor-element elementor-element-88610cd elementor-section-boxed elementor-section-height-default elementor-section-height-default\" data-id=\"88610cd\" data-element_type=\"section\" data-e-type=\"section\">\n\t\t\t\t\t\t<div class=\"elementor-container elementor-column-gap-default\">\n\t\t\t\t\t<div class=\"elementor-column elementor-col-100 elementor-top-column elementor-element elementor-element-867d08a\" data-id=\"867d08a\" data-element_type=\"column\" data-e-type=\"column\">\n\t\t\t<div class=\"elementor-widget-wrap elementor-element-populated\">\n\t\t\t\t\t\t<div class=\"elementor-element elementor-element-f22b3df elementor-widget elementor-widget-heading\" data-id=\"f22b3df\" data-element_type=\"widget\" data-e-type=\"widget\" data-widget_type=\"heading.default\">\n\t\t\t\t<div class=\"elementor-widget-container\">\n\t\t\t\t\t<h1 class=\"elementor-heading-title elementor-size-default\">Einfache Besch\u00e4ftigung: Alles, was Sie im Zusammenhang mit dem Gastgewerbe wissen m\u00fcssen<\/h1>\t\t\t\t<\/div>\n\t\t\t\t<\/div>\n\t\t\t\t<div class=\"elementor-element elementor-element-ccdc057 elementor-widget-divider--view-line elementor-widget elementor-widget-divider\" data-id=\"ccdc057\" data-element_type=\"widget\" data-e-type=\"widget\" data-widget_type=\"divider.default\">\n\t\t\t\t<div class=\"elementor-widget-container\">\n\t\t\t\t\t\t\t<div class=\"elementor-divider\">\n\t\t\t<span class=\"elementor-divider-separator\">\n\t\t\t\t\t\t<\/span>\n\t\t<\/div>\n\t\t\t\t\t\t<\/div>\n\t\t\t\t<\/div>\n\t\t\t\t<div class=\"elementor-element elementor-element-f8a4238 elementor-widget__width-initial elementor-widget elementor-widget-text-editor\" data-id=\"f8a4238\" data-element_type=\"widget\" data-e-type=\"widget\" data-widget_type=\"text-editor.default\">\n\t\t\t\t<div class=\"elementor-widget-container\">\n\t\t\t\t\t\t\t\t\t<p>In der Hotellerie ist der Begriff <strong>\"einfache Besch\u00e4ftigung\"<\/strong> bezieht sich auf einen pr\u00e4zisen und h\u00e4ufig verwendeten Begriff. Dieser Begriff ist f\u00fcr Hotelfachleute von entscheidender Bedeutung, um ihre Buchungen effizient zu verwalten und die Auslastung zu maximieren. Dieser Artikel untersucht detailliert die Bedeutung der Einfachbelegung, ihre Auswirkungen und vermittelt ein umfassendes Verst\u00e4ndnis f\u00fcr Personen, die sich f\u00fcr das Hotelmanagement interessieren.<\/p><h2>Definition der einfachen Besch\u00e4ftigung<\/h2><p>Die Einzelbelegung bezieht sich auf die Buchung eines Hotelzimmers f\u00fcr eine einzelne Person. Das bedeutet, dass nur eine Person das Zimmer nutzt, unabh\u00e4ngig von seiner tats\u00e4chlichen Kapazit\u00e4t (oft ein oder zwei Betten). Dieses Konzept steht im Gegensatz zu <strong>die Doppelbelegung<\/strong>Die meisten Zimmer sind f\u00fcr zwei Personen reserviert.<\/p><h3>Der Nutzen der einfachen Belegung f\u00fcr Hotels<\/h3><p>Bei Hotels erm\u00f6glicht das Wissen, ob ein Zimmer als Einzel- oder Doppelbelegung gebucht wurde, eine bessere Verwaltung der Ressourcen. Beispiel:<\/p><ul><li><strong>Die Verteilung der Zimmer<\/strong> nach Gr\u00f6\u00dfe und Ausstattung<\/li><li><strong>Die Anpassung der Tarife<\/strong> abh\u00e4ngig von der Anzahl der Bewohner<\/li><li>Eine Antizipation von <strong>spezifische Bed\u00fcrfnisse<\/strong> wie z. B. pers\u00f6nlicher Service<\/li><\/ul><p>Dar\u00fcber hinaus hilft es auch, die <strong>Buchungstrends<\/strong> und das Angebot an die Nachfrage auf dem Markt anzupassen.<\/p><h3>Wie wird der Tarif berechnet?<\/h3><p>Der Preis f\u00fcr ein Zimmer mit Einzelbelegung kann von dem Preis abweichen, der f\u00fcr ein Zimmer mit Doppelbelegung berechnet wird. Im Allgemeinen ist der Preis oft niedriger, da die Nutzung von Dienstleistungen und Annehmlichkeiten bei einer Einzelbelegung geringer ist.<\/p><p>Hotels k\u00f6nnen auch Sonderangebote oder Rabatte anbieten, um Alleinreisende anzulocken, insbesondere wenn sie sich in einem Wohngebiet befinden, in dem <strong>die Gesch\u00e4fte<\/strong> und <strong>Kurzaufenthalte<\/strong> sind \u00fcblich.<\/p><h2>Zimmer, die f\u00fcr eine einfache Belegung geeignet sind<\/h2><h3>Die Standardzimmer<\/h3><p><a href=\"https:\/\/www.chateauberne.com\/de\/hotel-et-villa\/chambres-suites\/chambre-classique\/\" target=\"_blank\" rel=\"noopener\">Die Standardzimmer<\/a> werden oft f\u00fcr Einzelreisende angeboten. Sie verf\u00fcgen in der Regel \u00fcber ein Einzelbett oder ein Doppelbett f\u00fcr eine Person. Diese Zimmer sind zwar einfach, aber oft mit allen notwendigen Annehmlichkeiten ausgestattet, wie zum Beispiel<strong>ein eigenes Badezimmer<\/strong>Sie haben die M\u00f6glichkeit, einen Fernseher und eine Wi-Fi-Verbindung zu nutzen.<\/p><h3>Beispiele f\u00fcr die praktische Anwendung<\/h3><p>Situationen, in denen die einfache Besetzung bevorzugt wird, k\u00f6nnen Folgendes umfassen:<\/p><ul><li><strong>Gesch\u00e4ftsreisen<\/strong> : Berufst\u00e4tige reisen oft individuell.<\/li><li><strong>Einsame Reisende<\/strong> : Wer allein reist, bevorzugt kleinere und preisg\u00fcnstigere Zimmer.<\/li><li><strong>Kurze Aufenthalte<\/strong> : Wenn eine Person nur f\u00fcr kurze Zeit unterwegs ist, wird sie eher eine Einzel- als eine Doppelbelegung bevorzugen.<\/li><\/ul><h2>Unterschiede zwischen Einzel- und Doppelbelegung<\/h2><h3>Finanzielle Aspekte<\/h3><p>Der Hauptunterschied zwischen Einzel- und Doppelbelegung liegt im Preis. Ein Zimmer, das nur von einer Person bewohnt wird, verbraucht in der Regel weniger Ressourcen (Wasser, Strom, W\u00e4sche), was sich in etwas niedrigeren Kosten niederschl\u00e4gt. Der Preisunterschied ist jedoch nicht immer linear und kann von vielen Faktoren abh\u00e4ngen, wie z. B. :<\/p><ul><li><strong>Die Preispolitik des Hotels<\/strong><\/li><li><strong>Saisonalit\u00e4t<\/strong><\/li><li><strong>Die Rendite der Belegungsquote<\/strong> des Hotels<\/li><\/ul><h3>Voreinstellungen f\u00fcr Klienten<\/h3><p>W\u00e4hrend manche Menschen Zimmer grunds\u00e4tzlich nur zum Schlafen suchen, legen andere auch Wert auf einen gewissen Komfort. Hier sind einige Beispiele f\u00fcr die Pr\u00e4ferenzen :<\/p><ul><li>Ein Berufst\u00e4tiger kann sich f\u00fcr ein sehr einfaches Zimmer entscheiden, das jedoch eine gute Lage hat.<\/li><li>Ein einsamer Tourist k\u00f6nnte ein komfortabel ausgestattetes Zimmer w\u00e4hlen.<\/li><\/ul><h2>Implikationen f\u00fcr das Hotelmanagement<\/h2><h3>Optimierung der Verf\u00fcgbarkeit von Zimmern<\/h3><p>Das Verst\u00e4ndnis der Buchungsgr\u00fcnde bei Einzelbelegung hilft Hotelmanagern, ihre verf\u00fcgbaren Zimmer besser zu planen und zuzuteilen. Zum Beispiel :<\/p><ul><li><strong>Spezielle Werbeaktionen<\/strong> um die Einzelzimmer zu f\u00fcllen<\/li><li>Die Einrichtung einiger Zimmer als haupts\u00e4chlich f\u00fcr Einzelaufenthalte bestimmt<\/li><\/ul><h3>Pers\u00f6nlicher Service<\/h3><p>Wenn das Personal die Art der Besch\u00e4ftigung kennt, kann es eine angemessenere und pers\u00f6nlichere Dienstleistung anbieten. Hier einige Illustrationen:<\/p><ul><li>Pers\u00f6nliche Empfehlungen f\u00fcr lokale Aktivit\u00e4ten anbieten<\/li><li>Passen Sie den Reinigungsservice an die geringere Nutzung des Zimmers an.<\/li><\/ul>\t\t\t\t\t\t\t\t<\/div>\n\t\t\t\t<\/div>\n\t\t\t\t<div class=\"elementor-element elementor-element-b9d0c91 elementor-widget elementor-widget-spacer\" data-id=\"b9d0c91\" data-element_type=\"widget\" data-e-type=\"widget\" data-widget_type=\"spacer.default\">\n\t\t\t\t<div class=\"elementor-widget-container\">\n\t\t\t\t\t\t\t<div class=\"elementor-spacer\">\n\t\t\t<div class=\"elementor-spacer-inner\"><\/div>\n\t\t<\/div>\n\t\t\t\t\t\t<\/div>\n\t\t\t\t<\/div>\n\t\t\t\t\t<\/div>\n\t\t<\/div>\n\t\t\t\t\t<\/div>\n\t\t<\/section>\n\t\t\t\t<\/div>","protected":false},"excerpt":{"rendered":"<p>Occupation simple : tout ce qu&rsquo;il faut savoir dans le cadre de l&rsquo;h\u00f4tellerie Dans le domaine de l&rsquo;h\u00f4tellerie, le terme \u00ab occupation simple \u00bb renvoie \u00e0 une notion pr\u00e9cise et couramment utilis\u00e9e. Cette expression est essentielle pour les professionnels du secteur h\u00f4telier afin de g\u00e9rer efficacement leurs r\u00e9servations et maximiser leur taux d\u2019occupation. Cet article [&hellip;]<\/p>\n","protected":false},"author":17,"featured_media":0,"parent":21098,"menu_order":5,"comment_status":"closed","ping_status":"closed","template":"","meta":{"inline_featured_image":false,"footnotes":""},"class_list":["post-21385","page","type-page","status-publish","hentry"],"_links":{"self":[{"href":"https:\/\/www.chateauberne.com\/de\/wp-json\/wp\/v2\/pages\/21385","targetHints":{"allow":["GET"]}}],"collection":[{"href":"https:\/\/www.chateauberne.com\/de\/wp-json\/wp\/v2\/pages"}],"about":[{"href":"https:\/\/www.chateauberne.com\/de\/wp-json\/wp\/v2\/types\/page"}],"author":[{"embeddable":true,"href":"https:\/\/www.chateauberne.com\/de\/wp-json\/wp\/v2\/users\/17"}],"replies":[{"embeddable":true,"href":"https:\/\/www.chateauberne.com\/de\/wp-json\/wp\/v2\/comments?post=21385"}],"version-history":[{"count":20,"href":"https:\/\/www.chateauberne.com\/de\/wp-json\/wp\/v2\/pages\/21385\/revisions"}],"predecessor-version":[{"id":21437,"href":"https:\/\/www.chateauberne.com\/de\/wp-json\/wp\/v2\/pages\/21385\/revisions\/21437"}],"up":[{"embeddable":true,"href":"https:\/\/www.chateauberne.com\/de\/wp-json\/wp\/v2\/pages\/21098"}],"wp:attachment":[{"href":"https:\/\/www.chateauberne.com\/de\/wp-json\/wp\/v2\/media?parent=21385"}],"curies":[{"name":"wp","href":"https:\/\/api.w.org\/{rel}","templated":true}]}}