{"id":22238,"date":"2024-08-04T17:53:42","date_gmt":"2024-08-04T15:53:42","guid":{"rendered":"https:\/\/www.chateauberne.com\/?page_id=22238"},"modified":"2024-08-04T18:24:39","modified_gmt":"2024-08-04T16:24:39","slug":"concergerie","status":"publish","type":"page","link":"https:\/\/www.chateauberne.com\/de\/definition\/concergerie\/","title":{"rendered":"Dienststelle Concergerie"},"content":{"rendered":"<div data-elementor-type=\"wp-page\" data-elementor-id=\"22238\" class=\"elementor elementor-22238\" data-elementor-post-type=\"page\">\n\t\t\t\t\t\t<section class=\"elementor-section elementor-top-section elementor-element elementor-element-bc34da9 elementor-section-full_width elementor-section-height-default elementor-section-height-default\" data-id=\"bc34da9\" data-element_type=\"section\" data-e-type=\"section\">\n\t\t\t\t\t\t<div class=\"elementor-container elementor-column-gap-default\">\n\t\t\t\t\t<div class=\"elementor-column elementor-col-100 elementor-top-column elementor-element elementor-element-83d3ec1\" data-id=\"83d3ec1\" data-element_type=\"column\" data-e-type=\"column\">\n\t\t\t<div class=\"elementor-widget-wrap elementor-element-populated\">\n\t\t\t\t\t\t<div class=\"elementor-element elementor-element-86ae637 elementor--h-position-center elementor--v-position-middle elementor-widget elementor-widget-slides\" data-id=\"86ae637\" data-element_type=\"widget\" data-e-type=\"widget\" data-settings=\"{&quot;navigation&quot;:&quot;none&quot;,&quot;transition&quot;:&quot;fade&quot;,&quot;transition_speed&quot;:500}\" data-widget_type=\"slides.default\">\n\t\t\t\t<div class=\"elementor-widget-container\">\n\t\t\t\t\t\t\t\t\t<div class=\"elementor-swiper\">\n\t\t\t\t\t<div class=\"elementor-slides-wrapper elementor-main-swiper swiper\" role=\"region\" aria-roledescription=\"carousel\" aria-label=\"Folien\" dir=\"ltr\" data-animation=\"fadeInUp\">\n\t\t\t\t<div class=\"swiper-wrapper elementor-slides\">\n\t\t\t\t\t\t\t\t\t\t<div class=\"elementor-repeater-item-de8fba4 swiper-slide\" role=\"group\" aria-roledescription=\"slide\"><div class=\"swiper-slide-bg\" role=\"img\" aria-label=\"47-Zimmer @martin dejoie\"><\/div><div class=\"swiper-slide-inner\" ><div class=\"swiper-slide-contents\"><\/div><\/div><\/div>\t\t\t\t<\/div>\n\t\t\t\t\t\t\t<\/div>\n\t\t\t\t<\/div>\n\t\t\t\t\t\t\t\t<\/div>\n\t\t\t\t<\/div>\n\t\t\t\t\t<\/div>\n\t\t<\/div>\n\t\t\t\t\t<\/div>\n\t\t<\/section>\n\t\t\t\t<section class=\"elementor-section elementor-top-section elementor-element elementor-element-5cf06ff elementor-section-boxed elementor-section-height-default elementor-section-height-default\" data-id=\"5cf06ff\" data-element_type=\"section\" data-e-type=\"section\">\n\t\t\t\t\t\t<div class=\"elementor-container elementor-column-gap-default\">\n\t\t\t\t\t<div class=\"elementor-column elementor-col-100 elementor-top-column elementor-element elementor-element-3d63388\" data-id=\"3d63388\" data-element_type=\"column\" data-e-type=\"column\">\n\t\t\t<div class=\"elementor-widget-wrap\">\n\t\t\t\t\t\t\t<\/div>\n\t\t<\/div>\n\t\t\t\t\t<\/div>\n\t\t<\/section>\n\t\t\t\t<section class=\"elementor-section elementor-top-section elementor-element elementor-element-7f5ec95 elementor-section-boxed elementor-section-height-default elementor-section-height-default\" data-id=\"7f5ec95\" data-element_type=\"section\" data-e-type=\"section\">\n\t\t\t\t\t\t<div class=\"elementor-container elementor-column-gap-default\">\n\t\t\t\t\t<div class=\"elementor-column elementor-col-100 elementor-top-column elementor-element elementor-element-4ba4d21\" data-id=\"4ba4d21\" data-element_type=\"column\" data-e-type=\"column\">\n\t\t\t<div class=\"elementor-widget-wrap elementor-element-populated\">\n\t\t\t\t\t\t<div class=\"elementor-element elementor-element-734d688 elementor-widget elementor-widget-heading\" data-id=\"734d688\" data-element_type=\"widget\" data-e-type=\"widget\" data-widget_type=\"heading.default\">\n\t\t\t\t<div class=\"elementor-widget-container\">\n\t\t\t\t\t<h1 class=\"elementor-heading-title elementor-size-default\">Concierge-Service im Hotelgewerbe: Alles, was man wissen muss\n<\/h1>\t\t\t\t<\/div>\n\t\t\t\t<\/div>\n\t\t\t\t<div class=\"elementor-element elementor-element-b98f450 elementor-widget-divider--view-line elementor-widget elementor-widget-divider\" data-id=\"b98f450\" data-element_type=\"widget\" data-e-type=\"widget\" data-widget_type=\"divider.default\">\n\t\t\t\t<div class=\"elementor-widget-container\">\n\t\t\t\t\t\t\t<div class=\"elementor-divider\">\n\t\t\t<span class=\"elementor-divider-separator\">\n\t\t\t\t\t\t<\/span>\n\t\t<\/div>\n\t\t\t\t\t\t<\/div>\n\t\t\t\t<\/div>\n\t\t\t\t<div class=\"elementor-element elementor-element-8fc19a8 elementor-widget__width-initial elementor-widget elementor-widget-text-editor\" data-id=\"8fc19a8\" data-element_type=\"widget\" data-e-type=\"widget\" data-widget_type=\"text-editor.default\">\n\t\t\t\t<div class=\"elementor-widget-container\">\n\t\t\t\t\t\t\t\t\t<p>Die <strong>Hotel-Concierge<\/strong> ist eine wertvolle Dienstleistung, die das Erlebnis der G\u00e4ste w\u00e4hrend ihres Aufenthalts verbessert. In diesem Artikel untersuchen wir die verschiedenen Aspekte des Concierge-Service, von seiner Definition bis hin zu den spezifischen Aufgaben, die er umfasst, und wie er dazu beitr\u00e4gt, das Leben der Mieter angenehmer zu gestalten.<\/p><h2>Definition des Hausmeisterdienstes im Hotelgewerbe<\/h2><p>Eine <a href=\"https:\/\/www.chateauberne.com\/wp-content\/uploads\/2024\/07\/Room-Directory-2024.pdf\" target=\"_blank\" rel=\"noopener\">Hausmeisterservice<\/a> in der Hotellerie bezieht sich auf ein Team oder eine Einzelperson, die speziell daf\u00fcr ausgebildet ist, auf die besonderen Bed\u00fcrfnisse und W\u00fcnsche der G\u00e4ste einzugehen. Diese Fachleute setzen alles daran, ein B\u00fcndel von personalisierten Dienstleistungen anzubieten, um einen <strong>unvergesslicher Aufenthalt<\/strong>.<\/p><h3>Hauptaufgaben eines Hausmeisters<\/h3><p>Die Aufgaben eines Concierge sind vielf\u00e4ltig und reichen von einfachen Touristeninformationen bis hin zu komplexen Buchungen. Hier einige praktische Beispiele :<\/p><ul><li><strong>Reservierungen f\u00fcr Restaurants und Auff\u00fchrungen<\/strong><\/li><li><strong>Organisation von F\u00fchrungen und Ausfl\u00fcgen<\/strong><\/li><li>Koordination von Flughafentransfers und lokalem Transport<\/li><li>Hilfe bei der Planung von besonderen Anl\u00e4ssen wie Geburtstagen oder Hochzeiten<\/li><li>Post- und Kurierdienste<\/li><li>Verwaltung medizinischer Notf\u00e4lle<\/li><\/ul><h2>Die Bedeutung von Concierge-Diensten f\u00fcr die Kunden<\/h2><p>Der Concierge-Service \u00fcbertrifft die \u00fcblichen Erwartungen der G\u00e4ste und verleiht ihrem Erlebnis einen Hauch von Magie. Dies kann Empfehlungen umfassen <strong>nach Ma\u00df<\/strong> basierend auf dem pers\u00f6nlichen Geschmack des Kunden oder auch die Organisation von <strong>\u00dcberraschungen und einzigartige Veranstaltungen<\/strong>. Sie spielen auch eine wichtige Rolle bei der Schaffung von Emotionen und positiven Erinnerungen, wodurch die Loyalit\u00e4t der G\u00e4ste gegen\u00fcber der Einrichtung gest\u00e4rkt wird.<\/p><h3>Beispiele f\u00fcr Situationen, in denen ein Hausmeister den Unterschied macht<\/h3><p>Stellen Sie sich ein Paar vor, das nach einem langen Reisetag sp\u00e4t im Hotel ankommt. Der Concierge h\u00e4tte diese Ankunft vorausgesehen und einen herzlichen Empfang mit ihren Lieblingsgetr\u00e4nken vorbereitet, die bereits auf dem Zimmer bereitstehen. Er k\u00f6nnte sogar so weit gehen, ein \u00dcberraschungsfoto zu organisieren, das diesen besonderen Moment festh\u00e4lt. Diese Liebe zum Detail verwandelt einen einfachen Abend in eine unvergessliche Erinnerung.<\/p><h2>Von Hausmeistern verwendete Techniken und Werkzeuge<\/h2><p>Um einen so reaktionsschnellen und pers\u00f6nlichen Service zu bieten, setzen Hausmeister eine Reihe von Spezialtechniken und -werkzeugen ein. Viele Einrichtungen investieren in Concierge-Management-Software, mit der die Vorlieben der Kunden verfolgt und jede Anfrage effizient verwaltet werden kann.<\/p><h3>Wesentliche technologische Werkzeuge<\/h3><ul><li>Integrierte Systeme zur Verwaltung von Kundenbeziehungen (CRM)<\/li><li>Mobile Apps f\u00fcr die direkte Kommunikation mit den Kunden<\/li><li>Webportale zur Buchung von Online-Diensten<\/li><li>Netzwerkplattformen f\u00fcr die Betreuung von lokalen Anzeigen und Empfehlungen<\/li><\/ul><h2>Ausbildung und F\u00e4higkeiten der Hausmeister<\/h2><p>Um ein effektiver Hausmeister zu werden, braucht man mehr als nur technisches Wissen. <strong>verfeinerte zwischenmenschliche F\u00e4higkeiten<\/strong> und ein tiefes Engagement f\u00fcr die Zufriedenheit der Kunden.<\/p><h3>Schl\u00fcsselkompetenzen eines Hausmeisters<\/h3><ul><li>Ausgezeichneter Sinn f\u00fcr Service und Kundenbeziehungen<\/li><li>F\u00e4higkeit, unter Druck zu arbeiten<\/li><li>Umfassende Kenntnisse der Region und der lokalen Attraktionen<\/li><li>Diskretion und Respekt f\u00fcr die Privatsph\u00e4re der Klientinnen und Klienten<\/li><li>Vielseitigkeit und die F\u00e4higkeit, Probleme schnell zu l\u00f6sen<\/li><\/ul><h2>Auswirkungen von Conciergediensten auf die Rentabilit\u00e4t von Hotels<\/h2><p>Ein guter Concierge-Service kann nicht nur die Kundenzufriedenheit verbessern, sondern auch dazu beitragen, die Einnahmen des Hotels zu steigern. Durch das Angebot exklusiver und pers\u00f6nlicher Dienstleistungen k\u00f6nnen Hotels h\u00f6here Preise rechtfertigen und mehr G\u00e4ste an sich binden.<\/p><h3>Elemente der Rentabilit\u00e4t<\/h3><ul><li>Kauf von exklusiven Erlebnispaketen<\/li><li>Upsell von Premium-Dienstleistungen und Aktivit\u00e4ten<\/li><li>F\u00f6rderung von profitablen lokalen Partnerschaften<\/li><li>F\u00f6rderung positiver Mundpropaganda durch einpr\u00e4gsame Erlebnisse<\/li><\/ul><h2>Aktuelle Entwicklungen und Trends bei Hausmeisterdiensten<\/h2><p>Mit dem Aufkommen neuer Technologien und den sich \u00e4ndernden Erwartungen der G\u00e4ste ver\u00e4ndert sich auch der Concierge-Service weiter. Moderne Concierges m\u00fcssen sowohl Technologieexperten als auch Meister der traditionellen Gastfreundschaft sein.<\/p><h3>Technologietrends<\/h3><ul><li>Einsatz von k\u00fcnstlicher Intelligenz und Chatbots f\u00fcr sofortige Antworten<\/li><li>Integration von vernetzten Objekten zur Personalisierung des Komforts in den Zimmern<\/li><li>Nutzung der virtuellen Realit\u00e4t zur Vorschau auf lokale Erlebnisse<\/li><\/ul><h3>\u00d6kologie und soziale Verantwortung<\/h3><p>Dar\u00fcber hinaus beeinflussen \u00f6kologische und soziale Belange zunehmend die von modernen Conciergediensten angebotenen Dienstleistungen. So entscheiden sich beispielsweise viele Hotels nun f\u00fcr <strong>nachhaltige Praktiken<\/strong> und versuchen, ihre Kunden durch <strong>Umweltinitiativen<\/strong> w\u00e4hrend ihres Aufenthalts<\/p><p>Zusammenfassend l\u00e4sst sich sagen, dass der Concierge-Service eine entscheidende Rolle in der Hotelbranche spielt und jeden Aufenthalt in ein einzigartiges und unvergessliches Erlebnis verwandelt. Ob durch ihr lokales Fachwissen, ihre hohen Kompetenzen im Kundenservice oder ihre F\u00e4higkeit, pers\u00f6nliche Unterst\u00fctzung zu bieten - Concierges stellen f\u00fcr Hotels und ihre G\u00e4ste einen unsch\u00e4tzbaren Wert dar.<\/p>\t\t\t\t\t\t\t\t<\/div>\n\t\t\t\t<\/div>\n\t\t\t\t<div class=\"elementor-element elementor-element-8b58a57 elementor-widget elementor-widget-spacer\" data-id=\"8b58a57\" data-element_type=\"widget\" data-e-type=\"widget\" data-widget_type=\"spacer.default\">\n\t\t\t\t<div class=\"elementor-widget-container\">\n\t\t\t\t\t\t\t<div class=\"elementor-spacer\">\n\t\t\t<div class=\"elementor-spacer-inner\"><\/div>\n\t\t<\/div>\n\t\t\t\t\t\t<\/div>\n\t\t\t\t<\/div>\n\t\t\t\t\t<\/div>\n\t\t<\/div>\n\t\t\t\t\t<\/div>\n\t\t<\/section>\n\t\t\t\t<\/div>","protected":false},"excerpt":{"rendered":"<p>Service de conciergerie en h\u00f4tellerie : tout ce qu&rsquo;il faut savoir La conciergerie h\u00f4teli\u00e8re est un service pr\u00e9cieux qui am\u00e9liore l&rsquo;exp\u00e9rience des clients pendant leur s\u00e9jour. Dans cet article, nous explorerons les divers aspects du service de conciergerie, de sa d\u00e9finition aux t\u00e2ches sp\u00e9cifiques qu&rsquo;il englobe, et comment il contribue \u00e0 rendre la vie des [&hellip;]<\/p>\n","protected":false},"author":18,"featured_media":0,"parent":21098,"menu_order":12,"comment_status":"closed","ping_status":"closed","template":"","meta":{"inline_featured_image":false,"footnotes":""},"class_list":["post-22238","page","type-page","status-publish","hentry"],"_links":{"self":[{"href":"https:\/\/www.chateauberne.com\/de\/wp-json\/wp\/v2\/pages\/22238","targetHints":{"allow":["GET"]}}],"collection":[{"href":"https:\/\/www.chateauberne.com\/de\/wp-json\/wp\/v2\/pages"}],"about":[{"href":"https:\/\/www.chateauberne.com\/de\/wp-json\/wp\/v2\/types\/page"}],"author":[{"embeddable":true,"href":"https:\/\/www.chateauberne.com\/de\/wp-json\/wp\/v2\/users\/18"}],"replies":[{"embeddable":true,"href":"https:\/\/www.chateauberne.com\/de\/wp-json\/wp\/v2\/comments?post=22238"}],"version-history":[{"count":7,"href":"https:\/\/www.chateauberne.com\/de\/wp-json\/wp\/v2\/pages\/22238\/revisions"}],"predecessor-version":[{"id":22384,"href":"https:\/\/www.chateauberne.com\/de\/wp-json\/wp\/v2\/pages\/22238\/revisions\/22384"}],"up":[{"embeddable":true,"href":"https:\/\/www.chateauberne.com\/de\/wp-json\/wp\/v2\/pages\/21098"}],"wp:attachment":[{"href":"https:\/\/www.chateauberne.com\/de\/wp-json\/wp\/v2\/media?parent=22238"}],"curies":[{"name":"wp","href":"https:\/\/api.w.org\/{rel}","templated":true}]}}