{"id":22241,"date":"2024-08-04T17:04:54","date_gmt":"2024-08-04T15:04:54","guid":{"rendered":"https:\/\/www.chateauberne.com\/?page_id=22241"},"modified":"2024-08-04T18:30:25","modified_gmt":"2024-08-04T16:30:25","slug":"petit-dejeuner-buffet","status":"publish","type":"page","link":"https:\/\/www.chateauberne.com\/de\/definition\/petit-dejeuner-buffet\/","title":{"rendered":"Fr\u00fchst\u00fccksbuffet"},"content":{"rendered":"<div data-elementor-type=\"wp-page\" data-elementor-id=\"22241\" class=\"elementor elementor-22241\" data-elementor-post-type=\"page\">\n\t\t\t\t\t\t<section class=\"elementor-section elementor-top-section elementor-element elementor-element-bc34da9 elementor-section-full_width elementor-section-height-default elementor-section-height-default\" data-id=\"bc34da9\" data-element_type=\"section\" data-e-type=\"section\">\n\t\t\t\t\t\t<div class=\"elementor-container elementor-column-gap-default\">\n\t\t\t\t\t<div class=\"elementor-column elementor-col-100 elementor-top-column elementor-element elementor-element-83d3ec1\" data-id=\"83d3ec1\" data-element_type=\"column\" data-e-type=\"column\">\n\t\t\t<div class=\"elementor-widget-wrap elementor-element-populated\">\n\t\t\t\t\t\t<div class=\"elementor-element elementor-element-86ae637 elementor--h-position-center elementor--v-position-middle elementor-widget elementor-widget-slides\" data-id=\"86ae637\" data-element_type=\"widget\" data-e-type=\"widget\" data-settings=\"{&quot;navigation&quot;:&quot;none&quot;,&quot;transition&quot;:&quot;fade&quot;,&quot;transition_speed&quot;:500}\" data-widget_type=\"slides.default\">\n\t\t\t\t<div class=\"elementor-widget-container\">\n\t\t\t\t\t\t\t\t\t<div class=\"elementor-swiper\">\n\t\t\t\t\t<div class=\"elementor-slides-wrapper elementor-main-swiper swiper\" role=\"region\" aria-roledescription=\"carousel\" aria-label=\"Slider\" dir=\"ltr\" data-animation=\"fadeInUp\">\n\t\t\t\t<div class=\"swiper-wrapper elementor-slides\">\n\t\t\t\t\t\t\t\t\t\t<div class=\"elementor-repeater-item-de8fba4 swiper-slide\" role=\"group\" aria-roledescription=\"slide\"><div class=\"swiper-slide-bg\" role=\"img\" aria-label=\"Fr\u00fchst\u00fccksbuffet\"><\/div><div class=\"swiper-slide-inner\" ><div class=\"swiper-slide-contents\"><\/div><\/div><\/div>\t\t\t\t<\/div>\n\t\t\t\t\t\t\t<\/div>\n\t\t\t\t<\/div>\n\t\t\t\t\t\t\t\t<\/div>\n\t\t\t\t<\/div>\n\t\t\t\t\t<\/div>\n\t\t<\/div>\n\t\t\t\t\t<\/div>\n\t\t<\/section>\n\t\t\t\t<section class=\"elementor-section elementor-top-section elementor-element elementor-element-5cf06ff elementor-section-boxed elementor-section-height-default elementor-section-height-default\" data-id=\"5cf06ff\" data-element_type=\"section\" data-e-type=\"section\">\n\t\t\t\t\t\t<div class=\"elementor-container elementor-column-gap-default\">\n\t\t\t\t\t<div class=\"elementor-column elementor-col-100 elementor-top-column elementor-element elementor-element-3d63388\" data-id=\"3d63388\" data-element_type=\"column\" data-e-type=\"column\">\n\t\t\t<div class=\"elementor-widget-wrap\">\n\t\t\t\t\t\t\t<\/div>\n\t\t<\/div>\n\t\t\t\t\t<\/div>\n\t\t<\/section>\n\t\t\t\t<section class=\"elementor-section elementor-top-section elementor-element elementor-element-7f5ec95 elementor-section-boxed elementor-section-height-default elementor-section-height-default\" data-id=\"7f5ec95\" data-element_type=\"section\" data-e-type=\"section\">\n\t\t\t\t\t\t<div class=\"elementor-container elementor-column-gap-default\">\n\t\t\t\t\t<div class=\"elementor-column elementor-col-100 elementor-top-column elementor-element elementor-element-4ba4d21\" data-id=\"4ba4d21\" data-element_type=\"column\" data-e-type=\"column\">\n\t\t\t<div class=\"elementor-widget-wrap elementor-element-populated\">\n\t\t\t\t\t\t<div class=\"elementor-element elementor-element-734d688 elementor-widget elementor-widget-heading\" data-id=\"734d688\" data-element_type=\"widget\" data-e-type=\"widget\" data-widget_type=\"heading.default\">\n\t\t\t\t<div class=\"elementor-widget-container\">\n\t\t\t\t\t<h1 class=\"elementor-heading-title elementor-size-default\">Fr\u00fchst\u00fccksbuffet: ein unverzichtbarer Service in der Hotellerie<\/h1>\t\t\t\t<\/div>\n\t\t\t\t<\/div>\n\t\t\t\t<div class=\"elementor-element elementor-element-b98f450 elementor-widget-divider--view-line elementor-widget elementor-widget-divider\" data-id=\"b98f450\" data-element_type=\"widget\" data-e-type=\"widget\" data-widget_type=\"divider.default\">\n\t\t\t\t<div class=\"elementor-widget-container\">\n\t\t\t\t\t\t\t<div class=\"elementor-divider\">\n\t\t\t<span class=\"elementor-divider-separator\">\n\t\t\t\t\t\t<\/span>\n\t\t<\/div>\n\t\t\t\t\t\t<\/div>\n\t\t\t\t<\/div>\n\t\t\t\t<div class=\"elementor-element elementor-element-8fc19a8 elementor-widget__width-initial elementor-widget elementor-widget-text-editor\" data-id=\"8fc19a8\" data-element_type=\"widget\" data-e-type=\"widget\" data-widget_type=\"text-editor.default\">\n\t\t\t\t<div class=\"elementor-widget-container\">\n\t\t\t\t\t\t\t\t\t<p>Vorschlagen eines <strong>Fr\u00fchst\u00fccksbuffet<\/strong> in der Hotellerie ist eine tief verwurzelte Tradition, die den G\u00e4sten eine gro\u00dfe Auswahl an Speisen und Getr\u00e4nken bietet, um den Tag auf angenehme Weise zu beginnen. Diese Art von Fr\u00fchst\u00fcck zeichnet sich durch seine <strong>Sorte<\/strong> und sein <strong>\u00dcberfluss<\/strong>Dies erm\u00f6glicht eine individuelle Erfahrung f\u00fcr jeden Gast. Erkunden wir die wichtigsten Elemente, die diesen von Reisenden gesch\u00e4tzten Service ausmachen, und finden wir heraus, wie er optimiert werden kann, um die Erwartungen der G\u00e4ste zu erf\u00fcllen und gleichzeitig das Management f\u00fcr Hotelbetriebe zu vereinfachen.<\/p><h2>Die wichtigsten Bestandteile eines Fr\u00fchst\u00fccksbuffets<\/h2><p>Ein gut gelungenes Fr\u00fchst\u00fccksbuffet verpflichtet mehrere Schl\u00fcsselelemente, die attraktiv angeordnet und f\u00fcr die G\u00e4ste leicht zug\u00e4nglich sind. Von Brot und Geb\u00e4ck \u00fcber frisches Obst bis hin zu warmen Speisen - jedes Detail z\u00e4hlt.<\/p><h3>Brot und Geb\u00e4ck<\/h3><p>Eine gro\u00dfe Auswahl an frisch gebackenem Brot und <strong>schmackhaftes Geb\u00e4ck<\/strong> bildet oft den Grundstein f\u00fcr ein Fr\u00fchst\u00fccksbuffet. Hier einige g\u00e4ngige Beispiele:<\/p><ul><li>Croissants<\/li><li>Brote mit Schokolade<\/li><li>Verschiedene Brotsorten wie Baguette, Vollkornbrot oder auch glutenfreies Brot<\/li><li>Brioches und Muffins<\/li><\/ul><h3>Warme Speisen<\/h3><p>Um den vielf\u00e4ltigen Geschm\u00e4ckern der G\u00e4ste gerecht zu werden, enth\u00e4lt ein gutes Buffet in der Regel einen kompletten Abschnitt, der sich den <strong>warme Gerichte<\/strong>. Oft findet man dort :<\/p><ul><li>R\u00fchreier, Spiegeleier oder gekochte Eier<\/li><li>Speck und W\u00fcrstchen<\/li><li>Salzige Torten und Quiches<\/li><li>Gegrilltes Gem\u00fcse<\/li><\/ul><h3>Obst und Milchprodukte<\/h3><p>Anbieten von <strong>leichte und gesunde Optionen<\/strong> ist ebenso wesentlich. Zu diesen Optionen geh\u00f6ren :<\/p><ul><li>Frische Obstsalate und ganze Fr\u00fcchte<\/li><li>Naturjoghurt und aromatisierter Joghurt<\/li><li>Verschiedene K\u00e4sesorten<\/li><li>Milch, Pflanzenmilch (Mandel, Soja) und frische Fruchts\u00e4fte<\/li><\/ul><h2>Die Organisation des Buffets: praktische Tipps<\/h2><p>Die Anordnung und Pr\u00e4sentation sind entscheidend, um die Attraktivit\u00e4t und Praktikabilit\u00e4t eines Fr\u00fchst\u00fccksbuffets zu maximieren. Hier sind einige Punkte, die Sie beachten sollten.<\/p><h3>Unentbehrliches Zubeh\u00f6r<\/h3><p>Gut ausgew\u00e4hltes Zubeh\u00f6r sorgt f\u00fcr Ordnung und verbessert das Nutzererlebnis.<\/p><ul><li><strong>Handtuchhalter<\/strong> und Besteckablage: verhindert Unordnung und erleichtert den Zugriff auf die Utensilien.<\/li><li><strong>M\u00fclleimer<\/strong> unauff\u00e4llig: damit die Kunden Verpackungen und Abf\u00e4lle leicht entsorgen k\u00f6nnen.<\/li><li><strong>L\u00f6ffel und Zangen<\/strong> : Zum hygienischen Servieren kleiner Portionen.<\/li><\/ul><h3>Strategische Anordnung<\/h3><p>Um einen reibungslosen Verkehr zu gew\u00e4hrleisten und Wartezeiten zu minimieren, sollten Sie diese Tipps in Betracht ziehen:<\/p><ul><li>Trennen Sie warme und kalte Stationen: Vermeiden Sie Staus, indem Sie die verschiedenen Bereiche des Buffets mit Abstand zueinander aufstellen.<\/li><li>Diversifizieren Sie die <strong>Trinkstationen<\/strong> : Kaffee, Tee und S\u00e4fte an mehreren Orten anbieten.<\/li><li>Verwenden Sie <strong>ansprechende Etiketten<\/strong> : Um jedes Lebensmittel eindeutig zu identifizieren und m\u00f6gliche Allergene anzugeben.<\/li><\/ul><h2>Tipps zur Aufwertung des Fr\u00fchst\u00fccksbuffets<\/h2><p>Die Erwartungen zu \u00fcbertreffen hilft, bei den Kunden zu punkten und sie dazu zu bringen, wiederzukommen. Hier sind einige Vorschl\u00e4ge.<\/p><h3>Live-Cooking-Stationen<\/h3><p>Das Hinzuf\u00fcgen einer interaktiven Note mit K\u00f6chen, die bestimmte Gerichte auf Bestellung zubereiten, z. B. Omeletts oder Pfannkuchen, bereichert das Kundenerlebnis.<\/p><h3>Verkostung von lokalen Spezialit\u00e4ten<\/h3><p>Integrieren Sie <strong>lokale Gerichte<\/strong> erm\u00f6glicht es, den G\u00e4sten die regionale Kultur n\u00e4her zu bringen. Zum Beispiel :<\/p><ul><li>Handwerkliche Produkte wie Marmeladen, regionale K\u00e4sesorten<\/li><li>Typische Wurstwaren<\/li><li>Lokales Geb\u00e4ck<\/li><\/ul><h3>Di\u00e4tetische und allergenfreundliche Optionen<\/h3><p>Um allen Arten von Di\u00e4ten entgegenzukommen, kann das Hinzuf\u00fcgen geeigneter Optionen wirklich einen Unterschied machen. Bieten Sie :<\/p><ul><li>Gluten- und laktosefreie Produkte<\/li><li>Vegetarische und vegane Alternativen<\/li><li>Biologische und wenig verarbeitete Zutaten<\/li><\/ul><h2>Die Logistik hinter einem erfolgreichen Fr\u00fchst\u00fccksbuffet<\/h2><p>Effiziente Organisation und sorgf\u00e4ltige Planung sorgen f\u00fcr den t\u00e4glichen Erfolg des Fr\u00fchst\u00fccksbuffets in einem <a href=\"https:\/\/www.chateauberne.com\/de\/hotel-et-villa\/\" target=\"_blank\" rel=\"noopener\">5-Sterne-Hotel<\/a>.<\/p><h3>Vorausschauende Vorbereitung<\/h3><p>Ein eigenes Team f\u00fcr die Nahrungszubereitung zu haben, sorgt daf\u00fcr, dass jeder Morgen reibungslos beginnt. Einige Schl\u00fcsselpraktiken :<\/p><ul><li>Mise en place am Vortag: Tische, Utensilien und bestimmte nicht verderbliche kulinarische Zubereitungen im Voraus vorbereiten.<\/li><li>Teamorganisation: Legen Sie die Rollen und Zust\u00e4ndigkeiten jedes Einzelnen klar fest, um eine reibungslose Koordination zu gew\u00e4hrleisten.<\/li><\/ul><h3>Qualit\u00e4tskontrolle<\/h3><p>Die Frische und Qualit\u00e4t der servierten Speisen darf niemals beeintr\u00e4chtigt werden. Diese Ma\u00dfnahmen einzuf\u00fchren hilft, die erwarteten Standards zu gew\u00e4hrleisten :<\/p><ul><li>Verantwortungsbewusste Beschaffung: Auswahl renommierter und zuverl\u00e4ssiger Lieferanten f\u00fcr gleichbleibende Qualit\u00e4t.<\/li><li>Regelm\u00e4\u00dfige Inspektionen: F\u00fchren Sie h\u00e4ufige Kontrollen durch, um die Temperatur und die Vermeidung von Kreuzkontaminationen zu \u00fcberpr\u00fcfen.<\/li><\/ul><h2>Die entscheidende Rolle der Mitarbeiter<\/h2><p>Das Personal spielt eine zentrale Rolle f\u00fcr die Zufriedenheit der G\u00e4ste w\u00e4hrend des Fr\u00fchst\u00fccks.<\/p><h3>Weiterbildung<\/h3><p>Wenn Sie das Team regelm\u00e4\u00dfig in den besten Praktiken des Dienstes schulen, k\u00f6nnen Sie eine einwandfreie Leistung sicherstellen. Dazu geh\u00f6ren:<\/p><ul><li>Kompetenzen in <strong>Kundenservice<\/strong> : herzlicher Empfang, L\u00e4cheln und Hilfsbereitschaft<\/li><li>Produktkenntnisse: F\u00e4higkeit, Kunden \u00fcber die verf\u00fcgbaren Gerichte zu informieren und zu beraten.<\/li><\/ul><h3>Reaktivit\u00e4t und Sauberkeit<\/h3><p>Ein Personal, das auf jedes Detail achtet, garantiert h\u00f6chste Zufriedenheit :<\/p><ul><li>Konstante Bef\u00fcllung: Stellen Sie sicher, dass alle Bereiche des Buffets best\u00fcckt bleiben.<\/li><li>H\u00e4ufiges Reinigen: Tische und Servicebereiche st\u00e4ndig sauber halten.<\/li><\/ul>\t\t\t\t\t\t\t\t<\/div>\n\t\t\t\t<\/div>\n\t\t\t\t<div class=\"elementor-element elementor-element-8b58a57 elementor-widget elementor-widget-spacer\" data-id=\"8b58a57\" data-element_type=\"widget\" data-e-type=\"widget\" data-widget_type=\"spacer.default\">\n\t\t\t\t<div class=\"elementor-widget-container\">\n\t\t\t\t\t\t\t<div class=\"elementor-spacer\">\n\t\t\t<div class=\"elementor-spacer-inner\"><\/div>\n\t\t<\/div>\n\t\t\t\t\t\t<\/div>\n\t\t\t\t<\/div>\n\t\t\t\t\t<\/div>\n\t\t<\/div>\n\t\t\t\t\t<\/div>\n\t\t<\/section>\n\t\t\t\t<\/div>","protected":false},"excerpt":{"rendered":"<p>Petit-d\u00e9jeuner buffet : un service incontournable en h\u00f4tellerie Proposer un petit-d\u00e9jeuner buffet dans l&rsquo;h\u00f4tellerie est une tradition bien ancr\u00e9e, offrant aux clients un large choix de mets et boissons pour d\u00e9buter leur journ\u00e9e de mani\u00e8re agr\u00e9able. Ce type de petit-d\u00e9jeuner se distingue par sa vari\u00e9t\u00e9 et son abondance, permettant une exp\u00e9rience personnalis\u00e9e pour chaque client. [&hellip;]<\/p>\n","protected":false},"author":18,"featured_media":0,"parent":21098,"menu_order":15,"comment_status":"closed","ping_status":"closed","template":"","meta":{"inline_featured_image":false,"footnotes":""},"class_list":["post-22241","page","type-page","status-publish","hentry"],"_links":{"self":[{"href":"https:\/\/www.chateauberne.com\/de\/wp-json\/wp\/v2\/pages\/22241","targetHints":{"allow":["GET"]}}],"collection":[{"href":"https:\/\/www.chateauberne.com\/de\/wp-json\/wp\/v2\/pages"}],"about":[{"href":"https:\/\/www.chateauberne.com\/de\/wp-json\/wp\/v2\/types\/page"}],"author":[{"embeddable":true,"href":"https:\/\/www.chateauberne.com\/de\/wp-json\/wp\/v2\/users\/18"}],"replies":[{"embeddable":true,"href":"https:\/\/www.chateauberne.com\/de\/wp-json\/wp\/v2\/comments?post=22241"}],"version-history":[{"count":5,"href":"https:\/\/www.chateauberne.com\/de\/wp-json\/wp\/v2\/pages\/22241\/revisions"}],"predecessor-version":[{"id":22402,"href":"https:\/\/www.chateauberne.com\/de\/wp-json\/wp\/v2\/pages\/22241\/revisions\/22402"}],"up":[{"embeddable":true,"href":"https:\/\/www.chateauberne.com\/de\/wp-json\/wp\/v2\/pages\/21098"}],"wp:attachment":[{"href":"https:\/\/www.chateauberne.com\/de\/wp-json\/wp\/v2\/media?parent=22241"}],"curies":[{"name":"wp","href":"https:\/\/api.w.org\/{rel}","templated":true}]}}