{"id":22244,"date":"2024-08-04T17:50:59","date_gmt":"2024-08-04T15:50:59","guid":{"rendered":"https:\/\/www.chateauberne.com\/?page_id=22244"},"modified":"2024-08-04T18:25:38","modified_gmt":"2024-08-04T16:25:38","slug":"location-materiel-plage","status":"publish","type":"page","link":"https:\/\/www.chateauberne.com\/de\/definition\/location-materiel-plage\/","title":{"rendered":"Vermietung von Strandausr\u00fcstung"},"content":{"rendered":"<div data-elementor-type=\"wp-page\" data-elementor-id=\"22244\" class=\"elementor elementor-22244\" data-elementor-post-type=\"page\">\n\t\t\t\t\t\t<section class=\"elementor-section elementor-top-section elementor-element elementor-element-bc34da9 elementor-section-full_width elementor-section-height-default elementor-section-height-default\" data-id=\"bc34da9\" data-element_type=\"section\" data-e-type=\"section\">\n\t\t\t\t\t\t<div class=\"elementor-container elementor-column-gap-default\">\n\t\t\t\t\t<div class=\"elementor-column elementor-col-100 elementor-top-column elementor-element elementor-element-83d3ec1\" data-id=\"83d3ec1\" data-element_type=\"column\" data-e-type=\"column\">\n\t\t\t<div class=\"elementor-widget-wrap elementor-element-populated\">\n\t\t\t\t\t\t<div class=\"elementor-element elementor-element-86ae637 elementor--h-position-center elementor--v-position-middle elementor-widget elementor-widget-slides\" data-id=\"86ae637\" data-element_type=\"widget\" data-e-type=\"widget\" data-settings=\"{&quot;navigation&quot;:&quot;none&quot;,&quot;transition&quot;:&quot;fade&quot;,&quot;transition_speed&quot;:500}\" data-widget_type=\"slides.default\">\n\t\t\t\t<div class=\"elementor-widget-container\">\n\t\t\t\t\t\t\t\t\t<div class=\"elementor-swiper\">\n\t\t\t\t\t<div class=\"elementor-slides-wrapper elementor-main-swiper swiper\" role=\"region\" aria-roledescription=\"carousel\" aria-label=\"Folien\" dir=\"ltr\" data-animation=\"fadeInUp\">\n\t\t\t\t<div class=\"swiper-wrapper elementor-slides\">\n\t\t\t\t\t\t\t\t\t\t<div class=\"elementor-repeater-item-de8fba4 swiper-slide\" role=\"group\" aria-roledescription=\"slide\"><div class=\"swiper-slide-bg\" role=\"img\" aria-label=\"strand von pampelonne\"><\/div><div class=\"swiper-slide-inner\" ><div class=\"swiper-slide-contents\"><\/div><\/div><\/div>\t\t\t\t<\/div>\n\t\t\t\t\t\t\t<\/div>\n\t\t\t\t<\/div>\n\t\t\t\t\t\t\t\t<\/div>\n\t\t\t\t<\/div>\n\t\t\t\t\t<\/div>\n\t\t<\/div>\n\t\t\t\t\t<\/div>\n\t\t<\/section>\n\t\t\t\t<section class=\"elementor-section elementor-top-section elementor-element elementor-element-5cf06ff elementor-section-boxed elementor-section-height-default elementor-section-height-default\" data-id=\"5cf06ff\" data-element_type=\"section\" data-e-type=\"section\">\n\t\t\t\t\t\t<div class=\"elementor-container elementor-column-gap-default\">\n\t\t\t\t\t<div class=\"elementor-column elementor-col-100 elementor-top-column elementor-element elementor-element-3d63388\" data-id=\"3d63388\" data-element_type=\"column\" data-e-type=\"column\">\n\t\t\t<div class=\"elementor-widget-wrap\">\n\t\t\t\t\t\t\t<\/div>\n\t\t<\/div>\n\t\t\t\t\t<\/div>\n\t\t<\/section>\n\t\t\t\t<section class=\"elementor-section elementor-top-section elementor-element elementor-element-7f5ec95 elementor-section-boxed elementor-section-height-default elementor-section-height-default\" data-id=\"7f5ec95\" data-element_type=\"section\" data-e-type=\"section\">\n\t\t\t\t\t\t<div class=\"elementor-container elementor-column-gap-default\">\n\t\t\t\t\t<div class=\"elementor-column elementor-col-100 elementor-top-column elementor-element elementor-element-4ba4d21\" data-id=\"4ba4d21\" data-element_type=\"column\" data-e-type=\"column\">\n\t\t\t<div class=\"elementor-widget-wrap elementor-element-populated\">\n\t\t\t\t\t\t<div class=\"elementor-element elementor-element-734d688 elementor-widget elementor-widget-heading\" data-id=\"734d688\" data-element_type=\"widget\" data-e-type=\"widget\" data-widget_type=\"heading.default\">\n\t\t\t\t<div class=\"elementor-widget-container\">\n\t\t\t\t\t<h1 class=\"elementor-heading-title elementor-size-default\">Verleihservice f\u00fcr Strandausr\u00fcstung im Hotelgewerbe: alles, was Sie wissen m\u00fcssen\n<\/h1>\t\t\t\t<\/div>\n\t\t\t\t<\/div>\n\t\t\t\t<div class=\"elementor-element elementor-element-b98f450 elementor-widget-divider--view-line elementor-widget elementor-widget-divider\" data-id=\"b98f450\" data-element_type=\"widget\" data-e-type=\"widget\" data-widget_type=\"divider.default\">\n\t\t\t\t<div class=\"elementor-widget-container\">\n\t\t\t\t\t\t\t<div class=\"elementor-divider\">\n\t\t\t<span class=\"elementor-divider-separator\">\n\t\t\t\t\t\t<\/span>\n\t\t<\/div>\n\t\t\t\t\t\t<\/div>\n\t\t\t\t<\/div>\n\t\t\t\t<div class=\"elementor-element elementor-element-8fc19a8 elementor-widget__width-initial elementor-widget elementor-widget-text-editor\" data-id=\"8fc19a8\" data-element_type=\"widget\" data-e-type=\"widget\" data-widget_type=\"text-editor.default\">\n\t\t\t\t<div class=\"elementor-widget-container\">\n\t\t\t\t\t\t\t\t\t<p>Die <strong>Mietservice f\u00fcr Strandausr\u00fcstung<\/strong> ist f\u00fcr viele Hotels, die an K\u00fcsten oder in Strandn\u00e4he liegen, zu einem wichtigen Element geworden. Es verbessert nicht nur die<strong>Kundenerfahrung<\/strong>Sie k\u00f6nnen sich auch von der Konkurrenz abheben. In diesem Artikel erfahren Sie mehr \u00fcber die Einrichtung und Verwaltung eines solchen Dienstes in der Hotelbranche.<\/p><h2>Definition und Vorteile des Strandausr\u00fcstungsverleihs<\/h2><p>Die <strong>Vermietung von Strandausr\u00fcstung<\/strong> bezeichnet die Bereitstellung verschiedener Einrichtungen durch ein Hotel, die notwendig sind, um die Strandaktivit\u00e4ten in vollen Z\u00fcgen genie\u00dfen zu k\u00f6nnen. Diese Ausstattung kann Folgendes umfassen <strong>Sonnenschirme<\/strong>Die <strong>Liegest\u00fchle<\/strong>Die <strong>Handt\u00fccher<\/strong>Wassersportausr\u00fcstung, wie z. B. Wasserrutschen <strong>Surfbretter<\/strong>Sie finden hier auch Artikel f\u00fcr Kinder und S\u00e4uglinge.<\/p><h3>Vorteile f\u00fcr den Hotelier<\/h3><p>F\u00fcr Hoteliers, einen <strong>Mietservice<\/strong> von Strandmaterial hat mehrere Vorteile:<\/p><ul><li>Verbesserung der Kundenerfahrung<\/li><li>Erh\u00f6hung des <strong>Auslastung w\u00e4hrend der Sommersaison<\/strong><\/li><li>Zus\u00e4tzliche M\u00f6glichkeit, Einkommen zu generieren<\/li><li>Abgrenzung von der Konkurrenz<\/li><\/ul><h3>Vorteile f\u00fcr Klienten<\/h3><p>Auch die Kunden profitieren von diesem Angebot :<\/p><ul><li>Vereinfachung der Urlaubsvorbereitungen<\/li><li>M\u00f6glichkeit, das Gewicht des Gep\u00e4cks zu reduzieren<\/li><li>Zugang zu hochwertigen Materialien ohne pers\u00f6nliche Investitionen<\/li><li>Erh\u00f6hter Komfort w\u00e4hrend ihres Aufenthalts<\/li><\/ul><h2>Arten von Strandausr\u00fcstung, die zum Verleih angeboten wird<\/h2><p>Der Katalog der verf\u00fcgbaren Einrichtungen kann je nach Standort des Hotels sowie den spezifischen Bed\u00fcrfnissen der Zielgruppe variieren.<\/p><h3>Standardmaterial<\/h3><p>Einige Einrichtungen sind fast untrennbar mit den Dienstleistungen eines Strandhotels verbunden:<\/p><ul><li>Sonnenschirme<\/li><li>Liegest\u00fchle<\/li><li>Strandmatten<\/li><li>Handt\u00fccher<\/li><\/ul><h3>Sportausr\u00fcstungen<\/h3><p>Anbieten von <strong>Wassersportausr\u00fcstung<\/strong> kann eine abenteuerlustigere Klientel anziehen. Hier einige Beispiele:<\/p><ul><li>Surfbretter<\/li><li>Tauchsets<\/li><li>Paddle Boards<\/li><li>Schlauchboote<\/li><\/ul><h3>Material f\u00fcr Kinder und S\u00e4uglingspflege<\/h3><p>Eine besondere Aufmerksamkeit f\u00fcr Familien mit Kindern geht oft \u00fcber die Verf\u00fcgbarkeit von geeignetem Material :<\/p><ul><li>Strandspielzeug<\/li><li>Mini-Pools<\/li><li>Babysitze<\/li><li>Sandgeeignete Kinderwagen<\/li><\/ul><h2>Verwaltung des Mietservice<\/h2><p>Einrichten einer <strong>effiziente Struktur<\/strong> f\u00fcr die Verwaltung dieses Dienstes tr\u00e4gt wesentlich zu dessen Erfolg bei.<\/p><h3>Logistische Organisation<\/h3><p>Eine gute logistische Organisation umfasst :<\/p><ul><li>Ein eigener Raum f\u00fcr die Lagerung und Wartung der Ausr\u00fcstung<\/li><li>Eine <strong>\u00fcbersichtliches und zug\u00e4ngliches Buchungssystem<\/strong><\/li><li>Eine strenge \u00dcberwachung des Zustands und der Verf\u00fcgbarkeit der Ausr\u00fcstung<\/li><\/ul><h3>Ausbildung des Personals<\/h3><p>Die Ausbildung des Personals ist entscheidend, um eine qualitativ hochwertige Leistung zu gew\u00e4hrleisten:<\/p><ul><li>Wie man den Kunden die verschiedenen Arten von Materialien vorstellt und anbietet<\/li><li>Methoden zur Pflege und Reinigung der Ausr\u00fcstung<\/li><li>Verwaltung von Buchungen und R\u00fcckgaben<\/li><\/ul><h2>Marketing und Werbung f\u00fcr den Dienst<\/h2><p>Um die Wirkung des Strandausr\u00fcstungsverleihs zu maximieren, sollte eine <strong>passende Marketingstrategie<\/strong>.<\/p><h3>Pr\u00e4senz auf der Website des Hotels<\/h3><p>Potenzielle G\u00e4ste bei ihrer ersten Interaktion mit der Hotelwebsite \u00fcber diesen Service zu informieren, ist von entscheidender Bedeutung :<\/p><ul><li>Einrichtung eines eigenen Abschnitts auf der Website mit dem vollst\u00e4ndigen Katalog<\/li><li>Ansprechende Fotos der Ausr\u00fcstung und ihrer Nutzung<\/li><li>Klare Informationen \u00fcber Preise und Modalit\u00e4ten<\/li><\/ul><h3>Werbeaktionen und Sonderangebote<\/h3><p>Werbeaktionen k\u00f6nnen helfen, Kunden dazu zu bringen, den Verleih zu nutzen:<\/p><ul><li>Erm\u00e4\u00dfigungen bei der Online-Buchung<\/li><li>Kombinierte Angebote (z. B. Vermietung mehrerer Artikel zu einem reduzierten Preis)<\/li><li>Pakete mit Unterkunft und Zugang zu Strandausr\u00fcstung<\/li><\/ul><h2>Individuelle Anpassung des Dienstes an Themen und Veranstaltungen<\/h2><p>Anpassung des Verleihs an verschiedene <strong>Themen und Veranstaltungen<\/strong> erm\u00f6glicht es, ein einzigartiges Erlebnis zu schaffen.<\/p><h3>Spezifische Themen<\/h3><p>Je nach Lage des Hotels und der Jahreszeit k\u00f6nnen verschiedene Themen erkundet werden:<\/p><ul><li>Strandaktivit\u00e4ten im Sommer<\/li><li>Wasserabenteuer f\u00fcr Sensationshungrige<\/li><li>Entspannungsmomente mit Wellness-Ausr\u00fcstung (z. B. bequeme Liegest\u00fchle, schattige Zelte)<\/li><\/ul><h3>Besondere Veranstaltungen<\/h3><p>Einschlie\u00dfen von <strong>Fachdienste<\/strong> f\u00fcr bestimmte Veranstaltungen erm\u00f6glicht es auch, eine bestimmte Klientel anzusprechen:<\/p><ul><li>Lokale Festivals mit Einrichtungen, um die Auff\u00fchrungen im Freien zu genie\u00dfen<\/li><li>Sportwettk\u00e4mpfe mit angemessener Ausr\u00fcstung<\/li><li>Private Feiern wie Hochzeiten am Strand<\/li><\/ul><h2>Nachhaltigkeit und Umweltauswirkungen<\/h2><p>Integrieren Sie <strong>\u00f6kologische \u00dcberlegungen<\/strong> bei der Verwaltung des Verleihs kann eine umweltbewusste Klientel ansprechen.<\/p><h3>Auswahl der Materialien<\/h3><p>Entscheiden Sie sich f\u00fcr <strong>nachhaltige Materialien<\/strong> und\/oder wiederverwertbar :<\/p><ul><li>Artikel, die aus recycelten Materialien hergestellt wurden<\/li><li>Produkte, die f\u00fcr eine lange Lebensdauer konzipiert sind<\/li><li>Ger\u00e4te, die wenig chemische Wartung ben\u00f6tigen<\/li><\/ul><h3>Reduzierung von Abfall<\/h3><p>F\u00f6rderung umweltfreundlicher Praktiken :<\/p><ul><li>Die Wiederverwendung von Ger\u00e4ten durch regelm\u00e4\u00dfige Wartung vorschlagen<\/li><li>Einrichtung von umweltfreundlichen Waschanlagen<\/li><li>Sensibilisierung der Klientinnen und Klienten f\u00fcr die Erhaltung von Ressourcen<\/li><\/ul>\t\t\t\t\t\t\t\t<\/div>\n\t\t\t\t<\/div>\n\t\t\t\t<div class=\"elementor-element elementor-element-8b58a57 elementor-widget elementor-widget-spacer\" data-id=\"8b58a57\" data-element_type=\"widget\" data-e-type=\"widget\" data-widget_type=\"spacer.default\">\n\t\t\t\t<div class=\"elementor-widget-container\">\n\t\t\t\t\t\t\t<div class=\"elementor-spacer\">\n\t\t\t<div class=\"elementor-spacer-inner\"><\/div>\n\t\t<\/div>\n\t\t\t\t\t\t<\/div>\n\t\t\t\t<\/div>\n\t\t\t\t\t<\/div>\n\t\t<\/div>\n\t\t\t\t\t<\/div>\n\t\t<\/section>\n\t\t\t\t<\/div>","protected":false},"excerpt":{"rendered":"<p>Service de location de mat\u00e9riel de plage dans le cadre de l&rsquo;h\u00f4tellerie : tout ce qu&rsquo;il faut savoir Le service de location de mat\u00e9riel de plage est devenu un \u00e9l\u00e9ment essentiel pour de nombreux h\u00f4tels situ\u00e9s sur les c\u00f4tes ou \u00e0 proximit\u00e9 des plages. Il permet non seulement d&rsquo;am\u00e9liorer l&rsquo;exp\u00e9rience client, mais \u00e9galement de se [&hellip;]<\/p>\n","protected":false},"author":18,"featured_media":0,"parent":21098,"menu_order":17,"comment_status":"closed","ping_status":"closed","template":"","meta":{"inline_featured_image":false,"footnotes":""},"class_list":["post-22244","page","type-page","status-publish","hentry"],"_links":{"self":[{"href":"https:\/\/www.chateauberne.com\/de\/wp-json\/wp\/v2\/pages\/22244","targetHints":{"allow":["GET"]}}],"collection":[{"href":"https:\/\/www.chateauberne.com\/de\/wp-json\/wp\/v2\/pages"}],"about":[{"href":"https:\/\/www.chateauberne.com\/de\/wp-json\/wp\/v2\/types\/page"}],"author":[{"embeddable":true,"href":"https:\/\/www.chateauberne.com\/de\/wp-json\/wp\/v2\/users\/18"}],"replies":[{"embeddable":true,"href":"https:\/\/www.chateauberne.com\/de\/wp-json\/wp\/v2\/comments?post=22244"}],"version-history":[{"count":7,"href":"https:\/\/www.chateauberne.com\/de\/wp-json\/wp\/v2\/pages\/22244\/revisions"}],"predecessor-version":[{"id":22386,"href":"https:\/\/www.chateauberne.com\/de\/wp-json\/wp\/v2\/pages\/22244\/revisions\/22386"}],"up":[{"embeddable":true,"href":"https:\/\/www.chateauberne.com\/de\/wp-json\/wp\/v2\/pages\/21098"}],"wp:attachment":[{"href":"https:\/\/www.chateauberne.com\/de\/wp-json\/wp\/v2\/media?parent=22244"}],"curies":[{"name":"wp","href":"https:\/\/api.w.org\/{rel}","templated":true}]}}