{"id":245,"date":"2020-10-01T14:51:07","date_gmt":"2020-10-01T12:51:07","guid":{"rendered":"https:\/\/www.chateauberne.com\/?page_id=245"},"modified":"2026-05-04T15:47:26","modified_gmt":"2026-05-04T13:47:26","slug":"contact","status":"publish","type":"page","link":"https:\/\/www.chateauberne.com\/de\/contact\/","title":{"rendered":"Kontakt"},"content":{"rendered":"<div data-elementor-type=\"wp-page\" data-elementor-id=\"245\" class=\"elementor elementor-245\" data-elementor-post-type=\"page\">\n\t\t\t\t\t\t<section class=\"elementor-section elementor-top-section elementor-element elementor-element-be3aa12 elementor-section-full_width elementor-section-height-default elementor-section-height-default\" data-id=\"be3aa12\" data-element_type=\"section\" data-e-type=\"section\">\n\t\t\t\t\t\t<div class=\"elementor-container elementor-column-gap-default\">\n\t\t\t\t\t<div class=\"elementor-column elementor-col-100 elementor-top-column elementor-element elementor-element-b04d417\" data-id=\"b04d417\" data-element_type=\"column\" data-e-type=\"column\">\n\t\t\t<div class=\"elementor-widget-wrap elementor-element-populated\">\n\t\t\t\t\t\t<div class=\"elementor-element elementor-element-61adccf elementor-widget elementor-widget-shortcode\" data-id=\"61adccf\" data-element_type=\"widget\" data-e-type=\"widget\" data-widget_type=\"shortcode.default\">\n\t\t\t\t<div class=\"elementor-widget-container\">\n\t\t\t\t\t\t\t<div class=\"elementor-shortcode\"><style type=\"text\/css\" id=\"umsMapStyles_1_56456\">\r\n    #ultimate_maps_1_56456 {\r\n        width: 100%;\r\n        height: 500px;\r\n                border: 0px solid ;\r\n        margin: 0px;\r\n    }\r\n    #mapsControlsNum_1_56456 {\r\n        width:100%    }\r\n    .umsMapDetailsContainer#umsMapDetailsContainer_1_56456 {\r\n        height:500px;\r\n    }\r\n    .ums_MapPreview#ultimate_maps_1_56456 {\r\n        \/*position:absolute;*\/\r\n        width:100%;\r\n    }\r\n    #mapConElem_1_56456{\r\n        width:100%    }\r\n    <\/style><div class=\"ums_map_opts\" id=\"mapConElem_1_56456\" data-id=\"1\" data-view-id=\"1_56456\" > <div class=\"umsMapDetailsContainer\" id=\"umsMapDetailsContainer_1_56456\"> <i class=\"umsKMLLayersPreloader fa fa-spinner fa-spin\" aria-hidden=\"true\" style=\"display: none;\"><\/i> <div class=\"ums_MapPreview\" id=\"ultimate_maps_1_56456\"><\/div> <\/div> <div class=\"umsMapMarkerFilters\" id=\"umsMapMarkerFilters_1_56456\"> <\/div> <div class=\"umsMapProControlsCon\" id=\"umsMapProControlsCon_1_56456\"> <a title=\"Google Map WordPress\" style=\"display:none;\" href=\"https:\/\/supsystic.com\/plugins\/google-maps-plugin\/?utm_medium=love_link_hide\" target=\"_blank\" rel=\"noopener\">Google Map WordPress<\/a><div style=\"clear: both;\"><\/div> <\/div> <div class=\"umsMapProDirectionsCon\" id=\"umsMapProDirectionsCon_1_56456\" > <\/div> <div class=\"umsMapProKmlFilterCon\" id=\"umsMapProKmlFilterCon_1_56456\" > <\/div> <div class=\"umsSocialSharingShell umsSocialSharingShell_1_56456\"> <\/div> <div style=\"clear: both;\"><\/div> <\/div><\/div>\n\t\t\t\t\t\t<\/div>\n\t\t\t\t<\/div>\n\t\t\t\t\t<\/div>\n\t\t<\/div>\n\t\t\t\t\t<\/div>\n\t\t<\/section>\n\t\t\t\t<section class=\"elementor-section elementor-top-section elementor-element elementor-element-46ec6d5 elementor-section-boxed elementor-section-height-default elementor-section-height-default\" data-id=\"46ec6d5\" data-element_type=\"section\" data-e-type=\"section\">\n\t\t\t\t\t\t<div class=\"elementor-container elementor-column-gap-default\">\n\t\t\t\t\t<div class=\"elementor-column elementor-col-100 elementor-top-column elementor-element elementor-element-cccb622\" data-id=\"cccb622\" data-element_type=\"column\" data-e-type=\"column\">\n\t\t\t<div class=\"elementor-widget-wrap elementor-element-populated\">\n\t\t\t\t\t\t<div class=\"elementor-element elementor-element-23e0b5f elementor-widget elementor-widget-image\" data-id=\"23e0b5f\" data-element_type=\"widget\" data-e-type=\"widget\" data-widget_type=\"image.default\">\n\t\t\t\t<div class=\"elementor-widget-container\">\n\t\t\t\t\t\t\t\t\t\t\t\t\t\t\t<img fetchpriority=\"high\" decoding=\"async\" width=\"1460\" height=\"1625\" src=\"https:\/\/www.chateauberne.com\/wp-content\/uploads\/2020\/09\/CHATEAU-de-BERNE_LOGO_GREEN.webp\" class=\"attachment-full size-full wp-image-24627\" alt=\"\" srcset=\"https:\/\/www.chateauberne.com\/wp-content\/uploads\/2020\/09\/CHATEAU-de-BERNE_LOGO_GREEN.webp 1460w, https:\/\/www.chateauberne.com\/wp-content\/uploads\/2020\/09\/CHATEAU-de-BERNE_LOGO_GREEN-270x300.webp 270w, https:\/\/www.chateauberne.com\/wp-content\/uploads\/2020\/09\/CHATEAU-de-BERNE_LOGO_GREEN-920x1024.webp 920w, https:\/\/www.chateauberne.com\/wp-content\/uploads\/2020\/09\/CHATEAU-de-BERNE_LOGO_GREEN-768x855.webp 768w, https:\/\/www.chateauberne.com\/wp-content\/uploads\/2020\/09\/CHATEAU-de-BERNE_LOGO_GREEN-1380x1536.webp 1380w, https:\/\/www.chateauberne.com\/wp-content\/uploads\/2020\/09\/CHATEAU-de-BERNE_LOGO_GREEN-11x12.webp 11w\" sizes=\"(max-width: 1460px) 100vw, 1460px\" \/>\t\t\t\t\t\t\t\t\t\t\t\t\t\t\t<\/div>\n\t\t\t\t<\/div>\n\t\t\t\t<div class=\"elementor-element elementor-element-474ed61 elementor-widget elementor-widget-text-editor\" data-id=\"474ed61\" data-element_type=\"widget\" data-e-type=\"widget\" data-widget_type=\"text-editor.default\">\n\t\t\t\t<div class=\"elementor-widget-container\">\n\t\t\t\t\t\t\t\t\tChemin des Imberts\n83780\nFlayosc<br>FRANKREICH\t\t\t\t\t\t\t\t<\/div>\n\t\t\t\t<\/div>\n\t\t\t\t<div class=\"elementor-element elementor-element-b635dc7 elementor-list-item-link-inline elementor-align-center elementor-icon-list--layout-traditional elementor-widget elementor-widget-icon-list\" data-id=\"b635dc7\" data-element_type=\"widget\" data-e-type=\"widget\" data-widget_type=\"icon-list.default\">\n\t\t\t\t<div class=\"elementor-widget-container\">\n\t\t\t\t\t\t\t<ul class=\"elementor-icon-list-items\">\n\t\t\t\t\t\t\t<li class=\"elementor-icon-list-item\">\n\t\t\t\t\t\t\t\t\t\t\t<a href=\"tel:+33494604360\">\n\n\t\t\t\t\t\t\t\t\t\t\t\t<span class=\"elementor-icon-list-icon\">\n\t\t\t\t\t\t\t<i aria-hidden=\"true\" class=\"icon icon-phone\"><\/i>\t\t\t\t\t\t<\/span>\n\t\t\t\t\t\t\t\t\t\t<span class=\"elementor-icon-list-text\">+33(0)4 94 60 43 60<\/span>\n\t\t\t\t\t\t\t\t\t\t\t<\/a>\n\t\t\t\t\t\t\t\t\t<\/li>\n\t\t\t\t\t\t\t\t<li class=\"elementor-icon-list-item\">\n\t\t\t\t\t\t\t\t\t\t\t<a href=\"mailto:reservation@chateaudeberne.com\">\n\n\t\t\t\t\t\t\t\t\t\t\t\t<span class=\"elementor-icon-list-icon\">\n\t\t\t\t\t\t\t<i aria-hidden=\"true\" class=\"icon icon-mail\"><\/i>\t\t\t\t\t\t<\/span>\n\t\t\t\t\t\t\t\t\t\t<span class=\"elementor-icon-list-text\">Kontaktieren Sie<\/span>\n\t\t\t\t\t\t\t\t\t\t\t<\/a>\n\t\t\t\t\t\t\t\t\t<\/li>\n\t\t\t\t\t\t<\/ul>\n\t\t\t\t\t\t<\/div>\n\t\t\t\t<\/div>\n\t\t\t\t<div class=\"elementor-element elementor-element-1596fe8 elementor-widget elementor-widget-shortcode\" data-id=\"1596fe8\" data-element_type=\"widget\" data-e-type=\"widget\" data-widget_type=\"shortcode.default\">\n\t\t\t\t<div class=\"elementor-widget-container\">\n\t\t\t\t\t\t\t<div class=\"elementor-shortcode\">\n\n\n\n\t\n\t\n\t<ol class=\"wpv-loop js-wpv-loop liste-contacts\">\n\t\t\n\t\t\t<li>\n\t<div class=\"nom-contact\">Das Hotel &amp; die Villen<\/div>\n\t<div class=\"phone-contact\">\n      <a href='tel:+33494604881'><i aria-hidden=\"true\" class=\"icon icon-phone\"><\/i>+33(0)4 94 60 48 81<\/a>\n  \t<\/div>\n\t<div class=\"mail-contact\">\n      <a href=\"mailto:reservation@chateaudeberne.com\"><i aria-hidden=\"true\" class=\"icon icon-mail\"><\/i>Kontaktieren Sie<\/a>\n  <\/div>\n<\/li>\n<li>\n\t<div class=\"nom-contact\">Das Spa<\/div>\n\t<div class=\"phone-contact\">\n      <a href='tel:+33494604980'><i aria-hidden=\"true\" class=\"icon icon-phone\"><\/i>+33(0)4 94 60 49 80<\/a>\n  \t<\/div>\n\t<div class=\"mail-contact\">\n      <a href=\"mailto:spa@chateaudeberne.com\"><i aria-hidden=\"true\" class=\"icon icon-mail\"><\/i>Kontaktieren Sie<\/a>\n  <\/div>\n<\/li>\n<li>\n\t<div class=\"nom-contact\">Der Garten &amp; Olivenbaum von Bern<\/div>\n\t<div class=\"phone-contact\">\n      <a href='tel:+33494604979'><i aria-hidden=\"true\" class=\"icon icon-phone\"><\/i>+33(0)4 94 60 49 79<\/a>\n  \t<\/div>\n\t<div class=\"mail-contact\">\n      <a href=\"mailto:restaurant@chateaudeberne.com\"><i aria-hidden=\"true\" class=\"icon icon-mail\"><\/i>Kontaktieren Sie<\/a>\n  <\/div>\n<\/li>\n<li>\n\t<div class=\"nom-contact\">Das Bistro<\/div>\n\t<div class=\"phone-contact\">\n      <a href='tel:+33494604351'><i aria-hidden=\"true\" class=\"icon icon-phone\"><\/i>+33(0)4 94 60 43 51<\/a>\n  \t<\/div>\n\t<div class=\"mail-contact\">\n      <a href=\"mailto:bistrot@chateaudeberne.com\"><i aria-hidden=\"true\" class=\"icon icon-mail\"><\/i>Kontaktieren Sie<\/a>\n  <\/div>\n<\/li>\n<li>\n\t<div class=\"nom-contact\">Hochzeiten &amp; Seminare<\/div>\n\t<div class=\"phone-contact\">\n      <a href='tel:+33494604375'><i aria-hidden=\"true\" class=\"icon icon-phone\"><\/i>+33(0)4 94 60 43 75<\/a>\n  \t<\/div>\n\t<div class=\"mail-contact\">\n      <a href=\"mailto:alizee.romaniello@chateaudeberne.com\"> <i aria-hidden=\"true\" class=\"icon icon-mail\"><\/i>Kontaktieren Sie<\/a>\n  <\/div>\n<\/li>\n<li>\n\t<div class=\"nom-contact\">Der Verkostungsweinkeller<\/div>\n\t<div class=\"phone-contact\">\n      <a href='tel:+33494604353'><i aria-hidden=\"true\" class=\"icon icon-phone\"><\/i>+33(0)4 94 60 43 53<\/a>\n  \t<\/div>\n\t<div class=\"mail-contact\">\n      <a href=\"mailto:lacave@chateaudeberne.com\"><i aria-hidden=\"true\" class=\"icon icon-mail\"><\/i>Kontaktieren Sie<\/a>\n  <\/div>\n<\/li>\n\t\t\n\t<\/ol>\n\t\n\t\n\t\n\n<\/div>\n\t\t\t\t\t\t<\/div>\n\t\t\t\t<\/div>\n\t\t\t\t\t<\/div>\n\t\t<\/div>\n\t\t\t\t\t<\/div>\n\t\t<\/section>\n\t\t\t\t<section class=\"elementor-section elementor-top-section elementor-element elementor-element-c0507e5 elementor-section-boxed elementor-section-height-default elementor-section-height-default\" data-id=\"c0507e5\" data-element_type=\"section\" data-e-type=\"section\">\n\t\t\t\t\t\t<div class=\"elementor-container elementor-column-gap-default\">\n\t\t\t\t\t<div class=\"elementor-column elementor-col-100 elementor-top-column elementor-element elementor-element-2b7bb39\" data-id=\"2b7bb39\" data-element_type=\"column\" data-e-type=\"column\">\n\t\t\t<div class=\"elementor-widget-wrap elementor-element-populated\">\n\t\t\t\t\t\t<div class=\"elementor-element elementor-element-5f9b1ee elementor-widget elementor-widget-heading\" data-id=\"5f9b1ee\" data-element_type=\"widget\" data-e-type=\"widget\" data-widget_type=\"heading.default\">\n\t\t\t\t<div class=\"elementor-widget-container\">\n\t\t\t\t\t<h1 class=\"elementor-heading-title elementor-size-xxl\">Wie man kommt<\/h1>\t\t\t\t<\/div>\n\t\t\t\t<\/div>\n\t\t\t\t<div class=\"elementor-element elementor-element-0bc27a6 elementor-widget-divider--view-line elementor-widget elementor-widget-divider\" data-id=\"0bc27a6\" data-element_type=\"widget\" data-e-type=\"widget\" data-widget_type=\"divider.default\">\n\t\t\t\t<div class=\"elementor-widget-container\">\n\t\t\t\t\t\t\t<div class=\"elementor-divider\">\n\t\t\t<span class=\"elementor-divider-separator\">\n\t\t\t\t\t\t<\/span>\n\t\t<\/div>\n\t\t\t\t\t\t<\/div>\n\t\t\t\t<\/div>\n\t\t\t\t<div class=\"elementor-element elementor-element-7ccb320 elementor-widget elementor-widget-text-editor\" data-id=\"7ccb320\" data-element_type=\"widget\" data-e-type=\"widget\" data-widget_type=\"text-editor.default\">\n\t\t\t\t<div class=\"elementor-widget-container\">\n\t\t\t\t\t\t\t\t\t<p><strong>GPS-Koordinaten: 43\u00b031'12 \"N 06\u00b020'11 \"E<\/strong><\/p><p><strong>MIT DEM AUTO<\/strong><br \/>Von Lyon, Marseille, Aix (A8) und Toulon (A57): Ausfahrt Le Luc, Le Cannet des Maures <br \/>Richtung: Le Thoronet, Lorgues.<br \/>Von Nizza, Cannes (A8) : Ausfahrt Le Muy<br \/>Richtung: Les Arcs, Taradeau, Lorgues<\/p><p><span style=\"text-decoration: underline;\">Route<\/span> : Stadt : Flayosc 83780 - Stra\u00dfe : Chemin des Imberts<\/p><p>Wenn Sie am Eingang der Dom\u00e4ne angekommen sind, k\u00f6nnen Sie den Weg bis zum Ende des Weges fortsetzen, wo Sie den Eingang des Schlosses sehen werden (ca. 8 Minuten). Folgen Sie den Schildern mit der Aufschrift \"Hotel\".<\/p><p><strong>MIT DEM ZUG<\/strong><br \/>Bahnhof Les Arcs-Draguignan: 20 Minuten<\/p><p><strong>MIT DEM FLUGZEUG<\/strong><br \/>Flugh\u00e4fen: Nizza, Cannes-Mandelieu, Hy\u00e8res, Marseille: 1h15<\/p><p><strong>IM HELIKOPTER MIT HELI AIR MONACO<br \/><\/strong>Von Monaco: 30 min<br \/>Von Nizza: 25 min<br \/>Von Cannes aus: 15 min<br \/>Von Saint-Tropez: 10min<br \/>F\u00fcr weitere Informationen kontaktieren Sie uns bitte unter +33 (0)4 94 60 48 88<\/p>\t\t\t\t\t\t\t\t<\/div>\n\t\t\t\t<\/div>\n\t\t\t\t\t<\/div>\n\t\t<\/div>\n\t\t\t\t\t<\/div>\n\t\t<\/section>\n\t\t\t\t<section class=\"elementor-section elementor-top-section elementor-element elementor-element-1c0355e0 elementor-section-boxed elementor-section-height-default elementor-section-height-default\" data-id=\"1c0355e0\" data-element_type=\"section\" data-e-type=\"section\">\n\t\t\t\t\t\t<div class=\"elementor-container elementor-column-gap-default\">\n\t\t\t\t\t<div class=\"elementor-column elementor-col-100 elementor-top-column elementor-element elementor-element-1a59d36a\" data-id=\"1a59d36a\" data-element_type=\"column\" data-e-type=\"column\">\n\t\t\t<div class=\"elementor-widget-wrap elementor-element-populated\">\n\t\t\t\t\t\t<div class=\"elementor-element elementor-element-ab06d82 elementor-widget elementor-widget-heading\" data-id=\"ab06d82\" data-element_type=\"widget\" data-e-type=\"widget\" data-widget_type=\"heading.default\">\n\t\t\t\t<div class=\"elementor-widget-container\">\n\t\t\t\t\t<h2 class=\"elementor-heading-title elementor-size-xxl\">Kontakt<\/h2>\t\t\t\t<\/div>\n\t\t\t\t<\/div>\n\t\t\t\t<div class=\"elementor-element elementor-element-7a1e596a elementor-widget-divider--view-line elementor-widget elementor-widget-divider\" data-id=\"7a1e596a\" data-element_type=\"widget\" data-e-type=\"widget\" data-widget_type=\"divider.default\">\n\t\t\t\t<div class=\"elementor-widget-container\">\n\t\t\t\t\t\t\t<div class=\"elementor-divider\">\n\t\t\t<span class=\"elementor-divider-separator\">\n\t\t\t\t\t\t<\/span>\n\t\t<\/div>\n\t\t\t\t\t\t<\/div>\n\t\t\t\t<\/div>\n\t\t\t\t\t<\/div>\n\t\t<\/div>\n\t\t\t\t\t<\/div>\n\t\t<\/section>\n\t\t\t\t<section class=\"elementor-section elementor-top-section elementor-element elementor-element-813e483 elementor-reverse-tablet elementor-reverse-mobile elementor-section-boxed elementor-section-height-default elementor-section-height-default\" data-id=\"813e483\" data-element_type=\"section\" data-e-type=\"section\">\n\t\t\t\t\t\t<div class=\"elementor-container elementor-column-gap-default\">\n\t\t\t\t\t<div class=\"elementor-column elementor-col-50 elementor-top-column elementor-element elementor-element-78c4640b\" data-id=\"78c4640b\" data-element_type=\"column\" data-e-type=\"column\">\n\t\t\t<div class=\"elementor-widget-wrap elementor-element-populated\">\n\t\t\t\t\t\t<div class=\"elementor-element elementor-element-73aee44a elementor-widget elementor-widget-shortcode\" data-id=\"73aee44a\" data-element_type=\"widget\" data-e-type=\"widget\" data-widget_type=\"shortcode.default\">\n\t\t\t\t<div class=\"elementor-widget-container\">\n\t\t\t\t\t\t\t<div class=\"elementor-shortcode\">\n<div class=\"wpcf7 no-js\" id=\"wpcf7-f7773-o1\" lang=\"fr-FR\" dir=\"ltr\" data-wpcf7-id=\"7773\">\n<div class=\"screen-reader-response\"><p role=\"status\" aria-live=\"polite\" aria-atomic=\"true\"><\/p> <ul><\/ul><\/div>\n<form action=\"\/de\/wp-json\/wp\/v2\/pages\/245#wpcf7-f7773-o1\" method=\"post\" class=\"wpcf7-form init\" aria-label=\"Kontaktformular\" novalidate=\"novalidate\" data-status=\"init\" data-trp-original-action=\"\/de\/wp-json\/wp\/v2\/pages\/245#wpcf7-f7773-o1\">\n<fieldset class=\"hidden-fields-container\"><input type=\"hidden\" name=\"_wpcf7\" value=\"7773\" \/><input type=\"hidden\" name=\"_wpcf7_version\" value=\"6.1.5\" \/><input type=\"hidden\" name=\"_wpcf7_locale\" value=\"fr_FR\" \/><input type=\"hidden\" name=\"_wpcf7_unit_tag\" value=\"wpcf7-f7773-o1\" \/><input type=\"hidden\" name=\"_wpcf7_container_post\" value=\"0\" \/><input type=\"hidden\" name=\"_wpcf7_posted_data_hash\" value=\"\" \/><input type=\"hidden\" name=\"_wpcf7_recaptcha_response\" value=\"\" \/>\n<\/fieldset>\n<div class=\"contact-form\">\n\t<p  class=\"fw\"><label>*Kontakt<\/label><span class=\"wpcf7-form-control-wrap\" data-name=\"recipient\"><select class=\"wpcf7-form-control wpcf7-select\" aria-invalid=\"false\" name=\"recipient\"><option value=\"L&#039;H\u00f4tel et les Villas\">L&#039;Hotel und die Villen<\/option><option value=\"Le Jardin de Berne et les terrasses\">Der Berner Garten und die Terrassen<\/option><option value=\"Le bistrot\">Das Bistro<\/option><option value=\"Le Spa\">Das Spa<\/option><option value=\"La cave\">Der Keller<\/option><option value=\"Les r\u00e9ceptions et s\u00e9minaires\">Empf\u00e4nge und Seminare<\/option><option value=\"Autres\">Andere<\/option><\/select><\/span>\n\t<\/p>\n\t<p><label>*Name<\/label><span class=\"wpcf7-form-control-wrap\" data-name=\"nom\"><input size=\"40\" maxlength=\"400\" class=\"wpcf7-form-control wpcf7-text wpcf7-validates-as-required\" aria-required=\"true\" aria-invalid=\"false\" value=\"\" type=\"text\" name=\"nom\" \/><\/span>\n\t<\/p>\n\t<p><label>*E-Mail<\/label><span class=\"wpcf7-form-control-wrap\" data-name=\"email\"><input size=\"40\" maxlength=\"400\" class=\"wpcf7-form-control wpcf7-email wpcf7-validates-as-required wpcf7-text wpcf7-validates-as-email\" aria-required=\"true\" aria-invalid=\"false\" value=\"\" type=\"email\" name=\"email\" \/><\/span>\n\t<\/p>\n\t<p><label>*Vorname<\/label><span class=\"wpcf7-form-control-wrap\" data-name=\"prenom\"><input size=\"40\" maxlength=\"400\" class=\"wpcf7-form-control wpcf7-text wpcf7-validates-as-required\" aria-required=\"true\" aria-invalid=\"false\" value=\"\" type=\"text\" name=\"prenom\" \/><\/span>\n\t<\/p>\n\t<p><label>*Tel.<\/label><span class=\"wpcf7-form-control-wrap\" data-name=\"tel-77\"><input size=\"40\" maxlength=\"400\" class=\"wpcf7-form-control wpcf7-tel wpcf7-validates-as-required wpcf7-text wpcf7-validates-as-tel\" aria-required=\"true\" aria-invalid=\"false\" value=\"\" type=\"tel\" name=\"tel-77\" \/><\/span>\n\t<\/p>\n\t<p class=\"fw text\"><label class=\"area\">Nachricht<\/label><span class=\"wpcf7-form-control-wrap\" data-name=\"message\"><textarea cols=\"40\" rows=\"10\" maxlength=\"2000\" class=\"wpcf7-form-control wpcf7-textarea wpcf7-validates-as-required\" aria-required=\"true\" aria-invalid=\"false\" name=\"message\"><\/textarea><\/span>\n\t<\/p>\n<\/div>\n<div class=\"contact-consent\">\n\t<p class=\"consent\"><span class=\"wpcf7-form-control-wrap\" data-name=\"checkbox-410\"><span class=\"wpcf7-form-control wpcf7-checkbox wpcf7-validates-as-required\"><span class=\"wpcf7-list-item first last\"><label><input type=\"checkbox\" name=\"checkbox-410[]\" value=\"Je donne mon consentement\" \/><span class=\"wpcf7-list-item-label\">Ich gebe meine Zustimmung<\/span><\/label><\/span><\/span><\/span><br \/>\n<input class=\"wpcf7-form-control wpcf7-submit has-spinner\" type=\"submit\" value=\"Senden Sie\" \/>\n\t<\/p>\n\t<p class=\"consent-text\">* Felder m\u00fcssen ausgef\u00fcllt werden. Diese Informationen werden vertraulich behandelt und niemals an irgendeine Organisation weitergegeben.\n\t<\/p>\n\t<p>** Mit dem Absenden dieses Formulars stimme ich zu, dass die in diesem Formular erfassten Informationen verwendet und verarbeitet werden, um mich im Rahmen meiner Informationsanfrage per E-Mail oder Telefon kontaktieren zu k\u00f6nnen. Um Ihre Rechte zu erfahren und auszu\u00fcben, insbesondere um Ihre Zustimmung zur Nutzung der durch dieses Formular erhobenen Daten zur\u00fcckzuziehen. Bitte lesen Sie unsere Datenschutzrichtlinie.\n\t<\/p>\n\t<p>Diese Seite ist durch reCAPTCHA gesch\u00fctzt und <a href=\"https:\/\/policies.google.com\/privacy\" target=\"_blank\" rel=\"noopener\"> die Datenschutzrichtlinie<\/a> und <a href=\"https:\/\/policies.google.com\/terms\" target=\"_blank\" rel=\"noopener\">die Bedingungen f\u00fcr den Dienst<\/a> von Google gelten.\n\t<\/p>\n<\/div><div class=\"wpcf7-response-output\" aria-hidden=\"true\"><\/div>\n<input type=\"hidden\" name=\"trp-form-language\" value=\"de\"\/><\/form>\n<\/div>\n<\/div>\n\t\t\t\t\t\t<\/div>\n\t\t\t\t<\/div>\n\t\t\t\t\t<\/div>\n\t\t<\/div>\n\t\t\t\t<div class=\"elementor-column elementor-col-50 elementor-top-column elementor-element elementor-element-60394699\" data-id=\"60394699\" data-element_type=\"column\" data-e-type=\"column\">\n\t\t\t<div class=\"elementor-widget-wrap elementor-element-populated\">\n\t\t\t\t\t\t<div class=\"elementor-element elementor-element-1d6c0920 elementor-widget elementor-widget-image\" data-id=\"1d6c0920\" data-element_type=\"widget\" data-e-type=\"widget\" data-widget_type=\"image.default\">\n\t\t\t\t<div class=\"elementor-widget-container\">\n\t\t\t\t\t\t\t\t\t\t\t\t\t\t\t<img fetchpriority=\"high\" decoding=\"async\" width=\"1460\" height=\"1625\" src=\"https:\/\/www.chateauberne.com\/wp-content\/uploads\/2020\/09\/CHATEAU-de-BERNE_LOGO_GREEN.webp\" class=\"attachment-full size-full wp-image-24627\" alt=\"\" srcset=\"https:\/\/www.chateauberne.com\/wp-content\/uploads\/2020\/09\/CHATEAU-de-BERNE_LOGO_GREEN.webp 1460w, https:\/\/www.chateauberne.com\/wp-content\/uploads\/2020\/09\/CHATEAU-de-BERNE_LOGO_GREEN-270x300.webp 270w, https:\/\/www.chateauberne.com\/wp-content\/uploads\/2020\/09\/CHATEAU-de-BERNE_LOGO_GREEN-920x1024.webp 920w, https:\/\/www.chateauberne.com\/wp-content\/uploads\/2020\/09\/CHATEAU-de-BERNE_LOGO_GREEN-768x855.webp 768w, https:\/\/www.chateauberne.com\/wp-content\/uploads\/2020\/09\/CHATEAU-de-BERNE_LOGO_GREEN-1380x1536.webp 1380w, https:\/\/www.chateauberne.com\/wp-content\/uploads\/2020\/09\/CHATEAU-de-BERNE_LOGO_GREEN-11x12.webp 11w\" sizes=\"(max-width: 1460px) 100vw, 1460px\" \/>\t\t\t\t\t\t\t\t\t\t\t\t\t\t\t<\/div>\n\t\t\t\t<\/div>\n\t\t\t\t<div class=\"elementor-element elementor-element-bf9f1e1 elementor-widget elementor-widget-text-editor\" data-id=\"bf9f1e1\" data-element_type=\"widget\" data-e-type=\"widget\" data-widget_type=\"text-editor.default\">\n\t\t\t\t<div class=\"elementor-widget-container\">\n\t\t\t\t\t\t\t\t\tChemin des Imberts\n83780\nFlayosc<br>FRANKREICH\t\t\t\t\t\t\t\t<\/div>\n\t\t\t\t<\/div>\n\t\t\t\t<div class=\"elementor-element elementor-element-7d14530e elementor-list-item-link-inline elementor-align-center elementor-icon-list--layout-traditional elementor-widget elementor-widget-icon-list\" data-id=\"7d14530e\" data-element_type=\"widget\" data-e-type=\"widget\" data-widget_type=\"icon-list.default\">\n\t\t\t\t<div class=\"elementor-widget-container\">\n\t\t\t\t\t\t\t<ul class=\"elementor-icon-list-items\">\n\t\t\t\t\t\t\t<li class=\"elementor-icon-list-item\">\n\t\t\t\t\t\t\t\t\t\t\t<a href=\"tel:+33494604360\">\n\n\t\t\t\t\t\t\t\t\t\t\t\t<span class=\"elementor-icon-list-icon\">\n\t\t\t\t\t\t\t<i aria-hidden=\"true\" class=\"icon icon-phone\"><\/i>\t\t\t\t\t\t<\/span>\n\t\t\t\t\t\t\t\t\t\t<span class=\"elementor-icon-list-text\">+33(0)4 94 60 43 60<\/span>\n\t\t\t\t\t\t\t\t\t\t\t<\/a>\n\t\t\t\t\t\t\t\t\t<\/li>\n\t\t\t\t\t\t\t\t<li class=\"elementor-icon-list-item\">\n\t\t\t\t\t\t\t\t\t\t\t<a href=\"mailto:reception@chateaudeberne.com\">\n\n\t\t\t\t\t\t\t\t\t\t\t\t<span class=\"elementor-icon-list-icon\">\n\t\t\t\t\t\t\t<i aria-hidden=\"true\" class=\"icon icon-mail\"><\/i>\t\t\t\t\t\t<\/span>\n\t\t\t\t\t\t\t\t\t\t<span class=\"elementor-icon-list-text\">Kontaktieren Sie<\/span>\n\t\t\t\t\t\t\t\t\t\t\t<\/a>\n\t\t\t\t\t\t\t\t\t<\/li>\n\t\t\t\t\t\t<\/ul>\n\t\t\t\t\t\t<\/div>\n\t\t\t\t<\/div>\n\t\t\t\t\t<\/div>\n\t\t<\/div>\n\t\t\t\t\t<\/div>\n\t\t<\/section>\n\t\t\t\t<\/div>","protected":false},"excerpt":{"rendered":"<p>+33(0)4 94 60 43 60 Contacter Comment venir Coordonn\u00e9es GPS : 43\u00b031&rsquo;12\u00a0\u00bbN 06\u00b020&rsquo;11\u00a0\u00bbE EN VOITUREDepuis Lyon, Marseille, Aix (A8) et Toulon (A57) : sortie Le Luc, Le Cannet des Maures Direction : Le Thoronet, Lorgues.Depuis Nice, Cannes (A8) : Sortie Le MuyDirection : les Arcs, Taradeau, Lorgues Itin\u00e9raire : Ville : Flayosc 83780 &#8211; Rue [&hellip;]<\/p>\n","protected":false},"author":18,"featured_media":0,"parent":0,"menu_order":26,"comment_status":"closed","ping_status":"closed","template":"","meta":{"inline_featured_image":false,"footnotes":""},"class_list":["post-245","page","type-page","status-publish","hentry"],"_links":{"self":[{"href":"https:\/\/www.chateauberne.com\/de\/wp-json\/wp\/v2\/pages\/245","targetHints":{"allow":["GET"]}}],"collection":[{"href":"https:\/\/www.chateauberne.com\/de\/wp-json\/wp\/v2\/pages"}],"about":[{"href":"https:\/\/www.chateauberne.com\/de\/wp-json\/wp\/v2\/types\/page"}],"author":[{"embeddable":true,"href":"https:\/\/www.chateauberne.com\/de\/wp-json\/wp\/v2\/users\/18"}],"replies":[{"embeddable":true,"href":"https:\/\/www.chateauberne.com\/de\/wp-json\/wp\/v2\/comments?post=245"}],"version-history":[{"count":70,"href":"https:\/\/www.chateauberne.com\/de\/wp-json\/wp\/v2\/pages\/245\/revisions"}],"predecessor-version":[{"id":27054,"href":"https:\/\/www.chateauberne.com\/de\/wp-json\/wp\/v2\/pages\/245\/revisions\/27054"}],"wp:attachment":[{"href":"https:\/\/www.chateauberne.com\/de\/wp-json\/wp\/v2\/media?parent=245"}],"curies":[{"name":"wp","href":"https:\/\/api.w.org\/{rel}","templated":true}]}}