{"id":2676,"date":"2021-04-02T12:12:18","date_gmt":"2021-04-02T10:12:18","guid":{"rendered":"https:\/\/www.chateauberne.com\/notre-histoire\/"},"modified":"2025-08-19T15:48:34","modified_gmt":"2025-08-19T13:48:34","slug":"notre-histoire","status":"publish","type":"page","link":"https:\/\/www.chateauberne.com\/de\/notre-histoire\/","title":{"rendered":"Wenn mir Bern erz\u00e4hlt w\u00fcrde..."},"content":{"rendered":"<div data-elementor-type=\"wp-page\" data-elementor-id=\"2676\" class=\"elementor elementor-2676\" data-elementor-post-type=\"page\">\n\t\t\t\t<div class=\"elementor-element elementor-element-3357bc5 e-con-full e-flex e-con e-parent\" data-id=\"3357bc5\" data-element_type=\"container\" data-e-type=\"container\">\n\t\t<div class=\"elementor-element elementor-element-a0fdd66 e-con-full e-flex e-con e-child\" data-id=\"a0fdd66\" data-element_type=\"container\" data-e-type=\"container\">\n\t\t\t\t<div class=\"elementor-element elementor-element-703afdc elementor--h-position-center elementor--v-position-middle elementor-widget elementor-widget-slides\" data-id=\"703afdc\" data-element_type=\"widget\" data-e-type=\"widget\" data-settings=\"{&quot;navigation&quot;:&quot;none&quot;,&quot;transition&quot;:&quot;fade&quot;,&quot;transition_speed&quot;:500}\" data-widget_type=\"slides.default\">\n\t\t\t\t<div class=\"elementor-widget-container\">\n\t\t\t\t\t\t\t\t\t<div class=\"elementor-swiper\">\n\t\t\t\t\t<div class=\"elementor-slides-wrapper elementor-main-swiper swiper\" role=\"region\" aria-roledescription=\"carousel\" aria-label=\"Folien\" dir=\"ltr\" data-animation=\"fadeInUp\">\n\t\t\t\t<div class=\"swiper-wrapper elementor-slides\">\n\t\t\t\t\t\t\t\t\t\t<div class=\"elementor-repeater-item-de8fba4 swiper-slide\" role=\"group\" aria-roledescription=\"slide\"><div class=\"swiper-slide-bg\" role=\"img\" aria-label=\"20150212110223_00001\"><\/div><div class=\"swiper-slide-inner\" ><div class=\"swiper-slide-contents\"><\/div><\/div><\/div>\t\t\t\t<\/div>\n\t\t\t\t\t\t\t<\/div>\n\t\t\t\t<\/div>\n\t\t\t\t\t\t\t\t<\/div>\n\t\t\t\t<\/div>\n\t\t\t\t<\/div>\n\t\t\t\t<\/div>\n\t\t<div class=\"elementor-element elementor-element-76dc17e e-con-full e-flex e-con e-child\" data-id=\"76dc17e\" data-element_type=\"container\" data-e-type=\"container\">\n\t\t\t\t<div class=\"elementor-element elementor-element-01444cd e-transform e-transform elementor-widget-divider--view-line elementor-widget elementor-widget-divider\" data-id=\"01444cd\" data-element_type=\"widget\" data-e-type=\"widget\" data-settings=\"{&quot;_transform_rotateZ_effect&quot;:{&quot;unit&quot;:&quot;px&quot;,&quot;size&quot;:90,&quot;sizes&quot;:[]},&quot;_transform_translateX_effect&quot;:{&quot;unit&quot;:&quot;px&quot;,&quot;size&quot;:60,&quot;sizes&quot;:[]},&quot;_transform_rotateZ_effect_widescreen&quot;:{&quot;unit&quot;:&quot;deg&quot;,&quot;size&quot;:&quot;&quot;,&quot;sizes&quot;:[]},&quot;_transform_rotateZ_effect_laptop&quot;:{&quot;unit&quot;:&quot;deg&quot;,&quot;size&quot;:&quot;&quot;,&quot;sizes&quot;:[]},&quot;_transform_rotateZ_effect_tablet_extra&quot;:{&quot;unit&quot;:&quot;deg&quot;,&quot;size&quot;:&quot;&quot;,&quot;sizes&quot;:[]},&quot;_transform_rotateZ_effect_tablet&quot;:{&quot;unit&quot;:&quot;deg&quot;,&quot;size&quot;:&quot;&quot;,&quot;sizes&quot;:[]},&quot;_transform_rotateZ_effect_mobile&quot;:{&quot;unit&quot;:&quot;deg&quot;,&quot;size&quot;:&quot;&quot;,&quot;sizes&quot;:[]},&quot;_transform_translateX_effect_widescreen&quot;:{&quot;unit&quot;:&quot;px&quot;,&quot;size&quot;:&quot;&quot;,&quot;sizes&quot;:[]},&quot;_transform_translateX_effect_laptop&quot;:{&quot;unit&quot;:&quot;px&quot;,&quot;size&quot;:&quot;&quot;,&quot;sizes&quot;:[]},&quot;_transform_translateX_effect_tablet_extra&quot;:{&quot;unit&quot;:&quot;px&quot;,&quot;size&quot;:&quot;&quot;,&quot;sizes&quot;:[]},&quot;_transform_translateX_effect_tablet&quot;:{&quot;unit&quot;:&quot;px&quot;,&quot;size&quot;:&quot;&quot;,&quot;sizes&quot;:[]},&quot;_transform_translateX_effect_mobile&quot;:{&quot;unit&quot;:&quot;px&quot;,&quot;size&quot;:&quot;&quot;,&quot;sizes&quot;:[]},&quot;_transform_translateY_effect&quot;:{&quot;unit&quot;:&quot;px&quot;,&quot;size&quot;:&quot;&quot;,&quot;sizes&quot;:[]},&quot;_transform_translateY_effect_widescreen&quot;:{&quot;unit&quot;:&quot;px&quot;,&quot;size&quot;:&quot;&quot;,&quot;sizes&quot;:[]},&quot;_transform_translateY_effect_laptop&quot;:{&quot;unit&quot;:&quot;px&quot;,&quot;size&quot;:&quot;&quot;,&quot;sizes&quot;:[]},&quot;_transform_translateY_effect_tablet_extra&quot;:{&quot;unit&quot;:&quot;px&quot;,&quot;size&quot;:&quot;&quot;,&quot;sizes&quot;:[]},&quot;_transform_translateY_effect_tablet&quot;:{&quot;unit&quot;:&quot;px&quot;,&quot;size&quot;:&quot;&quot;,&quot;sizes&quot;:[]},&quot;_transform_translateY_effect_mobile&quot;:{&quot;unit&quot;:&quot;px&quot;,&quot;size&quot;:&quot;&quot;,&quot;sizes&quot;:[]}}\" data-widget_type=\"divider.default\">\n\t\t\t\t<div class=\"elementor-widget-container\">\n\t\t\t\t\t\t\t<div class=\"elementor-divider\">\n\t\t\t<span class=\"elementor-divider-separator\">\n\t\t\t\t\t\t<\/span>\n\t\t<\/div>\n\t\t\t\t\t\t<\/div>\n\t\t\t\t<\/div>\n\t\t\t\t<div class=\"elementor-element elementor-element-f7d6ad0 elementor-widget elementor-widget-heading\" data-id=\"f7d6ad0\" data-element_type=\"widget\" data-e-type=\"widget\" data-widget_type=\"heading.default\">\n\t\t\t\t<div class=\"elementor-widget-container\">\n\t\t\t\t\t<h1 class=\"elementor-heading-title elementor-size-default\">Wenn mir Bern erz\u00e4hlt w\u00fcrde...<\/h1>\t\t\t\t<\/div>\n\t\t\t\t<\/div>\n\t\t\t\t<div class=\"elementor-element elementor-element-f4f63e0 elementor-widget elementor-widget-heading\" data-id=\"f4f63e0\" data-element_type=\"widget\" data-e-type=\"widget\" data-widget_type=\"heading.default\">\n\t\t\t\t<div class=\"elementor-widget-container\">\n\t\t\t\t\t<div class=\"elementor-heading-title elementor-size-default\">Entdecken Sie unsere Geschichte...<\/div>\t\t\t\t<\/div>\n\t\t\t\t<\/div>\n\t\t\t\t<\/div>\n\t\t<div class=\"elementor-element elementor-element-3c0d167 e-flex e-con-boxed e-con e-parent\" data-id=\"3c0d167\" data-element_type=\"container\" data-e-type=\"container\">\n\t\t\t\t\t<div class=\"e-con-inner\">\n\t\t<div class=\"elementor-element elementor-element-953fccb e-con-full e-flex e-con e-child\" data-id=\"953fccb\" data-element_type=\"container\" data-e-type=\"container\">\n\t\t<div class=\"elementor-element elementor-element-575d2df section-hide-bg e-con-full e-flex e-con e-child\" data-id=\"575d2df\" data-element_type=\"container\" data-e-type=\"container\" data-settings=\"{&quot;background_background&quot;:&quot;classic&quot;}\">\n\t\t<div class=\"elementor-element elementor-element-cf359e1 e-con-full e-flex e-con e-child\" data-id=\"cf359e1\" data-element_type=\"container\" data-e-type=\"container\" data-settings=\"{&quot;background_background&quot;:&quot;classic&quot;}\">\n\t\t\t\t<div class=\"elementor-element elementor-element-4f6b09a elementor-widget elementor-widget-text-editor\" data-id=\"4f6b09a\" data-element_type=\"widget\" data-e-type=\"widget\" data-widget_type=\"text-editor.default\">\n\t\t\t\t<div class=\"elementor-widget-container\">\n\t\t\t\t\t\t\t\t\t<p><span style=\"font-weight: bolder;\">Der Aurelianische Weg :<\/span><br \/>Die Geschichte des Ch\u00e2teau de Berne reicht bis in die R\u00f6merzeit zur\u00fcck, als hier bereits Wein angebaut wurde.  Das Weingut liegt an einer Abzweigung der \"Via Aurelia\", die Italien mit Spanien verband und vor allem dem Weinhandel diente. Die Amphoren, in denen die kostbare Fl\u00fcssigkeit transportiert wurde, wurden vor Ort hergestellt, wie ein Ofen beweist, der im Weinberg entdeckt wurde.<\/p><p><span style=\"font-weight: bolder;\">Der Orden der Zisterzienser, 12. Jahrhundert :<\/span><br \/>Es ist dann am 12<span style=\"font-size: 10.5px; line-height: 0; position: relative; vertical-align: baseline; top: -0.5em;\">e<\/span> Jahrhundert schenkte der Graf von Toulouse, Raymond V., das Anwesen Bernhard von Clairvaux, dem Gr\u00fcnder des Zisterzienserordens, der die Grundregeln des Heiligen Benedikt \u00fcbernahm. Im Jahr 1307 wurde das Land vom franz\u00f6sischen K\u00f6nig Philipp dem Sch\u00f6nen zugunsten von Adelsfamilien beschlagnahmt. Fast f\u00fcnf Jahrhunderte lang geh\u00f6rte das Anwesen dann den Marquis de Villeneuve.<\/p><p><span style=\"font-weight: bolder;\">Die Wiedergeburt des Berner Schlosses, 19. Jahrhundert :<\/span><br \/>Das Gebiet entwickelte sich im 19.<span style=\"font-size: 10.5px; line-height: 0; position: relative; vertical-align: baseline; top: -0.5em;\">e<\/span>\u00a0Jahrhundert dank Marius Estellon, einem ehemaligen Fregattenkapit\u00e4n der kaiserlichen Armee. Er vergr\u00f6\u00dferte das Land, bepflanzte neue Parzellen und modernisierte den Weinbau.  Als wahrer M\u00e4zen gab er grandiose Feste, von denen die ganze Region profitierte, und stellte vor Ort die unverzichtbaren Fayencen her, um seine G\u00e4ste zu bewirten.<\/p>\t\t\t\t\t\t\t\t<\/div>\n\t\t\t\t<\/div>\n\t\t\t\t<\/div>\n\t\t<div class=\"elementor-element elementor-element-c6fdbc8 e-con-full e-flex e-con e-child\" data-id=\"c6fdbc8\" data-element_type=\"container\" data-e-type=\"container\">\n\t\t\t\t<div class=\"elementor-element elementor-element-381bed6 elementor-hidden-desktop elementor-widget elementor-widget-image\" data-id=\"381bed6\" data-element_type=\"widget\" data-e-type=\"widget\" data-widget_type=\"image.default\">\n\t\t\t\t<div class=\"elementor-widget-container\">\n\t\t\t\t\t\t\t\t\t\t\t\t\t\t\t<img fetchpriority=\"high\" decoding=\"async\" width=\"716\" height=\"352\" src=\"https:\/\/www.chateauberne.com\/wp-content\/uploads\/2021\/11\/berne.png\" class=\"attachment-full size-full wp-image-9399\" alt=\"\" srcset=\"https:\/\/www.chateauberne.com\/wp-content\/uploads\/2021\/11\/berne.png 716w, https:\/\/www.chateauberne.com\/wp-content\/uploads\/2021\/11\/berne-300x147.png 300w, https:\/\/www.chateauberne.com\/wp-content\/uploads\/2021\/11\/berne-18x9.png 18w\" sizes=\"(max-width: 716px) 100vw, 716px\" \/>\t\t\t\t\t\t\t\t\t\t\t\t\t\t\t<\/div>\n\t\t\t\t<\/div>\n\t\t\t\t<\/div>\n\t\t\t\t<\/div>\n\t\t\t\t<\/div>\n\t\t\t\t\t<\/div>\n\t\t\t\t<\/div>\n\t\t<div class=\"elementor-element elementor-element-d73bc05 e-flex e-con-boxed e-con e-parent\" data-id=\"d73bc05\" data-element_type=\"container\" data-e-type=\"container\">\n\t\t\t\t\t<div class=\"e-con-inner\">\n\t\t<div class=\"elementor-element elementor-element-66da916 e-con-full e-flex e-con e-child\" data-id=\"66da916\" data-element_type=\"container\" data-e-type=\"container\">\n\t\t\t\t<div class=\"elementor-element elementor-element-a6d8d36 elementor-widget elementor-widget-image\" data-id=\"a6d8d36\" data-element_type=\"widget\" data-e-type=\"widget\" data-widget_type=\"image.default\">\n\t\t\t\t<div class=\"elementor-widget-container\">\n\t\t\t\t\t\t\t\t\t\t\t\t\t\t\t<img decoding=\"async\" width=\"530\" height=\"880\" src=\"https:\/\/www.chateauberne.com\/wp-content\/uploads\/2021\/11\/@THEKOMANS-@WILLOW.AND_.OAK_.EVENTS-4-530x880.jpg\" class=\"attachment-portrait-galerie size-portrait-galerie wp-image-9435\" alt=\"\" srcset=\"https:\/\/www.chateauberne.com\/wp-content\/uploads\/2021\/11\/@THEKOMANS-@WILLOW.AND_.OAK_.EVENTS-4-530x880.jpg 530w, https:\/\/www.chateauberne.com\/wp-content\/uploads\/2021\/11\/@THEKOMANS-@WILLOW.AND_.OAK_.EVENTS-4-8x12.jpg 8w\" sizes=\"(max-width: 530px) 100vw, 530px\" \/>\t\t\t\t\t\t\t\t\t\t\t\t\t\t\t<\/div>\n\t\t\t\t<\/div>\n\t\t\t\t<\/div>\n\t\t<div class=\"elementor-element elementor-element-91aa92a e-con-full e-flex e-con e-child\" data-id=\"91aa92a\" data-element_type=\"container\" data-e-type=\"container\">\n\t\t\t\t<div class=\"elementor-element elementor-element-87eda36 elementor-widget elementor-widget-image\" data-id=\"87eda36\" data-element_type=\"widget\" data-e-type=\"widget\" data-widget_type=\"image.default\">\n\t\t\t\t<div class=\"elementor-widget-container\">\n\t\t\t\t\t\t\t\t\t\t\t\t\t\t\t<img decoding=\"async\" width=\"530\" height=\"880\" src=\"https:\/\/www.chateauberne.com\/wp-content\/uploads\/2021\/11\/DSC04667-530x880.jpg\" class=\"attachment-portrait-galerie size-portrait-galerie wp-image-9436\" alt=\"\" \/>\t\t\t\t\t\t\t\t\t\t\t\t\t\t\t<\/div>\n\t\t\t\t<\/div>\n\t\t\t\t<\/div>\n\t\t<div class=\"elementor-element elementor-element-9eabb71 e-con-full e-flex e-con e-child\" data-id=\"9eabb71\" data-element_type=\"container\" data-e-type=\"container\" data-settings=\"{&quot;background_background&quot;:&quot;classic&quot;}\">\n\t\t\t\t<div class=\"elementor-element elementor-element-ecb527e elementor-widget elementor-widget-text-editor\" data-id=\"ecb527e\" data-element_type=\"widget\" data-e-type=\"widget\" data-widget_type=\"text-editor.default\">\n\t\t\t\t<div class=\"elementor-widget-container\">\n\t\t\t\t\t\t\t\t\t<p><span style=\"font-weight: bolder; color: var( --e-global-color-text ); font-family: var( --e-global-typography-text-font-family ), Sans-serif; font-size: var( --e-global-typography-text-font-size );\">Der Aufstieg der Domain, 20. Jahrhundert :<\/span><\/p><p>Das Ch\u00e2teau ging danach durch verschiedene H\u00e4nde: Dr. German von 1949 bis 1960 und Madame Smeets (Gesch\u00e4ftsf\u00fchrerin der Werbefirma Jean Mineur) bis 1985. Die Weinberge wurden etwas vernachl\u00e4ssigt, bis ein Engl\u00e4nder das Weingut 1995 kaufte und 32 Hektar neu bepflanzte, die Weinbereitungsanlagen modernisierte und den Weinkeller umbaute, sodass die Weinlese per Schwerkraft eingebracht werden konnte.<\/p><p><span style=\"font-weight: bolder;\">Hochburg des Weintourismus, 21. Jahrhundert :<\/span><br \/>Als leidenschaftlicher Weinkenner arbeitet er gewissenhaft an den Rebsorten, die die AOC \"C\u00f4tes de Provence\" verdienen. Er studiert die subtile Zusammensetzung des Bodens auf den 80 Hektar Terroir sowie die Sonneneinstrahlung und andere meteorologische Parameter, um rund 500.000 Flaschen zu produzieren.<br \/>Ab 1995 beschloss der britische Gesch\u00e4ftsmann, der das Patent f\u00fcr die Kontaktlinse entwickelt hatte, ein Hotelkonzept zu entwickeln, das auf die Welt des Weinbaus und des Winzertourismus ausgerichtet war, der heute allgemein als Weintourismus bezeichnet wird.<br \/>Im Jahr 2007 kaufte ein britischer Gesch\u00e4ftsmann, der die Provence liebte, das Weingut. Durch die Verbindung von Qualit\u00e4t und Innovation bietet Ch\u00e2teau de Berne im selben Jahr die erste Weinflasche mit quadratischen Formen an, die ein gro\u00dfer Erfolg wird.<\/p>\t\t\t\t\t\t\t\t<\/div>\n\t\t\t\t<\/div>\n\t\t\t\t<\/div>\n\t\t\t\t\t<\/div>\n\t\t\t\t<\/div>\n\t\t\t\t<\/div>","protected":false},"excerpt":{"rendered":"<p>D\u00e9couvrez notre histoire&#8230; La voie Aur\u00e9lienne :L\u2019histoire du Ch\u00e2teau de Berne remonte \u00e0 l\u2019\u00e9poque romaine o\u00f9 la vigne y \u00e9tait d\u00e9j\u00e0 cultiv\u00e9e.\u00a0 Le Domaine est situ\u00e9 sur un embranchement de la \u00ab Via Aurelia \u00bb qui reliait l\u2019Italie \u00e0 l\u2019Espagne et servait notamment au commerce du vin. Les amphores transportant le pr\u00e9cieux liquide \u00e9taient fabriqu\u00e9es [&hellip;]<\/p>\n","protected":false},"author":18,"featured_media":0,"parent":0,"menu_order":18,"comment_status":"closed","ping_status":"closed","template":"","meta":{"inline_featured_image":false,"footnotes":""},"class_list":["post-2676","page","type-page","status-publish","hentry"],"_links":{"self":[{"href":"https:\/\/www.chateauberne.com\/de\/wp-json\/wp\/v2\/pages\/2676","targetHints":{"allow":["GET"]}}],"collection":[{"href":"https:\/\/www.chateauberne.com\/de\/wp-json\/wp\/v2\/pages"}],"about":[{"href":"https:\/\/www.chateauberne.com\/de\/wp-json\/wp\/v2\/types\/page"}],"author":[{"embeddable":true,"href":"https:\/\/www.chateauberne.com\/de\/wp-json\/wp\/v2\/users\/18"}],"replies":[{"embeddable":true,"href":"https:\/\/www.chateauberne.com\/de\/wp-json\/wp\/v2\/comments?post=2676"}],"version-history":[{"count":65,"href":"https:\/\/www.chateauberne.com\/de\/wp-json\/wp\/v2\/pages\/2676\/revisions"}],"predecessor-version":[{"id":26065,"href":"https:\/\/www.chateauberne.com\/de\/wp-json\/wp\/v2\/pages\/2676\/revisions\/26065"}],"wp:attachment":[{"href":"https:\/\/www.chateauberne.com\/de\/wp-json\/wp\/v2\/media?parent=2676"}],"curies":[{"name":"wp","href":"https:\/\/api.w.org\/{rel}","templated":true}]}}