{"id":2676,"date":"2021-04-02T12:12:18","date_gmt":"2021-04-02T10:12:18","guid":{"rendered":"https:\/\/www.chateauberne.com\/notre-histoire\/"},"modified":"2025-08-19T15:48:34","modified_gmt":"2025-08-19T13:48:34","slug":"notre-histoire","status":"publish","type":"page","link":"https:\/\/www.chateauberne.com\/en\/notre-histoire\/","title":{"rendered":"Once upon a time in Berne"},"content":{"rendered":"<div data-elementor-type=\"wp-page\" data-elementor-id=\"2676\" class=\"elementor elementor-2676\" data-elementor-post-type=\"page\">\n\t\t\t\t<div class=\"elementor-element elementor-element-3357bc5 e-con-full e-flex e-con e-parent\" data-id=\"3357bc5\" data-element_type=\"container\" data-e-type=\"container\">\n\t\t<div class=\"elementor-element elementor-element-a0fdd66 e-con-full e-flex e-con e-child\" data-id=\"a0fdd66\" data-element_type=\"container\" data-e-type=\"container\">\n\t\t\t\t<div class=\"elementor-element elementor-element-703afdc elementor--h-position-center elementor--v-position-middle elementor-widget elementor-widget-slides\" data-id=\"703afdc\" data-element_type=\"widget\" data-e-type=\"widget\" data-settings=\"{&quot;navigation&quot;:&quot;none&quot;,&quot;transition&quot;:&quot;fade&quot;,&quot;transition_speed&quot;:500}\" data-widget_type=\"slides.default\">\n\t\t\t\t<div class=\"elementor-widget-container\">\n\t\t\t\t\t\t\t\t\t<div class=\"elementor-swiper\">\n\t\t\t\t\t<div class=\"elementor-slides-wrapper elementor-main-swiper swiper\" role=\"region\" aria-roledescription=\"carousel\" aria-label=\"Slides\" dir=\"ltr\" data-animation=\"fadeInUp\">\n\t\t\t\t<div class=\"swiper-wrapper elementor-slides\">\n\t\t\t\t\t\t\t\t\t\t<div class=\"elementor-repeater-item-de8fba4 swiper-slide\" role=\"group\" aria-roledescription=\"slide\"><div class=\"swiper-slide-bg\" role=\"img\" aria-label=\"20150212110223_00001\"><\/div><div class=\"swiper-slide-inner\" ><div class=\"swiper-slide-contents\"><\/div><\/div><\/div>\t\t\t\t<\/div>\n\t\t\t\t\t\t\t<\/div>\n\t\t\t\t<\/div>\n\t\t\t\t\t\t\t\t<\/div>\n\t\t\t\t<\/div>\n\t\t\t\t<\/div>\n\t\t\t\t<\/div>\n\t\t<div class=\"elementor-element elementor-element-76dc17e e-con-full e-flex e-con e-child\" data-id=\"76dc17e\" data-element_type=\"container\" data-e-type=\"container\">\n\t\t\t\t<div class=\"elementor-element elementor-element-01444cd e-transform e-transform elementor-widget-divider--view-line elementor-widget elementor-widget-divider\" data-id=\"01444cd\" data-element_type=\"widget\" data-e-type=\"widget\" data-settings=\"{&quot;_transform_rotateZ_effect&quot;:{&quot;unit&quot;:&quot;px&quot;,&quot;size&quot;:90,&quot;sizes&quot;:[]},&quot;_transform_translateX_effect&quot;:{&quot;unit&quot;:&quot;px&quot;,&quot;size&quot;:60,&quot;sizes&quot;:[]},&quot;_transform_rotateZ_effect_widescreen&quot;:{&quot;unit&quot;:&quot;deg&quot;,&quot;size&quot;:&quot;&quot;,&quot;sizes&quot;:[]},&quot;_transform_rotateZ_effect_laptop&quot;:{&quot;unit&quot;:&quot;deg&quot;,&quot;size&quot;:&quot;&quot;,&quot;sizes&quot;:[]},&quot;_transform_rotateZ_effect_tablet_extra&quot;:{&quot;unit&quot;:&quot;deg&quot;,&quot;size&quot;:&quot;&quot;,&quot;sizes&quot;:[]},&quot;_transform_rotateZ_effect_tablet&quot;:{&quot;unit&quot;:&quot;deg&quot;,&quot;size&quot;:&quot;&quot;,&quot;sizes&quot;:[]},&quot;_transform_rotateZ_effect_mobile&quot;:{&quot;unit&quot;:&quot;deg&quot;,&quot;size&quot;:&quot;&quot;,&quot;sizes&quot;:[]},&quot;_transform_translateX_effect_widescreen&quot;:{&quot;unit&quot;:&quot;px&quot;,&quot;size&quot;:&quot;&quot;,&quot;sizes&quot;:[]},&quot;_transform_translateX_effect_laptop&quot;:{&quot;unit&quot;:&quot;px&quot;,&quot;size&quot;:&quot;&quot;,&quot;sizes&quot;:[]},&quot;_transform_translateX_effect_tablet_extra&quot;:{&quot;unit&quot;:&quot;px&quot;,&quot;size&quot;:&quot;&quot;,&quot;sizes&quot;:[]},&quot;_transform_translateX_effect_tablet&quot;:{&quot;unit&quot;:&quot;px&quot;,&quot;size&quot;:&quot;&quot;,&quot;sizes&quot;:[]},&quot;_transform_translateX_effect_mobile&quot;:{&quot;unit&quot;:&quot;px&quot;,&quot;size&quot;:&quot;&quot;,&quot;sizes&quot;:[]},&quot;_transform_translateY_effect&quot;:{&quot;unit&quot;:&quot;px&quot;,&quot;size&quot;:&quot;&quot;,&quot;sizes&quot;:[]},&quot;_transform_translateY_effect_widescreen&quot;:{&quot;unit&quot;:&quot;px&quot;,&quot;size&quot;:&quot;&quot;,&quot;sizes&quot;:[]},&quot;_transform_translateY_effect_laptop&quot;:{&quot;unit&quot;:&quot;px&quot;,&quot;size&quot;:&quot;&quot;,&quot;sizes&quot;:[]},&quot;_transform_translateY_effect_tablet_extra&quot;:{&quot;unit&quot;:&quot;px&quot;,&quot;size&quot;:&quot;&quot;,&quot;sizes&quot;:[]},&quot;_transform_translateY_effect_tablet&quot;:{&quot;unit&quot;:&quot;px&quot;,&quot;size&quot;:&quot;&quot;,&quot;sizes&quot;:[]},&quot;_transform_translateY_effect_mobile&quot;:{&quot;unit&quot;:&quot;px&quot;,&quot;size&quot;:&quot;&quot;,&quot;sizes&quot;:[]}}\" data-widget_type=\"divider.default\">\n\t\t\t\t<div class=\"elementor-widget-container\">\n\t\t\t\t\t\t\t<div class=\"elementor-divider\">\n\t\t\t<span class=\"elementor-divider-separator\">\n\t\t\t\t\t\t<\/span>\n\t\t<\/div>\n\t\t\t\t\t\t<\/div>\n\t\t\t\t<\/div>\n\t\t\t\t<div class=\"elementor-element elementor-element-f7d6ad0 elementor-widget elementor-widget-heading\" data-id=\"f7d6ad0\" data-element_type=\"widget\" data-e-type=\"widget\" data-widget_type=\"heading.default\">\n\t\t\t\t<div class=\"elementor-widget-container\">\n\t\t\t\t\t<h1 class=\"elementor-heading-title elementor-size-default\">Once upon a time in Berne<\/h1>\t\t\t\t<\/div>\n\t\t\t\t<\/div>\n\t\t\t\t<div class=\"elementor-element elementor-element-f4f63e0 elementor-widget elementor-widget-heading\" data-id=\"f4f63e0\" data-element_type=\"widget\" data-e-type=\"widget\" data-widget_type=\"heading.default\">\n\t\t\t\t<div class=\"elementor-widget-container\">\n\t\t\t\t\t<div class=\"elementor-heading-title elementor-size-default\">Discover our history...<\/div>\t\t\t\t<\/div>\n\t\t\t\t<\/div>\n\t\t\t\t<\/div>\n\t\t<div class=\"elementor-element elementor-element-3c0d167 e-flex e-con-boxed e-con e-parent\" data-id=\"3c0d167\" data-element_type=\"container\" data-e-type=\"container\">\n\t\t\t\t\t<div class=\"e-con-inner\">\n\t\t<div class=\"elementor-element elementor-element-953fccb e-con-full e-flex e-con e-child\" data-id=\"953fccb\" data-element_type=\"container\" data-e-type=\"container\">\n\t\t<div class=\"elementor-element elementor-element-575d2df section-hide-bg e-con-full e-flex e-con e-child\" data-id=\"575d2df\" data-element_type=\"container\" data-e-type=\"container\" data-settings=\"{&quot;background_background&quot;:&quot;classic&quot;}\">\n\t\t<div class=\"elementor-element elementor-element-cf359e1 e-con-full e-flex e-con e-child\" data-id=\"cf359e1\" data-element_type=\"container\" data-e-type=\"container\" data-settings=\"{&quot;background_background&quot;:&quot;classic&quot;}\">\n\t\t\t\t<div class=\"elementor-element elementor-element-4f6b09a elementor-widget elementor-widget-text-editor\" data-id=\"4f6b09a\" data-element_type=\"widget\" data-e-type=\"widget\" data-widget_type=\"text-editor.default\">\n\t\t\t\t<div class=\"elementor-widget-container\">\n\t\t\t\t\t\t\t\t\t<p><span style=\"font-weight: bolder;\">The Aurelian Way :<\/span><br \/>The history of Ch\u00e2teau de Berne dates back to Roman times, when vines were already grown here.  The estate is located on a branch of the Via Aurelia, which linked Italy to Spain and was used in particular for the wine trade. The amphorae carrying the precious liquid were made on site, as evidenced by an oven discovered in the vineyard.<\/p><p><span style=\"font-weight: bolder;\">The Cistercian Order, 12th century :<\/span><br \/>Then it's on to 12<span style=\"font-size: 10.5px; line-height: 0; position: relative; vertical-align: baseline; top: -0.5em;\">e<\/span> It was during this period that the Count of Toulouse, Raymond V, made a gift of the estate to Bernard de Clairvaux, founder of the Cistercian order, which adopted the fundamental rules of Saint-Beno\u00eet. In 1307, the land was confiscated by the King of France, Philippe le Bel, in favour of noble families. For nearly five centuries, the property belonged to the Marquis de Villeneuve.<\/p><p><span style=\"font-weight: bolder;\">The rebirth of the Ch\u00e2teau de Berne, 19th century :<\/span><br \/>The estate developed in the 19th<span style=\"font-size: 10.5px; line-height: 0; position: relative; vertical-align: baseline; top: -0.5em;\">e<\/span>\u00a0The winegrowing estate was created in the 19th century by Marius Estellon, a former frigate captain in the imperial army. He enlarged the land, planted new plots and modernised winegrowing.  A true patron of the arts, he gave grandiose parties that benefited the entire region and produced the earthenware on site that was essential for entertaining his guests.<\/p>\t\t\t\t\t\t\t\t<\/div>\n\t\t\t\t<\/div>\n\t\t\t\t<\/div>\n\t\t<div class=\"elementor-element elementor-element-c6fdbc8 e-con-full e-flex e-con e-child\" data-id=\"c6fdbc8\" data-element_type=\"container\" data-e-type=\"container\">\n\t\t\t\t<div class=\"elementor-element elementor-element-381bed6 elementor-hidden-desktop elementor-widget elementor-widget-image\" data-id=\"381bed6\" data-element_type=\"widget\" data-e-type=\"widget\" data-widget_type=\"image.default\">\n\t\t\t\t<div class=\"elementor-widget-container\">\n\t\t\t\t\t\t\t\t\t\t\t\t\t\t\t<img fetchpriority=\"high\" decoding=\"async\" width=\"716\" height=\"352\" src=\"https:\/\/www.chateauberne.com\/wp-content\/uploads\/2021\/11\/berne.png\" class=\"attachment-full size-full wp-image-9399\" alt=\"\" srcset=\"https:\/\/www.chateauberne.com\/wp-content\/uploads\/2021\/11\/berne.png 716w, https:\/\/www.chateauberne.com\/wp-content\/uploads\/2021\/11\/berne-300x147.png 300w, https:\/\/www.chateauberne.com\/wp-content\/uploads\/2021\/11\/berne-18x9.png 18w\" sizes=\"(max-width: 716px) 100vw, 716px\" \/>\t\t\t\t\t\t\t\t\t\t\t\t\t\t\t<\/div>\n\t\t\t\t<\/div>\n\t\t\t\t<\/div>\n\t\t\t\t<\/div>\n\t\t\t\t<\/div>\n\t\t\t\t\t<\/div>\n\t\t\t\t<\/div>\n\t\t<div class=\"elementor-element elementor-element-d73bc05 e-flex e-con-boxed e-con e-parent\" data-id=\"d73bc05\" data-element_type=\"container\" data-e-type=\"container\">\n\t\t\t\t\t<div class=\"e-con-inner\">\n\t\t<div class=\"elementor-element elementor-element-66da916 e-con-full e-flex e-con e-child\" data-id=\"66da916\" data-element_type=\"container\" data-e-type=\"container\">\n\t\t\t\t<div class=\"elementor-element elementor-element-a6d8d36 elementor-widget elementor-widget-image\" data-id=\"a6d8d36\" data-element_type=\"widget\" data-e-type=\"widget\" data-widget_type=\"image.default\">\n\t\t\t\t<div class=\"elementor-widget-container\">\n\t\t\t\t\t\t\t\t\t\t\t\t\t\t\t<img decoding=\"async\" width=\"530\" height=\"880\" src=\"https:\/\/www.chateauberne.com\/wp-content\/uploads\/2021\/11\/@THEKOMANS-@WILLOW.AND_.OAK_.EVENTS-4-530x880.jpg\" class=\"attachment-portrait-galerie size-portrait-galerie wp-image-9435\" alt=\"\" srcset=\"https:\/\/www.chateauberne.com\/wp-content\/uploads\/2021\/11\/@THEKOMANS-@WILLOW.AND_.OAK_.EVENTS-4-530x880.jpg 530w, https:\/\/www.chateauberne.com\/wp-content\/uploads\/2021\/11\/@THEKOMANS-@WILLOW.AND_.OAK_.EVENTS-4-8x12.jpg 8w\" sizes=\"(max-width: 530px) 100vw, 530px\" \/>\t\t\t\t\t\t\t\t\t\t\t\t\t\t\t<\/div>\n\t\t\t\t<\/div>\n\t\t\t\t<\/div>\n\t\t<div class=\"elementor-element elementor-element-91aa92a e-con-full e-flex e-con e-child\" data-id=\"91aa92a\" data-element_type=\"container\" data-e-type=\"container\">\n\t\t\t\t<div class=\"elementor-element elementor-element-87eda36 elementor-widget elementor-widget-image\" data-id=\"87eda36\" data-element_type=\"widget\" data-e-type=\"widget\" data-widget_type=\"image.default\">\n\t\t\t\t<div class=\"elementor-widget-container\">\n\t\t\t\t\t\t\t\t\t\t\t\t\t\t\t<img decoding=\"async\" width=\"530\" height=\"880\" src=\"https:\/\/www.chateauberne.com\/wp-content\/uploads\/2021\/11\/DSC04667-530x880.jpg\" class=\"attachment-portrait-galerie size-portrait-galerie wp-image-9436\" alt=\"\" \/>\t\t\t\t\t\t\t\t\t\t\t\t\t\t\t<\/div>\n\t\t\t\t<\/div>\n\t\t\t\t<\/div>\n\t\t<div class=\"elementor-element elementor-element-9eabb71 e-con-full e-flex e-con e-child\" data-id=\"9eabb71\" data-element_type=\"container\" data-e-type=\"container\" data-settings=\"{&quot;background_background&quot;:&quot;classic&quot;}\">\n\t\t\t\t<div class=\"elementor-element elementor-element-ecb527e elementor-widget elementor-widget-text-editor\" data-id=\"ecb527e\" data-element_type=\"widget\" data-e-type=\"widget\" data-widget_type=\"text-editor.default\">\n\t\t\t\t<div class=\"elementor-widget-container\">\n\t\t\t\t\t\t\t\t\t<p><span style=\"font-weight: bolder; color: var( --e-global-color-text ); font-family: var( --e-global-typography-text-font-family ), Sans-serif; font-size: var( --e-global-typography-text-font-size );\">The rise of the estate, 20th century :<\/span><\/p><p>The Ch\u00e2teau then passed through various hands: Dr German from 1949 to 1960, then Mrs Smeets (CEO of the Jean Mineur advertising company) until 1985. The vineyard was then somewhat neglected until an Englishman bought it in 1995 and replanted 32 hectares, modernising the winemaking facilities and rebuilding the cellar so that the grapes could be brought in by gravity.<\/p><p><span style=\"font-weight: bolder;\">Wine tourism mecca, 21st century :<\/span><br \/>As a passionate connoisseur, he works scrupulously on the grape varieties that deserve the 'C\u00f4tes de Provence' AOC, studying the subtle composition of the soil on the 80 hectares of terroir and the sunshine and other meteorological parameters, for a production of some 500,000 bottles.<br \/>It was in 1995 that this British businessman, who had patented the contact lens, decided to develop a hotel concept focusing on the world of wine and wine tourism, now more commonly known as wine tourism.<br \/>In 2007, a British businessman with a passion for Provence bought the estate. Combining quality and innovation, that same year Ch\u00e2teau de Berne introduced the first square-shaped bottle of wine, which proved a great success.<\/p>\t\t\t\t\t\t\t\t<\/div>\n\t\t\t\t<\/div>\n\t\t\t\t<\/div>\n\t\t\t\t\t<\/div>\n\t\t\t\t<\/div>\n\t\t\t\t<\/div>","protected":false},"excerpt":{"rendered":"<p>D\u00e9couvrez notre histoire&#8230; La voie Aur\u00e9lienne :L\u2019histoire du Ch\u00e2teau de Berne remonte \u00e0 l\u2019\u00e9poque romaine o\u00f9 la vigne y \u00e9tait d\u00e9j\u00e0 cultiv\u00e9e.\u00a0 Le Domaine est situ\u00e9 sur un embranchement de la \u00ab Via Aurelia \u00bb qui reliait l\u2019Italie \u00e0 l\u2019Espagne et servait notamment au commerce du vin. Les amphores transportant le pr\u00e9cieux liquide \u00e9taient fabriqu\u00e9es [&hellip;]<\/p>\n","protected":false},"author":18,"featured_media":0,"parent":0,"menu_order":18,"comment_status":"closed","ping_status":"closed","template":"","meta":{"inline_featured_image":false,"footnotes":""},"class_list":["post-2676","page","type-page","status-publish","hentry"],"_links":{"self":[{"href":"https:\/\/www.chateauberne.com\/en\/wp-json\/wp\/v2\/pages\/2676","targetHints":{"allow":["GET"]}}],"collection":[{"href":"https:\/\/www.chateauberne.com\/en\/wp-json\/wp\/v2\/pages"}],"about":[{"href":"https:\/\/www.chateauberne.com\/en\/wp-json\/wp\/v2\/types\/page"}],"author":[{"embeddable":true,"href":"https:\/\/www.chateauberne.com\/en\/wp-json\/wp\/v2\/users\/18"}],"replies":[{"embeddable":true,"href":"https:\/\/www.chateauberne.com\/en\/wp-json\/wp\/v2\/comments?post=2676"}],"version-history":[{"count":65,"href":"https:\/\/www.chateauberne.com\/en\/wp-json\/wp\/v2\/pages\/2676\/revisions"}],"predecessor-version":[{"id":26065,"href":"https:\/\/www.chateauberne.com\/en\/wp-json\/wp\/v2\/pages\/2676\/revisions\/26065"}],"wp:attachment":[{"href":"https:\/\/www.chateauberne.com\/en\/wp-json\/wp\/v2\/media?parent=2676"}],"curies":[{"name":"wp","href":"https:\/\/api.w.org\/{rel}","templated":true}]}}