{"id":21132,"date":"2024-05-31T21:14:28","date_gmt":"2024-05-31T19:14:28","guid":{"rendered":"https:\/\/www.chateauberne.com\/?page_id=21132"},"modified":"2024-05-31T22:11:35","modified_gmt":"2024-05-31T20:11:35","slug":"hotel-accessibles-personnes-handicapees","status":"publish","type":"page","link":"https:\/\/www.chateauberne.com\/it\/definition\/hotel-accessibles-personnes-handicapees\/","title":{"rendered":"Strutture di accesso per disabili nel settore alberghiero: tutto quello che c'\u00e8 da sapere"},"content":{"rendered":"<div data-elementor-type=\"wp-page\" data-elementor-id=\"21132\" class=\"elementor elementor-21132\" data-elementor-post-type=\"page\">\n\t\t\t\t\t\t<section class=\"elementor-section elementor-top-section elementor-element elementor-element-40a8f31 elementor-section-boxed elementor-section-height-default elementor-section-height-default\" data-id=\"40a8f31\" data-element_type=\"section\" data-e-type=\"section\">\n\t\t\t\t\t\t<div class=\"elementor-container elementor-column-gap-default\">\n\t\t\t\t\t<div class=\"elementor-column elementor-col-100 elementor-top-column elementor-element elementor-element-e0b0351\" data-id=\"e0b0351\" data-element_type=\"column\" data-e-type=\"column\">\n\t\t\t<div class=\"elementor-widget-wrap elementor-element-populated\">\n\t\t\t\t\t\t<div class=\"elementor-element elementor-element-d49116e elementor--h-position-center elementor--v-position-middle elementor-widget elementor-widget-slides\" data-id=\"d49116e\" data-element_type=\"widget\" data-e-type=\"widget\" data-settings=\"{&quot;navigation&quot;:&quot;none&quot;,&quot;transition&quot;:&quot;fade&quot;,&quot;transition_speed&quot;:500}\" data-widget_type=\"slides.default\">\n\t\t\t\t<div class=\"elementor-widget-container\">\n\t\t\t\t\t\t\t\t\t<div class=\"elementor-swiper\">\n\t\t\t\t\t<div class=\"elementor-slides-wrapper elementor-main-swiper swiper\" role=\"region\" aria-roledescription=\"carousel\" aria-label=\"Diapositive\" dir=\"ltr\" data-animation=\"fadeInUp\">\n\t\t\t\t<div class=\"swiper-wrapper elementor-slides\">\n\t\t\t\t\t\t\t\t\t\t<div class=\"elementor-repeater-item-de8fba4 swiper-slide\" role=\"group\" aria-roledescription=\"slide\"><div class=\"swiper-slide-bg\" role=\"img\" aria-label=\"Ricevimento al Castello di Berna\"><\/div><div class=\"swiper-slide-inner\" ><div class=\"swiper-slide-contents\"><\/div><\/div><\/div>\t\t\t\t<\/div>\n\t\t\t\t\t\t\t<\/div>\n\t\t\t\t<\/div>\n\t\t\t\t\t\t\t\t<\/div>\n\t\t\t\t<\/div>\n\t\t\t\t\t<\/div>\n\t\t<\/div>\n\t\t\t\t\t<\/div>\n\t\t<\/section>\n\t\t\t\t<section class=\"elementor-section elementor-top-section elementor-element elementor-element-2e62aa2 elementor-section-boxed elementor-section-height-default elementor-section-height-default\" data-id=\"2e62aa2\" data-element_type=\"section\" data-e-type=\"section\">\n\t\t\t\t\t\t<div class=\"elementor-container elementor-column-gap-default\">\n\t\t\t\t\t<div class=\"elementor-column elementor-col-100 elementor-top-column elementor-element elementor-element-eb942c1\" data-id=\"eb942c1\" data-element_type=\"column\" data-e-type=\"column\">\n\t\t\t<div class=\"elementor-widget-wrap\">\n\t\t\t\t\t\t\t<\/div>\n\t\t<\/div>\n\t\t\t\t\t<\/div>\n\t\t<\/section>\n\t\t\t\t<section class=\"elementor-section elementor-top-section elementor-element elementor-element-a23e451 elementor-section-boxed elementor-section-height-default elementor-section-height-default\" data-id=\"a23e451\" data-element_type=\"section\" data-e-type=\"section\">\n\t\t\t\t\t\t<div class=\"elementor-container elementor-column-gap-default\">\n\t\t\t\t\t<div class=\"elementor-column elementor-col-100 elementor-top-column elementor-element elementor-element-9be119f\" data-id=\"9be119f\" data-element_type=\"column\" data-e-type=\"column\">\n\t\t\t<div class=\"elementor-widget-wrap elementor-element-populated\">\n\t\t\t\t\t\t<div class=\"elementor-element elementor-element-167f385 elementor-widget elementor-widget-heading\" data-id=\"167f385\" data-element_type=\"widget\" data-e-type=\"widget\" data-widget_type=\"heading.default\">\n\t\t\t\t<div class=\"elementor-widget-container\">\n\t\t\t\t\t<h1 class=\"elementor-heading-title elementor-size-default\">Strutture per disabili nel settore alberghiero: tutto quello che c'\u00e8 da sapere.<\/h1>\t\t\t\t<\/div>\n\t\t\t\t<\/div>\n\t\t\t\t<div class=\"elementor-element elementor-element-a429e05 elementor-widget-divider--view-line elementor-widget elementor-widget-divider\" data-id=\"a429e05\" data-element_type=\"widget\" data-e-type=\"widget\" data-widget_type=\"divider.default\">\n\t\t\t\t<div class=\"elementor-widget-container\">\n\t\t\t\t\t\t\t<div class=\"elementor-divider\">\n\t\t\t<span class=\"elementor-divider-separator\">\n\t\t\t\t\t\t<\/span>\n\t\t<\/div>\n\t\t\t\t\t\t<\/div>\n\t\t\t\t<\/div>\n\t\t\t\t<div class=\"elementor-element elementor-element-5dc081d elementor-widget__width-initial elementor-widget elementor-widget-text-editor\" data-id=\"5dc081d\" data-element_type=\"widget\" data-e-type=\"widget\" data-widget_type=\"text-editor.default\">\n\t\t\t\t<div class=\"elementor-widget-container\">\n\t\t\t\t\t\t\t\t\t<p>Adattamento degli alloggi per le persone con disabilit\u00e0\u00a0<strong>disabilit\u00e0<\/strong>\u00a0\u00e8 un passo fondamentale per promuovere\u00a0<strong>combattere efficacemente la discriminazione<\/strong>. Nel settore alberghiero, offrire strutture e servizi adeguati non significa solo rispettare la legge. Rappresenta anche un investimento vantaggioso che amplia la clientela potenziale e migliora la qualit\u00e0 del servizio offerto a tutti i clienti.<\/p>\n<h2>Comprendere le esigenze specifiche<\/h2>\n<p>Per fare\u00a0<strong>strutture adattate per i disabili<\/strong>A tal fine, \u00e8 indispensabile avere una chiara comprensione delle varie disabilit\u00e0 e delle esigenze specifiche che ciascuna di esse comporta. Ecco alcuni esempi:<\/p>\n<ul>\n<li><strong>Disabilit\u00e0 motorie<\/strong>\u00a0Accessibilit\u00e0: rampe, porte larghe, ascensori accessibili, camere da letto e bagni dotati di maniglioni e docce senza soglia.<\/li>\n<li><strong>Disabilit\u00e0 visiva<\/strong>\u00a0Utilizzo di\u00a0<strong>Braille<\/strong>illuminazione, guide tattili sul pavimento, software per la lettura del<strong>schermo<\/strong>.<\/li>\n<li><strong>Disturbi dell'udito<\/strong>\u00a0Installazione di sistemi di notifica luminosa per gli allarmi antincendio, telefoni compatibili con gli apparecchi acustici, sottotitoli o servizi di interpretazione del linguaggio dei segni.<\/li>\n<li><strong>Disabilit\u00e0 cognitiva<\/strong>\u00a0Segnaletica chiara e semplice, personale formato per assistere i clienti con difficolt\u00e0 cognitive.<\/li>\n<\/ul>\n<h2>Standard legali e normativi<\/h2>\n<p>In Francia, gli standard di accessibilit\u00e0 sono regolati da una serie di leggi e decreti. Gli stabilimenti aperti al pubblico (ERP) devono rispettare criteri specifici per garantire l'accessibilit\u00e0 dei loro locali.<strong>accesso completo<\/strong>\u00a0diversi tipi di disabilit\u00e0. Le regole comprendono:<\/p>\n<ol>\n<li>La larghezza minima dei passaggi e delle porte per consentire l'accesso alle sedie a rotelle.<\/li>\n<li>La presenza di rampe di accesso e\/o ascensori.<\/li>\n<li>Sistemi di segnalazione e allarme acustici e visivi.<\/li>\n<li>Servizi igienici adattati con maniglie e spazio di manovra sufficiente.<\/li>\n<li>Un numero minimo di camere accessibili in base alla capacit\u00e0 totale dell'hotel.<\/li>\n<\/ol>\n<p>Questi standard vengono regolarmente aggiornati per incorporare i progressi tecnologici e le migliori pratiche identificate.<\/p>\n<h2>Caratteristiche architettoniche essenziali<\/h2>\n<p>Uno degli aspetti pi\u00f9 visibili delle sistemazioni per le persone con disabilit\u00e0 \u00e8 rappresentato dalle modifiche strutturali apportate agli edifici. Ecco alcuni punti chiave da considerare:<\/p>\n<p><strong>Ingresso e reception<\/strong>\u00a0La prima impressione conta molto. Una rampa di accesso ben posizionata, combinata con una porta automatica sufficientemente ampia, assicura un'accoglienza dignitosa e rispettosa. Il banco della reception dovrebbe essere progettato con una sezione ribassata per interagire direttamente con gli ospiti in sedia a rotelle.<\/p>\n<p><strong>Bagni adattati<\/strong>\u00a0Queste aree devono essere dotate di docce walk-in, servizi igienici rialzati, sedili per doccia pieghevoli e corrimano fissati in modo sicuro. \u00c8 inoltre necessario uno spazio libero per girare, utile per manovrare una sedia a rotelle.<\/p>\n<h2>Tecnologia e innovazione<\/h2>\n<p>Le innovazioni tecnologiche svolgono un ruolo fondamentale nel migliorare la qualit\u00e0 della vita dei nostri clienti.<strong>accessibilit\u00e0<\/strong>\u00a0hotel. \u00c8 possibile integrare una serie di strumenti per facilitare l'esperienza degli ospiti con disabilit\u00e0:<\/p>\n<p><strong>Lettori di schermo e tastiere adattate<\/strong>\u00a0Per i clienti ipovedenti, offrire computer dotati di software per la lettura dello schermo e il riconoscimento vocale.\u00a0<strong>Tastiere Braille<\/strong>\u00a0possono fare una grande differenza. Queste tecnologie consentono una navigazione facile e indipendente per accedere a Internet o utilizzare vari servizi alberghieri.<\/p>\n<p><strong>Applicazioni mobili<\/strong>\u00a0Lo sviluppo di applicazioni che offrono visite guidate o indicazioni vocali rende molto pi\u00f9 facile muoversi all'interno di grandi strutture come gli hotel. Alcune applicazioni offrono persino la funzionalit\u00e0 di attivare le apparecchiature della stanza, come le luci o l'aria condizionata, con un comando vocale.<\/p>\n<p><strong>Allarmi luminosi e a vibrazione<\/strong>\u00a0L'installazione di sistemi di allarme multisensoriali (suono, luce e vibrazione) garantisce che ogni cliente, indipendentemente dalla sua disabilit\u00e0, sia avvertito in caso di emergenza.<\/p>\n<h2>Formazione dei dipendenti<\/h2>\n<p>Avere le attrezzature giuste \u00e8 fondamentale, ma \u00e8 altrettanto importante sensibilizzare e formare il personale su come accogliere e assistere i clienti con disabilit\u00e0. Un team ben informato e preparato contribuisce in modo determinante al comfort e alla soddisfazione dei clienti.<\/p>\n<p><strong>Programmi di formazione<\/strong>\u00a0Regolari sessioni di formazione su come trattare le persone con disabilit\u00e0 aiutano a stabilire buone pratiche tra il personale. Questi dovrebbero includere dimostrazioni pratiche, spiegazioni sull'uso corretto delle attrezzature specialistiche e istruzioni su come offrire assistenza in anticipo senza interferire con l'indipendenza dei clienti.<\/p>\n<p><strong>Atteggiamento e comportamento<\/strong>\u00a0Empatia, rispetto e discrezione sono essenziali. Una buona accoglienza inizia ascoltando attivamente le esigenze specifiche dei clienti e fornendo un'assistenza adeguata e sensibile.<\/p>\n<h2>Ch\u00e2teau de Berne: un hotel a 5 stelle accessibile alle persone a mobilit\u00e0 ridotta (PRM)<\/h2>\n<p>Lo Ch\u00e2teau de Berne, immerso nel cuore della Provenza, non \u00e8 solo una destinazione di lusso a 5 stelle, ma \u00e8 anche accessibile alle persone a mobilit\u00e0 ridotta (PRM). Questa prestigiosa struttura combina eleganza, comfort e accessibilit\u00e0 per offrire un'esperienza indimenticabile a tutti i suoi visitatori.<\/p>\n<ol>\n<li>\n<p><strong>Facile accesso:<\/strong>\u00a0Sono disponibili rampe di accesso e ascensori per garantire una facile circolazione in tutto l'hotel, dalle camere alle aree comuni.<\/p>\n<\/li>\n<li>\n<p><strong><a href=\"https:\/\/www.chateauberne.com\/it\/hotel-et-villa\/chambres-suites\/\">Camere a 5 stelle<\/a>\u00a0Adattato :<\/strong>\u00a0Camere appositamente progettate per soddisfare le esigenze delle persone a mobilit\u00e0 ridotta, con bagni dotati di maniglioni e docce walk-in.<\/p>\n<\/li>\n<li>\n<p><strong>Spazi comuni accessibili :<\/strong>\u00a0Tutte le aree dell'hotel, compresi i ristoranti, le sale e la spa, sono state progettate per essere facilmente accessibili a tutti.<\/p>\n<\/li>\n<li>\n<p><strong>Servizio di qualit\u00e0 :<\/strong>\u00a0Il personale \u00e8 addestrato per offrire un'assistenza personalizzata, assicurando che ogni soggiorno sia il pi\u00f9 piacevole possibile.<\/p>\n<\/li>\n<\/ol>\n<p>Lo Ch\u00e2teau de Berne si impegna a offrire un'esperienza eccezionale a tutti i suoi ospiti e si fa un punto d'onore di garantire l'accessibilit\u00e0 totale e il comfort ottimale alle persone con mobilit\u00e0 ridotta. Venire allo Ch\u00e2teau de Berne significa scegliere un soggiorno di lusso dove ogni dettaglio \u00e8 stato pensato per voi.<\/p>\n<h2>Prospettive economiche e sociali<\/h2>\n<p>Investire in infrastrutture accessibili non ha solo benefici sociali, ma anche importanti ricadute economiche. Rendendo accessibili i locali, si amplia la capacit\u00e0 di attrarre una clientela diversificata, compresi gli anziani e le persone con disabilit\u00e0.\u00a0<strong>limitazioni temporanee<\/strong>\u00a0dopo un infortunio.<\/p>\n<p><strong>Aumento della base clienti<\/strong>\u00a0I clienti disabili rappresentano una quota crescente del turismo internazionale. Rispondere positivamente a queste aspettative attira un nuovo segmento di mercato, aumentando in ultima analisi il tasso di occupazione delle strutture ricettive.<\/p>\n<p><strong>Immagine positiva del marchio<\/strong>\u00a0Le aziende impegnate nella lotta alla discriminazione beneficiano di un'immagine del marchio pi\u00f9 forte e positiva. Questa percezione aumenta la fedelt\u00e0 dei clienti e rafforza i valori sociali trasmessi.<\/p>\n<p><strong>Partenariati locali<\/strong>\u00a0La collaborazione con le associazioni locali a sostegno delle persone disabili arricchisce la strategia inclusiva degli hotel, creando una sinergia utile per l'implementazione e la sperimentazione di soluzioni innovative.<\/p>\t\t\t\t\t\t\t\t<\/div>\n\t\t\t\t<\/div>\n\t\t\t\t<div class=\"elementor-element elementor-element-5699915 elementor-widget elementor-widget-spacer\" data-id=\"5699915\" data-element_type=\"widget\" data-e-type=\"widget\" data-widget_type=\"spacer.default\">\n\t\t\t\t<div class=\"elementor-widget-container\">\n\t\t\t\t\t\t\t<div class=\"elementor-spacer\">\n\t\t\t<div class=\"elementor-spacer-inner\"><\/div>\n\t\t<\/div>\n\t\t\t\t\t\t<\/div>\n\t\t\t\t<\/div>\n\t\t\t\t\t<\/div>\n\t\t<\/div>\n\t\t\t\t\t<\/div>\n\t\t<\/section>\n\t\t\t\t<\/div>","protected":false},"excerpt":{"rendered":"<p>Am\u00e9nagements accessibles aux personnes handicap\u00e9es dans l&rsquo;h\u00f4tellerie : tout ce qu&rsquo;il faut savoir. L&rsquo;am\u00e9nagement des lieux d&rsquo;h\u00e9bergement pour les personnes en situation de\u00a0handicap\u00a0est une \u00e9tape fondamentale pour promouvoir une\u00a0lutte effective contre les discriminations. Dans le secteur de l&rsquo;h\u00f4tellerie, offrir des installations et services adapt\u00e9s ne se limite pas seulement \u00e0 respecter la loi. Cela repr\u00e9sente [&hellip;]<\/p>\n","protected":false},"author":17,"featured_media":0,"parent":21098,"menu_order":6,"comment_status":"closed","ping_status":"closed","template":"","meta":{"inline_featured_image":false,"footnotes":""},"class_list":["post-21132","page","type-page","status-publish","hentry"],"_links":{"self":[{"href":"https:\/\/www.chateauberne.com\/it\/wp-json\/wp\/v2\/pages\/21132","targetHints":{"allow":["GET"]}}],"collection":[{"href":"https:\/\/www.chateauberne.com\/it\/wp-json\/wp\/v2\/pages"}],"about":[{"href":"https:\/\/www.chateauberne.com\/it\/wp-json\/wp\/v2\/types\/page"}],"author":[{"embeddable":true,"href":"https:\/\/www.chateauberne.com\/it\/wp-json\/wp\/v2\/users\/17"}],"replies":[{"embeddable":true,"href":"https:\/\/www.chateauberne.com\/it\/wp-json\/wp\/v2\/comments?post=21132"}],"version-history":[{"count":14,"href":"https:\/\/www.chateauberne.com\/it\/wp-json\/wp\/v2\/pages\/21132\/revisions"}],"predecessor-version":[{"id":21441,"href":"https:\/\/www.chateauberne.com\/it\/wp-json\/wp\/v2\/pages\/21132\/revisions\/21441"}],"up":[{"embeddable":true,"href":"https:\/\/www.chateauberne.com\/it\/wp-json\/wp\/v2\/pages\/21098"}],"wp:attachment":[{"href":"https:\/\/www.chateauberne.com\/it\/wp-json\/wp\/v2\/media?parent=21132"}],"curies":[{"name":"wp","href":"https:\/\/api.w.org\/{rel}","templated":true}]}}