{"id":21142,"date":"2024-05-31T18:24:38","date_gmt":"2024-05-31T16:24:38","guid":{"rendered":"https:\/\/www.chateauberne.com\/?page_id=21142"},"modified":"2024-05-31T18:42:51","modified_gmt":"2024-05-31T16:42:51","slug":"centre-affaires-hotellerie","status":"publish","type":"page","link":"https:\/\/www.chateauberne.com\/it\/definition\/centre-affaires-hotellerie\/","title":{"rendered":"Comprendere i business center come parte del settore alberghiero"},"content":{"rendered":"<div data-elementor-type=\"wp-page\" data-elementor-id=\"21142\" class=\"elementor elementor-21142\" data-elementor-post-type=\"page\">\n\t\t\t\t\t\t<section class=\"elementor-section elementor-top-section elementor-element elementor-element-1e59978 elementor-section-boxed elementor-section-height-default elementor-section-height-default\" data-id=\"1e59978\" data-element_type=\"section\" data-e-type=\"section\">\n\t\t\t\t\t\t<div class=\"elementor-container elementor-column-gap-default\">\n\t\t\t\t\t<div class=\"elementor-column elementor-col-100 elementor-top-column elementor-element elementor-element-39253fb\" data-id=\"39253fb\" data-element_type=\"column\" data-e-type=\"column\">\n\t\t\t<div class=\"elementor-widget-wrap elementor-element-populated\">\n\t\t\t\t\t\t<div class=\"elementor-element elementor-element-db8bb9f elementor--h-position-center elementor--v-position-middle elementor-widget elementor-widget-slides\" data-id=\"db8bb9f\" data-element_type=\"widget\" data-e-type=\"widget\" data-settings=\"{&quot;navigation&quot;:&quot;none&quot;,&quot;transition&quot;:&quot;fade&quot;,&quot;transition_speed&quot;:500}\" data-widget_type=\"slides.default\">\n\t\t\t\t<div class=\"elementor-widget-container\">\n\t\t\t\t\t\t\t\t\t<div class=\"elementor-swiper\">\n\t\t\t\t\t<div class=\"elementor-slides-wrapper elementor-main-swiper swiper\" role=\"region\" aria-roledescription=\"carousel\" aria-label=\"Cursore\" dir=\"ltr\" data-animation=\"fadeInUp\">\n\t\t\t\t<div class=\"swiper-wrapper elementor-slides\">\n\t\t\t\t\t\t\t\t\t\t<div class=\"elementor-repeater-item-de8fba4 swiper-slide\" role=\"group\" aria-roledescription=\"slide\"><div class=\"swiper-slide-bg\" role=\"img\" aria-label=\"organizzare un seminario\"><\/div><div class=\"swiper-slide-inner\" ><div class=\"swiper-slide-contents\"><\/div><\/div><\/div>\t\t\t\t<\/div>\n\t\t\t\t\t\t\t<\/div>\n\t\t\t\t<\/div>\n\t\t\t\t\t\t\t\t<\/div>\n\t\t\t\t<\/div>\n\t\t\t\t\t<\/div>\n\t\t<\/div>\n\t\t\t\t\t<\/div>\n\t\t<\/section>\n\t\t\t\t<section class=\"elementor-section elementor-top-section elementor-element elementor-element-b772b83 elementor-section-boxed elementor-section-height-default elementor-section-height-default\" data-id=\"b772b83\" data-element_type=\"section\" data-e-type=\"section\">\n\t\t\t\t\t\t<div class=\"elementor-container elementor-column-gap-default\">\n\t\t\t\t\t<div class=\"elementor-column elementor-col-100 elementor-top-column elementor-element elementor-element-433f571\" data-id=\"433f571\" data-element_type=\"column\" data-e-type=\"column\">\n\t\t\t<div class=\"elementor-widget-wrap\">\n\t\t\t\t\t\t\t<\/div>\n\t\t<\/div>\n\t\t\t\t\t<\/div>\n\t\t<\/section>\n\t\t\t\t<section class=\"elementor-section elementor-top-section elementor-element elementor-element-b85609e elementor-section-boxed elementor-section-height-default elementor-section-height-default\" data-id=\"b85609e\" data-element_type=\"section\" data-e-type=\"section\">\n\t\t\t\t\t\t<div class=\"elementor-container elementor-column-gap-default\">\n\t\t\t\t\t<div class=\"elementor-column elementor-col-100 elementor-top-column elementor-element elementor-element-e14f8d9\" data-id=\"e14f8d9\" data-element_type=\"column\" data-e-type=\"column\">\n\t\t\t<div class=\"elementor-widget-wrap elementor-element-populated\">\n\t\t\t\t\t\t<div class=\"elementor-element elementor-element-001c6cb elementor-widget elementor-widget-heading\" data-id=\"001c6cb\" data-element_type=\"widget\" data-e-type=\"widget\" data-widget_type=\"heading.default\">\n\t\t\t\t<div class=\"elementor-widget-container\">\n\t\t\t\t\t<h1 class=\"elementor-heading-title elementor-size-default\">Capire i business center nel settore alberghiero: tutto quello che c'\u00e8 da sapere<\/h1>\t\t\t\t<\/div>\n\t\t\t\t<\/div>\n\t\t\t\t<div class=\"elementor-element elementor-element-a303c28 elementor-widget-divider--view-line elementor-widget elementor-widget-divider\" data-id=\"a303c28\" data-element_type=\"widget\" data-e-type=\"widget\" data-widget_type=\"divider.default\">\n\t\t\t\t<div class=\"elementor-widget-container\">\n\t\t\t\t\t\t\t<div class=\"elementor-divider\">\n\t\t\t<span class=\"elementor-divider-separator\">\n\t\t\t\t\t\t<\/span>\n\t\t<\/div>\n\t\t\t\t\t\t<\/div>\n\t\t\t\t<\/div>\n\t\t\t\t<div class=\"elementor-element elementor-element-cb7141e elementor-widget__width-initial elementor-widget elementor-widget-text-editor\" data-id=\"cb7141e\" data-element_type=\"widget\" data-e-type=\"widget\" data-widget_type=\"text-editor.default\">\n\t\t\t\t<div class=\"elementor-widget-container\">\n\t\t\t\t\t\t\t\t\t<p>La rapida evoluzione del mondo professionale ha trasformato il modo di operare delle aziende. Uno degli aspetti pi\u00f9 significativi di questa trasformazione \u00e8 l'ascesa della <strong>centri d'affari<\/strong>. Questi spazi non si limitano pi\u00f9 a semplici uffici, ma si estendono all'ambiente alberghiero, offrendo una combinazione unica di servizi e infrastrutture dedicate al lavoro. In questo articolo esploreremo che cos'\u00e8 un business center nel contesto alberghiero e perch\u00e9 potrebbe essere l'opzione ideale per la vostra azienda.<\/p><h2>Definizione di business center alberghiero<\/h2><p>A <strong>centro affari<\/strong> nel settore alberghiero si riferisce a uno spazio appositamente progettato per soddisfare le esigenze professionali degli ospiti dell'hotel. A differenza dei tradizionali <strong>edifici per uffici<\/strong>Queste strutture offrono non solo spazi di lavoro completamente attrezzati, ma anche una serie di servizi che rendono la vita quotidiana molto pi\u00f9 semplice per i professionisti in movimento.<\/p><p>Questi centri sono spesso situati in <em>aree ricercate<\/em> o vicino ai principali centri d'affari, il che rende la loro posizione interessante per gli ospiti d'affari. Combinano l'aspetto residenziale dell'hotel con quello<strong>ambiente di lavoro<\/strong>Ci\u00f2 consente una transizione agevole tra la vita professionale e quella personale.<\/p><h2>I componenti chiave di un business center<\/h2><p>Per funzionare correttamente, un business center deve offrire una serie di elementi essenziali:<\/p><ul><li><strong>Spazi di lavoro flessibili :<\/strong> La possibilit\u00e0 di scegliere tra diversi tipi di spazio, come ad esempio <strong><a href=\"https:\/\/www.regus.com\/fr-fr\/coworking\" target=\"_blank\" rel=\"noopener\">spazi di coworking<\/a><\/strong>\u00c8 essenziale avere accesso a un'ampia gamma di strutture, dagli uffici privati alle sale riunioni completamente attrezzate. Ci\u00f2 consente alle aziende di adattarsi facilmente alle mutevoli esigenze.<\/li><li><strong>Infrastrutture moderne :<\/strong> I professionisti si aspettano un accesso continuo a una connessione Internet ad alta velocit\u00e0, attrezzature audiovisive di alta qualit\u00e0 e strumenti di comunicazione avanzati.<\/li><li><strong>Nuovi servizi :<\/strong> Un buon business center offre anche servizi aggiuntivi come il supporto amministrativo, la gestione della posta e l'accesso a stampanti\/scanner di alta qualit\u00e0.<\/li><li><strong><a href=\"https:\/\/www.chateauberne.com\/it\/receptions-seminaires\/seminaires-incentive\/\" target=\"_blank\" rel=\"noopener\">Un ambiente di lavoro progettato con cura\u00a0<\/a>:<\/strong> Spazi ben illuminati, ergonomici ed esteticamente gradevoli contribuiscono a creare un ambiente favorevole al lavoro produttivo.<\/li><\/ul><h2>Vantaggi dell'utilizzo di un business center integrato in un hotel<\/h2><p>\"Perch\u00e9 scegliere un <strong>centro affari<\/strong> Quali sono i vantaggi di avere un hotel piuttosto che un semplice ufficio? Ecco alcuni vantaggi da considerare:<\/p><p><strong>Flessibilit\u00e0 del noleggio :<\/strong> A differenza dei contratti immobiliari tradizionali, gli hotel offrono spesso affitti a breve termine, ideali per chi \u00e8 sempre in movimento o ha bisogno di locali commerciali solo per un periodo specifico.<\/p><p><strong>Accesso 24\/7:<\/strong> Per i professionisti che lavorano in fusi orari diversi, l'accesso continuo al proprio spazio di lavoro \u00e8 essenziale.<\/p><p><strong>Strutture alberghiere :<\/strong> Soggiornare in un hotel significa avere accesso a una serie di servizi di comfort come il servizio in camera, i ristoranti, la palestra e talvolta anche... <a href=\"https:\/\/www.chateauberne.com\/it\/spa\/\" target=\"_blank\" rel=\"noopener\">una spa<\/a>. Questo favorisce un sano equilibrio tra lavoro e relax.<\/p><p><strong>Opportunit\u00e0 di networking :<\/strong> Un business center integrato in un hotel attira professionisti di diversi settori e Paesi, creando un ambiente fertile per stabilire relazioni professionali e opportunit\u00e0 di collaborazione.<\/p><h2>Scegliete Ch\u00e2teau de Berne per i vostri seminari!<\/h2><p>Lo Ch\u00e2teau de Berne, un hotel a 5 stelle situato nel cuore della Provenza, \u00e8 la destinazione ideale per i vostri seminari ed eventi aziendali. Combinando lusso, comfort e un ambiente incantevole, questa prestigiosa struttura offre sale riunioni dotate di tecnologie all'avanguardia, spazi flessibili, una raffinata cucina gourmet e una variet\u00e0 di attivit\u00e0 di team building. I vostri collaboratori potranno godere di sistemazioni eleganti e servizi di benessere come la spa e la piscina. Il servizio di concierge si occupa dei trasferimenti e delle esigenze logistiche, garantendo un soggiorno senza stress. Scegliere Ch\u00e2teau de Berne significa optare per un'esperienza professionale di alto livello in un ambiente eccezionale, dove ogni dettaglio \u00e8 stato pensato per offrirvi il meglio.<\/p><h2>Chi pu\u00f2 beneficiare dei business center?<\/h2><p>Il <strong>centri d'affari<\/strong> negli hotel non sono solo per le grandi aziende. Al contrario, una variet\u00e0 di profili professionali pu\u00f2 usufruire di queste strutture:<\/p><p>Le start-up e le piccole imprese beneficiano della flessibilit\u00e0 finanziaria, in quanto possono evitare i costi elevati associati all'acquisto o al leasing di un edificio a lungo termine. <strong>edificio per uffici<\/strong>.<\/p><p>Il <strong>lavoratori autonomi<\/strong> e i freelance lo trovano un luogo ideale per lavorare senza interruzioni, lontano dalle distrazioni di casa.<\/p><p>Le grandi aziende che viaggiano spesso beneficiano di una solida infrastruttura senza dover affittare uffici separati.<\/p><h2>Consigli per la scelta del miglior business center d'albergo<\/h2><p>Prima di scegliere un business center specifico, ecco alcuni punti da controllare:<\/p><p><strong>Posizione strategica:<\/strong> Assicuratevi che la sede sia accessibile e vicina alle principali attrazioni economiche della citt\u00e0.<\/p><p><strong>Attrezzatura disponibile:<\/strong> Verificare la presenza e la qualit\u00e0 delle attrezzature tecniche (Internet, telefono, audiovisivi) per garantire il buon funzionamento.<\/p><p><strong>Valutazioni e testimonianze :<\/strong> Cercate le recensioni online o chiedete il feedback di altri professionisti che hanno utilizzato il business center in questione.<\/p><p><strong>Opzioni di personalizzazione :<\/strong> Alcuni requisiti possono variare da un'azienda all'altra. Scegliete quindi una sede che offra opzioni adattabili alle vostre esigenze specifiche.<\/p><h2>Confronto tra un business center tradizionale e un business center alberghiero<\/h2><p>Vediamo come un <strong>centro affari dell'hotel<\/strong> \u00e8 diverso dalla sua controparte tradizionale:<\/p><ul><li><strong>Costo :<\/strong> I business center negli hotel possono ridurre notevolmente i costi di gestione grazie alle offerte a pacchetto che comprendono alloggio e spazio di lavoro.<\/li><li><strong>Flessibilit\u00e0 :<\/strong> A differenza dei contratti di locazione rigidi e a lungo termine, questi centri offrono soluzioni flessibili e adatte alle mutevoli esigenze delle aziende moderne.<\/li><li><strong>Riduzione dello stress logistico :<\/strong> Meno burocrazia e gestione della propriet\u00e0, per avere pi\u00f9 tempo per concentrarsi sul proprio core business.<\/li><li><strong>Qualit\u00e0 della vita :<\/strong> L'accesso a una serie di servizi alberghieri favorisce una migliore qualit\u00e0 della vita dei dipendenti, aumentando il loro benessere generale e la loro efficienza.<\/li><\/ul><h2>Le tendenze future dei business center alberghieri<\/h2><p>Il campo di <strong>centri d'affari<\/strong> \u00e8 in costante crescita ed evoluzione, soprattutto per quelli integrati negli hotel. Ecco alcune delle innovazioni che possiamo aspettarci:<\/p><p><strong>Automazione e tecnologie intelligenti :<\/strong> L'uso crescente della domotica e degli assistenti vocali per gestire le attivit\u00e0 amministrative potrebbe diventare la norma.<\/p><p><strong>Spazi verdi e sostenibilit\u00e0 :<\/strong> Con l'aumentare dell'importanza delle preoccupazioni ambientali, si prevede un aumento degli spazi di lavoro che incorporano caratteristiche verdi ed ecologiche.<\/p><p><strong>Puntualit\u00e0 e servizio personalizzato:<\/strong> Grazie all'analisi dei dati e alle piattaforme automatizzate, i servizi possono essere sempre pi\u00f9 adattati alle esigenze individuali di ciascun utente.<\/p><p><strong>Cooperazione interalberghiera :<\/strong> Una rete globale di business center affiliati, che consente agli utenti di accedere agli stessi servizi in diverse strutture partner in tutto il mondo.<\/p><p>In conclusione, il modello di business center alberghiero offre una soluzione elegante ed efficace alle esigenze aziendali contemporanee, combinando flessibilit\u00e0, modernit\u00e0 e servizi completi. Perfetta per un'ampia gamma di professionisti, questa opzione ottimizza non solo lo spazio di lavoro ma anche l'ambiente personale, contribuendo a creare un ecosistema professionale armonioso e produttivo.<\/p>\t\t\t\t\t\t\t\t<\/div>\n\t\t\t\t<\/div>\n\t\t\t\t<div class=\"elementor-element elementor-element-d14d217 elementor-widget elementor-widget-spacer\" data-id=\"d14d217\" data-element_type=\"widget\" data-e-type=\"widget\" data-widget_type=\"spacer.default\">\n\t\t\t\t<div class=\"elementor-widget-container\">\n\t\t\t\t\t\t\t<div class=\"elementor-spacer\">\n\t\t\t<div class=\"elementor-spacer-inner\"><\/div>\n\t\t<\/div>\n\t\t\t\t\t\t<\/div>\n\t\t\t\t<\/div>\n\t\t\t\t\t<\/div>\n\t\t<\/div>\n\t\t\t\t\t<\/div>\n\t\t<\/section>\n\t\t\t\t<section class=\"elementor-section elementor-top-section elementor-element elementor-element-e9ba56b elementor-section-boxed elementor-section-height-default elementor-section-height-default\" data-id=\"e9ba56b\" data-element_type=\"section\" data-e-type=\"section\">\n\t\t\t\t\t\t<div class=\"elementor-container elementor-column-gap-default\">\n\t\t\t\t\t<div class=\"elementor-column elementor-col-100 elementor-top-column elementor-element elementor-element-bf8ea12\" data-id=\"bf8ea12\" data-element_type=\"column\" data-e-type=\"column\">\n\t\t\t<div class=\"elementor-widget-wrap\">\n\t\t\t\t\t\t\t<\/div>\n\t\t<\/div>\n\t\t\t\t\t<\/div>\n\t\t<\/section>\n\t\t\t\t<\/div>","protected":false},"excerpt":{"rendered":"<p>Comprendre les centres d&rsquo;affaires dans le cadre de l&rsquo;h\u00f4tellerie : tout ce qu&rsquo;il faut savoir L&rsquo;\u00e9volution rapide du monde professionnel a transform\u00e9 la mani\u00e8re dont les entreprises op\u00e8rent. Un des aspects significatifs de cette transformation est la mont\u00e9e en puissance des centres d&rsquo;affaires. Ces espaces ne se limitent plus aux simples bureaux, mais s&rsquo;\u00e9tendent d\u00e9sormais [&hellip;]<\/p>\n","protected":false},"author":17,"featured_media":0,"parent":21098,"menu_order":9,"comment_status":"closed","ping_status":"closed","template":"","meta":{"inline_featured_image":false,"footnotes":""},"class_list":["post-21142","page","type-page","status-publish","hentry"],"_links":{"self":[{"href":"https:\/\/www.chateauberne.com\/it\/wp-json\/wp\/v2\/pages\/21142","targetHints":{"allow":["GET"]}}],"collection":[{"href":"https:\/\/www.chateauberne.com\/it\/wp-json\/wp\/v2\/pages"}],"about":[{"href":"https:\/\/www.chateauberne.com\/it\/wp-json\/wp\/v2\/types\/page"}],"author":[{"embeddable":true,"href":"https:\/\/www.chateauberne.com\/it\/wp-json\/wp\/v2\/users\/17"}],"replies":[{"embeddable":true,"href":"https:\/\/www.chateauberne.com\/it\/wp-json\/wp\/v2\/comments?post=21142"}],"version-history":[{"count":15,"href":"https:\/\/www.chateauberne.com\/it\/wp-json\/wp\/v2\/pages\/21142\/revisions"}],"predecessor-version":[{"id":21228,"href":"https:\/\/www.chateauberne.com\/it\/wp-json\/wp\/v2\/pages\/21142\/revisions\/21228"}],"up":[{"embeddable":true,"href":"https:\/\/www.chateauberne.com\/it\/wp-json\/wp\/v2\/pages\/21098"}],"wp:attachment":[{"href":"https:\/\/www.chateauberne.com\/it\/wp-json\/wp\/v2\/media?parent=21142"}],"curies":[{"name":"wp","href":"https:\/\/api.w.org\/{rel}","templated":true}]}}