{"id":21230,"date":"2024-05-31T19:17:36","date_gmt":"2024-05-31T17:17:36","guid":{"rendered":"https:\/\/www.chateauberne.com\/?page_id=21230"},"modified":"2024-05-31T21:09:13","modified_gmt":"2024-05-31T19:09:13","slug":"chambre-double","status":"publish","type":"page","link":"https:\/\/www.chateauberne.com\/it\/definition\/chambre-double\/","title":{"rendered":"Camera doppia - definizione"},"content":{"rendered":"<div data-elementor-type=\"wp-page\" data-elementor-id=\"21230\" class=\"elementor elementor-21230\" data-elementor-post-type=\"page\">\n\t\t\t\t\t\t<section class=\"elementor-section elementor-top-section elementor-element elementor-element-fb31265 elementor-section-full_width elementor-section-height-default elementor-section-height-default\" data-id=\"fb31265\" data-element_type=\"section\" data-e-type=\"section\">\n\t\t\t\t\t\t<div class=\"elementor-container elementor-column-gap-default\">\n\t\t\t\t\t<div class=\"elementor-column elementor-col-100 elementor-top-column elementor-element elementor-element-94a5956\" data-id=\"94a5956\" data-element_type=\"column\" data-e-type=\"column\">\n\t\t\t<div class=\"elementor-widget-wrap elementor-element-populated\">\n\t\t\t\t\t\t<div class=\"elementor-element elementor-element-5df37e6 elementor--h-position-center elementor--v-position-middle elementor-widget elementor-widget-slides\" data-id=\"5df37e6\" data-element_type=\"widget\" data-e-type=\"widget\" data-settings=\"{&quot;navigation&quot;:&quot;none&quot;,&quot;transition&quot;:&quot;fade&quot;,&quot;transition_speed&quot;:500}\" data-widget_type=\"slides.default\">\n\t\t\t\t<div class=\"elementor-widget-container\">\n\t\t\t\t\t\t\t\t\t<div class=\"elementor-swiper\">\n\t\t\t\t\t<div class=\"elementor-slides-wrapper elementor-main-swiper swiper\" role=\"region\" aria-roledescription=\"carousel\" aria-label=\"Diapositive\" dir=\"ltr\" data-animation=\"fadeInUp\">\n\t\t\t\t<div class=\"swiper-wrapper elementor-slides\">\n\t\t\t\t\t\t\t\t\t\t<div class=\"elementor-repeater-item-de8fba4 swiper-slide\" role=\"group\" aria-roledescription=\"slide\"><div class=\"swiper-slide-bg\" role=\"img\" aria-label=\"hotel spa 5 mondes en provence\"><\/div><div class=\"swiper-slide-inner\" ><div class=\"swiper-slide-contents\"><\/div><\/div><\/div>\t\t\t\t<\/div>\n\t\t\t\t\t\t\t<\/div>\n\t\t\t\t<\/div>\n\t\t\t\t\t\t\t\t<\/div>\n\t\t\t\t<\/div>\n\t\t\t\t\t<\/div>\n\t\t<\/div>\n\t\t\t\t\t<\/div>\n\t\t<\/section>\n\t\t\t\t<section class=\"elementor-section elementor-top-section elementor-element elementor-element-5b93b45 elementor-section-boxed elementor-section-height-default elementor-section-height-default\" data-id=\"5b93b45\" data-element_type=\"section\" data-e-type=\"section\">\n\t\t\t\t\t\t<div class=\"elementor-container elementor-column-gap-default\">\n\t\t\t\t\t<div class=\"elementor-column elementor-col-100 elementor-top-column elementor-element elementor-element-e2d5df2\" data-id=\"e2d5df2\" data-element_type=\"column\" data-e-type=\"column\">\n\t\t\t<div class=\"elementor-widget-wrap\">\n\t\t\t\t\t\t\t<\/div>\n\t\t<\/div>\n\t\t\t\t\t<\/div>\n\t\t<\/section>\n\t\t\t\t<section class=\"elementor-section elementor-top-section elementor-element elementor-element-323e07c elementor-section-boxed elementor-section-height-default elementor-section-height-default\" data-id=\"323e07c\" data-element_type=\"section\" data-e-type=\"section\">\n\t\t\t\t\t\t<div class=\"elementor-container elementor-column-gap-default\">\n\t\t\t\t\t<div class=\"elementor-column elementor-col-100 elementor-top-column elementor-element elementor-element-bd00ed7\" data-id=\"bd00ed7\" data-element_type=\"column\" data-e-type=\"column\">\n\t\t\t<div class=\"elementor-widget-wrap elementor-element-populated\">\n\t\t\t\t\t\t<div class=\"elementor-element elementor-element-3cd3a96 elementor-widget elementor-widget-heading\" data-id=\"3cd3a96\" data-element_type=\"widget\" data-e-type=\"widget\" data-widget_type=\"heading.default\">\n\t\t\t\t<div class=\"elementor-widget-container\">\n\t\t\t\t\t<h1 class=\"elementor-heading-title elementor-size-default\">I segreti della camera doppia: tutto quello che c'\u00e8 da sapere su questo tipo di alloggio<\/h1>\t\t\t\t<\/div>\n\t\t\t\t<\/div>\n\t\t\t\t<div class=\"elementor-element elementor-element-e169f6c elementor-widget-divider--view-line elementor-widget elementor-widget-divider\" data-id=\"e169f6c\" data-element_type=\"widget\" data-e-type=\"widget\" data-widget_type=\"divider.default\">\n\t\t\t\t<div class=\"elementor-widget-container\">\n\t\t\t\t\t\t\t<div class=\"elementor-divider\">\n\t\t\t<span class=\"elementor-divider-separator\">\n\t\t\t\t\t\t<\/span>\n\t\t<\/div>\n\t\t\t\t\t\t<\/div>\n\t\t\t\t<\/div>\n\t\t\t\t<div class=\"elementor-element elementor-element-42ac693 elementor-widget__width-initial elementor-widget elementor-widget-text-editor\" data-id=\"42ac693\" data-element_type=\"widget\" data-e-type=\"widget\" data-widget_type=\"text-editor.default\">\n\t\t\t\t<div class=\"elementor-widget-container\">\n\t\t\t\t\t\t\t\t\t<p>Nel mondo alberghiero, comprendere le diverse tipologie di camere offerte da una struttura \u00e8 essenziale per garantire un'esperienza piacevole agli ospiti. Queste opzioni includono, <a href=\"https:\/\/www.chateauberne.com\/it\/hotel-et-villa\/chambres-suites\/chambre-classique\/\" target=\"_blank\" rel=\"noopener\">la camera doppia<\/a> \u00e8 uno dei pi\u00f9 popolari. Forse vi state chiedendo perch\u00e9? Questo articolo approfondir\u00e0 che cos'\u00e8 realmente una camera doppia e fornir\u00e0 tutte le informazioni necessarie al riguardo.<\/p><h2>Definizione di camera doppia nel settore alberghiero<\/h2><p>A <strong>camera doppia<\/strong>\u00e8 generalmente progettato per ospitare due persone. Contiene un <strong>letto matrimoniale<\/strong>due <strong>letti singoli<\/strong> o due <strong>letti gemelli<\/strong>. Il suo obiettivo principale \u00e8 quello di offrire una sistemazione confortevole e funzionale per coppie, amici o colleghi che viaggiano insieme.<\/p><h2>I diversi tipi di camera doppia<\/h2><p>Esistono diverse sottocategorie di <strong>camere doppie<\/strong> che variano a seconda delle esigenze degli ospiti e delle risorse disponibili nell'hotel. Ecco le principali tipologie:<\/p><ul><li><strong>Camera da letto con letto matrimoniale<\/strong> Questa configurazione comprende un *letto matrimoniale*, perfetto per le coppie.<\/li><li><strong>Camera con due letti singoli<\/strong> : Offerta due <strong>letti singoli<\/strong> ideale per amici o colleghi.<\/li><li><strong><a href=\"https:\/\/www.chateauberne.com\/it\/hotel-et-villa\/chambres-suites\/chambre-deluxe-chateau\/\" target=\"_blank\" rel=\"noopener\">Camera Premium<\/a><\/strong> Una variante lussuosa, spesso con caratteristiche extra come lenzuola di alta qualit\u00e0, accappatoi e articoli da bagno di alta gamma.<\/li><\/ul><h2>Caratteristiche e dotazioni della camera doppia<\/h2><p>Le camere doppie sono dotate di un'ampia gamma di caratteristiche progettate per migliorare il comfort degli occupanti:<\/p><ul><li><strong>Area<\/strong> : In generale, una camera doppia standard dispone di un letto singolo. <strong>area<\/strong> media di 20-30 metri quadrati.<\/li><li><strong>Mobili<\/strong> Uno o due comodini, un armadio o una credenza, una scrivania, una poltrona o un divano.<\/li><li><strong>Bagno<\/strong> Comprende doccia o vasca, lavabo, WC e articoli da toilette essenziali.<\/li><li><strong>Tecnologia<\/strong> TV a schermo piatto, connessione Wi-Fi gratuita, telefono.<\/li><li><strong>Attrezzatura aggiuntiva<\/strong> Minibar, cassaforte, macchina per caff\u00e8\/t\u00e8, aria condizionata\/riscaldamento individuale.<\/li><\/ul><h2>Vantaggi della scelta di una camera doppia<\/h2><p>Optare per una camera doppia presenta numerosi vantaggi:<\/p><p><strong>Comfort<\/strong> Con ampi spazi e una variet\u00e0 di servizi, assicurano un soggiorno piacevole e rilassante.<\/p><p><strong>Flessibilit\u00e0<\/strong> La possibilit\u00e0 di scegliere tra un letto matrimoniale e due letti singoli \u00e8 un grande vantaggio per adattarsi a diversi tipi di viaggiatori.<\/p><p><strong>Costo<\/strong> Condividendo la camera, i costi di alloggio possono essere suddivisi, rendendo il soggiorno pi\u00f9 economico per le coppie o i gruppi di amici.<\/p><h2>Confronto con altri tipi di camere d'albergo<\/h2><p>Quando si confronta la camera doppia con altre tipologie di camere d'albergo, \u00e8 essenziale considerare diversi aspetti:<\/p><ul><li><strong>Camera singola<\/strong> Camera singola: per una sola persona, di solito con un letto singolo. Meno spaziosa e attrezzata della camera doppia.<\/li><li><strong>Suite<\/strong> Pi\u00f9 grande e pi\u00f9 lussuosa della camera doppia, spesso con diversi ambienti separati, come un salotto e talvolta anche una cucina.<\/li><li><strong><a href=\"https:\/\/www.chateausaintroux.com\/hebergement\/famille-2-4-pers\/\" target=\"_blank\" rel=\"noopener\">Camera di famiglia<\/a><\/strong> Progettati per ospitare famiglie con bambini, con letti supplementari o divani letto.<\/li><\/ul><h2>Consigli pratici per la prenotazione di una camera doppia<\/h2><p>Ecco alcuni consigli per sfruttare al meglio la vostra prenotazione:<\/p><p><strong>Consultare le recensioni<\/strong> Controllate sempre le opinioni lasciate dagli altri ospiti sulla loro esperienza nell'hotel.<\/p><p><strong>Confronta i prezzi<\/strong> Utilizzate i comparatori online per trovare le migliori offerte disponibili.<\/p><p><strong>Favorire la flessibilit\u00e0<\/strong> Scegliete un'opzione di cancellazione gratuita se i vostri piani di viaggio non sono definitivi.<\/p><h2>Domande frequenti sulle camere doppie<\/h2><p><strong>Qual \u00e8 la differenza tra letti gemelli e letti matrimoniali?<\/strong> Il <strong>letti gemelli<\/strong> coinvolgono due <strong>letti singoli<\/strong>mentre un <strong>letto matrimoniale<\/strong> \u00e8 un letto singolo king-size progettato per due persone.<\/p><p><strong>I bambini possono soggiornare in una camera doppia?<\/strong> S\u00ec, ma dipende dalla politica dell'hotel e dalle dimensioni della camera. Alcuni <strong>camere doppie<\/strong> pu\u00f2 ospitare una culla o un letto supplementare.<\/p><p><strong>Quali sono i servizi standard di una camera doppia premium?<\/strong> Il <strong>camere premium<\/strong> offrono articoli da toilette di alta qualit\u00e0, biancheria da letto di lusso, accappatoi e talvolta un servizio di couverture notturno.<\/p>\t\t\t\t\t\t\t\t<\/div>\n\t\t\t\t<\/div>\n\t\t\t\t<div class=\"elementor-element elementor-element-b186ea2 elementor-widget elementor-widget-spacer\" data-id=\"b186ea2\" data-element_type=\"widget\" data-e-type=\"widget\" data-widget_type=\"spacer.default\">\n\t\t\t\t<div class=\"elementor-widget-container\">\n\t\t\t\t\t\t\t<div class=\"elementor-spacer\">\n\t\t\t<div class=\"elementor-spacer-inner\"><\/div>\n\t\t<\/div>\n\t\t\t\t\t\t<\/div>\n\t\t\t\t<\/div>\n\t\t\t\t\t<\/div>\n\t\t<\/div>\n\t\t\t\t\t<\/div>\n\t\t<\/section>\n\t\t\t\t<\/div>","protected":false},"excerpt":{"rendered":"<p>Les secrets de la chambre double : tout ce qu&rsquo;il faut savoir sur ce type d&rsquo;h\u00e9bergement Dans le monde de l&rsquo;h\u00f4tellerie, comprendre les diff\u00e9rents types de chambres offerts par un \u00e9tablissement est essentiel pour garantir une exp\u00e9rience agr\u00e9able aux clients. Parmi ces options, la chambre double se distingue comme l&rsquo;une des plus populaires. Peut-\u00eatre vous [&hellip;]<\/p>\n","protected":false},"author":17,"featured_media":0,"parent":21098,"menu_order":26,"comment_status":"closed","ping_status":"closed","template":"","meta":{"inline_featured_image":false,"footnotes":""},"class_list":["post-21230","page","type-page","status-publish","hentry"],"_links":{"self":[{"href":"https:\/\/www.chateauberne.com\/it\/wp-json\/wp\/v2\/pages\/21230","targetHints":{"allow":["GET"]}}],"collection":[{"href":"https:\/\/www.chateauberne.com\/it\/wp-json\/wp\/v2\/pages"}],"about":[{"href":"https:\/\/www.chateauberne.com\/it\/wp-json\/wp\/v2\/types\/page"}],"author":[{"embeddable":true,"href":"https:\/\/www.chateauberne.com\/it\/wp-json\/wp\/v2\/users\/17"}],"replies":[{"embeddable":true,"href":"https:\/\/www.chateauberne.com\/it\/wp-json\/wp\/v2\/comments?post=21230"}],"version-history":[{"count":25,"href":"https:\/\/www.chateauberne.com\/it\/wp-json\/wp\/v2\/pages\/21230\/revisions"}],"predecessor-version":[{"id":21311,"href":"https:\/\/www.chateauberne.com\/it\/wp-json\/wp\/v2\/pages\/21230\/revisions\/21311"}],"up":[{"embeddable":true,"href":"https:\/\/www.chateauberne.com\/it\/wp-json\/wp\/v2\/pages\/21098"}],"wp:attachment":[{"href":"https:\/\/www.chateauberne.com\/it\/wp-json\/wp\/v2\/media?parent=21230"}],"curies":[{"name":"wp","href":"https:\/\/api.w.org\/{rel}","templated":true}]}}