{"id":21313,"date":"2024-05-31T19:38:27","date_gmt":"2024-05-31T17:38:27","guid":{"rendered":"https:\/\/www.chateauberne.com\/?page_id=21313"},"modified":"2024-05-31T21:09:04","modified_gmt":"2024-05-31T19:09:04","slug":"conception-menu-enfant","status":"publish","type":"page","link":"https:\/\/www.chateauberne.com\/it\/definition\/conception-menu-enfant\/","title":{"rendered":"menu per bambini negli hotel"},"content":{"rendered":"<div data-elementor-type=\"wp-page\" data-elementor-id=\"21313\" class=\"elementor elementor-21313\" data-elementor-post-type=\"page\">\n\t\t\t\t\t\t<section class=\"elementor-section elementor-top-section elementor-element elementor-element-8ab1719 elementor-section-full_width elementor-section-height-default elementor-section-height-default\" data-id=\"8ab1719\" data-element_type=\"section\" data-e-type=\"section\">\n\t\t\t\t\t\t<div class=\"elementor-container elementor-column-gap-default\">\n\t\t\t\t\t<div class=\"elementor-column elementor-col-100 elementor-top-column elementor-element elementor-element-0144f43\" data-id=\"0144f43\" data-element_type=\"column\" data-e-type=\"column\">\n\t\t\t<div class=\"elementor-widget-wrap elementor-element-populated\">\n\t\t\t\t\t\t<div class=\"elementor-element elementor-element-e15a6ed elementor--h-position-center elementor--v-position-middle elementor-widget elementor-widget-slides\" data-id=\"e15a6ed\" data-element_type=\"widget\" data-e-type=\"widget\" data-settings=\"{&quot;navigation&quot;:&quot;none&quot;,&quot;transition&quot;:&quot;fade&quot;,&quot;transition_speed&quot;:500}\" data-widget_type=\"slides.default\">\n\t\t\t\t<div class=\"elementor-widget-container\">\n\t\t\t\t\t\t\t\t\t<div class=\"elementor-swiper\">\n\t\t\t\t\t<div class=\"elementor-slides-wrapper elementor-main-swiper swiper\" role=\"region\" aria-roledescription=\"carousel\" aria-label=\"Diapositive\" dir=\"ltr\" data-animation=\"fadeInUp\">\n\t\t\t\t<div class=\"swiper-wrapper elementor-slides\">\n\t\t\t\t\t\t\t\t\t\t<div class=\"elementor-repeater-item-de8fba4 swiper-slide\" role=\"group\" aria-roledescription=\"slide\"><div class=\"swiper-slide-bg\" role=\"img\" aria-label=\"Natale in famiglia\"><\/div><div class=\"swiper-slide-inner\" ><div class=\"swiper-slide-contents\"><\/div><\/div><\/div>\t\t\t\t<\/div>\n\t\t\t\t\t\t\t<\/div>\n\t\t\t\t<\/div>\n\t\t\t\t\t\t\t\t<\/div>\n\t\t\t\t<\/div>\n\t\t\t\t\t<\/div>\n\t\t<\/div>\n\t\t\t\t\t<\/div>\n\t\t<\/section>\n\t\t\t\t<section class=\"elementor-section elementor-top-section elementor-element elementor-element-d490a13 elementor-section-boxed elementor-section-height-default elementor-section-height-default\" data-id=\"d490a13\" data-element_type=\"section\" data-e-type=\"section\">\n\t\t\t\t\t\t<div class=\"elementor-container elementor-column-gap-default\">\n\t\t\t\t\t<div class=\"elementor-column elementor-col-100 elementor-top-column elementor-element elementor-element-374b7a9\" data-id=\"374b7a9\" data-element_type=\"column\" data-e-type=\"column\">\n\t\t\t<div class=\"elementor-widget-wrap\">\n\t\t\t\t\t\t\t<\/div>\n\t\t<\/div>\n\t\t\t\t\t<\/div>\n\t\t<\/section>\n\t\t\t\t<section class=\"elementor-section elementor-top-section elementor-element elementor-element-55eb4da elementor-section-boxed elementor-section-height-default elementor-section-height-default\" data-id=\"55eb4da\" data-element_type=\"section\" data-e-type=\"section\">\n\t\t\t\t\t\t<div class=\"elementor-container elementor-column-gap-default\">\n\t\t\t\t\t<div class=\"elementor-column elementor-col-100 elementor-top-column elementor-element elementor-element-9f4752f\" data-id=\"9f4752f\" data-element_type=\"column\" data-e-type=\"column\">\n\t\t\t<div class=\"elementor-widget-wrap elementor-element-populated\">\n\t\t\t\t\t\t<div class=\"elementor-element elementor-element-4a0b810 elementor-widget elementor-widget-heading\" data-id=\"4a0b810\" data-element_type=\"widget\" data-e-type=\"widget\" data-widget_type=\"heading.default\">\n\t\t\t\t<div class=\"elementor-widget-container\">\n\t\t\t\t\t<h1 class=\"elementor-heading-title elementor-size-default\">Progettare un menu per bambini nel settore alberghiero: tutto quello che c'\u00e8 da sapere<\/h1>\t\t\t\t<\/div>\n\t\t\t\t<\/div>\n\t\t\t\t<div class=\"elementor-element elementor-element-67e9d76 elementor-widget-divider--view-line elementor-widget elementor-widget-divider\" data-id=\"67e9d76\" data-element_type=\"widget\" data-e-type=\"widget\" data-widget_type=\"divider.default\">\n\t\t\t\t<div class=\"elementor-widget-container\">\n\t\t\t\t\t\t\t<div class=\"elementor-divider\">\n\t\t\t<span class=\"elementor-divider-separator\">\n\t\t\t\t\t\t<\/span>\n\t\t<\/div>\n\t\t\t\t\t\t<\/div>\n\t\t\t\t<\/div>\n\t\t\t\t<div class=\"elementor-element elementor-element-0570cc5 elementor-widget__width-initial elementor-widget elementor-widget-text-editor\" data-id=\"0570cc5\" data-element_type=\"widget\" data-e-type=\"widget\" data-widget_type=\"text-editor.default\">\n\t\t\t\t<div class=\"elementor-widget-container\">\n\t\t\t\t\t\t\t\t\t<p>Lo sviluppo di un <strong>menu per bambini<\/strong> \u00e8 una componente essenziale di molte strutture alberghiere. L'allestimento di un menu di questo tipo richiede un'attenzione particolare per soddisfare le esigenze di <strong>esigenze specifiche dei giovani clienti<\/strong>. In questo articolo, esploreremo i diversi aspetti che rendono un menu per bambini <strong>attraente<\/strong> e ben adattato.<\/p><p><a href=\"https:\/\/www.chateauberne.com\/wp-content\/uploads\/2024\/04\/Carte-Bistrot.pdf\" target=\"_blank\" rel=\"noopener\">Scoprite il menu per bambini del Bistrot de Berne<\/a><\/p><p><a href=\"https:\/\/www.chateauberne.com\/wp-content\/uploads\/2024\/03\/Menu-enfant-fr.pdf\" target=\"_blank\" rel=\"noopener\">Scoprite il menu per bambini del nostro ristorante stellato Michelin Le Jardin de Berne<\/a><\/p><h2>Comprendere le esigenze nutrizionali dei bambini<\/h2><p>I bambini hanno esigenze nutrizionali diverse dagli adulti. Prima di elaborare un menu, \u00e8 fondamentale comprendere queste esigenze. <strong>esigenze<\/strong> per garantire che i piatti offerti siano <strong>sano<\/strong> ed equilibrato.<\/p><h3>Apporto calorico giornaliero raccomandato<\/h3><p>L'apporto nutrizionale varia a seconda dell'et\u00e0 del bambino. Ad esempio :<\/p><ul><li>Bambini di 1-3 anni: circa 1000-1400 calorie al giorno.<\/li><li>Bambini di 4-8 anni: circa 1200-1800 calorie al giorno.<\/li><li>Bambini di et\u00e0 compresa tra i 9 e i 13 anni: circa 1600-2200 calorie al giorno (variabile a seconda del sesso e dell'attivit\u00e0 fisica).<\/li><\/ul><h3>Nutrienti essenziali<\/h3><p>A <strong>menu per bambini<\/strong> deve includere :<\/p><ul><li>Da <strong>carboidrati complessi<\/strong> per fornire energia prolungata.<\/li><li>Da <strong>fabbisogno proteico<\/strong> crescita e sviluppo.<\/li><li>Da <strong>lipidi sani<\/strong> per la funzione cerebrale e la crescita cellulare.<\/li><li>Da <strong>vitamine e minerali<\/strong> come il calcio, la vitamina D e il ferro.<\/li><\/ul><h2>Presentazione del cibo: rendere i pasti divertenti<\/h2><p>I bambini sono naturalmente attratti dal colore e dalla forma del cibo. Il <strong>presentazione<\/strong> gioca un ruolo fondamentale nel rendere i pasti pi\u00f9 piacevoli per i giovani commensali.<\/p><h3>Colori e texture variegati<\/h3><p>Utilizzare un <strong>variet\u00e0 di colori<\/strong> e <strong>texture<\/strong> possono trasformare un pasto ordinario in un'avventura culinaria. Verdure colorate, frutta tagliata in forme divertenti e combinazioni di consistenze (croccanti e morbide) possono stimolare l'interesse dei bambini per il loro pasto.<\/p><h3>Temi e personaggi familiari<\/h3><p>Integrare temi o <strong>personaggi dei cartoni animati<\/strong> pu\u00f2 essere un modo efficace per catturare l'attenzione dei bambini. Ad esempio:<\/p><ul><li>Pancake a forma di animali.<\/li><li>Piatti ispirati ai supereroi o alle principesse.<\/li><\/ul><h2>Adattare le porzioni: n\u00e9 troppo poche n\u00e9 troppo abbondanti.<\/h2><p>Le porzioni devono essere adattate all'appetito e alle esigenze alimentari dei bambini. A <strong>porzione eccessiva<\/strong> potrebbe scoraggiare il bambino, mentre una porzione insufficiente potrebbe lasciarlo affamato.<\/p><h3>Diversificare le opzioni<\/h3><p>Offrire diverse scelte di piatti aiuta a soddisfare diversi appetiti e preferenze alimentari. Un buon menu comprende generalmente :<\/p><ul><li>Una colazione leggera e costate pi\u00f9 sostanziose per pranzo e cena.<\/li><li>Da <strong>opzioni vegetariane<\/strong> e <strong>senza glutine<\/strong> per adattarsi a diete specifiche.<\/li><\/ul><h3>Porzioni standardizzate<\/h3><p>Ogni piatto dovrebbe seguire uno standard in termini di quantit\u00e0. Una buona regola \u00e8 quella di dividere per due o tre le proporzioni degli adulti, regolando anche le guarnizioni e gli accompagnamenti.<\/p><h2>Aspetti ludici ed educativi del pasto<\/h2><p>Mangiare \u00e8 anche un'occasione per imparare. Un buon menu per bambini comprende <strong>educativo<\/strong> che permettono ai bambini di scoprire diverse culture culinarie e buone abitudini alimentari.<\/p><h3>Scoprire le cucine del mondo<\/h3><p>L'introduzione di piatti di culture diverse non solo aiuta a diversificare i gusti, ma educa anche alla diversit\u00e0 globale. Ecco alcuni esempi:<\/p><ul><li>Piccole pizze all'italiana.<\/li><li>Brodi asiatici delicati.<\/li><li>Crepes francesi dolci o salate.<\/li><\/ul><h3>Promuovere abitudini alimentari sane<\/h3><p>Incoraggiante <strong>abitudini alimentari sane<\/strong> fin dalla pi\u00f9 tenera et\u00e0 \u00e8 essenziale. Ecco alcune semplici pratiche:<\/p><ul><li>Suggerisci <strong>verdure crude<\/strong> con gustose salsine.<\/li><li>Presentare <strong>frutta fresca<\/strong> come dessert piuttosto che i dolci ultra-lavorati.<\/li><li>Evitare <strong>bevande dolci<\/strong> Scegliete acqua e succhi di frutta naturali.<\/li><\/ul><h2>Adattarsi alle allergie e alle intolleranze alimentari<\/h2><p>Il <strong>allergie e intolleranze alimentari<\/strong> sono comuni tra i bambini. \u00c8 essenziale garantire un ambiente sicuro e offrire alternative.<\/p><h3>Identificare e informare chiaramente<\/h3><p>Tutti i <strong>potenziali allergeni<\/strong> devono essere chiaramente indicati nel menu. Questo include in particolare:<\/p><ul><li>Glutine.<\/li><li>Prodotti lattiero-caseari.<\/li><li>Noci.<\/li><li>Uova e soia.<\/li><\/ul><h3>Formazione del personale<\/h3><p>Le <strong>personale di servizio<\/strong> devono essere formati per rispondere a domande sugli ingredienti e sulla preparazione degli alimenti. Ci\u00f2 include la conoscenza di come evitare la contaminazione incrociata in cucina.<\/p><h2>Esempi concreti di menu a misura di bambino<\/h2><p>Per illustrare meglio i concetti sopra esposti, ecco alcuni esempi di menu tipici adattati ai bambini.<\/p><h3>Colazione per bambini<\/h3><ul><li>Pancake multicereali, serviti con pezzi di frutta e sciroppo naturale.<\/li><li>Omelette al formaggio con verdure selezionate (peperoni, pomodori, spinaci).<\/li><li>Yogurt normale con granola fatta in casa e purea di frutta.<\/li><\/ul><h3>Colazione equilibrata<\/h3><ul><li>Mini hamburger vegetariani con patatine dolci.<\/li><li>Wrap con pollo alla griglia, formaggio e verdure fresche.<\/li><li>Riso fritto con verdure e piccoli pezzi di carne magra.<\/li><\/ul><h3>Cena deliziosa<\/h3><ul><li>Pasta integrale con salsa di pomodoro arricchita con verdure nascoste (carote, zucchine).<\/li><li>Bastoncini di pesce fatti in casa con riso basmati e broccoli al vapore.<\/li><li>Spiedini di tacchino marinati serviti con couscous e insalata fresca.<\/li><\/ul><h2>Promuovere la sostenibilit\u00e0 nei menu per bambini<\/h2><p>Pi\u00f9 che una semplice tendenza, il <strong>sostenibilit\u00e0 alimentare<\/strong> sta diventando sempre pi\u00f9 importante. Incorporare considerazioni ecologiche nel menu dei vostri bambini pu\u00f2 sensibilizzarli fin da piccoli su questo tema.<\/p><h3>Forniture locali e stagionali<\/h3><p>Incoraggiante <strong>prodotti locali e di stagione<\/strong> riduce l'impronta di carbonio del vostro locale. Inoltre, garantisce prodotti pi\u00f9 freschi e spesso pi\u00f9 gustosi per i vostri giovani clienti.<\/p><h3>Ridurre gli sprechi alimentari<\/h3><p>Porzioni adeguate e una gestione ottimale delle eccedenze alimentari contribuiscono a ridurre al minimo il rischio di intossicazione alimentare. <strong>rifiuti<\/strong>e al tempo stesso di instillare pratiche responsabili.<\/p>\t\t\t\t\t\t\t\t<\/div>\n\t\t\t\t<\/div>\n\t\t\t\t<div class=\"elementor-element elementor-element-d26b4f6 elementor-widget elementor-widget-spacer\" data-id=\"d26b4f6\" data-element_type=\"widget\" data-e-type=\"widget\" data-widget_type=\"spacer.default\">\n\t\t\t\t<div class=\"elementor-widget-container\">\n\t\t\t\t\t\t\t<div class=\"elementor-spacer\">\n\t\t\t<div class=\"elementor-spacer-inner\"><\/div>\n\t\t<\/div>\n\t\t\t\t\t\t<\/div>\n\t\t\t\t<\/div>\n\t\t\t\t\t<\/div>\n\t\t<\/div>\n\t\t\t\t\t<\/div>\n\t\t<\/section>\n\t\t\t\t<\/div>","protected":false},"excerpt":{"rendered":"<p>Conception d&rsquo;un menu pour enfants dans l&rsquo;h\u00f4tellerie : tout ce qu&rsquo;il faut savoir L&rsquo;\u00e9laboration d&rsquo;un menu pour enfants est une composante essentielle de nombreux \u00e9tablissements h\u00f4teliers. La mise en place d\u2019un tel menu demande une attention particuli\u00e8re afin de r\u00e9pondre aux besoins sp\u00e9cifiques des jeunes clients. Dans cet article, nous allons explorer les diff\u00e9rents aspects [&hellip;]<\/p>\n","protected":false},"author":17,"featured_media":0,"parent":21098,"menu_order":1,"comment_status":"closed","ping_status":"closed","template":"","meta":{"inline_featured_image":false,"footnotes":""},"class_list":["post-21313","page","type-page","status-publish","hentry"],"_links":{"self":[{"href":"https:\/\/www.chateauberne.com\/it\/wp-json\/wp\/v2\/pages\/21313","targetHints":{"allow":["GET"]}}],"collection":[{"href":"https:\/\/www.chateauberne.com\/it\/wp-json\/wp\/v2\/pages"}],"about":[{"href":"https:\/\/www.chateauberne.com\/it\/wp-json\/wp\/v2\/types\/page"}],"author":[{"embeddable":true,"href":"https:\/\/www.chateauberne.com\/it\/wp-json\/wp\/v2\/users\/17"}],"replies":[{"embeddable":true,"href":"https:\/\/www.chateauberne.com\/it\/wp-json\/wp\/v2\/comments?post=21313"}],"version-history":[{"count":17,"href":"https:\/\/www.chateauberne.com\/it\/wp-json\/wp\/v2\/pages\/21313\/revisions"}],"predecessor-version":[{"id":21372,"href":"https:\/\/www.chateauberne.com\/it\/wp-json\/wp\/v2\/pages\/21313\/revisions\/21372"}],"up":[{"embeddable":true,"href":"https:\/\/www.chateauberne.com\/it\/wp-json\/wp\/v2\/pages\/21098"}],"wp:attachment":[{"href":"https:\/\/www.chateauberne.com\/it\/wp-json\/wp\/v2\/media?parent=21313"}],"curies":[{"name":"wp","href":"https:\/\/api.w.org\/{rel}","templated":true}]}}