{"id":21314,"date":"2024-05-31T19:38:27","date_gmt":"2024-05-31T17:38:27","guid":{"rendered":"https:\/\/www.chateauberne.com\/?page_id=21314"},"modified":"2024-05-31T22:10:59","modified_gmt":"2024-05-31T20:10:59","slug":"mini-bar-hotel","status":"publish","type":"page","link":"https:\/\/www.chateauberne.com\/it\/definition\/mini-bar-hotel\/","title":{"rendered":"Tutto quello che c'\u00e8 da sapere sui minibar"},"content":{"rendered":"<div data-elementor-type=\"wp-page\" data-elementor-id=\"21314\" class=\"elementor elementor-21314\" data-elementor-post-type=\"page\">\n\t\t\t\t\t\t<section class=\"elementor-section elementor-top-section elementor-element elementor-element-67b68ef elementor-section-full_width elementor-section-height-default elementor-section-height-default\" data-id=\"67b68ef\" data-element_type=\"section\" data-e-type=\"section\">\n\t\t\t\t\t\t<div class=\"elementor-container elementor-column-gap-default\">\n\t\t\t\t\t<div class=\"elementor-column elementor-col-100 elementor-top-column elementor-element elementor-element-3a1e618\" data-id=\"3a1e618\" data-element_type=\"column\" data-e-type=\"column\">\n\t\t\t<div class=\"elementor-widget-wrap elementor-element-populated\">\n\t\t\t\t\t\t<div class=\"elementor-element elementor-element-081776a elementor--h-position-center elementor--v-position-middle elementor-widget elementor-widget-slides\" data-id=\"081776a\" data-element_type=\"widget\" data-e-type=\"widget\" data-settings=\"{&quot;navigation&quot;:&quot;none&quot;,&quot;transition&quot;:&quot;fade&quot;,&quot;transition_speed&quot;:500}\" data-widget_type=\"slides.default\">\n\t\t\t\t<div class=\"elementor-widget-container\">\n\t\t\t\t\t\t\t\t\t<div class=\"elementor-swiper\">\n\t\t\t\t\t<div class=\"elementor-slides-wrapper elementor-main-swiper swiper\" role=\"region\" aria-roledescription=\"carousel\" aria-label=\"Diapositive\" dir=\"ltr\" data-animation=\"fadeInUp\">\n\t\t\t\t<div class=\"swiper-wrapper elementor-slides\">\n\t\t\t\t\t\t\t\t\t\t<div class=\"elementor-repeater-item-de8fba4 swiper-slide\" role=\"group\" aria-roledescription=\"slide\"><div class=\"swiper-slide-bg\" role=\"img\" aria-label=\"mini bar dell&#039;hotel\"><\/div><div class=\"swiper-slide-inner\" ><div class=\"swiper-slide-contents\"><\/div><\/div><\/div>\t\t\t\t<\/div>\n\t\t\t\t\t\t\t<\/div>\n\t\t\t\t<\/div>\n\t\t\t\t\t\t\t\t<\/div>\n\t\t\t\t<\/div>\n\t\t\t\t\t<\/div>\n\t\t<\/div>\n\t\t\t\t\t<\/div>\n\t\t<\/section>\n\t\t\t\t<section class=\"elementor-section elementor-top-section elementor-element elementor-element-cf6796e elementor-section-boxed elementor-section-height-default elementor-section-height-default\" data-id=\"cf6796e\" data-element_type=\"section\" data-e-type=\"section\">\n\t\t\t\t\t\t<div class=\"elementor-container elementor-column-gap-default\">\n\t\t\t\t\t<div class=\"elementor-column elementor-col-100 elementor-top-column elementor-element elementor-element-a49f0db\" data-id=\"a49f0db\" data-element_type=\"column\" data-e-type=\"column\">\n\t\t\t<div class=\"elementor-widget-wrap\">\n\t\t\t\t\t\t\t<\/div>\n\t\t<\/div>\n\t\t\t\t\t<\/div>\n\t\t<\/section>\n\t\t\t\t<section class=\"elementor-section elementor-top-section elementor-element elementor-element-18bff13 elementor-section-boxed elementor-section-height-default elementor-section-height-default\" data-id=\"18bff13\" data-element_type=\"section\" data-e-type=\"section\">\n\t\t\t\t\t\t<div class=\"elementor-container elementor-column-gap-default\">\n\t\t\t\t\t<div class=\"elementor-column elementor-col-100 elementor-top-column elementor-element elementor-element-66a0f4b\" data-id=\"66a0f4b\" data-element_type=\"column\" data-e-type=\"column\">\n\t\t\t<div class=\"elementor-widget-wrap elementor-element-populated\">\n\t\t\t\t\t\t<div class=\"elementor-element elementor-element-b84c278 elementor-widget elementor-widget-heading\" data-id=\"b84c278\" data-element_type=\"widget\" data-e-type=\"widget\" data-widget_type=\"heading.default\">\n\t\t\t\t<div class=\"elementor-widget-container\">\n\t\t\t\t\t<h1 class=\"elementor-heading-title elementor-size-default\">Tutto quello che c'\u00e8 da sapere sui minibar degli hotel\n<\/h1>\t\t\t\t<\/div>\n\t\t\t\t<\/div>\n\t\t\t\t<div class=\"elementor-element elementor-element-a2b7d2f elementor-widget-divider--view-line elementor-widget elementor-widget-divider\" data-id=\"a2b7d2f\" data-element_type=\"widget\" data-e-type=\"widget\" data-widget_type=\"divider.default\">\n\t\t\t\t<div class=\"elementor-widget-container\">\n\t\t\t\t\t\t\t<div class=\"elementor-divider\">\n\t\t\t<span class=\"elementor-divider-separator\">\n\t\t\t\t\t\t<\/span>\n\t\t<\/div>\n\t\t\t\t\t\t<\/div>\n\t\t\t\t<\/div>\n\t\t\t\t<div class=\"elementor-element elementor-element-cf4239a elementor-widget__width-initial elementor-widget elementor-widget-text-editor\" data-id=\"cf4239a\" data-element_type=\"widget\" data-e-type=\"widget\" data-widget_type=\"text-editor.default\">\n\t\t\t\t<div class=\"elementor-widget-container\">\n\t\t\t\t\t\t\t\t\t<p>Il <strong>mini-bar<\/strong> sono diventati servizi essenziali negli hotel moderni. Offrono agli ospiti la comodit\u00e0 di consumare bevande fredde e spuntini senza lasciare la camera. Questo articolo analizza nel dettaglio tutto ci\u00f2 che c'\u00e8 da sapere su <strong>mini-bar<\/strong>Ci sono molte cose da considerare quando si sceglie il modello giusto.<\/p><h2>Definizione di minibar<\/h2><p>A <strong>mini-bar<\/strong> \u00e8 un piccolo frigorifero spesso inserito nelle camere d'albergo per conservare bevande e snack per gli ospiti. Si tratta in genere di un'unit\u00e0 compatta con una sola porta, la cui capacit\u00e0 varia a seconda del modello. Il <strong>mini-bar<\/strong> sono progettati per dare ai clienti un certo grado di autonomia.<\/p><h3>Caratteristiche principali<\/h3><p>Il <strong>mini-bar<\/strong> ha una serie di caratteristiche essenziali che lo rendono popolare tra gli albergatori e i viaggiatori.<\/p><ul><li><strong>Porta in vetro o opaca<\/strong> Alcuni modelli sono dotati di uno sportello in vetro per poter vedere il contenuto senza aprirlo, mentre altri hanno uno sportello opaco per un design pi\u00f9 discreto.<\/li><li><strong>Capacit\u00e0 variabile<\/strong> La capacit\u00e0 di un minibar pu\u00f2 variare da pochi litri a diverse decine, consentendo di conservare diverse quantit\u00e0 di bevande e snack.<\/li><li><strong>Temperatura regolabile<\/strong> Proprio come un frigorifero tradizionale, un minibar consente di regolare la temperatura interna in base alle esigenze di conservazione dei prodotti.<\/li><li><strong>Illuminazione interna<\/strong> Molti modelli sono dotati di illuminazione interna a LED per una facile identificazione del prodotto, anche al buio.<\/li><li><strong>Sistema di bloccaggio<\/strong> Un minibar pu\u00f2 essere dotato di un sistema di chiusura per proteggere i prodotti al suo interno.<\/li><\/ul><h2>Vantaggi del minibar<\/h2><p>L'integrazione di un <strong><a>mini-bar<\/a><\/strong><a> in una camera d'albergo a 5 stelle<\/a> offre una serie di vantaggi sia per l'azienda che per i suoi clienti.<\/p><h3>Comfort del cliente<\/h3><p>Avere un <strong>mini-bar<\/strong> in camera aumenta il comfort degli ospiti:<\/p><ol><li>Possono accedere a bevande rinfrescanti o snack in qualsiasi momento senza dover lasciare la stanza.<\/li><li>Inoltre, consente agli ospiti di tenere al fresco i propri alimenti o medicinali durante il soggiorno.<\/li><li>Le <strong>mini-bar<\/strong> spesso offre servizi di ristorazione aggiuntivi, come il servizio in camera.<\/li><\/ol><h3>Aumento delle entrate<\/h3><p>Per gli alberghi <strong>mini-bar<\/strong> sono una fonte di guadagno supplementare. Offrendo una selezione di bevande e snack a pagamento, i locali possono aumentare il loro fatturato.<\/p><h2>Tipi di mini-bar<\/h2><p>Esistono vari tipi di <strong>mini-bar<\/strong>ognuno con le proprie caratteristiche specifiche per soddisfare esigenze e stili diversi.<\/p><h3>Minibar classico<\/h3><p>Sono i modelli standard che si trovano comunemente nelle camere d'albergo. Hanno il vantaggio di soddisfare le esigenze di base degli ospiti, con un ampio spazio per bevande e snack. Ecco alcune caratteristiche distintive:<\/p><ul><li><strong>Dimensioni compatte<\/strong> Adatto per un'installazione discreta.<\/li><li><strong>Design sobrio<\/strong> Spesso con una porta metallica opaca o vetrata.<\/li><li><strong>Compressore o sistema termoelettrico<\/strong> Per il raffreddamento.<\/li><\/ul><h3>Minibar ecologico<\/h3><p>Questi modelli sono stati progettati per essere pi\u00f9 rispettosi dell'ambiente, con un'enfasi particolare su <strong>risparmio energetico<\/strong>. Utilizzano tecnologie avanzate per ridurre al minimo il consumo energetico senza compromettere l'efficienza.<\/p><ul><li><strong>Sistemi di controllo elettrico innovativi<\/strong>.<\/li><li><strong>Materiali riciclabili<\/strong> utilizzati nell'industria delle costruzioni.<\/li><li><strong>Illuminazione a LED<\/strong> per ridurre il consumo energetico.<\/li><\/ul><h3>Minibar premium<\/h3><p>Questi modelli si distinguono per il design elegante e le opzioni aggiuntive, che li rendono una scelta popolare negli hotel di lusso.<\/p><ul><li><strong>Finiture di alta gamma<\/strong> come il legno lucido o il vetro colorato.<\/li><li><strong>Tecnologie di bordo<\/strong> come i touch screen per il controllo della temperatura.<\/li><li><strong>Sistemi di pagamento integrati<\/strong> permettendo ai clienti di pagare direttamente tramite il minibar.<\/li><\/ul><h2>Scegliere il mini-bar giusto<\/h2><p>Selezionare il giusto <strong>mini-bar<\/strong> per un hotel si basa su alcuni criteri essenziali. Ecco come.<\/p><h3>Valutare le esigenze specifiche<\/h3><p>Ogni locale ha esigenze specifiche in funzione della sua clientela e del suo posizionamento. Prima di fare una scelta, \u00e8 necessario analizzare una serie di fattori:<\/p><ol><li><strong>Tipo di cliente<\/strong> Un hotel d'affari non avr\u00e0 gli stessi requisiti di un resort per famiglie.<\/li><li><strong>Spazio disponibile<\/strong> Il <strong>mini-bar<\/strong> deve inserirsi armoniosamente nella configurazione della stanza.<\/li><li><strong>Requisiti di capacit\u00e0<\/strong> Tenere conto della durata media del soggiorno e della frequenza di utilizzo prevista.<\/li><\/ol><h3>Criteri tecnici<\/h3><p>\u00c8 essenziale verificare alcune specifiche tecniche prima dell'acquisto:<\/p><ol><li><strong>Consumo di energia<\/strong> Preferire modelli economici per ridurre i costi di esercizio.<\/li><li><strong>Livello di rumore<\/strong> Il <strong>mini-bar<\/strong> devono essere silenziosi per non disturbare i clienti.<\/li><li><strong>Affidabilit\u00e0 e facilit\u00e0 di manutenzione<\/strong> Scegliere marchi affidabili con un buon servizio post-vendita.<\/li><\/ol><h3>Estetica e design<\/h3><p>Il <strong>mini-bar<\/strong> deve essere non solo funzionale ma anche esteticamente gradevole:<\/p><ul><li><strong>Coerenza con l'arredamento<\/strong> Il design del <strong>mini-bar<\/strong> deve essere complementare a quello della camera da letto.<\/li><li><strong>Opzioni di personalizzazione<\/strong> Alcuni marchi offrono finiture personalizzabili.<\/li><\/ul><h2>Tendenze attuali dei minibar<\/h2><p>Il <strong>mini-bar<\/strong> si stanno evolvendo in linea con le nuove aspettative dei consumatori e le innovazioni tecnologiche.<\/p><h3>Tecnologia connessa<\/h3><p>Sempre di pi\u00f9 <strong>mini-bar<\/strong> includono soluzioni di connettivit\u00e0 per :<\/p><ul><li><strong>Telecomando<\/strong> Tramite applicazioni mobili per regolare la temperatura o controllare i livelli delle scorte.<\/li><li><strong>Gestione intelligente delle scorte<\/strong> Sistemi computerizzati per la notifica automatica del rifornimento.<\/li><\/ul><h3>Sensibilit\u00e0 ecologica<\/h3><p>Con la sostenibilit\u00e0 in aumento, gli hotel sono alla ricerca di modi per incorporare pratiche sostenibili nelle loro attivit\u00e0. <strong>mini-bar<\/strong> pi\u00f9 rispettoso dell'ambiente:<\/p><ul><li><strong>Ridurre al minimo l'impronta di carbonio<\/strong> Modelli che utilizzano tecnologie verdi.<\/li><li><strong>Materie prime sostenibili<\/strong> Utilizzare materiali riciclati o facilmente riciclabili.<\/li><\/ul><h3>Flessibilit\u00e0 e modularit\u00e0<\/h3><p>Il <strong>mini-bar<\/strong> offrono ora una maggiore flessibilit\u00e0 e modularit\u00e0:<\/p><ul><li><strong>Moduli alternativi<\/strong> Possibilit\u00e0 di aggiungere o rimuovere scomparti a seconda delle esigenze.<\/li><li><strong>Dispositivi multifunzione<\/strong> A volte incorporano macchine da caff\u00e8 o riscaldatori.<\/li><\/ul><p>In conclusione <strong>mini-bar<\/strong> sono un elemento chiave delle moderne esperienze alberghiere, in quanto condensano comfort, praticit\u00e0 e innovazione in un mobile compatto e sofisticato.<\/p>\t\t\t\t\t\t\t\t<\/div>\n\t\t\t\t<\/div>\n\t\t\t\t<div class=\"elementor-element elementor-element-ed81d30 elementor-widget elementor-widget-spacer\" data-id=\"ed81d30\" data-element_type=\"widget\" data-e-type=\"widget\" data-widget_type=\"spacer.default\">\n\t\t\t\t<div class=\"elementor-widget-container\">\n\t\t\t\t\t\t\t<div class=\"elementor-spacer\">\n\t\t\t<div class=\"elementor-spacer-inner\"><\/div>\n\t\t<\/div>\n\t\t\t\t\t\t<\/div>\n\t\t\t\t<\/div>\n\t\t\t\t\t<\/div>\n\t\t<\/div>\n\t\t\t\t\t<\/div>\n\t\t<\/section>\n\t\t\t\t<\/div>","protected":false},"excerpt":{"rendered":"<p>Tout ce que vous devez savoir sur les mini-bars dans le cadre de l&rsquo;h\u00f4tellerie Les mini-bars sont devenus des \u00e9quipements incontournables dans les h\u00f4tels modernes. Ils offrent aux clients la commodit\u00e9 de consommer des boissons fra\u00eeches et des snacks sans quitter leur chambre. Cet article explore en d\u00e9tail tout ce qu&rsquo;il y a \u00e0 savoir [&hellip;]<\/p>\n","protected":false},"author":17,"featured_media":0,"parent":21098,"menu_order":2,"comment_status":"closed","ping_status":"closed","template":"","meta":{"inline_featured_image":false,"footnotes":""},"class_list":["post-21314","page","type-page","status-publish","hentry"],"_links":{"self":[{"href":"https:\/\/www.chateauberne.com\/it\/wp-json\/wp\/v2\/pages\/21314","targetHints":{"allow":["GET"]}}],"collection":[{"href":"https:\/\/www.chateauberne.com\/it\/wp-json\/wp\/v2\/pages"}],"about":[{"href":"https:\/\/www.chateauberne.com\/it\/wp-json\/wp\/v2\/types\/page"}],"author":[{"embeddable":true,"href":"https:\/\/www.chateauberne.com\/it\/wp-json\/wp\/v2\/users\/17"}],"replies":[{"embeddable":true,"href":"https:\/\/www.chateauberne.com\/it\/wp-json\/wp\/v2\/comments?post=21314"}],"version-history":[{"count":14,"href":"https:\/\/www.chateauberne.com\/it\/wp-json\/wp\/v2\/pages\/21314\/revisions"}],"predecessor-version":[{"id":21380,"href":"https:\/\/www.chateauberne.com\/it\/wp-json\/wp\/v2\/pages\/21314\/revisions\/21380"}],"up":[{"embeddable":true,"href":"https:\/\/www.chateauberne.com\/it\/wp-json\/wp\/v2\/pages\/21098"}],"wp:attachment":[{"href":"https:\/\/www.chateauberne.com\/it\/wp-json\/wp\/v2\/media?parent=21314"}],"curies":[{"name":"wp","href":"https:\/\/api.w.org\/{rel}","templated":true}]}}