{"id":21385,"date":"2024-05-31T20:03:43","date_gmt":"2024-05-31T18:03:43","guid":{"rendered":"https:\/\/www.chateauberne.com\/?page_id=21385"},"modified":"2024-05-31T22:11:30","modified_gmt":"2024-05-31T20:11:30","slug":"occupation-simple-hotel","status":"publish","type":"page","link":"https:\/\/www.chateauberne.com\/it\/definition\/occupation-simple-hotel\/","title":{"rendered":"Occupazione singola"},"content":{"rendered":"<div data-elementor-type=\"wp-page\" data-elementor-id=\"21385\" class=\"elementor elementor-21385\" data-elementor-post-type=\"page\">\n\t\t\t\t\t\t<section class=\"elementor-section elementor-top-section elementor-element elementor-element-83096fe elementor-section-full_width elementor-section-height-default elementor-section-height-default\" data-id=\"83096fe\" data-element_type=\"section\" data-e-type=\"section\">\n\t\t\t\t\t\t<div class=\"elementor-container elementor-column-gap-default\">\n\t\t\t\t\t<div class=\"elementor-column elementor-col-100 elementor-top-column elementor-element elementor-element-23ed385\" data-id=\"23ed385\" data-element_type=\"column\" data-e-type=\"column\">\n\t\t\t<div class=\"elementor-widget-wrap elementor-element-populated\">\n\t\t\t\t\t\t<div class=\"elementor-element elementor-element-28fe711 elementor-widget__width-inherit elementor--h-position-center elementor--v-position-middle elementor-widget elementor-widget-slides\" data-id=\"28fe711\" data-element_type=\"widget\" data-e-type=\"widget\" data-settings=\"{&quot;navigation&quot;:&quot;none&quot;,&quot;transition&quot;:&quot;fade&quot;,&quot;transition_speed&quot;:500}\" data-widget_type=\"slides.default\">\n\t\t\t\t<div class=\"elementor-widget-container\">\n\t\t\t\t\t\t\t\t\t<div class=\"elementor-swiper\">\n\t\t\t\t\t<div class=\"elementor-slides-wrapper elementor-main-swiper swiper\" role=\"region\" aria-roledescription=\"carousel\" aria-label=\"Diapositive\" dir=\"ltr\" data-animation=\"fadeInUp\">\n\t\t\t\t<div class=\"swiper-wrapper elementor-slides\">\n\t\t\t\t\t\t\t\t\t\t<div class=\"elementor-repeater-item-de8fba4 swiper-slide\" role=\"group\" aria-roledescription=\"slide\"><div class=\"swiper-slide-bg\" role=\"img\" aria-label=\"50 camere JUNIOR SUITE CYPRES (7)\"><\/div><div class=\"swiper-slide-inner\" ><div class=\"swiper-slide-contents\"><\/div><\/div><\/div>\t\t\t\t<\/div>\n\t\t\t\t\t\t\t<\/div>\n\t\t\t\t<\/div>\n\t\t\t\t\t\t\t\t<\/div>\n\t\t\t\t<\/div>\n\t\t\t\t\t<\/div>\n\t\t<\/div>\n\t\t\t\t\t<\/div>\n\t\t<\/section>\n\t\t\t\t<section class=\"elementor-section elementor-top-section elementor-element elementor-element-3c7db8e elementor-section-boxed elementor-section-height-default elementor-section-height-default\" data-id=\"3c7db8e\" data-element_type=\"section\" data-e-type=\"section\">\n\t\t\t\t\t\t<div class=\"elementor-container elementor-column-gap-default\">\n\t\t\t\t\t<div class=\"elementor-column elementor-col-100 elementor-top-column elementor-element elementor-element-bb485bc\" data-id=\"bb485bc\" data-element_type=\"column\" data-e-type=\"column\">\n\t\t\t<div class=\"elementor-widget-wrap\">\n\t\t\t\t\t\t\t<\/div>\n\t\t<\/div>\n\t\t\t\t\t<\/div>\n\t\t<\/section>\n\t\t\t\t<section class=\"elementor-section elementor-top-section elementor-element elementor-element-88610cd elementor-section-boxed elementor-section-height-default elementor-section-height-default\" data-id=\"88610cd\" data-element_type=\"section\" data-e-type=\"section\">\n\t\t\t\t\t\t<div class=\"elementor-container elementor-column-gap-default\">\n\t\t\t\t\t<div class=\"elementor-column elementor-col-100 elementor-top-column elementor-element elementor-element-867d08a\" data-id=\"867d08a\" data-element_type=\"column\" data-e-type=\"column\">\n\t\t\t<div class=\"elementor-widget-wrap elementor-element-populated\">\n\t\t\t\t\t\t<div class=\"elementor-element elementor-element-f22b3df elementor-widget elementor-widget-heading\" data-id=\"f22b3df\" data-element_type=\"widget\" data-e-type=\"widget\" data-widget_type=\"heading.default\">\n\t\t\t\t<div class=\"elementor-widget-container\">\n\t\t\t\t\t<h1 class=\"elementor-heading-title elementor-size-default\">Occupazione singola: tutto quello che c'\u00e8 da sapere sul settore alberghiero<\/h1>\t\t\t\t<\/div>\n\t\t\t\t<\/div>\n\t\t\t\t<div class=\"elementor-element elementor-element-ccdc057 elementor-widget-divider--view-line elementor-widget elementor-widget-divider\" data-id=\"ccdc057\" data-element_type=\"widget\" data-e-type=\"widget\" data-widget_type=\"divider.default\">\n\t\t\t\t<div class=\"elementor-widget-container\">\n\t\t\t\t\t\t\t<div class=\"elementor-divider\">\n\t\t\t<span class=\"elementor-divider-separator\">\n\t\t\t\t\t\t<\/span>\n\t\t<\/div>\n\t\t\t\t\t\t<\/div>\n\t\t\t\t<\/div>\n\t\t\t\t<div class=\"elementor-element elementor-element-f8a4238 elementor-widget__width-initial elementor-widget elementor-widget-text-editor\" data-id=\"f8a4238\" data-element_type=\"widget\" data-e-type=\"widget\" data-widget_type=\"text-editor.default\">\n\t\t\t\t<div class=\"elementor-widget-container\">\n\t\t\t\t\t\t\t\t\t<p>Nel settore alberghiero, il termine <strong>\"occupazione semplice<\/strong> si riferisce a un concetto preciso e comunemente utilizzato. Questo termine \u00e8 essenziale per i professionisti del settore alberghiero al fine di gestire efficacemente le prenotazioni e massimizzare il tasso di occupazione. Questo articolo esplora in dettaglio il significato di occupazione singola, le sue implicazioni e fornisce una comprensione completa per coloro che sono interessati alla gestione alberghiera.<\/p><h2>Definizione di occupazione singola<\/h2><p>Per occupazione singola si intende la prenotazione di una camera d'albergo per una sola persona. Ci\u00f2 significa che solo una persona utilizzer\u00e0 la camera, indipendentemente dalla sua effettiva capacit\u00e0 (spesso uno o due letti). Questo concetto si contrappone a <strong>occupazione doppia<\/strong>Questo vale per le camere prenotate per due persone.<\/p><h3>I vantaggi dell'occupazione singola per gli hotel<\/h3><p>Per gli hotel, sapere se una camera \u00e8 prenotata per uso singolo o doppio permette di gestire meglio le risorse. Ad esempio:<\/p><ul><li><strong>Disposizione della stanza<\/strong> per dimensione e attrezzatura<\/li><li><strong>Adeguamenti tariffari<\/strong> a seconda del numero di occupanti<\/li><li>Anticipare <strong>esigenze specifiche<\/strong> come il servizio personalizzato<\/li><\/ul><p>Aiuta anche a capire il <strong>tendenze di prenotazione<\/strong> e adattare l'offerta alla domanda del mercato.<\/p><h3>Come viene calcolata la tariffa?<\/h3><p>La tariffa per una camera singola pu\u00f2 variare rispetto a quella per una camera doppia. In generale, il prezzo \u00e8 spesso inferiore perch\u00e9 con un solo occupante si usufruisce di meno servizi e comfort.<\/p><p>Gli hotel possono anche offrire offerte speciali o sconti per attirare chi viaggia da solo, in particolare se si trovano in un'area residenziale dove <strong>attivit\u00e0 commerciale<\/strong> e <strong>brevi interruzioni<\/strong> sono comuni.<\/p><h2>Camere adatte all'occupazione singola<\/h2><h3>Camere standard<\/h3><p><a href=\"https:\/\/www.chateauberne.com\/it\/hotel-et-villa\/chambres-suites\/chambre-classique\/\" target=\"_blank\" rel=\"noopener\">Camere standard<\/a> sono spesso offerti a viaggiatori individuali. In genere dispongono di un letto singolo o di un letto matrimoniale per una persona. Anche se semplici, queste camere spesso includono tutti i servizi necessari, come ad esempio<strong>un bagno privato<\/strong>TV e connessione Wi-Fi.<\/p><h3>Esempi di utilizzo pratico<\/h3><p>Le situazioni in cui \u00e8 preferibile l'occupazione singola possono essere le seguenti:<\/p><ul><li><strong>Viaggi d'affari<\/strong> : I professionisti viaggiano spesso individualmente.<\/li><li><strong>Viaggiatori solitari<\/strong> Chi viaggia da solo preferisce camere pi\u00f9 piccole ed economiche.<\/li><li><strong>Pause brevi<\/strong> Quando si viaggia per un breve periodo, si preferisce l'occupazione singola a quella doppia.<\/li><\/ul><h2>Differenze tra occupazione singola e doppia<\/h2><h3>Aspetti finanziari<\/h3><p>La differenza principale tra camera singola e doppia \u00e8 il prezzo. Una camera singola in genere utilizza meno risorse (acqua, elettricit\u00e0, biancheria), il che si traduce in un costo leggermente inferiore. Tuttavia, la differenza di prezzo non \u00e8 sempre lineare e pu\u00f2 dipendere da una serie di fattori quali :<\/p><ul><li><strong>La politica dei prezzi dell'hotel<\/strong><\/li><li><strong>Stagionalit\u00e0<\/strong><\/li><li><strong>Prestazioni del tasso di occupazione<\/strong> l'hotel<\/li><\/ul><h3>Preferenze del cliente<\/h3><p>Se alcuni si rivolgono alle stanze soprattutto per dormire, altri cercano anche un certo livello di comfort. Ecco alcuni esempi di preferenze:<\/p><ul><li>I professionisti possono optare per una camera molto semplice ma ben posizionata.<\/li><li>Un turista solitario pu\u00f2 scegliere una camera confortevole e completamente attrezzata.<\/li><\/ul><h2>Implicazioni per la gestione alberghiera<\/h2><h3>Ottimizzare la disponibilit\u00e0 delle camere<\/h3><p>Comprendere le ragioni delle prenotazioni con occupazione singola aiuta i gestori degli hotel a pianificare e assegnare meglio le camere disponibili. Ad esempio:<\/p><ul><li><strong>Promozioni specifiche<\/strong> per riempire le camere singole<\/li><li>Il design di alcune camere \u00e8 dedicato principalmente ai soggiorni individuali.<\/li><\/ul><h3>Servizio personalizzato<\/h3><p>Conoscendo il tipo di occupazione, il personale pu\u00f2 offrire un servizio pi\u00f9 personalizzato e su misura. Ecco alcuni esempi:<\/p><ul><li>Offrire raccomandazioni personalizzate per le attivit\u00e0 locali<\/li><li>Adattare il servizio di pulizia all'uso ridotto del locale<\/li><\/ul>\t\t\t\t\t\t\t\t<\/div>\n\t\t\t\t<\/div>\n\t\t\t\t<div class=\"elementor-element elementor-element-b9d0c91 elementor-widget elementor-widget-spacer\" data-id=\"b9d0c91\" data-element_type=\"widget\" data-e-type=\"widget\" data-widget_type=\"spacer.default\">\n\t\t\t\t<div class=\"elementor-widget-container\">\n\t\t\t\t\t\t\t<div class=\"elementor-spacer\">\n\t\t\t<div class=\"elementor-spacer-inner\"><\/div>\n\t\t<\/div>\n\t\t\t\t\t\t<\/div>\n\t\t\t\t<\/div>\n\t\t\t\t\t<\/div>\n\t\t<\/div>\n\t\t\t\t\t<\/div>\n\t\t<\/section>\n\t\t\t\t<\/div>","protected":false},"excerpt":{"rendered":"<p>Occupation simple : tout ce qu&rsquo;il faut savoir dans le cadre de l&rsquo;h\u00f4tellerie Dans le domaine de l&rsquo;h\u00f4tellerie, le terme \u00ab occupation simple \u00bb renvoie \u00e0 une notion pr\u00e9cise et couramment utilis\u00e9e. Cette expression est essentielle pour les professionnels du secteur h\u00f4telier afin de g\u00e9rer efficacement leurs r\u00e9servations et maximiser leur taux d\u2019occupation. Cet article [&hellip;]<\/p>\n","protected":false},"author":17,"featured_media":0,"parent":21098,"menu_order":5,"comment_status":"closed","ping_status":"closed","template":"","meta":{"inline_featured_image":false,"footnotes":""},"class_list":["post-21385","page","type-page","status-publish","hentry"],"_links":{"self":[{"href":"https:\/\/www.chateauberne.com\/it\/wp-json\/wp\/v2\/pages\/21385","targetHints":{"allow":["GET"]}}],"collection":[{"href":"https:\/\/www.chateauberne.com\/it\/wp-json\/wp\/v2\/pages"}],"about":[{"href":"https:\/\/www.chateauberne.com\/it\/wp-json\/wp\/v2\/types\/page"}],"author":[{"embeddable":true,"href":"https:\/\/www.chateauberne.com\/it\/wp-json\/wp\/v2\/users\/17"}],"replies":[{"embeddable":true,"href":"https:\/\/www.chateauberne.com\/it\/wp-json\/wp\/v2\/comments?post=21385"}],"version-history":[{"count":20,"href":"https:\/\/www.chateauberne.com\/it\/wp-json\/wp\/v2\/pages\/21385\/revisions"}],"predecessor-version":[{"id":21437,"href":"https:\/\/www.chateauberne.com\/it\/wp-json\/wp\/v2\/pages\/21385\/revisions\/21437"}],"up":[{"embeddable":true,"href":"https:\/\/www.chateauberne.com\/it\/wp-json\/wp\/v2\/pages\/21098"}],"wp:attachment":[{"href":"https:\/\/www.chateauberne.com\/it\/wp-json\/wp\/v2\/media?parent=21385"}],"curies":[{"name":"wp","href":"https:\/\/api.w.org\/{rel}","templated":true}]}}