{"id":22240,"date":"2024-08-04T17:56:31","date_gmt":"2024-08-04T15:56:31","guid":{"rendered":"https:\/\/www.chateauberne.com\/?page_id=22240"},"modified":"2024-08-04T18:23:51","modified_gmt":"2024-08-04T16:23:51","slug":"blanchisserie","status":"publish","type":"page","link":"https:\/\/www.chateauberne.com\/it\/definition\/blanchisserie\/","title":{"rendered":"lavanderia"},"content":{"rendered":"<div data-elementor-type=\"wp-page\" data-elementor-id=\"22240\" class=\"elementor elementor-22240\" data-elementor-post-type=\"page\">\n\t\t\t\t\t\t<section class=\"elementor-section elementor-top-section elementor-element elementor-element-bc34da9 elementor-section-full_width elementor-section-height-default elementor-section-height-default\" data-id=\"bc34da9\" data-element_type=\"section\" data-e-type=\"section\">\n\t\t\t\t\t\t<div class=\"elementor-container elementor-column-gap-default\">\n\t\t\t\t\t<div class=\"elementor-column elementor-col-100 elementor-top-column elementor-element elementor-element-83d3ec1\" data-id=\"83d3ec1\" data-element_type=\"column\" data-e-type=\"column\">\n\t\t\t<div class=\"elementor-widget-wrap elementor-element-populated\">\n\t\t\t\t\t\t<div class=\"elementor-element elementor-element-86ae637 elementor--h-position-center elementor--v-position-middle elementor-widget elementor-widget-slides\" data-id=\"86ae637\" data-element_type=\"widget\" data-e-type=\"widget\" data-settings=\"{&quot;navigation&quot;:&quot;none&quot;,&quot;transition&quot;:&quot;fade&quot;,&quot;transition_speed&quot;:500}\" data-widget_type=\"slides.default\">\n\t\t\t\t<div class=\"elementor-widget-container\">\n\t\t\t\t\t\t\t\t\t<div class=\"elementor-swiper\">\n\t\t\t\t\t<div class=\"elementor-slides-wrapper elementor-main-swiper swiper\" role=\"region\" aria-roledescription=\"carousel\" aria-label=\"Diapositive\" dir=\"ltr\" data-animation=\"fadeInUp\">\n\t\t\t\t<div class=\"swiper-wrapper elementor-slides\">\n\t\t\t\t\t\t\t\t\t\t<div class=\"elementor-repeater-item-de8fba4 swiper-slide\" role=\"group\" aria-roledescription=\"slide\"><div class=\"swiper-slide-bg\" role=\"img\" aria-label=\"Lavanderia dell&#039;hotel\"><\/div><div class=\"swiper-slide-inner\" ><div class=\"swiper-slide-contents\"><\/div><\/div><\/div>\t\t\t\t<\/div>\n\t\t\t\t\t\t\t<\/div>\n\t\t\t\t<\/div>\n\t\t\t\t\t\t\t\t<\/div>\n\t\t\t\t<\/div>\n\t\t\t\t\t<\/div>\n\t\t<\/div>\n\t\t\t\t\t<\/div>\n\t\t<\/section>\n\t\t\t\t<section class=\"elementor-section elementor-top-section elementor-element elementor-element-5cf06ff elementor-section-boxed elementor-section-height-default elementor-section-height-default\" data-id=\"5cf06ff\" data-element_type=\"section\" data-e-type=\"section\">\n\t\t\t\t\t\t<div class=\"elementor-container elementor-column-gap-default\">\n\t\t\t\t\t<div class=\"elementor-column elementor-col-100 elementor-top-column elementor-element elementor-element-3d63388\" data-id=\"3d63388\" data-element_type=\"column\" data-e-type=\"column\">\n\t\t\t<div class=\"elementor-widget-wrap\">\n\t\t\t\t\t\t\t<\/div>\n\t\t<\/div>\n\t\t\t\t\t<\/div>\n\t\t<\/section>\n\t\t\t\t<section class=\"elementor-section elementor-top-section elementor-element elementor-element-7f5ec95 elementor-section-boxed elementor-section-height-default elementor-section-height-default\" data-id=\"7f5ec95\" data-element_type=\"section\" data-e-type=\"section\">\n\t\t\t\t\t\t<div class=\"elementor-container elementor-column-gap-default\">\n\t\t\t\t\t<div class=\"elementor-column elementor-col-100 elementor-top-column elementor-element elementor-element-4ba4d21\" data-id=\"4ba4d21\" data-element_type=\"column\" data-e-type=\"column\">\n\t\t\t<div class=\"elementor-widget-wrap elementor-element-populated\">\n\t\t\t\t\t\t<div class=\"elementor-element elementor-element-734d688 elementor-widget elementor-widget-heading\" data-id=\"734d688\" data-element_type=\"widget\" data-e-type=\"widget\" data-widget_type=\"heading.default\">\n\t\t\t\t<div class=\"elementor-widget-container\">\n\t\t\t\t\t<h1 class=\"elementor-heading-title elementor-size-default\">Scoprite il servizio di lavanderia dell'hotel\n<\/h1>\t\t\t\t<\/div>\n\t\t\t\t<\/div>\n\t\t\t\t<div class=\"elementor-element elementor-element-b98f450 elementor-widget-divider--view-line elementor-widget elementor-widget-divider\" data-id=\"b98f450\" data-element_type=\"widget\" data-e-type=\"widget\" data-widget_type=\"divider.default\">\n\t\t\t\t<div class=\"elementor-widget-container\">\n\t\t\t\t\t\t\t<div class=\"elementor-divider\">\n\t\t\t<span class=\"elementor-divider-separator\">\n\t\t\t\t\t\t<\/span>\n\t\t<\/div>\n\t\t\t\t\t\t<\/div>\n\t\t\t\t<\/div>\n\t\t\t\t<div class=\"elementor-element elementor-element-8fc19a8 elementor-widget__width-initial elementor-widget elementor-widget-text-editor\" data-id=\"8fc19a8\" data-element_type=\"widget\" data-e-type=\"widget\" data-widget_type=\"text-editor.default\">\n\t\t\t\t<div class=\"elementor-widget-container\">\n\t\t\t\t\t\t\t\t\t<p>Il settore alberghiero richiede standard di igiene e pulizia estremamente elevati. Un servizio di lavanderia efficiente \u00e8 quindi essenziale per garantire un'esperienza impeccabile agli ospiti. Questa guida esplora tutto ci\u00f2 che c'\u00e8 da sapere sui diversi aspetti dei servizi di lavanderia per hotel, tra cui <strong>lavanderia<\/strong>il <strong>lavanderia<\/strong>il <strong>cucire<\/strong> e il <strong>stiratura<\/strong>.<\/p><h2>Definizione di servizio di lavanderia per hotel<\/h2><p>A <strong>servizio di lavanderia dell'hotel<\/strong> comprende una serie di servizi volti a garantire la pulizia e la manutenzione dei tessuti utilizzati nella struttura. Questi servizi vanno ben oltre il semplice lavaggio di lenzuola e asciugamani. Comprendono anche il lavaggio a secco, la cucitura, la stiratura e il ritiro e la consegna degli articoli. Una buona organizzazione di questo servizio consente agli hotel di mantenere un elevato livello di comfort e soddisfazione dei propri ospiti.<\/p><h3>Lavanderia: mantenere puliti i tessuti<\/h3><p>Per lavanderia si intende il processo di pulizia di articoli tessili come lenzuola, federe, asciugamani e tovaglie. A differenza delle lavanderie tradizionali, queste possono essere dotate di <strong>macchinari industriali<\/strong> in grado di gestire grandi quantit\u00e0 di biancheria. Questo non solo garantisce <strong>pulizia approfondita<\/strong> ma anche un <strong>velocit\u00e0 essenziale<\/strong> per una rapida rotazione della stanza.<\/p><ul><li><strong>Lavaggio ad alta temperatura<\/strong> per eliminare i microbi<\/li><li>Utilizzo di <strong>detergenti professionali ecologici<\/strong><\/li><li>Asciugatura rapida grazie ai tamburi industriali<\/li><\/ul><h3>Stiratura: cura speciale per i capi delicati<\/h3><p>Il lavaggio a secco prevede il trattamento degli indumenti delicati degli ospiti dell'hotel o delle uniformi del personale. L'utilizzo di <strong>lavaggio a secco<\/strong>Questo metodo \u00e8 ideale per i tessuti sensibili che non possono essere lavati in acqua senza rischiare di danneggiarli.<\/p><ol><li>Diagnosi di macchie e scelta di <strong>solventi adatti<\/strong><\/li><li>Pulizia con <strong>soluzioni chimiche specializzate<\/strong><\/li><li>Ritocchi finali come l'eliminazione delle pieghe e l'imballaggio protettivo<\/li><\/ol><h3>Cucito: piccole riparazioni e aggiustamenti<\/h3><p>Un altro servizio prezioso nella lavanderia dell'hotel \u00e8 il <strong>cucire<\/strong>. Che si tratti di piccole riparazioni o aggiustamenti, questo servizio aggiunge un tocco di qualit\u00e0 in pi\u00f9 al soggiorno degli ospiti. Pu\u00f2 includere lavori come la cucitura di bottoni, la riparazione di strappi o l'aggiustamento di un orlo.<\/p><ul><li><strong>Riparazioni delle uniformi<\/strong> del personale<\/li><li>Manutenzione di <strong>tessuti danneggiati<\/strong><\/li><li>Su misura per le esigenze speciali dei clienti<\/li><\/ul><h3>La stiratura: un aspetto cruciale per una presentazione impeccabile<\/h3><p>La stiratura \u00e8 una fase cruciale del servizio di lavanderia. I capi puliti ma sgualciti hanno un aspetto trasandato, cosa inaccettabile in un hotel di qualit\u00e0. L'uso di <strong>assi da stiro professionali<\/strong> e i ferri giusti per ottenere risultati impeccabili.<\/p><ol><li>Preparare l'attrezzatura giusta<\/li><li>Stiratura accurata in base al tipo di tessuto<\/li><li>Ispezione finale prima della distribuzione<\/li><\/ol><h2>I vantaggi di un servizio di lavanderia interno<\/h2><p>L'integrazione di un servizio di lavanderia direttamente nell'hotel presenta diversi vantaggi rispetto all'utilizzo di fornitori di servizi esterni. In primo luogo, consente <strong>migliore controllo<\/strong> sul <strong>qualit\u00e0<\/strong> e la velocit\u00e0 del servizio fornito. In secondo luogo, gli interventi urgenti, come la fornitura di nuove lenzuola in caso di necessit\u00e0 immediata, possono essere eseguiti pi\u00f9 rapidamente.<\/p><h3>Riduzione dei costi e miglioramento della redditivit\u00e0<\/h3><p>La lavanderia interna spesso riduce i costi a lungo termine. Le spese per il trasporto, la lavorazione esterna e la perdita di materiali si riducono notevolmente. Inoltre, l'introduzione di <strong>processi ottimizzati<\/strong> migliora <strong>gestione e redditivit\u00e0<\/strong> servizio.<\/p><ul><li>Riduzione dei costi di trasporto e logistica<\/li><li>Meno perdite e danni ai tessuti<\/li><li>Ottimizzazione delle risorse interne<\/li><\/ul><h3>Migliorare la qualit\u00e0 e la percezione dei clienti<\/h3><p>Un servizio di lavanderia interno consente un controllo pi\u00f9 rigoroso di ogni fase della lavorazione dei tessuti. Gli hotel possono quindi garantire <strong>qualit\u00e0 costante<\/strong> e rispondere immediatamente al feedback dei loro clienti, migliorando cos\u00ec la qualit\u00e0 del loro lavoro. <strong>soddisfazione del cliente<\/strong>. Una biancheria impeccabilmente pulita e stirata contribuisce notevolmente alla percezione positiva dei visitatori.<\/p><h2>L'impatto ambientale dei servizi di lavanderia<\/h2><p>In un momento in cui la responsabilit\u00e0 ecologica sta diventando una delle principali preoccupazioni, anche i servizi di lavanderia devono adattarsi per ridurre al minimo il loro impatto ambientale. L'integrazione di <strong>pratiche sostenibili<\/strong> e le moderne tecnologie riducono il consumo di energia e di acqua, nonch\u00e9 l'uso di sostanze chimiche nocive.<\/p><h3>Utilizzo di tecnologie ecologiche<\/h3><p>Grazie ai progressi tecnologici, le lavanderie moderne sono ora in grado di utilizzare <strong>macchine ad alta efficienza energetica<\/strong> e <strong>riciclo dell'acqua<\/strong>. Queste innovazioni riducono in modo significativo l'impronta di carbonio del servizio, pur mantenendo elevati standard di pulizia.<\/p><ul><li>Macchine ad alta efficienza energetica<\/li><li>Sistemi di recupero e riutilizzo dell'acqua<\/li><li>Prodotti di lavanderia biodegradabili<\/li><\/ul><h3>Formazione e sensibilizzazione del personale<\/h3><p>La <strong>formazione del personale<\/strong> Educare i dipendenti alle buone pratiche ambientali \u00e8 un passo fondamentale per garantire l'efficacia delle iniziative sostenibili. Sensibilizzando i dipendenti alle questioni ambientali, \u00e8 possibile indurli ad adottare quotidianamente comportamenti responsabili, come l'ottimizzazione del carico delle macchine o l'uso oculato dei prodotti per la pulizia.<\/p><ol><li>Sessioni di formazione regolari<\/li><li>Impostazione di protocolli ecologici<\/li><li>Monitoraggio e valutazione delle prestazioni ecologiche<\/li><\/ol><p>L'integrazione di queste pratiche dimostra l'impegno dell'hotel per <strong>preservare l'ambiente<\/strong>Questo aspetto \u00e8 spesso apprezzato dai clienti, sempre pi\u00f9 attenti alla propria impronta ecologica.<\/p>\t\t\t\t\t\t\t\t<\/div>\n\t\t\t\t<\/div>\n\t\t\t\t<div class=\"elementor-element elementor-element-8b58a57 elementor-widget elementor-widget-spacer\" data-id=\"8b58a57\" data-element_type=\"widget\" data-e-type=\"widget\" data-widget_type=\"spacer.default\">\n\t\t\t\t<div class=\"elementor-widget-container\">\n\t\t\t\t\t\t\t<div class=\"elementor-spacer\">\n\t\t\t<div class=\"elementor-spacer-inner\"><\/div>\n\t\t<\/div>\n\t\t\t\t\t\t<\/div>\n\t\t\t\t<\/div>\n\t\t\t\t\t<\/div>\n\t\t<\/div>\n\t\t\t\t\t<\/div>\n\t\t<\/section>\n\t\t\t\t<\/div>","protected":false},"excerpt":{"rendered":"<p>D\u00e9couvrez le service de blanchisserie dans l&rsquo;h\u00f4tellerie Le secteur de l\u2019h\u00f4tellerie exige des standards extr\u00eamement \u00e9lev\u00e9s en mati\u00e8re d\u2019hygi\u00e8ne et de propret\u00e9. Un service de blanchisserie efficace est donc essentiel pour garantir une exp\u00e9rience client irr\u00e9prochable. Ce guide explore tout ce qu\u2019il faut savoir sur les diff\u00e9rents aspects du service de blanchisserie dans les h\u00f4tels, [&hellip;]<\/p>\n","protected":false},"author":18,"featured_media":0,"parent":21098,"menu_order":14,"comment_status":"closed","ping_status":"closed","template":"","meta":{"inline_featured_image":false,"footnotes":""},"class_list":["post-22240","page","type-page","status-publish","hentry"],"_links":{"self":[{"href":"https:\/\/www.chateauberne.com\/it\/wp-json\/wp\/v2\/pages\/22240","targetHints":{"allow":["GET"]}}],"collection":[{"href":"https:\/\/www.chateauberne.com\/it\/wp-json\/wp\/v2\/pages"}],"about":[{"href":"https:\/\/www.chateauberne.com\/it\/wp-json\/wp\/v2\/types\/page"}],"author":[{"embeddable":true,"href":"https:\/\/www.chateauberne.com\/it\/wp-json\/wp\/v2\/users\/18"}],"replies":[{"embeddable":true,"href":"https:\/\/www.chateauberne.com\/it\/wp-json\/wp\/v2\/comments?post=22240"}],"version-history":[{"count":7,"href":"https:\/\/www.chateauberne.com\/it\/wp-json\/wp\/v2\/pages\/22240\/revisions"}],"predecessor-version":[{"id":22382,"href":"https:\/\/www.chateauberne.com\/it\/wp-json\/wp\/v2\/pages\/22240\/revisions\/22382"}],"up":[{"embeddable":true,"href":"https:\/\/www.chateauberne.com\/it\/wp-json\/wp\/v2\/pages\/21098"}],"wp:attachment":[{"href":"https:\/\/www.chateauberne.com\/it\/wp-json\/wp\/v2\/media?parent=22240"}],"curies":[{"name":"wp","href":"https:\/\/api.w.org\/{rel}","templated":true}]}}