{"id":22241,"date":"2024-08-04T17:04:54","date_gmt":"2024-08-04T15:04:54","guid":{"rendered":"https:\/\/www.chateauberne.com\/?page_id=22241"},"modified":"2024-08-04T18:30:25","modified_gmt":"2024-08-04T16:30:25","slug":"petit-dejeuner-buffet","status":"publish","type":"page","link":"https:\/\/www.chateauberne.com\/it\/definition\/petit-dejeuner-buffet\/","title":{"rendered":"Colazione a buffet"},"content":{"rendered":"<div data-elementor-type=\"wp-page\" data-elementor-id=\"22241\" class=\"elementor elementor-22241\" data-elementor-post-type=\"page\">\n\t\t\t\t\t\t<section class=\"elementor-section elementor-top-section elementor-element elementor-element-bc34da9 elementor-section-full_width elementor-section-height-default elementor-section-height-default\" data-id=\"bc34da9\" data-element_type=\"section\" data-e-type=\"section\">\n\t\t\t\t\t\t<div class=\"elementor-container elementor-column-gap-default\">\n\t\t\t\t\t<div class=\"elementor-column elementor-col-100 elementor-top-column elementor-element elementor-element-83d3ec1\" data-id=\"83d3ec1\" data-element_type=\"column\" data-e-type=\"column\">\n\t\t\t<div class=\"elementor-widget-wrap elementor-element-populated\">\n\t\t\t\t\t\t<div class=\"elementor-element elementor-element-86ae637 elementor--h-position-center elementor--v-position-middle elementor-widget elementor-widget-slides\" data-id=\"86ae637\" data-element_type=\"widget\" data-e-type=\"widget\" data-settings=\"{&quot;navigation&quot;:&quot;none&quot;,&quot;transition&quot;:&quot;fade&quot;,&quot;transition_speed&quot;:500}\" data-widget_type=\"slides.default\">\n\t\t\t\t<div class=\"elementor-widget-container\">\n\t\t\t\t\t\t\t\t\t<div class=\"elementor-swiper\">\n\t\t\t\t\t<div class=\"elementor-slides-wrapper elementor-main-swiper swiper\" role=\"region\" aria-roledescription=\"carousel\" aria-label=\"Cursore\" dir=\"ltr\" data-animation=\"fadeInUp\">\n\t\t\t\t<div class=\"swiper-wrapper elementor-slides\">\n\t\t\t\t\t\t\t\t\t\t<div class=\"elementor-repeater-item-de8fba4 swiper-slide\" role=\"group\" aria-roledescription=\"slide\"><div class=\"swiper-slide-bg\" role=\"img\" aria-label=\"Colazione a buffet\"><\/div><div class=\"swiper-slide-inner\" ><div class=\"swiper-slide-contents\"><\/div><\/div><\/div>\t\t\t\t<\/div>\n\t\t\t\t\t\t\t<\/div>\n\t\t\t\t<\/div>\n\t\t\t\t\t\t\t\t<\/div>\n\t\t\t\t<\/div>\n\t\t\t\t\t<\/div>\n\t\t<\/div>\n\t\t\t\t\t<\/div>\n\t\t<\/section>\n\t\t\t\t<section class=\"elementor-section elementor-top-section elementor-element elementor-element-5cf06ff elementor-section-boxed elementor-section-height-default elementor-section-height-default\" data-id=\"5cf06ff\" data-element_type=\"section\" data-e-type=\"section\">\n\t\t\t\t\t\t<div class=\"elementor-container elementor-column-gap-default\">\n\t\t\t\t\t<div class=\"elementor-column elementor-col-100 elementor-top-column elementor-element elementor-element-3d63388\" data-id=\"3d63388\" data-element_type=\"column\" data-e-type=\"column\">\n\t\t\t<div class=\"elementor-widget-wrap\">\n\t\t\t\t\t\t\t<\/div>\n\t\t<\/div>\n\t\t\t\t\t<\/div>\n\t\t<\/section>\n\t\t\t\t<section class=\"elementor-section elementor-top-section elementor-element elementor-element-7f5ec95 elementor-section-boxed elementor-section-height-default elementor-section-height-default\" data-id=\"7f5ec95\" data-element_type=\"section\" data-e-type=\"section\">\n\t\t\t\t\t\t<div class=\"elementor-container elementor-column-gap-default\">\n\t\t\t\t\t<div class=\"elementor-column elementor-col-100 elementor-top-column elementor-element elementor-element-4ba4d21\" data-id=\"4ba4d21\" data-element_type=\"column\" data-e-type=\"column\">\n\t\t\t<div class=\"elementor-widget-wrap elementor-element-populated\">\n\t\t\t\t\t\t<div class=\"elementor-element elementor-element-734d688 elementor-widget elementor-widget-heading\" data-id=\"734d688\" data-element_type=\"widget\" data-e-type=\"widget\" data-widget_type=\"heading.default\">\n\t\t\t\t<div class=\"elementor-widget-container\">\n\t\t\t\t\t<h1 class=\"elementor-heading-title elementor-size-default\">La colazione a buffet: un servizio essenziale nel settore alberghiero<\/h1>\t\t\t\t<\/div>\n\t\t\t\t<\/div>\n\t\t\t\t<div class=\"elementor-element elementor-element-b98f450 elementor-widget-divider--view-line elementor-widget elementor-widget-divider\" data-id=\"b98f450\" data-element_type=\"widget\" data-e-type=\"widget\" data-widget_type=\"divider.default\">\n\t\t\t\t<div class=\"elementor-widget-container\">\n\t\t\t\t\t\t\t<div class=\"elementor-divider\">\n\t\t\t<span class=\"elementor-divider-separator\">\n\t\t\t\t\t\t<\/span>\n\t\t<\/div>\n\t\t\t\t\t\t<\/div>\n\t\t\t\t<\/div>\n\t\t\t\t<div class=\"elementor-element elementor-element-8fc19a8 elementor-widget__width-initial elementor-widget elementor-widget-text-editor\" data-id=\"8fc19a8\" data-element_type=\"widget\" data-e-type=\"widget\" data-widget_type=\"text-editor.default\">\n\t\t\t\t<div class=\"elementor-widget-container\">\n\t\t\t\t\t\t\t\t\t<p>Suggerisci un <strong>colazione a buffet<\/strong> La prima colazione \u00e8 una tradizione consolidata nel settore alberghiero e offre agli ospiti un'ampia scelta di cibi e bevande per iniziare bene la giornata. Questo tipo di colazione si distingue per <strong>variet\u00e0<\/strong> e il suo <strong>abbondanza<\/strong>\u00c8 il modo perfetto per creare un'esperienza personalizzata per ogni ospite. Esploriamo gli elementi essenziali che compongono questo servizio molto apprezzato dai viaggiatori e scopriamo come ottimizzarlo per soddisfare le aspettative degli ospiti e renderlo pi\u00f9 facile da gestire per gli hotel.<\/p><h2>I componenti essenziali di una colazione a buffet<\/h2><p>Una colazione a buffet di successo prevede una serie di elementi chiave che siano disposti in modo attraente e facilmente accessibili agli ospiti. Dal pane e i dolci alla frutta fresca e ai piatti caldi, ogni dettaglio \u00e8 importante.<\/p><h3>Pane e pasticceria<\/h3><p>Un'ampia selezione di pane appena sfornato e di <strong>dolci gustosi<\/strong> \u00e8 spesso la pietra miliare di una colazione a buffet. Ecco alcuni esempi comuni:<\/p><ul><li>Croissant<\/li><li>Pane al cioccolato<\/li><li>Una variet\u00e0 di pane, tra cui baguette, pane integrale e pane senza glutine<\/li><li>Brioches e muffin<\/li><\/ul><h3>Piatti caldi<\/h3><p>Per soddisfare i diversi gusti dei clienti, un buon buffet di solito include un'intera sezione dedicata a <strong>piatti caldi<\/strong>. Spesso includono :<\/p><ul><li>Uova strapazzate, fritte o sode<\/li><li>Pancetta e salsicce<\/li><li>Crostate e quiche salate<\/li><li>Verdure alla griglia<\/li><\/ul><h3>Frutta e latticini<\/h3><p>Offerta <strong>opzioni leggere e salutari<\/strong> \u00e8 altrettanto essenziale. Queste opzioni includono :<\/p><ul><li>Insalate di frutta fresca e intera<\/li><li>Yogurt magri e aromatizzati<\/li><li>Vari formaggi<\/li><li>Latte, latte vegetale (mandorla, soia) e succhi di frutta freschi<\/li><\/ul><h2>Organizzazione del buffet: consigli pratici<\/h2><p>Il layout e la presentazione sono fondamentali per massimizzare il fascino e la praticit\u00e0 di una colazione a buffet. Ecco alcuni punti da considerare.<\/p><h3>Accessori essenziali<\/h3><p>Accessori ben scelti aiutano a mantenere l'ordine e a migliorare l'esperienza dell'utente.<\/p><ul><li><strong>Porta asciugamani<\/strong> e vassoi per le posate: per tenere in ordine e rendere facilmente accessibili gli utensili.<\/li><li><strong>Cestini<\/strong> discreto: in modo che i clienti possano smaltire facilmente gli imballaggi e i rifiuti.<\/li><li><strong>Cucchiai e pinze<\/strong> Per servire in modo igienico piccole porzioni.<\/li><\/ul><h3>Layout strategico<\/h3><p>Per mantenere il traffico scorrevole e ridurre al minimo i tempi di attesa, considerate questi consigli:<\/p><ul><li>Separate le postazioni calde da quelle fredde: evitate gli ingorghi distanziando le diverse sezioni del buffet.<\/li><li>Diversificare <strong>stazioni per le bevande<\/strong> caff\u00e8, t\u00e8 e succhi di frutta in diversi punti.<\/li><li>Utilizzo <strong>etichette attraenti<\/strong> Gli alimenti: identificare chiaramente ogni alimento e indicare eventuali allergeni.<\/li><\/ul><h2>Suggerimenti per migliorare l'esperienza della colazione a buffet<\/h2><p>Andare oltre le aspettative aiuta a guadagnare punti con i clienti e a farli tornare. Ecco alcuni suggerimenti.<\/p><h3>Postazioni di cucina dal vivo<\/h3><p>L'aggiunta di un tocco interattivo con gli chef che preparano alcuni piatti su ordinazione, come omelette o cr\u00eapes, arricchisce l'esperienza del cliente.<\/p><h3>Degustazione di specialit\u00e0 locali<\/h3><p>Integrare <strong>prelibatezze locali<\/strong> permette ai clienti di scoprire la cultura regionale. Ad esempio:<\/p><ul><li>Prodotti artigianali come marmellate e formaggi regionali<\/li><li>Salumi tipici<\/li><li>Pasticceria locale<\/li><\/ul><h3>Opzioni dietetiche e per allergeni<\/h3><p>Per soddisfare tutti i tipi di dieta, l'aggiunta di opzioni adattate pu\u00f2 davvero fare la differenza. Offerta :<\/p><ul><li>Prodotti senza glutine e senza lattosio<\/li><li>Alternative vegetariane e vegane<\/li><li>Ingredienti biologici e minimamente lavorati<\/li><\/ul><h2>La logistica di una colazione a buffet di successo<\/h2><p>Un'organizzazione efficiente e una pianificazione meticolosa assicurano il successo quotidiano del servizio di prima colazione a buffet presso un <a href=\"https:\/\/www.chateauberne.com\/it\/hotel-et-villa\/\" target=\"_blank\" rel=\"noopener\">Albergo a 5 stelle<\/a>.<\/p><h3>Preparazione iniziale<\/h3><p>Un team dedicato alla preparazione dei cibi assicura che ogni mattina inizi senza problemi. Alcune pratiche chiave:<\/p><ul><li>Allestimento il giorno prima: preparate in anticipo i tavoli, gli utensili e alcune preparazioni culinarie non deperibili.<\/li><li>Organizzazione del team: definire chiaramente i ruoli e le responsabilit\u00e0 di ciascun membro del team per garantire un coordinamento fluido.<\/li><\/ul><h3>Controllo qualit\u00e0<\/h3><p>La freschezza e la qualit\u00e0 degli alimenti serviti non devono mai essere compromesse. L'attuazione di queste misure contribuisce a garantire gli standard previsti:<\/p><ul><li>Approvvigionamento responsabile: scegliere fornitori affidabili e di fiducia per una qualit\u00e0 costante.<\/li><li>Ispezioni regolari: effettuare controlli frequenti per verificare la temperatura e prevenire la contaminazione incrociata.<\/li><\/ul><h2>Il ruolo cruciale del personale<\/h2><p>Il personale svolge un ruolo centrale nel garantire la soddisfazione dei clienti durante la colazione.<\/p><h3>Formazione continua<\/h3><p>La formazione regolare del team sulle migliori pratiche di servizio contribuisce a garantire un servizio impeccabile. Questo include:<\/p><ul><li>Competenze in <strong>servizio clienti<\/strong> Accoglienza calorosa, sorriso e disponibilit\u00e0.<\/li><li>Conoscenza dei prodotti: capacit\u00e0 di informare e consigliare i clienti sui piatti disponibili.<\/li><\/ul><h3>Reattivit\u00e0 e pulizia<\/h3><p>Uno staff attento a ogni dettaglio garantisce la massima soddisfazione:<\/p><ul><li>Riempimento costante: assicurarsi che tutte le sezioni del buffet rimangano riempite.<\/li><li>Pulizia frequente: mantenere sempre puliti i tavoli e le aree di servizio.<\/li><\/ul>\t\t\t\t\t\t\t\t<\/div>\n\t\t\t\t<\/div>\n\t\t\t\t<div class=\"elementor-element elementor-element-8b58a57 elementor-widget elementor-widget-spacer\" data-id=\"8b58a57\" data-element_type=\"widget\" data-e-type=\"widget\" data-widget_type=\"spacer.default\">\n\t\t\t\t<div class=\"elementor-widget-container\">\n\t\t\t\t\t\t\t<div class=\"elementor-spacer\">\n\t\t\t<div class=\"elementor-spacer-inner\"><\/div>\n\t\t<\/div>\n\t\t\t\t\t\t<\/div>\n\t\t\t\t<\/div>\n\t\t\t\t\t<\/div>\n\t\t<\/div>\n\t\t\t\t\t<\/div>\n\t\t<\/section>\n\t\t\t\t<\/div>","protected":false},"excerpt":{"rendered":"<p>Petit-d\u00e9jeuner buffet : un service incontournable en h\u00f4tellerie Proposer un petit-d\u00e9jeuner buffet dans l&rsquo;h\u00f4tellerie est une tradition bien ancr\u00e9e, offrant aux clients un large choix de mets et boissons pour d\u00e9buter leur journ\u00e9e de mani\u00e8re agr\u00e9able. Ce type de petit-d\u00e9jeuner se distingue par sa vari\u00e9t\u00e9 et son abondance, permettant une exp\u00e9rience personnalis\u00e9e pour chaque client. [&hellip;]<\/p>\n","protected":false},"author":18,"featured_media":0,"parent":21098,"menu_order":15,"comment_status":"closed","ping_status":"closed","template":"","meta":{"inline_featured_image":false,"footnotes":""},"class_list":["post-22241","page","type-page","status-publish","hentry"],"_links":{"self":[{"href":"https:\/\/www.chateauberne.com\/it\/wp-json\/wp\/v2\/pages\/22241","targetHints":{"allow":["GET"]}}],"collection":[{"href":"https:\/\/www.chateauberne.com\/it\/wp-json\/wp\/v2\/pages"}],"about":[{"href":"https:\/\/www.chateauberne.com\/it\/wp-json\/wp\/v2\/types\/page"}],"author":[{"embeddable":true,"href":"https:\/\/www.chateauberne.com\/it\/wp-json\/wp\/v2\/users\/18"}],"replies":[{"embeddable":true,"href":"https:\/\/www.chateauberne.com\/it\/wp-json\/wp\/v2\/comments?post=22241"}],"version-history":[{"count":5,"href":"https:\/\/www.chateauberne.com\/it\/wp-json\/wp\/v2\/pages\/22241\/revisions"}],"predecessor-version":[{"id":22402,"href":"https:\/\/www.chateauberne.com\/it\/wp-json\/wp\/v2\/pages\/22241\/revisions\/22402"}],"up":[{"embeddable":true,"href":"https:\/\/www.chateauberne.com\/it\/wp-json\/wp\/v2\/pages\/21098"}],"wp:attachment":[{"href":"https:\/\/www.chateauberne.com\/it\/wp-json\/wp\/v2\/media?parent=22241"}],"curies":[{"name":"wp","href":"https:\/\/api.w.org\/{rel}","templated":true}]}}