{"id":22244,"date":"2024-08-04T17:50:59","date_gmt":"2024-08-04T15:50:59","guid":{"rendered":"https:\/\/www.chateauberne.com\/?page_id=22244"},"modified":"2024-08-04T18:25:38","modified_gmt":"2024-08-04T16:25:38","slug":"location-materiel-plage","status":"publish","type":"page","link":"https:\/\/www.chateauberne.com\/it\/definition\/location-materiel-plage\/","title":{"rendered":"Noleggio di attrezzature da spiaggia"},"content":{"rendered":"<div data-elementor-type=\"wp-page\" data-elementor-id=\"22244\" class=\"elementor elementor-22244\" data-elementor-post-type=\"page\">\n\t\t\t\t\t\t<section class=\"elementor-section elementor-top-section elementor-element elementor-element-bc34da9 elementor-section-full_width elementor-section-height-default elementor-section-height-default\" data-id=\"bc34da9\" data-element_type=\"section\" data-e-type=\"section\">\n\t\t\t\t\t\t<div class=\"elementor-container elementor-column-gap-default\">\n\t\t\t\t\t<div class=\"elementor-column elementor-col-100 elementor-top-column elementor-element elementor-element-83d3ec1\" data-id=\"83d3ec1\" data-element_type=\"column\" data-e-type=\"column\">\n\t\t\t<div class=\"elementor-widget-wrap elementor-element-populated\">\n\t\t\t\t\t\t<div class=\"elementor-element elementor-element-86ae637 elementor--h-position-center elementor--v-position-middle elementor-widget elementor-widget-slides\" data-id=\"86ae637\" data-element_type=\"widget\" data-e-type=\"widget\" data-settings=\"{&quot;navigation&quot;:&quot;none&quot;,&quot;transition&quot;:&quot;fade&quot;,&quot;transition_speed&quot;:500}\" data-widget_type=\"slides.default\">\n\t\t\t\t<div class=\"elementor-widget-container\">\n\t\t\t\t\t\t\t\t\t<div class=\"elementor-swiper\">\n\t\t\t\t\t<div class=\"elementor-slides-wrapper elementor-main-swiper swiper\" role=\"region\" aria-roledescription=\"carousel\" aria-label=\"Diapositive\" dir=\"ltr\" data-animation=\"fadeInUp\">\n\t\t\t\t<div class=\"swiper-wrapper elementor-slides\">\n\t\t\t\t\t\t\t\t\t\t<div class=\"elementor-repeater-item-de8fba4 swiper-slide\" role=\"group\" aria-roledescription=\"slide\"><div class=\"swiper-slide-bg\" role=\"img\" aria-label=\"spiaggia di pampelonne\"><\/div><div class=\"swiper-slide-inner\" ><div class=\"swiper-slide-contents\"><\/div><\/div><\/div>\t\t\t\t<\/div>\n\t\t\t\t\t\t\t<\/div>\n\t\t\t\t<\/div>\n\t\t\t\t\t\t\t\t<\/div>\n\t\t\t\t<\/div>\n\t\t\t\t\t<\/div>\n\t\t<\/div>\n\t\t\t\t\t<\/div>\n\t\t<\/section>\n\t\t\t\t<section class=\"elementor-section elementor-top-section elementor-element elementor-element-5cf06ff elementor-section-boxed elementor-section-height-default elementor-section-height-default\" data-id=\"5cf06ff\" data-element_type=\"section\" data-e-type=\"section\">\n\t\t\t\t\t\t<div class=\"elementor-container elementor-column-gap-default\">\n\t\t\t\t\t<div class=\"elementor-column elementor-col-100 elementor-top-column elementor-element elementor-element-3d63388\" data-id=\"3d63388\" data-element_type=\"column\" data-e-type=\"column\">\n\t\t\t<div class=\"elementor-widget-wrap\">\n\t\t\t\t\t\t\t<\/div>\n\t\t<\/div>\n\t\t\t\t\t<\/div>\n\t\t<\/section>\n\t\t\t\t<section class=\"elementor-section elementor-top-section elementor-element elementor-element-7f5ec95 elementor-section-boxed elementor-section-height-default elementor-section-height-default\" data-id=\"7f5ec95\" data-element_type=\"section\" data-e-type=\"section\">\n\t\t\t\t\t\t<div class=\"elementor-container elementor-column-gap-default\">\n\t\t\t\t\t<div class=\"elementor-column elementor-col-100 elementor-top-column elementor-element elementor-element-4ba4d21\" data-id=\"4ba4d21\" data-element_type=\"column\" data-e-type=\"column\">\n\t\t\t<div class=\"elementor-widget-wrap elementor-element-populated\">\n\t\t\t\t\t\t<div class=\"elementor-element elementor-element-734d688 elementor-widget elementor-widget-heading\" data-id=\"734d688\" data-element_type=\"widget\" data-e-type=\"widget\" data-widget_type=\"heading.default\">\n\t\t\t\t<div class=\"elementor-widget-container\">\n\t\t\t\t\t<h1 class=\"elementor-heading-title elementor-size-default\">Servizio di noleggio attrezzature da spiaggia per hotel: tutto quello che c'\u00e8 da sapere\n<\/h1>\t\t\t\t<\/div>\n\t\t\t\t<\/div>\n\t\t\t\t<div class=\"elementor-element elementor-element-b98f450 elementor-widget-divider--view-line elementor-widget elementor-widget-divider\" data-id=\"b98f450\" data-element_type=\"widget\" data-e-type=\"widget\" data-widget_type=\"divider.default\">\n\t\t\t\t<div class=\"elementor-widget-container\">\n\t\t\t\t\t\t\t<div class=\"elementor-divider\">\n\t\t\t<span class=\"elementor-divider-separator\">\n\t\t\t\t\t\t<\/span>\n\t\t<\/div>\n\t\t\t\t\t\t<\/div>\n\t\t\t\t<\/div>\n\t\t\t\t<div class=\"elementor-element elementor-element-8fc19a8 elementor-widget__width-initial elementor-widget elementor-widget-text-editor\" data-id=\"8fc19a8\" data-element_type=\"widget\" data-e-type=\"widget\" data-widget_type=\"text-editor.default\">\n\t\t\t\t<div class=\"elementor-widget-container\">\n\t\t\t\t\t\t\t\t\t<p>Le <strong>servizio di noleggio attrezzature da spiaggia<\/strong> \u00e8 diventato un elemento essenziale per molti hotel situati sulla costa o vicino alle spiagge. Non solo migliora la<strong>esperienza del cliente<\/strong>Questo articolo offre un'esplorazione dettagliata di tutto ci\u00f2 che occorre sapere per impostare e gestire questo tipo di servizio nel settore alberghiero. Questo articolo offre un'esplorazione dettagliata di tutto ci\u00f2 che \u00e8 necessario sapere sull'impostazione e la gestione di questo tipo di servizio nel settore alberghiero.<\/p><h2>Definizione e vantaggi del servizio di noleggio di attrezzature da spiaggia<\/h2><p>La <strong>noleggio attrezzature da spiaggia<\/strong> si intende la fornitura da parte di un hotel delle varie strutture necessarie per sfruttare al meglio le attivit\u00e0 balneari. Queste strutture possono includere <strong>ombrelloni<\/strong>e <strong>sedie a sdraio<\/strong>e <strong>asciugamani<\/strong>Strutture per gli sport acquatici come <strong>tavole da surf<\/strong>e prodotti per l'infanzia e la puericultura.<\/p><h3>Vantaggi per gli albergatori<\/h3><p>Per gli albergatori, offrire un <strong>servizio di noleggio<\/strong> di attrezzature da spiaggia offre una serie di vantaggi:<\/p><ul><li>Migliorare l'esperienza del cliente<\/li><li>Aumento di <strong>tassi di occupazione durante la stagione estiva<\/strong><\/li><li>Ulteriori mezzi per generare entrate<\/li><li>Differenziazione dalla concorrenza<\/li><\/ul><h3>Vantaggi per i clienti<\/h3><p>Anche i clienti beneficiano di questa offerta:<\/p><ul><li>Semplificare i preparativi per le vacanze<\/li><li>Possibilit\u00e0 di ridurre il peso del bagaglio<\/li><li>Accesso ad attrezzature di qualit\u00e0 senza investimenti personali<\/li><li>Maggiore comfort durante il soggiorno<\/li><\/ul><h2>Tipi di attrezzature da spiaggia a noleggio<\/h2><p>La gamma di strutture disponibili pu\u00f2 variare a seconda della posizione dell'hotel e delle esigenze specifiche della clientela.<\/p><h3>Equipaggiamento standard<\/h3><p>Alcune strutture sono praticamente inscindibili dai servizi offerti da un hotel sul mare:<\/p><ul><li>Ombrelli<\/li><li>Sedie a sdraio<\/li><li>Tappetini da spiaggia<\/li><li>Asciugamani<\/li><\/ul><h3>Impianti sportivi<\/h3><p>Offerta <strong>attrezzature per sport acquatici<\/strong> possono attirare una clientela pi\u00f9 avventurosa. Ecco alcuni esempi:<\/p><ul><li>Tavole da surf<\/li><li>Kit per immersioni<\/li><li>Tavole da paddle<\/li><li>Gommoni<\/li><\/ul><h3>Attrezzature per bambini e assistenza all'infanzia<\/h3><p>Un'attenzione particolare alle famiglie con bambini comporta spesso la disponibilit\u00e0 di attrezzature adattate:<\/p><ul><li>Giocattoli da spiaggia<\/li><li>Mini piscine<\/li><li>Seggiolini per bambini<\/li><li>Passeggini adattati alla sabbia<\/li><\/ul><h2>Gestione dei servizi di noleggio<\/h2><p>Impostare un <strong>struttura efficiente<\/strong> per la gestione di questo servizio contribuisce in modo significativo al suo successo.<\/p><h3>Organizzazione logistica<\/h3><p>Una buona organizzazione logistica comprende :<\/p><ul><li>Un'area dedicata al deposito e alla manutenzione delle attrezzature<\/li><li>A <strong>sistema di prenotazione chiaro e accessibile<\/strong><\/li><li>Monitoraggio rigoroso delle condizioni e della disponibilit\u00e0 delle apparecchiature<\/li><\/ul><h3>Formazione del personale<\/h3><p>La formazione del personale \u00e8 fondamentale per garantire un servizio di qualit\u00e0:<\/p><ul><li>Come presentare e proporre ai clienti diversi tipi di apparecchiature<\/li><li>Metodi di manutenzione e pulizia delle apparecchiature<\/li><li>Gestione delle prenotazioni e dei resi<\/li><\/ul><h2>Marketing e promozione del servizio<\/h2><p>Per massimizzare l'impatto del servizio di noleggio di attrezzature da spiaggia, \u00e8 importante impostare una <strong>una strategia di marketing appropriata<\/strong>.<\/p><h3>Presenza sul sito web dell'hotel<\/h3><p>\u00c8 essenziale informare i potenziali ospiti di questo servizio fin dalla loro prima interazione con il sito web dell'hotel:<\/p><ul><li>Creazione di una sezione dedicata sul sito web che presenta il catalogo completo<\/li><li>Foto accattivanti dell'attrezzatura e del suo utilizzo<\/li><li>Informazioni chiare su prezzi e termini e condizioni<\/li><\/ul><h3>Promozioni e offerte speciali<\/h3><p>Le promozioni possono incoraggiare i clienti a utilizzare i servizi di noleggio:<\/p><ul><li>Sconti per la prenotazione online<\/li><li>Offerte combinate (ad es. noleggio di pi\u00f9 articoli a tariffa ridotta)<\/li><li>Pacchetti comprensivi di alloggio e accesso alle attrezzature da spiaggia<\/li><\/ul><h2>Personalizzare il servizio in base al tema e all'evento<\/h2><p>Adattare il servizio di noleggio a diverse <strong>temi ed eventi<\/strong> crea un'esperienza unica.<\/p><h3>Argomenti specifici<\/h3><p>A seconda della posizione dell'hotel e della stagione, si possono esplorare diversi temi:<\/p><ul><li>Attivit\u00e0 estive in spiaggia<\/li><li>Avventure acquatiche per gli amanti del brivido<\/li><li>Momenti di relax con strutture per il benessere (ad es. comode sedie a sdraio, tende ombreggiate)<\/li><\/ul><h3>Eventi speciali<\/h3><p>Includere <strong>servizi specializzati<\/strong> per determinati eventi pu\u00f2 essere utilizzato anche per rivolgersi a una clientela specifica:<\/p><ul><li>Festival locali con strutture di intrattenimento all'aperto<\/li><li>Gare sportive con attrezzature adeguate<\/li><li>Celebrazioni private come matrimoni sulla spiaggia<\/li><\/ul><h2>Sostenibilit\u00e0 e impatto ambientale<\/h2><p>Integrare <strong>considerazioni ecologiche<\/strong> nella gestione del servizio di noleggio pu\u00f2 interessare i clienti che si preoccupano del loro impatto ambientale.<\/p><h3>Scelta dell'attrezzatura<\/h3><p>Optare per <strong>materiali durevoli<\/strong> e\/o riciclabile :<\/p><ul><li>Articoli realizzati con materiali riciclati<\/li><li>Prodotti progettati per una lunga durata<\/li><li>Apparecchiature che richiedono poca manutenzione chimica<\/li><\/ul><h3>Riduzione dei rifiuti<\/h3><p>Incoraggiare le pratiche ecologiche:<\/p><ul><li>Suggerire il riutilizzo delle attrezzature attraverso una manutenzione regolare<\/li><li>Creazione di autolavaggi eco-responsabili<\/li><li>Sensibilizzare i clienti alla conservazione delle risorse<\/li><\/ul>\t\t\t\t\t\t\t\t<\/div>\n\t\t\t\t<\/div>\n\t\t\t\t<div class=\"elementor-element elementor-element-8b58a57 elementor-widget elementor-widget-spacer\" data-id=\"8b58a57\" data-element_type=\"widget\" data-e-type=\"widget\" data-widget_type=\"spacer.default\">\n\t\t\t\t<div class=\"elementor-widget-container\">\n\t\t\t\t\t\t\t<div class=\"elementor-spacer\">\n\t\t\t<div class=\"elementor-spacer-inner\"><\/div>\n\t\t<\/div>\n\t\t\t\t\t\t<\/div>\n\t\t\t\t<\/div>\n\t\t\t\t\t<\/div>\n\t\t<\/div>\n\t\t\t\t\t<\/div>\n\t\t<\/section>\n\t\t\t\t<\/div>","protected":false},"excerpt":{"rendered":"<p>Service de location de mat\u00e9riel de plage dans le cadre de l&rsquo;h\u00f4tellerie : tout ce qu&rsquo;il faut savoir Le service de location de mat\u00e9riel de plage est devenu un \u00e9l\u00e9ment essentiel pour de nombreux h\u00f4tels situ\u00e9s sur les c\u00f4tes ou \u00e0 proximit\u00e9 des plages. Il permet non seulement d&rsquo;am\u00e9liorer l&rsquo;exp\u00e9rience client, mais \u00e9galement de se [&hellip;]<\/p>\n","protected":false},"author":18,"featured_media":0,"parent":21098,"menu_order":17,"comment_status":"closed","ping_status":"closed","template":"","meta":{"inline_featured_image":false,"footnotes":""},"class_list":["post-22244","page","type-page","status-publish","hentry"],"_links":{"self":[{"href":"https:\/\/www.chateauberne.com\/it\/wp-json\/wp\/v2\/pages\/22244","targetHints":{"allow":["GET"]}}],"collection":[{"href":"https:\/\/www.chateauberne.com\/it\/wp-json\/wp\/v2\/pages"}],"about":[{"href":"https:\/\/www.chateauberne.com\/it\/wp-json\/wp\/v2\/types\/page"}],"author":[{"embeddable":true,"href":"https:\/\/www.chateauberne.com\/it\/wp-json\/wp\/v2\/users\/18"}],"replies":[{"embeddable":true,"href":"https:\/\/www.chateauberne.com\/it\/wp-json\/wp\/v2\/comments?post=22244"}],"version-history":[{"count":7,"href":"https:\/\/www.chateauberne.com\/it\/wp-json\/wp\/v2\/pages\/22244\/revisions"}],"predecessor-version":[{"id":22386,"href":"https:\/\/www.chateauberne.com\/it\/wp-json\/wp\/v2\/pages\/22244\/revisions\/22386"}],"up":[{"embeddable":true,"href":"https:\/\/www.chateauberne.com\/it\/wp-json\/wp\/v2\/pages\/21098"}],"wp:attachment":[{"href":"https:\/\/www.chateauberne.com\/it\/wp-json\/wp\/v2\/media?parent=22244"}],"curies":[{"name":"wp","href":"https:\/\/api.w.org\/{rel}","templated":true}]}}