{"id":22245,"date":"2024-08-04T17:41:21","date_gmt":"2024-08-04T15:41:21","guid":{"rendered":"https:\/\/www.chateauberne.com\/?page_id=22245"},"modified":"2024-08-04T18:26:21","modified_gmt":"2024-08-04T16:26:21","slug":"billetterie","status":"publish","type":"page","link":"https:\/\/www.chateauberne.com\/it\/definition\/billetterie\/","title":{"rendered":"Biglietti"},"content":{"rendered":"<div data-elementor-type=\"wp-page\" data-elementor-id=\"22245\" class=\"elementor elementor-22245\" data-elementor-post-type=\"page\">\n\t\t\t\t\t\t<section class=\"elementor-section elementor-top-section elementor-element elementor-element-bc34da9 elementor-section-full_width elementor-section-height-default elementor-section-height-default\" data-id=\"bc34da9\" data-element_type=\"section\" data-e-type=\"section\">\n\t\t\t\t\t\t<div class=\"elementor-container elementor-column-gap-default\">\n\t\t\t\t\t<div class=\"elementor-column elementor-col-100 elementor-top-column elementor-element elementor-element-83d3ec1\" data-id=\"83d3ec1\" data-element_type=\"column\" data-e-type=\"column\">\n\t\t\t<div class=\"elementor-widget-wrap elementor-element-populated\">\n\t\t\t\t\t\t<div class=\"elementor-element elementor-element-86ae637 elementor--h-position-center elementor--v-position-middle elementor-widget elementor-widget-slides\" data-id=\"86ae637\" data-element_type=\"widget\" data-e-type=\"widget\" data-settings=\"{&quot;navigation&quot;:&quot;none&quot;,&quot;transition&quot;:&quot;fade&quot;,&quot;transition_speed&quot;:500}\" data-widget_type=\"slides.default\">\n\t\t\t\t<div class=\"elementor-widget-container\">\n\t\t\t\t\t\t\t\t\t<div class=\"elementor-swiper\">\n\t\t\t\t\t<div class=\"elementor-slides-wrapper elementor-main-swiper swiper\" role=\"region\" aria-roledescription=\"carousel\" aria-label=\"Diapositive\" dir=\"ltr\" data-animation=\"fadeInUp\">\n\t\t\t\t<div class=\"swiper-wrapper elementor-slides\">\n\t\t\t\t\t\t\t\t\t\t<div class=\"elementor-repeater-item-de8fba4 swiper-slide\" role=\"group\" aria-roledescription=\"slide\"><div class=\"swiper-slide-bg\" role=\"img\" aria-label=\"Check-out dell&#039;hotel\"><\/div><div class=\"swiper-slide-inner\" ><div class=\"swiper-slide-contents\"><\/div><\/div><\/div>\t\t\t\t<\/div>\n\t\t\t\t\t\t\t<\/div>\n\t\t\t\t<\/div>\n\t\t\t\t\t\t\t\t<\/div>\n\t\t\t\t<\/div>\n\t\t\t\t\t<\/div>\n\t\t<\/div>\n\t\t\t\t\t<\/div>\n\t\t<\/section>\n\t\t\t\t<section class=\"elementor-section elementor-top-section elementor-element elementor-element-5cf06ff elementor-section-boxed elementor-section-height-default elementor-section-height-default\" data-id=\"5cf06ff\" data-element_type=\"section\" data-e-type=\"section\">\n\t\t\t\t\t\t<div class=\"elementor-container elementor-column-gap-default\">\n\t\t\t\t\t<div class=\"elementor-column elementor-col-100 elementor-top-column elementor-element elementor-element-3d63388\" data-id=\"3d63388\" data-element_type=\"column\" data-e-type=\"column\">\n\t\t\t<div class=\"elementor-widget-wrap\">\n\t\t\t\t\t\t\t<\/div>\n\t\t<\/div>\n\t\t\t\t\t<\/div>\n\t\t<\/section>\n\t\t\t\t<section class=\"elementor-section elementor-top-section elementor-element elementor-element-7f5ec95 elementor-section-boxed elementor-section-height-default elementor-section-height-default\" data-id=\"7f5ec95\" data-element_type=\"section\" data-e-type=\"section\">\n\t\t\t\t\t\t<div class=\"elementor-container elementor-column-gap-default\">\n\t\t\t\t\t<div class=\"elementor-column elementor-col-100 elementor-top-column elementor-element elementor-element-4ba4d21\" data-id=\"4ba4d21\" data-element_type=\"column\" data-e-type=\"column\">\n\t\t\t<div class=\"elementor-widget-wrap elementor-element-populated\">\n\t\t\t\t\t\t<div class=\"elementor-element elementor-element-734d688 elementor-widget elementor-widget-heading\" data-id=\"734d688\" data-element_type=\"widget\" data-e-type=\"widget\" data-widget_type=\"heading.default\">\n\t\t\t\t<div class=\"elementor-widget-container\">\n\t\t\t\t\t<h1 class=\"elementor-heading-title elementor-size-default\">Biglietteria alberghiera: tutto quello che c'\u00e8 da sapere\n<\/h1>\t\t\t\t<\/div>\n\t\t\t\t<\/div>\n\t\t\t\t<div class=\"elementor-element elementor-element-b98f450 elementor-widget-divider--view-line elementor-widget elementor-widget-divider\" data-id=\"b98f450\" data-element_type=\"widget\" data-e-type=\"widget\" data-widget_type=\"divider.default\">\n\t\t\t\t<div class=\"elementor-widget-container\">\n\t\t\t\t\t\t\t<div class=\"elementor-divider\">\n\t\t\t<span class=\"elementor-divider-separator\">\n\t\t\t\t\t\t<\/span>\n\t\t<\/div>\n\t\t\t\t\t\t<\/div>\n\t\t\t\t<\/div>\n\t\t\t\t<div class=\"elementor-element elementor-element-8fc19a8 elementor-widget__width-initial elementor-widget elementor-widget-text-editor\" data-id=\"8fc19a8\" data-element_type=\"widget\" data-e-type=\"widget\" data-widget_type=\"text-editor.default\">\n\t\t\t\t<div class=\"elementor-widget-container\">\n\t\t\t\t\t\t\t\t\t<p>Nel settore alberghiero, il <strong>biglietteria<\/strong> svolge un ruolo fondamentale nel migliorare l'esperienza del cliente. Capire come ottimizzare questo servizio non solo pu\u00f2 aumentare la vostra <strong>ricavi<\/strong>Questo articolo approfondisce i vari aspetti e i vantaggi del ticketing nel settore alberghiero. Questo articolo approfondisce i vari aspetti e i vantaggi del ticketing nel settore alberghiero.<\/p><p><a href=\"https:\/\/www.chateauberne.com\/it\/hotel-et-villa\/\" target=\"_blank\" rel=\"noopener\">Tutti i nostri servizi<\/a><\/p><h2>Definizione e importanza della biglietteria nel settore alberghiero<\/h2><p>La biglietteria alberghiera prevede principalmente la vendita di <strong>biglietti<\/strong> per eventi locali come spettacoli, concerti e visite turistiche. Il sistema di prenotazione dei posti dell'hotel consente agli ospiti di usufruire di un'ampia gamma di servizi. <strong>accesso facilitato<\/strong> a vari eventi senza dover passare per canali esterni.<\/p><h3>La biglietteria gioca un ruolo fondamentale per gli hotel<\/h3><p>L'offerta di servizi di biglietteria consente agli hotel di aumentare la loro <strong>attrattiva<\/strong> e le loro <strong>competitivit\u00e0<\/strong>. I turisti, soprattutto quelli che vengono da lontano, apprezzano molto la comodit\u00e0 di poter prenotare i posti a sedere direttamente dalla propria struttura ricettiva. Fornendo questo servizio, gli hotel possono distinguersi dalla concorrenza.<\/p><h3>Esempi pratici di biglietteria alberghiera<\/h3><p>Gli hotel hanno diverse modalit\u00e0 di vendita dei biglietti:<\/p><ul><li><strong>Vendita in loco<\/strong> Offrire biglietti al banco della reception per interagire direttamente con i clienti.<\/li><li><strong>Portali online<\/strong> Integrazione di una piattaforma di biglietteria sul sito web dell'hotel, dove gli ospiti possono acquistare i biglietti al momento della prenotazione delle camere.<\/li><li><strong>Partnership con organizzatori di eventi<\/strong> Collaborare con gli organizzatori per offrire sconti esclusivi agli ospiti dell'hotel.<\/li><\/ul><h2>Vantaggi per gli ospiti e per l'hotel<\/h2><h3>Vantaggi per i clienti<\/h3><p>Per i clienti, la biglietteria alberghiera semplifica notevolmente l'organizzazione del soggiorno. Ecco alcuni dei principali vantaggi:<\/p><ul><li><strong>Convenienza<\/strong> Acquistare i biglietti senza lasciare l'hotel, eliminando la necessit\u00e0 per gli ospiti di cercare punti vendita esterni.<\/li><li><strong>Assicurazione<\/strong> : Biglietti garantiti per eventi popolari, che spesso si esauriscono rapidamente altrove.<\/li><li><strong>Offerte speciali<\/strong> Accesso potenziale a tariffe preferenziali o a posti di prima categoria riservati esclusivamente ai residenti dell'hotel.<\/li><\/ul><h3>Vantaggi per gli hotel<\/h3><p>I vantaggi non sono solo per i clienti; anche gli hotel beneficiano di sistemi di biglietteria integrati:<\/p><ul><li><strong>Aumento delle entrate<\/strong> Generare vendite supplementari offrendo servizi complementari.<\/li><li><strong>Fidelizzare i clienti<\/strong> Un'esperienza utente migliore che incoraggia gli ospiti a tornare e a raccomandare l'hotel.<\/li><li><strong>Migliorare l'immagine del marchio<\/strong> Un hotel a servizio completo \u00e8 considerato lungimirante e attento al benessere dei suoi ospiti.<\/li><\/ul><h2>Impostazione di un sistema di ticketing efficiente<\/h2><h3>Scegliere la soluzione giusta<\/h3><p>La scelta di una soluzione di biglietteria \u00e8 fondamentale per garantire un utilizzo fluido ed efficiente. Esistono due categorie principali di soluzioni:<\/p><ul><li><strong>Soluzioni interne<\/strong> Sviluppo di un modulo interno integrato nel sistema di gestione esistente dell'hotel.<\/li><li><strong>Soluzioni di terze parti<\/strong> Utilizzo di piattaforme di biglietteria specializzate, che spesso offrono pi\u00f9 funzioni e una manutenzione dedicata.<\/li><\/ul><h3>Integrazione con i sistemi di gestione alberghiera<\/h3><p>I sistemi di biglietteria devono essere perfettamente integrati con altri sistemi di gestione (<strong>PMS - Sistema di gestione della propriet\u00e0<\/strong>) e la prenotazione alberghiera per evitare qualsiasi confusione o problema tecnico. Una buona sincronizzazione permette di offrire <strong>Esperienza cliente senza soluzione di continuit\u00e0<\/strong>.<\/p><h3>Formazione del personale<\/h3><p>L'efficacia di un sistema di biglietteria dipende in larga misura da come viene utilizzato dal personale dell'hotel:<\/p><ol><li><strong>Formazione iniziale<\/strong> Il personale deve essere addestrato all'uso del nuovo sistema di biglietteria.<\/li><li><strong>Supporto continuo<\/strong> Per mantenere un livello di servizio ottimale, devono essere disponibili sessioni di aggiornamento regolari e supporto tecnico.<\/li><\/ol><h2>Promuovere e commercializzare il servizio di biglietteria presso i clienti.<\/h2><h3>Promozioni online e offline<\/h3><p>Per massimizzare l'uso del ticketing, il servizio deve essere promosso attivamente:<\/p><ul><li><strong>In linea<\/strong> Utilizzo di social network, email marketing e banner sul sito web dell'hotel per informare i potenziali clienti sulle offerte di biglietteria.<\/li><li><strong>Non in linea<\/strong> L'hotel offre un'ampia gamma di servizi: espositori nell'area della reception, brochure nelle camere e interazione diretta durante il processo di check-in.<\/li><\/ul><h3>Pacchetti e fardelli<\/h3><p>L'offerta di pacchetti che includono alloggio e biglietti per eventi speciali pu\u00f2 attirare pi\u00f9 clienti. Ad esempio, un pacchetto \"weekend romantico\" potrebbe includere due notti in hotel e biglietti per uno spettacolo locale.<\/p><h2>Monitoraggio e valutazione del servizio di biglietteria<\/h2><h3>Raccogliere il feedback dei clienti<\/h3><p>La raccolta dei feedback dei clienti pu\u00f2 fornire indicazioni preziose sull'efficacia del servizio di biglietteria. Questo pu\u00f2 essere fatto tramite :<\/p><ul><li><strong>Questionari<\/strong> Distribuito fisicamente alla partenza o inviato per e-mail dopo la vacanza.<\/li><li><strong>Piattaforme di recensioni online<\/strong> Incoraggiate i clienti a lasciare commenti sui siti di recensioni e sui social media.<\/li><\/ul><h3>Analisi dei dati di vendita<\/h3><p>L'analisi regolare dei dati di vendita aiuta a identificare le tendenze e ad adeguare le strategie di vendita. Gli strumenti analitici possono rivelare quali categorie di biglietti si vendono meglio e quando, consentendo di adattare meglio le offerte stagionali.<\/p><h3>Adeguamenti e miglioramenti continui<\/h3><p>Una volta raccolto e analizzato il feedback, \u00e8 possibile apportare le modifiche necessarie per migliorare continuamente il servizio di biglietteria. Ci\u00f2 potrebbe comportare modifiche ai tipi di eventi offerti, adeguamenti dei prezzi o persino l'ottimizzazione della piattaforma di biglietteria stessa.<\/p>\t\t\t\t\t\t\t\t<\/div>\n\t\t\t\t<\/div>\n\t\t\t\t<div class=\"elementor-element elementor-element-8b58a57 elementor-widget elementor-widget-spacer\" data-id=\"8b58a57\" data-element_type=\"widget\" data-e-type=\"widget\" data-widget_type=\"spacer.default\">\n\t\t\t\t<div class=\"elementor-widget-container\">\n\t\t\t\t\t\t\t<div class=\"elementor-spacer\">\n\t\t\t<div class=\"elementor-spacer-inner\"><\/div>\n\t\t<\/div>\n\t\t\t\t\t\t<\/div>\n\t\t\t\t<\/div>\n\t\t\t\t\t<\/div>\n\t\t<\/div>\n\t\t\t\t\t<\/div>\n\t\t<\/section>\n\t\t\t\t<\/div>","protected":false},"excerpt":{"rendered":"<p>Billetterie dans l&rsquo;h\u00f4tellerie : tout ce qu&rsquo;il faut savoir Dans le secteur de l&rsquo;h\u00f4tellerie, la billetterie joue un r\u00f4le essentiel pour am\u00e9liorer l&rsquo;exp\u00e9rience client. Comprendre comment optimiser ce service peut non seulement augmenter les revenus, mais \u00e9galement renforcer la satisfaction des clients. Cet article explore en profondeur les divers aspects et avantages de la billetterie [&hellip;]<\/p>\n","protected":false},"author":18,"featured_media":0,"parent":21098,"menu_order":18,"comment_status":"closed","ping_status":"closed","template":"","meta":{"inline_featured_image":false,"footnotes":""},"class_list":["post-22245","page","type-page","status-publish","hentry"],"_links":{"self":[{"href":"https:\/\/www.chateauberne.com\/it\/wp-json\/wp\/v2\/pages\/22245","targetHints":{"allow":["GET"]}}],"collection":[{"href":"https:\/\/www.chateauberne.com\/it\/wp-json\/wp\/v2\/pages"}],"about":[{"href":"https:\/\/www.chateauberne.com\/it\/wp-json\/wp\/v2\/types\/page"}],"author":[{"embeddable":true,"href":"https:\/\/www.chateauberne.com\/it\/wp-json\/wp\/v2\/users\/18"}],"replies":[{"embeddable":true,"href":"https:\/\/www.chateauberne.com\/it\/wp-json\/wp\/v2\/comments?post=22245"}],"version-history":[{"count":6,"href":"https:\/\/www.chateauberne.com\/it\/wp-json\/wp\/v2\/pages\/22245\/revisions"}],"predecessor-version":[{"id":22388,"href":"https:\/\/www.chateauberne.com\/it\/wp-json\/wp\/v2\/pages\/22245\/revisions\/22388"}],"up":[{"embeddable":true,"href":"https:\/\/www.chateauberne.com\/it\/wp-json\/wp\/v2\/pages\/21098"}],"wp:attachment":[{"href":"https:\/\/www.chateauberne.com\/it\/wp-json\/wp\/v2\/media?parent=22245"}],"curies":[{"name":"wp","href":"https:\/\/api.w.org\/{rel}","templated":true}]}}