{"id":22254,"date":"2024-08-04T17:29:56","date_gmt":"2024-08-04T15:29:56","guid":{"rendered":"https:\/\/www.chateauberne.com\/?page_id=22254"},"modified":"2024-08-04T18:27:32","modified_gmt":"2024-08-04T16:27:32","slug":"reception","status":"publish","type":"page","link":"https:\/\/www.chateauberne.com\/it\/definition\/reception\/","title":{"rendered":"Ricezione"},"content":{"rendered":"<div data-elementor-type=\"wp-page\" data-elementor-id=\"22254\" class=\"elementor elementor-22254\" data-elementor-post-type=\"page\">\n\t\t\t\t\t\t<section class=\"elementor-section elementor-top-section elementor-element elementor-element-bc34da9 elementor-section-full_width elementor-section-height-default elementor-section-height-default\" data-id=\"bc34da9\" data-element_type=\"section\" data-e-type=\"section\">\n\t\t\t\t\t\t<div class=\"elementor-container elementor-column-gap-default\">\n\t\t\t\t\t<div class=\"elementor-column elementor-col-100 elementor-top-column elementor-element elementor-element-83d3ec1\" data-id=\"83d3ec1\" data-element_type=\"column\" data-e-type=\"column\">\n\t\t\t<div class=\"elementor-widget-wrap elementor-element-populated\">\n\t\t\t\t\t\t<div class=\"elementor-element elementor-element-86ae637 elementor--h-position-center elementor--v-position-middle elementor-widget elementor-widget-slides\" data-id=\"86ae637\" data-element_type=\"widget\" data-e-type=\"widget\" data-settings=\"{&quot;navigation&quot;:&quot;none&quot;,&quot;transition&quot;:&quot;fade&quot;,&quot;transition_speed&quot;:500}\" data-widget_type=\"slides.default\">\n\t\t\t\t<div class=\"elementor-widget-container\">\n\t\t\t\t\t\t\t\t\t<div class=\"elementor-swiper\">\n\t\t\t\t\t<div class=\"elementor-slides-wrapper elementor-main-swiper swiper\" role=\"region\" aria-roledescription=\"carousel\" aria-label=\"Diapositive\" dir=\"ltr\" data-animation=\"fadeInUp\">\n\t\t\t\t<div class=\"swiper-wrapper elementor-slides\">\n\t\t\t\t\t\t\t\t\t\t<div class=\"elementor-repeater-item-de8fba4 swiper-slide\" role=\"group\" aria-roledescription=\"slide\"><div class=\"swiper-slide-bg\" role=\"img\" aria-label=\"Ricevimento al Castello di Berna\"><\/div><div class=\"swiper-slide-inner\" ><div class=\"swiper-slide-contents\"><\/div><\/div><\/div>\t\t\t\t<\/div>\n\t\t\t\t\t\t\t<\/div>\n\t\t\t\t<\/div>\n\t\t\t\t\t\t\t\t<\/div>\n\t\t\t\t<\/div>\n\t\t\t\t\t<\/div>\n\t\t<\/div>\n\t\t\t\t\t<\/div>\n\t\t<\/section>\n\t\t\t\t<section class=\"elementor-section elementor-top-section elementor-element elementor-element-5cf06ff elementor-section-boxed elementor-section-height-default elementor-section-height-default\" data-id=\"5cf06ff\" data-element_type=\"section\" data-e-type=\"section\">\n\t\t\t\t\t\t<div class=\"elementor-container elementor-column-gap-default\">\n\t\t\t\t\t<div class=\"elementor-column elementor-col-100 elementor-top-column elementor-element elementor-element-3d63388\" data-id=\"3d63388\" data-element_type=\"column\" data-e-type=\"column\">\n\t\t\t<div class=\"elementor-widget-wrap\">\n\t\t\t\t\t\t\t<\/div>\n\t\t<\/div>\n\t\t\t\t\t<\/div>\n\t\t<\/section>\n\t\t\t\t<section class=\"elementor-section elementor-top-section elementor-element elementor-element-7f5ec95 elementor-section-boxed elementor-section-height-default elementor-section-height-default\" data-id=\"7f5ec95\" data-element_type=\"section\" data-e-type=\"section\">\n\t\t\t\t\t\t<div class=\"elementor-container elementor-column-gap-default\">\n\t\t\t\t\t<div class=\"elementor-column elementor-col-100 elementor-top-column elementor-element elementor-element-4ba4d21\" data-id=\"4ba4d21\" data-element_type=\"column\" data-e-type=\"column\">\n\t\t\t<div class=\"elementor-widget-wrap elementor-element-populated\">\n\t\t\t\t\t\t<div class=\"elementor-element elementor-element-734d688 elementor-widget elementor-widget-heading\" data-id=\"734d688\" data-element_type=\"widget\" data-e-type=\"widget\" data-widget_type=\"heading.default\">\n\t\t\t\t<div class=\"elementor-widget-container\">\n\t\t\t\t\t<h1 class=\"elementor-heading-title elementor-size-default\">Tutto quello che c'\u00e8 da sapere sulla reception dell'hotel\n<\/h1>\t\t\t\t<\/div>\n\t\t\t\t<\/div>\n\t\t\t\t<div class=\"elementor-element elementor-element-b98f450 elementor-widget-divider--view-line elementor-widget elementor-widget-divider\" data-id=\"b98f450\" data-element_type=\"widget\" data-e-type=\"widget\" data-widget_type=\"divider.default\">\n\t\t\t\t<div class=\"elementor-widget-container\">\n\t\t\t\t\t\t\t<div class=\"elementor-divider\">\n\t\t\t<span class=\"elementor-divider-separator\">\n\t\t\t\t\t\t<\/span>\n\t\t<\/div>\n\t\t\t\t\t\t<\/div>\n\t\t\t\t<\/div>\n\t\t\t\t<div class=\"elementor-element elementor-element-8fc19a8 elementor-widget__width-initial elementor-widget elementor-widget-text-editor\" data-id=\"8fc19a8\" data-element_type=\"widget\" data-e-type=\"widget\" data-widget_type=\"text-editor.default\">\n\t\t\t\t<div class=\"elementor-widget-container\">\n\t\t\t\t\t\t\t\t\t<p>La\u00a0<strong>accoglienza nel settore alberghiero<\/strong>\u00a0svolge un ruolo fondamentale nell'esperienza del cliente. Dal momento in cui gli ospiti vengono accolti a quello in cui se ne vanno, questo servizio \u00e8 il punto centrale che garantisce il buon funzionamento del loro soggiorno. Questo articolo approfondisce la definizione, le funzioni e i servizi dell'area reception, con esempi pratici e analisi.<\/p><h2>Definizione di reception d'albergo<\/h2><p>Nel settore alberghiero, il banco della reception \u00e8 il luogo in cui gli ospiti vengono accolti al loro arrivo in hotel. Incarna il\u00a0<strong>l'azione e il modo di accogliere i visitatori<\/strong>\u00a0e rappresenta il primo punto di contatto tra la banca e i suoi clienti.<\/p><h3>Ruolo dell'accoglienza<\/h3><p>Il ruolo principale dell'accoglienza \u00e8 quello di<strong>accoglienza dei clienti<\/strong>di\u00a0<strong>gestire le loro prenotazioni<\/strong>\u00a0e\u00a0<strong>rispondere alle loro richieste<\/strong>\u00a0per tutta la durata del soggiorno. La reception deve garantire un'esperienza piacevole e senza intoppi dall'arrivo alla partenza.<\/p><h3>L'importanza dell'ospitalit\u00e0<\/h3><p><strong>Un'accoglienza calorosa \u00e8 essenziale<\/strong>\u00a0per dare ai clienti una prima impressione positiva. Una buona accoglienza comprende :<\/p><ul><li>A\u00a0<strong>sorriso caloroso<\/strong>\u00a0del personale<\/li><li><strong>Assistenza rapida<\/strong>\u00a0check-in efficiente<\/li><li>Informazioni chiare sulla struttura e sui servizi offerti<\/li><\/ul><h2>Principali funzioni di ricezione<\/h2><p>L'area della reception svolge una serie di funzioni fondamentali per garantire il buon funzionamento dell'hotel e la soddisfazione degli ospiti. Ecco alcuni dei compiti pi\u00f9 comuni svolti dal personale della reception:<\/p><h3>Gestione delle prenotazioni<\/h3><p>La reception \u00e8 responsabile del controllo, della conferma e della modifica delle prenotazioni in base alle esigenze dei clienti. Gli addetti alla reception utilizzano spesso sistemi di gestione alberghiera per coordinare queste attivit\u00e0 in modo efficiente. Alcune azioni includono:<\/p><ul><li><strong>Registrazione di nuove prenotazioni<\/strong><\/li><li><strong>Modifica o cancellazione di prenotazioni esistenti<\/strong><\/li><li>Suddivisione delle camere in base alle preferenze dei clienti<\/li><\/ul><h3>Check-in e check-out<\/h3><p>I processi di check-in e check-out richiedono un'attenzione particolare per garantire un'operazione fluida ed efficiente.\u00a0<strong>un inizio e una fine di vacanza senza stress<\/strong>\u00a0per i clienti.<\/p><ol><li>Il check-in prevede la registrazione degli ospiti all'arrivo, l'assegnazione delle camere e la fornitura di informazioni pertinenti.<\/li><li>Il check-out prevede la chiusura dei conti dei clienti, il ritiro delle chiavi e talvolta il coordinamento del trasporto verso la loro prossima destinazione.<\/li><\/ol><h3>Servizi di concierge<\/h3><p>Oltre a gestire il vostro soggiorno, la reception offre spesso servizi di concierge come :<\/p><ul><li><strong>Raccomandazioni e prenotazioni<\/strong>\u00a0di ristoranti<\/li><li><strong>Organizzazione di visite guidate<\/strong>\u00a0ed escursioni locali<\/li><li><strong>Assistenza al trasporto<\/strong>compresa la prenotazione di taxi e navette<\/li><\/ul><h3>Gestione dei reclami e dei resi dei clienti<\/h3><p>La reception deve essere in grado di\u00a0<strong>gestire i reclami dei clienti<\/strong>\u00a0con professionalit\u00e0 ed efficienza. Questa capacit\u00e0 \u00e8 fondamentale per trasformare un'esperienza potenzialmente negativa in un'opportunit\u00e0 per migliorare la soddisfazione del cliente.<\/p><h2>Metodi ottimali per lo svolgimento delle attivit\u00e0 di accoglienza<\/h2><p>Per eccellere nel ruolo di reception, \u00e8 necessario mettere in atto alcune best practice. Ecco come ottimizzare ogni attivit\u00e0 per offrire un servizio eccezionale:<\/p><h3>Sorrisi e contatto visivo<\/h3><p>Un sorriso sincero e un contatto visivo sicuro possono fare la differenza nell'accoglienza dei clienti. Creano un'atmosfera calorosa e dimostrano che il personale ha davvero a cuore i visitatori.<\/p><h3>Comunicazione chiara ed efficace<\/h3><p>Usare un linguaggio chiaro ed evitare termini tecnici complessi aiuta a tenere i clienti meglio informati e garantisce che abbiano tutte le informazioni necessarie per sfruttare al meglio il loro soggiorno.<\/p><h3>Tempi di risposta rapidi<\/h3><p>Che si tratti di rispondere a telefonate, e-mail o richieste di persona, un tempo di risposta rapido riflette l'efficienza e la professionalit\u00e0 dell'hotel. Inoltre, aiuta a ridurre al minimo i tempi di attesa per gli ospiti, migliorando la loro esperienza complessiva.<\/p><h3>Servizio personalizzato<\/h3><p>Tenendo conto delle preferenze individuali dei nostri clienti, possiamo personalizzare il loro soggiorno e superare le loro aspettative. Ad esempio:<\/p><ul><li>Preparazione di opzioni specifiche per diete particolari<\/li><li>Fornite camere vicine tra loro se le famiglie o i gruppi viaggiano insieme<\/li><li>Offrire servizi aggiuntivi come un lettino per bambini o una connessione Internet pi\u00f9 veloce.<\/li><\/ul><h2>Esempi pratici e casi di studio<\/h2><p>L'applicazione di queste best practice pu\u00f2 migliorare significativamente l'efficienza della ricezione. Ecco alcuni esempi pratici e casi di studio che illustrano questi concetti:<\/p><h3>Esempio 1: un hotel indipendente sul mare<\/h3><p>In questo hotel, il personale della reception \u00e8 appositamente addestrato per\u00a0<strong>identificare e rispondere rapidamente<\/strong>\u00a0a tutte le richieste dei clienti. Ad esempio, il team consiglia attivamente i ristoranti locali e organizza attivit\u00e0 sportive acquatiche, garantendo un'esperienza locale arricchente.<\/p><h3>Esempio 2: una grande catena alberghiera cittadina<\/h3><p>Grazie a sistemi sofisticati, questa catena alberghiera gestisce in modo efficiente grandi volumi di prenotazioni. Ogni receptionist \u00e8 dotato di un tablet collegato al sistema CRM (Customer Relationship Management), che consente di accedere istantaneamente alla storia e alle preferenze dei clienti, permettendo un servizio ultra-personalizzato.<\/p><h3>Caso di studio: gestione dei reclami in un resort di lusso<\/h3><p>Il resort dispone di un protocollo rigoroso per la gestione dei reclami. Quando si verifica un problema, questo viene immediatamente segnalato al responsabile del servizio competente. Questi contatter\u00e0 direttamente il cliente interessato, proporr\u00e0 una soluzione adeguata e monitorer\u00e0 i progressi per garantire la completa risoluzione del problema.<\/p><h2>Confronto tra diversi modelli di ricezione<\/h2><p>Esistono diverse configurazioni di ricezione, ciascuna con i propri vantaggi e svantaggi a seconda del tipo di apparecchiatura utilizzata.<a href=\"https:\/\/www.chateauberne.com\/it\/\" target=\"_blank\" rel=\"noopener\">stabilimento alberghiero<\/a>\u00a0:<\/p><h3>Configurazione tradizionale<\/h3><p>Questa configurazione comprende un banco reception standard dove i clienti interagiscono direttamente con il personale. Vantaggi:<\/p><ul><li><strong>Contatto diretto e personale<\/strong>\u00a0con i clienti<\/li><li>Facilit\u00e0 di scambio di documenti fisici, come documenti d'identit\u00e0 e carte di credito<\/li><\/ul><p>Svantaggi :<\/p><ul><li>Pu\u00f2 diventare congestionato nelle ore di punta<\/li><li>Richiede la presenza fisica continua del personale<\/li><\/ul><h3>Configurazione digitale<\/h3><p>Alcuni hotel stanno adottando soluzioni digitali come i chioschi per il self check-in\/check-out e le applicazioni mobili. Vantaggi:<\/p><ul><li><strong>Riduzione delle code<\/strong>\u00a0e tempo di elaborazione<\/li><li>Flessibilit\u00e0 per i clienti, che possono gestire il loro soggiorno al proprio ritmo<\/li><\/ul><p>Svantaggi :<\/p><ul><li>Mancanza di un contatto personale diretto<\/li><li>Possibili difficolt\u00e0 per i clienti meno avvezzi alla tecnologia<\/li><\/ul><h2>Sviluppi futuri nell'accoglienza<\/h2><p>Con lo sviluppo di nuove tecnologie e le crescenti aspettative dei clienti, la ricezione \u00e8 in continua evoluzione. Gli sviluppi futuri potrebbero avere un impatto ancora maggiore sulle pratiche attuali.<\/p><h3>Integrazione dell'intelligenza artificiale<\/h3><p>L'uso di\u00a0<strong>intelligenza artificiale (AI)<\/strong>\u00a0potrebbe rivoluzionare il modo in cui gli addetti alla reception interagiscono con i clienti. Analizzando il comportamento e le preferenze dei clienti, i sistemi di intelligenza artificiale potrebbero offrire raccomandazioni personalizzate in tempo reale.<\/p><h3>Amplificazione dei sistemi senza contatto<\/h3><p>La tendenza verso\u00a0<strong>esperienze senza contatto<\/strong>\u00a0sta accelerando, soprattutto sulla scia della pandemia COVID-19. Gli hotel potrebbero investire maggiormente in chiavi elettroniche tramite smartphone, chatbot per il servizio clienti e pagamenti contactless.<\/p>\t\t\t\t\t\t\t\t<\/div>\n\t\t\t\t<\/div>\n\t\t\t\t<div class=\"elementor-element elementor-element-8b58a57 elementor-widget elementor-widget-spacer\" data-id=\"8b58a57\" data-element_type=\"widget\" data-e-type=\"widget\" data-widget_type=\"spacer.default\">\n\t\t\t\t<div class=\"elementor-widget-container\">\n\t\t\t\t\t\t\t<div class=\"elementor-spacer\">\n\t\t\t<div class=\"elementor-spacer-inner\"><\/div>\n\t\t<\/div>\n\t\t\t\t\t\t<\/div>\n\t\t\t\t<\/div>\n\t\t\t\t\t<\/div>\n\t\t<\/div>\n\t\t\t\t\t<\/div>\n\t\t<\/section>\n\t\t\t\t<\/div>","protected":false},"excerpt":{"rendered":"<p>Tout savoir sur la r\u00e9ception dans l&rsquo;h\u00f4tellerie La\u00a0r\u00e9ception dans le domaine de l&rsquo;h\u00f4tellerie\u00a0joue un r\u00f4le primordial dans l&rsquo;exp\u00e9rience client. Depuis l&rsquo;accueil des invit\u00e9s jusqu&rsquo;\u00e0 leur d\u00e9part, ce service est le point central qui assure le bon d\u00e9roulement de leur s\u00e9jour. Cet article explore en d\u00e9tail la d\u00e9finition, les fonctions et les services li\u00e9s \u00e0 la [&hellip;]<\/p>\n","protected":false},"author":18,"featured_media":0,"parent":21098,"menu_order":27,"comment_status":"closed","ping_status":"closed","template":"","meta":{"inline_featured_image":false,"footnotes":""},"class_list":["post-22254","page","type-page","status-publish","hentry"],"_links":{"self":[{"href":"https:\/\/www.chateauberne.com\/it\/wp-json\/wp\/v2\/pages\/22254","targetHints":{"allow":["GET"]}}],"collection":[{"href":"https:\/\/www.chateauberne.com\/it\/wp-json\/wp\/v2\/pages"}],"about":[{"href":"https:\/\/www.chateauberne.com\/it\/wp-json\/wp\/v2\/types\/page"}],"author":[{"embeddable":true,"href":"https:\/\/www.chateauberne.com\/it\/wp-json\/wp\/v2\/users\/18"}],"replies":[{"embeddable":true,"href":"https:\/\/www.chateauberne.com\/it\/wp-json\/wp\/v2\/comments?post=22254"}],"version-history":[{"count":10,"href":"https:\/\/www.chateauberne.com\/it\/wp-json\/wp\/v2\/pages\/22254\/revisions"}],"predecessor-version":[{"id":22393,"href":"https:\/\/www.chateauberne.com\/it\/wp-json\/wp\/v2\/pages\/22254\/revisions\/22393"}],"up":[{"embeddable":true,"href":"https:\/\/www.chateauberne.com\/it\/wp-json\/wp\/v2\/pages\/21098"}],"wp:attachment":[{"href":"https:\/\/www.chateauberne.com\/it\/wp-json\/wp\/v2\/media?parent=22254"}],"curies":[{"name":"wp","href":"https:\/\/api.w.org\/{rel}","templated":true}]}}