{"id":22256,"date":"2024-08-04T17:46:46","date_gmt":"2024-08-04T15:46:46","guid":{"rendered":"https:\/\/www.chateauberne.com\/?page_id=22256"},"modified":"2024-08-04T18:26:04","modified_gmt":"2024-08-04T16:26:04","slug":"location-velo-voiture","status":"publish","type":"page","link":"https:\/\/www.chateauberne.com\/it\/definition\/location-velo-voiture\/","title":{"rendered":"Noleggio di biciclette e auto"},"content":{"rendered":"<div data-elementor-type=\"wp-page\" data-elementor-id=\"22256\" class=\"elementor elementor-22256\" data-elementor-post-type=\"page\">\n\t\t\t\t\t\t<section class=\"elementor-section elementor-top-section elementor-element elementor-element-bc34da9 elementor-section-full_width elementor-section-height-default elementor-section-height-default\" data-id=\"bc34da9\" data-element_type=\"section\" data-e-type=\"section\">\n\t\t\t\t\t\t<div class=\"elementor-container elementor-column-gap-default\">\n\t\t\t\t\t<div class=\"elementor-column elementor-col-100 elementor-top-column elementor-element elementor-element-83d3ec1\" data-id=\"83d3ec1\" data-element_type=\"column\" data-e-type=\"column\">\n\t\t\t<div class=\"elementor-widget-wrap elementor-element-populated\">\n\t\t\t\t\t\t<div class=\"elementor-element elementor-element-86ae637 elementor--v-position-bottom elementor--h-position-center elementor-widget elementor-widget-slides\" data-id=\"86ae637\" data-element_type=\"widget\" data-e-type=\"widget\" data-settings=\"{&quot;navigation&quot;:&quot;none&quot;,&quot;transition&quot;:&quot;fade&quot;,&quot;transition_speed&quot;:500}\" data-widget_type=\"slides.default\">\n\t\t\t\t<div class=\"elementor-widget-container\">\n\t\t\t\t\t\t\t\t\t<div class=\"elementor-swiper\">\n\t\t\t\t\t<div class=\"elementor-slides-wrapper elementor-main-swiper swiper\" role=\"region\" aria-roledescription=\"carousel\" aria-label=\"Diapositive\" dir=\"ltr\" data-animation=\"fadeInUp\">\n\t\t\t\t<div class=\"swiper-wrapper elementor-slides\">\n\t\t\t\t\t\t\t\t\t\t<div class=\"elementor-repeater-item-de8fba4 swiper-slide\" role=\"group\" aria-roledescription=\"slide\"><div class=\"swiper-slide-bg\" role=\"img\" aria-label=\"Gita in bicicletta a noleggio\"><\/div><div class=\"swiper-slide-inner\" ><div class=\"swiper-slide-contents\"><\/div><\/div><\/div>\t\t\t\t<\/div>\n\t\t\t\t\t\t\t<\/div>\n\t\t\t\t<\/div>\n\t\t\t\t\t\t\t\t<\/div>\n\t\t\t\t<\/div>\n\t\t\t\t\t<\/div>\n\t\t<\/div>\n\t\t\t\t\t<\/div>\n\t\t<\/section>\n\t\t\t\t<section class=\"elementor-section elementor-top-section elementor-element elementor-element-5cf06ff elementor-section-boxed elementor-section-height-default elementor-section-height-default\" data-id=\"5cf06ff\" data-element_type=\"section\" data-e-type=\"section\">\n\t\t\t\t\t\t<div class=\"elementor-container elementor-column-gap-default\">\n\t\t\t\t\t<div class=\"elementor-column elementor-col-100 elementor-top-column elementor-element elementor-element-3d63388\" data-id=\"3d63388\" data-element_type=\"column\" data-e-type=\"column\">\n\t\t\t<div class=\"elementor-widget-wrap\">\n\t\t\t\t\t\t\t<\/div>\n\t\t<\/div>\n\t\t\t\t\t<\/div>\n\t\t<\/section>\n\t\t\t\t<section class=\"elementor-section elementor-top-section elementor-element elementor-element-7f5ec95 elementor-section-boxed elementor-section-height-default elementor-section-height-default\" data-id=\"7f5ec95\" data-element_type=\"section\" data-e-type=\"section\">\n\t\t\t\t\t\t<div class=\"elementor-container elementor-column-gap-default\">\n\t\t\t\t\t<div class=\"elementor-column elementor-col-100 elementor-top-column elementor-element elementor-element-4ba4d21\" data-id=\"4ba4d21\" data-element_type=\"column\" data-e-type=\"column\">\n\t\t\t<div class=\"elementor-widget-wrap elementor-element-populated\">\n\t\t\t\t\t\t<div class=\"elementor-element elementor-element-734d688 elementor-widget elementor-widget-heading\" data-id=\"734d688\" data-element_type=\"widget\" data-e-type=\"widget\" data-widget_type=\"heading.default\">\n\t\t\t\t<div class=\"elementor-widget-container\">\n\t\t\t\t\t<h1 class=\"elementor-heading-title elementor-size-default\">Servizi di noleggio biciclette e auto negli hotel: tutto quello che c'\u00e8 da sapere\n<\/h1>\t\t\t\t<\/div>\n\t\t\t\t<\/div>\n\t\t\t\t<div class=\"elementor-element elementor-element-b98f450 elementor-widget-divider--view-line elementor-widget elementor-widget-divider\" data-id=\"b98f450\" data-element_type=\"widget\" data-e-type=\"widget\" data-widget_type=\"divider.default\">\n\t\t\t\t<div class=\"elementor-widget-container\">\n\t\t\t\t\t\t\t<div class=\"elementor-divider\">\n\t\t\t<span class=\"elementor-divider-separator\">\n\t\t\t\t\t\t<\/span>\n\t\t<\/div>\n\t\t\t\t\t\t<\/div>\n\t\t\t\t<\/div>\n\t\t\t\t<div class=\"elementor-element elementor-element-8fc19a8 elementor-widget__width-initial elementor-widget elementor-widget-text-editor\" data-id=\"8fc19a8\" data-element_type=\"widget\" data-e-type=\"widget\" data-widget_type=\"text-editor.default\">\n\t\t\t\t<div class=\"elementor-widget-container\">\n\t\t\t\t\t\t\t\t\t<p>Nel settore alberghiero, l'offerta di un <a href=\"https:\/\/www.chateauberne.com\/it\/oenotourisme-agenda\/decouvrir-le-domaine\/\" target=\"_blank\" rel=\"noopener\">servizio di noleggio biciclette<\/a> o <strong>auto<\/strong> \u00e8 diventato un innegabile valore aggiunto per attrarre e soddisfare i clienti. Che si tratti di esplorare la citt\u00e0 in piena libert\u00e0, di spostarsi comodamente tra diverse regioni o semplicemente di beneficiare di un'alternativa ecologica al trasporto tradizionale, questi servizi rispondono a diverse esigenze dei viaggiatori. Questo articolo esplora in dettaglio tutti gli aspetti essenziali di questo servizio, da una chiara definizione alla sua applicazione pratica nel settore alberghiero.<\/p><h2>Noleggio di biciclette e auto nel settore alberghiero<\/h2><p>Il servizio di noleggio biciclette e auto offerto dagli hotel consente agli ospiti di prendere temporaneamente in prestito un mezzo di trasporto per soddisfare le proprie esigenze di viaggio. Questo servizio pu\u00f2 essere offerto direttamente dall'hotel o tramite un'agenzia partner specializzata. Le opzioni di noleggio spesso includono un'ampia gamma di veicoli per soddisfare le diverse preferenze e budget.<\/p><h3>I vantaggi di offrire questo tipo di servizio<\/h3><p>L'integrazione di un <strong>Un servizio di noleggio di biciclette e auto offre numerosi vantaggi<\/strong> per un hotel :<\/p><ul><li><strong>Attirare nuovi clienti<\/strong> : I turisti e i viaggiatori d'affari spesso desiderano un mezzo di trasporto flessibile per i loro spostamenti personali.<\/li><li><strong>Maggiore comfort per il cliente<\/strong> Un accesso facile e veloce ai trasporti migliora l'esperienza complessiva del cliente.<\/li><li><strong>Differenziazione competitiva<\/strong> L'offerta di questo servizio pu\u00f2 rappresentare un reale vantaggio rispetto ai concorrenti locali.<\/li><li><strong>Impegno ambientale<\/strong> L'offerta di noleggio di biciclette dimostra l'impegno verso soluzioni di trasporto pi\u00f9 ecologiche.<\/li><\/ul><h3>Esempi pratici<\/h3><p>Molti hotel di citt\u00e0 offrono una flotta di biciclette per consentire agli ospiti di visitare le principali attrazioni turistiche della citt\u00e0 evitando gli ingorghi. Ad esempio, gli hotel di grandi citt\u00e0 come Parigi, Amsterdam e Barcellona mettono a disposizione biciclette adatte sia per le gite in famiglia che per i rapidi viaggi di lavoro.<\/p><p>Allo stesso tempo, le strutture situate in periferia o in zone rurali offrono spesso auto a noleggio, consentendo ai visitatori di esplorare l'area circostante in completa autonomia. Le destinazioni pi\u00f9 gettonate includono localit\u00e0 pittoresche dove la guida autonoma consente un'esplorazione pi\u00f9 approfondita.<\/p><h2>Come creare un servizio di noleggio nel vostro hotel<\/h2><p>Impostare un <strong>servizio di noleggio biciclette e auto<\/strong> richiede un'attenta pianificazione e un'implementazione strategica. Ecco alcuni passi fondamentali da seguire:<\/p><h3>Valutazione dei bisogni<\/h3><p>Iniziare valutando il <strong>le esigenze specifiche dei vostri clienti<\/strong>. Analizzate i dati demografici, i precedenti sondaggi sulla soddisfazione dei clienti e identificate le tendenze di viaggio. Stabilite se i vostri clienti preferiscono noleggiare biciclette, auto o entrambi. Valutate anche il numero di veicoli necessari per evitare carenze nei periodi di punta.<\/p><h3>Selezione della flotta<\/h3><p>Scegliete una gamma di biciclette e auto in base alle vostre esigenze. Il parco biciclette pu\u00f2 comprendere modelli tradizionali, biciclette elettriche o addirittura tandem per coppie e famiglie, mentre il parco auto dovrebbe spaziare da piccoli furgoni a berline e SUV. La scelta deve essere guidata da criteri quali l'affidabilit\u00e0, la facilit\u00e0 di manutenzione e l'efficienza dei consumi.<\/p><h3>Partnership con un'agenzia specializzata<\/h3><p>Se la gestione della vostra flotta vi sembra complessa, prendete in considerazione l'idea di lavorare con un <strong>agenzia specializzata nel noleggio di veicoli<\/strong>. Oltre a fornire i veicoli, queste agenzie possono occuparsi anche della loro manutenzione e della gestione delle scorte. Offrono anche opzioni assicurative su misura e strumenti di prenotazione online per una migliore esperienza dell'utente.<\/p><h3>Impostazione di una struttura di prezzi<\/h3><p>Stabilire un <strong>struttura dei prezzi chiara e competitiva<\/strong>. Tenete conto del periodo di noleggio (orario, giornaliero, settimanale), del tipo di veicolo e di eventuali extra, come l'assicurazione o gli accessori opzionali (casco, seggiolino per bambini). Assicuratevi di essere informati sulle tariffe al momento della prenotazione.<\/p><h3>Sistema di prenotazione e restituzione<\/h3><p>Impostare un <strong>sistema di prenotazione semplice e interattivo<\/strong>Questo \u00e8 idealmente disponibile online e alla reception dell'hotel. Semplificate anche il processo di restituzione delle biciclette o delle auto, con istruzioni chiare sulle procedure da seguire e spazi dedicati. Offrite servizi aggiuntivi come un parcheggio custodito o una stazione di ricarica per le biciclette elettriche.<\/p><h3>Sicurezza e manutenzione<\/h3><p>Assicuratevi che tutti i veicoli siano sottoposti a regolare manutenzione per garantirne la sicurezza e il buon funzionamento. Stabilite un programma di manutenzione preventiva e fornite l'equipaggiamento di sicurezza essenziale, come i caschi per le biciclette o i kit di emergenza per le auto. Organizzate ispezioni di routine per ridurre al minimo il rischio di guasti o incidenti.<\/p><h2>Comunicazione e marketing dei servizi<\/h2><p>Comunicazione efficace intorno a <strong>il vostro servizio di noleggio bici e auto<\/strong> \u00e8 fondamentale per massimizzare il suo utilizzo. Ecco alcune strategie:<\/p><h3>Uso dei media digitali<\/h3><p>Promuovete il vostro servizio sul vostro sito web, sulle applicazioni mobili e sui social network. Includete informazioni dettagliate sui tipi di veicoli disponibili, sui prezzi e sulle procedure di prenotazione. Utilizzate immagini attraenti e testimonianze di clienti soddisfatti per generare interesse.<\/p><h3>Segnaletica nell'hotel<\/h3><p>Esponete poster e opuscoli informativi nelle aree comuni dell'hotel, come la reception, le lobby e gli ascensori. Assicuratevi che questi materiali spieghino chiaramente i vantaggi e le condizioni del servizio.<\/p><h3>Offerte speciali e pacchetti<\/h3><p>Proporre offerte promozionali e <strong>pacchetti interessanti che combinano alloggio e noleggio di biciclette\/auto<\/strong>. Ad esempio, un pacchetto weekend potrebbe includere il noleggio gratuito di biciclette o uno sconto significativo sul noleggio di auto, che potrebbe incoraggiare i clienti a prolungare il loro soggiorno.<\/p><h3>Programma fedelt\u00e0<\/h3><p>Impostare un <strong>programma fedelt\u00e0<\/strong> premiare i clienti abituali. Offrite crediti di noleggio o sconti aggiuntivi per incoraggiare il riutilizzo del vostro servizio. Comunicate regolarmente con i vostri soci via e-mail per tenerli informati sulle nuove offerte.<\/p><h2>Ritorno sull'investimento e analisi<\/h2><p>Misurare l'impatto finanziario e operativo del vostro servizio di noleggio \u00e8 essenziale per ottimizzarne la redditivit\u00e0. Effettuate analisi regolari delle prestazioni e modificate la vostra strategia di conseguenza.<\/p><h3>Indicatori di prestazione<\/h3><p>Seguire il <strong>indicatori chiave di prestazione<\/strong> come i tassi di utilizzo dei veicoli, i ricavi generati per noleggio e la soddisfazione dei clienti. Utilizzare gli strumenti di analisi dei dati per ottenere una visione precisa delle tendenze di utilizzo e identificare le opportunit\u00e0 di miglioramento.<\/p><h3>Adattamenti e miglioramenti<\/h3><p>Sulla base dei risultati ottenuti, fare <strong>le regolazioni necessarie<\/strong> alla vostra offerta. Espandete o riducete la vostra flotta in linea con la domanda, adattate le vostre tariffe in risposta alla concorrenza e migliorate il vostro servizio clienti per offrire un'esperienza eccezionale.<\/p>\t\t\t\t\t\t\t\t<\/div>\n\t\t\t\t<\/div>\n\t\t\t\t<div class=\"elementor-element elementor-element-8b58a57 elementor-widget elementor-widget-spacer\" data-id=\"8b58a57\" data-element_type=\"widget\" data-e-type=\"widget\" data-widget_type=\"spacer.default\">\n\t\t\t\t<div class=\"elementor-widget-container\">\n\t\t\t\t\t\t\t<div class=\"elementor-spacer\">\n\t\t\t<div class=\"elementor-spacer-inner\"><\/div>\n\t\t<\/div>\n\t\t\t\t\t\t<\/div>\n\t\t\t\t<\/div>\n\t\t\t\t\t<\/div>\n\t\t<\/div>\n\t\t\t\t\t<\/div>\n\t\t<\/section>\n\t\t\t\t<\/div>","protected":false},"excerpt":{"rendered":"<p>Services de location de v\u00e9los et voitures en h\u00f4tellerie : Tout ce que vous devez savoir Dans le domaine de l&rsquo;h\u00f4tellerie, offrir un service de location de v\u00e9los ou de voitures est devenu une plus-value ind\u00e9niable pour attirer et satisfaire les clients. Que ce soit pour explorer la ville en toute libert\u00e9, se d\u00e9placer confortablement [&hellip;]<\/p>\n","protected":false},"author":18,"featured_media":0,"parent":21098,"menu_order":31,"comment_status":"closed","ping_status":"closed","template":"","meta":{"inline_featured_image":false,"footnotes":""},"class_list":["post-22256","page","type-page","status-publish","hentry"],"_links":{"self":[{"href":"https:\/\/www.chateauberne.com\/it\/wp-json\/wp\/v2\/pages\/22256","targetHints":{"allow":["GET"]}}],"collection":[{"href":"https:\/\/www.chateauberne.com\/it\/wp-json\/wp\/v2\/pages"}],"about":[{"href":"https:\/\/www.chateauberne.com\/it\/wp-json\/wp\/v2\/types\/page"}],"author":[{"embeddable":true,"href":"https:\/\/www.chateauberne.com\/it\/wp-json\/wp\/v2\/users\/18"}],"replies":[{"embeddable":true,"href":"https:\/\/www.chateauberne.com\/it\/wp-json\/wp\/v2\/comments?post=22256"}],"version-history":[{"count":9,"href":"https:\/\/www.chateauberne.com\/it\/wp-json\/wp\/v2\/pages\/22256\/revisions"}],"predecessor-version":[{"id":22387,"href":"https:\/\/www.chateauberne.com\/it\/wp-json\/wp\/v2\/pages\/22256\/revisions\/22387"}],"up":[{"embeddable":true,"href":"https:\/\/www.chateauberne.com\/it\/wp-json\/wp\/v2\/pages\/21098"}],"wp:attachment":[{"href":"https:\/\/www.chateauberne.com\/it\/wp-json\/wp\/v2\/media?parent=22256"}],"curies":[{"name":"wp","href":"https:\/\/api.w.org\/{rel}","templated":true}]}}