{"id":3508,"date":"2021-04-19T22:19:04","date_gmt":"2021-04-19T20:19:04","guid":{"rendered":"https:\/\/www.chateauberne.com\/?page_id=3508"},"modified":"2021-09-29T10:47:06","modified_gmt":"2021-09-29T08:47:06","slug":"les-vins-de-marque","status":"publish","type":"page","link":"https:\/\/www.chateauberne.com\/it\/vignoble-vins\/vins\/les-vins-de-marque\/","title":{"rendered":"Vini di marca"},"content":{"rendered":"\t\t<div data-elementor-type=\"wp-page\" data-elementor-id=\"3508\" class=\"elementor elementor-3508\" data-elementor-post-type=\"page\">\n\t\t\t\t\t\t<section class=\"elementor-section elementor-top-section elementor-element elementor-element-279287bf elementor-section-full_width elementor-section-height-default elementor-section-height-default\" data-id=\"279287bf\" data-element_type=\"section\" data-e-type=\"section\">\n\t\t\t\t\t\t<div class=\"elementor-container elementor-column-gap-default\">\n\t\t\t\t\t<div class=\"elementor-column elementor-col-100 elementor-top-column elementor-element elementor-element-550a3959\" data-id=\"550a3959\" data-element_type=\"column\" data-e-type=\"column\">\n\t\t\t<div class=\"elementor-widget-wrap elementor-element-populated\">\n\t\t\t\t\t\t<div class=\"elementor-element elementor-element-7bef8903 elementor--h-position-center elementor--v-position-middle elementor-widget elementor-widget-slides\" data-id=\"7bef8903\" data-element_type=\"widget\" data-e-type=\"widget\" data-settings=\"{&quot;navigation&quot;:&quot;none&quot;,&quot;transition&quot;:&quot;fade&quot;,&quot;transition_speed&quot;:500}\" data-widget_type=\"slides.default\">\n\t\t\t\t<div class=\"elementor-widget-container\">\n\t\t\t\t\t\t\t\t\t<div class=\"elementor-swiper\">\n\t\t\t\t\t<div class=\"elementor-slides-wrapper elementor-main-swiper swiper\" role=\"region\" aria-roledescription=\"carousel\" aria-label=\"Diapositives\" dir=\"ltr\" data-animation=\"fadeInUp\">\n\t\t\t\t<div class=\"swiper-wrapper elementor-slides\">\n\t\t\t\t\t\t\t\t\t\t<div class=\"elementor-repeater-item-de8fba4 swiper-slide\" role=\"group\" aria-roledescription=\"slide\"><div class=\"swiper-slide-bg\" role=\"img\" aria-label=\"Rectangle 7\"><\/div><div class=\"swiper-slide-inner\" ><div class=\"swiper-slide-contents\"><\/div><\/div><\/div>\t\t\t\t<\/div>\n\t\t\t\t\t\t\t<\/div>\n\t\t\t\t<\/div>\n\t\t\t\t\t\t\t\t<\/div>\n\t\t\t\t<\/div>\n\t\t\t\t\t<\/div>\n\t\t<\/div>\n\t\t\t\t\t<\/div>\n\t\t<\/section>\n\t\t\t\t<section class=\"elementor-section elementor-top-section elementor-element elementor-element-7090ca54 elementor-section-boxed elementor-section-height-default elementor-section-height-default\" data-id=\"7090ca54\" data-element_type=\"section\" data-e-type=\"section\">\n\t\t\t\t\t\t<div class=\"elementor-container elementor-column-gap-default\">\n\t\t\t\t\t<div class=\"elementor-column elementor-col-100 elementor-top-column elementor-element elementor-element-2db9188e\" data-id=\"2db9188e\" data-element_type=\"column\" data-e-type=\"column\">\n\t\t\t<div class=\"elementor-widget-wrap elementor-element-populated\">\n\t\t\t\t\t\t<div class=\"elementor-element elementor-element-bc39b3 elementor-widget elementor-widget-heading\" data-id=\"bc39b3\" data-element_type=\"widget\" data-e-type=\"widget\" data-widget_type=\"heading.default\">\n\t\t\t\t<div class=\"elementor-widget-container\">\n\t\t\t\t\t<h1 class=\"elementor-heading-title elementor-size-default\">Les vins de marque<\/h1>\t\t\t\t<\/div>\n\t\t\t\t<\/div>\n\t\t\t\t<div class=\"elementor-element elementor-element-401a6a63 elementor-widget-divider--view-line elementor-widget elementor-widget-divider\" data-id=\"401a6a63\" data-element_type=\"widget\" data-e-type=\"widget\" data-widget_type=\"divider.default\">\n\t\t\t\t<div class=\"elementor-widget-container\">\n\t\t\t\t\t\t\t<div class=\"elementor-divider\">\n\t\t\t<span class=\"elementor-divider-separator\">\n\t\t\t\t\t\t<\/span>\n\t\t<\/div>\n\t\t\t\t\t\t<\/div>\n\t\t\t\t<\/div>\n\t\t\t\t<div class=\"elementor-element elementor-element-3a16d3c0 elementor-widget elementor-widget-heading\" data-id=\"3a16d3c0\" data-element_type=\"widget\" data-e-type=\"widget\" data-widget_type=\"heading.default\">\n\t\t\t\t<div class=\"elementor-widget-container\">\n\t\t\t\t\t<div class=\"elementor-heading-title elementor-size-default\">Span lorem ipsum dolor est<\/div>\t\t\t\t<\/div>\n\t\t\t\t<\/div>\n\t\t\t\t\t<\/div>\n\t\t<\/div>\n\t\t\t\t\t<\/div>\n\t\t<\/section>\n\t\t\t\t<section class=\"elementor-section elementor-top-section elementor-element elementor-element-58dc3a3 elementor-section-boxed elementor-section-height-default elementor-section-height-default\" data-id=\"58dc3a3\" data-element_type=\"section\" data-e-type=\"section\">\n\t\t\t\t\t\t<div class=\"elementor-container elementor-column-gap-default\">\n\t\t\t\t\t<div class=\"elementor-column elementor-col-100 elementor-top-column elementor-element elementor-element-21e4f2d\" data-id=\"21e4f2d\" data-element_type=\"column\" data-e-type=\"column\">\n\t\t\t<div class=\"elementor-widget-wrap elementor-element-populated\">\n\t\t\t\t\t\t<section class=\"elementor-section elementor-inner-section elementor-element elementor-element-e5ab73d elementor-section-boxed elementor-section-height-default elementor-section-height-default\" data-id=\"e5ab73d\" data-element_type=\"section\" data-e-type=\"section\">\n\t\t\t\t\t\t<div class=\"elementor-container elementor-column-gap-default\">\n\t\t\t\t\t<div class=\"elementor-column elementor-col-50 elementor-inner-column elementor-element elementor-element-76a2494 column-content\" data-id=\"76a2494\" data-element_type=\"column\" data-e-type=\"column\">\n\t\t\t<div class=\"elementor-widget-wrap elementor-element-populated\">\n\t\t\t\t\t\t<div class=\"elementor-element elementor-element-980e76f elementor-widget elementor-widget-heading\" data-id=\"980e76f\" data-element_type=\"widget\" data-e-type=\"widget\" data-widget_type=\"heading.default\">\n\t\t\t\t<div class=\"elementor-widget-container\">\n\t\t\t\t\t<h2 class=\"elementor-heading-title elementor-size-default\">Terres de Berne, vin ros\u00e9 expressif, fruit\u00e9 et sec<\/h2>\t\t\t\t<\/div>\n\t\t\t\t<\/div>\n\t\t\t\t<div class=\"elementor-element elementor-element-c1ff30b elementor-widget-divider--view-line elementor-widget elementor-widget-divider\" data-id=\"c1ff30b\" data-element_type=\"widget\" data-e-type=\"widget\" data-widget_type=\"divider.default\">\n\t\t\t\t<div class=\"elementor-widget-container\">\n\t\t\t\t\t\t\t<div class=\"elementor-divider\">\n\t\t\t<span class=\"elementor-divider-separator\">\n\t\t\t\t\t\t<\/span>\n\t\t<\/div>\n\t\t\t\t\t\t<\/div>\n\t\t\t\t<\/div>\n\t\t\t\t<div class=\"elementor-element elementor-element-ac20c96 elementor-widget elementor-widget-text-editor\" data-id=\"ac20c96\" data-element_type=\"widget\" data-e-type=\"widget\" data-widget_type=\"text-editor.default\">\n\t\t\t\t<div class=\"elementor-widget-container\">\n\t\t\t\t\t\t\t\t\t<p>D\u00e9gustation : Finesse, Fra\u00eecheur, Equilibr\u00e9, D\u00e9lice<\/p><p>Oeil : Belle robe ros\u00e9e saumon\u00e9e, lumineuse, des reflets l\u00e9g\u00e8rement dor\u00e9s.<\/p><p>Nez : Des ar\u00f4mes tr\u00e8s fins et \u00e9l\u00e9gants de fruits rouges (fraises, framboise, groseille).<\/p><p>Bouche : Fra\u00eeche, gourmande, parfait \u00e9quilibre c\u2019est tr\u00e8s gouleyant et agr\u00e9able, on retrouve des notes fruit\u00e9es de fruits blancs (p\u00eache de vigne). Finale suave fruit\u00e9e et tr\u00e8s longue.<\/p>\t\t\t\t\t\t\t\t<\/div>\n\t\t\t\t<\/div>\n\t\t\t\t\t<\/div>\n\t\t<\/div>\n\t\t\t\t<div class=\"elementor-column elementor-col-50 elementor-inner-column elementor-element elementor-element-489bcf1\" data-id=\"489bcf1\" data-element_type=\"column\" data-e-type=\"column\">\n\t\t\t<div class=\"elementor-widget-wrap elementor-element-populated\">\n\t\t\t\t\t\t<div class=\"elementor-element elementor-element-76a5beb elementor-widget elementor-widget-image\" data-id=\"76a5beb\" data-element_type=\"widget\" data-e-type=\"widget\" data-settings=\"{&quot;motion_fx_motion_fx_scrolling&quot;:&quot;yes&quot;,&quot;motion_fx_devices&quot;:[&quot;widescreen&quot;,&quot;desktop&quot;,&quot;laptop&quot;,&quot;tablet_extra&quot;,&quot;tablet&quot;,&quot;mobile&quot;]}\" data-widget_type=\"image.default\">\n\t\t\t\t<div class=\"elementor-widget-container\">\n\t\t\t\t\t\t\t\t\t\t\t\t\t\t\t<img fetchpriority=\"high\" decoding=\"async\" width=\"1140\" height=\"700\" src=\"https:\/\/www.chateauberne.com\/wp-content\/uploads\/2020\/10\/Groupe-34-1140x700.jpg\" class=\"attachment-grand-paysage size-grand-paysage wp-image-971\" alt=\"\" \/>\t\t\t\t\t\t\t\t\t\t\t\t\t\t\t<\/div>\n\t\t\t\t<\/div>\n\t\t\t\t\t<\/div>\n\t\t<\/div>\n\t\t\t\t\t<\/div>\n\t\t<\/section>\n\t\t\t\t<section class=\"elementor-section elementor-inner-section elementor-element elementor-element-b9d0f15 elementor-section-boxed elementor-section-height-default elementor-section-height-default\" data-id=\"b9d0f15\" data-element_type=\"section\" data-e-type=\"section\">\n\t\t\t\t\t\t<div class=\"elementor-container elementor-column-gap-default\">\n\t\t\t\t\t<div class=\"elementor-column elementor-col-66 elementor-inner-column elementor-element elementor-element-9c1a382\" data-id=\"9c1a382\" data-element_type=\"column\" data-e-type=\"column\">\n\t\t\t<div class=\"elementor-widget-wrap elementor-element-populated\">\n\t\t\t\t\t\t<div class=\"elementor-element elementor-element-507ca10 elementor-widget elementor-widget-image\" data-id=\"507ca10\" data-element_type=\"widget\" data-e-type=\"widget\" data-settings=\"{&quot;motion_fx_motion_fx_scrolling&quot;:&quot;yes&quot;,&quot;motion_fx_devices&quot;:[&quot;widescreen&quot;,&quot;desktop&quot;,&quot;laptop&quot;,&quot;tablet_extra&quot;,&quot;tablet&quot;,&quot;mobile&quot;]}\" data-widget_type=\"image.default\">\n\t\t\t\t<div class=\"elementor-widget-container\">\n\t\t\t\t\t\t\t\t\t\t\t\t\t\t\t<img decoding=\"async\" width=\"969\" height=\"602\" src=\"https:\/\/www.chateauberne.com\/wp-content\/uploads\/2020\/10\/Groupe-36.jpg\" class=\"attachment-grand-paysage size-grand-paysage wp-image-972\" alt=\"\" srcset=\"https:\/\/www.chateauberne.com\/wp-content\/uploads\/2020\/10\/Groupe-36.jpg 969w, https:\/\/www.chateauberne.com\/wp-content\/uploads\/2020\/10\/Groupe-36-300x186.jpg 300w, https:\/\/www.chateauberne.com\/wp-content\/uploads\/2020\/10\/Groupe-36-768x477.jpg 768w, https:\/\/www.chateauberne.com\/wp-content\/uploads\/2020\/10\/Groupe-36-16x10.jpg 16w\" sizes=\"(max-width: 969px) 100vw, 969px\" \/>\t\t\t\t\t\t\t\t\t\t\t\t\t\t\t<\/div>\n\t\t\t\t<\/div>\n\t\t\t\t\t<\/div>\n\t\t<\/div>\n\t\t\t\t<div class=\"elementor-column elementor-col-33 elementor-inner-column elementor-element elementor-element-9ddad65 column-content\" data-id=\"9ddad65\" data-element_type=\"column\" data-e-type=\"column\" data-settings=\"{&quot;background_background&quot;:&quot;classic&quot;}\">\n\t\t\t<div class=\"elementor-widget-wrap elementor-element-populated\">\n\t\t\t\t\t\t<div class=\"elementor-element elementor-element-3bba762 elementor-widget elementor-widget-heading\" data-id=\"3bba762\" data-element_type=\"widget\" data-e-type=\"widget\" data-widget_type=\"heading.default\">\n\t\t\t\t<div class=\"elementor-widget-container\">\n\t\t\t\t\t<h2 class=\"elementor-heading-title elementor-size-default\">La Grande Cuv\u00e9e<\/h2>\t\t\t\t<\/div>\n\t\t\t\t<\/div>\n\t\t\t\t<div class=\"elementor-element elementor-element-3466d3c elementor-widget-divider--view-line elementor-widget elementor-widget-divider\" data-id=\"3466d3c\" data-element_type=\"widget\" data-e-type=\"widget\" data-widget_type=\"divider.default\">\n\t\t\t\t<div class=\"elementor-widget-container\">\n\t\t\t\t\t\t\t<div class=\"elementor-divider\">\n\t\t\t<span class=\"elementor-divider-separator\">\n\t\t\t\t\t\t<\/span>\n\t\t<\/div>\n\t\t\t\t\t\t<\/div>\n\t\t\t\t<\/div>\n\t\t\t\t<div class=\"elementor-element elementor-element-d7be43e elementor-widget elementor-widget-text-editor\" data-id=\"d7be43e\" data-element_type=\"widget\" data-e-type=\"widget\" data-widget_type=\"text-editor.default\">\n\t\t\t\t<div class=\"elementor-widget-container\">\n\t\t\t\t\t\t\t\t\t<p><span style=\"font-weight: 400;\">Fleuron du domaine avec son embl\u00e9matique bouteille carr\u00e9e, La Grande Cuv\u00e9e se d\u00e9cline sur les trois couleurs : rouge, ros\u00e9 et blanc. Ces trois cuv\u00e9es, vinifi\u00e9es et \u00e9lev\u00e9es en f\u00fbt de bois, sont des vins de gastronomie qui cherchent \u00e0 exprimer le plus fid\u00e8lement possible le magnifique terroir de Berne.<\/span><\/p>\t\t\t\t\t\t\t\t<\/div>\n\t\t\t\t<\/div>\n\t\t\t\t\t<\/div>\n\t\t<\/div>\n\t\t\t\t\t<\/div>\n\t\t<\/section>\n\t\t\t\t<div class=\"elementor-element elementor-element-e2cb1e8 elementor-widget__width-initial elementor-absolute title-vertical-gauche elementor-widget elementor-widget-heading\" data-id=\"e2cb1e8\" data-element_type=\"widget\" data-e-type=\"widget\" data-settings=\"{&quot;_position&quot;:&quot;absolute&quot;}\" data-widget_type=\"heading.default\">\n\t\t\t\t<div class=\"elementor-widget-container\">\n\t\t\t\t\t<h2 class=\"elementor-heading-title elementor-size-default\">Ch\u00e2teau de berne<\/h2>\t\t\t\t<\/div>\n\t\t\t\t<\/div>\n\t\t\t\t\t<\/div>\n\t\t<\/div>\n\t\t\t\t\t<\/div>\n\t\t<\/section>\n\t\t\t\t<section class=\"elementor-section elementor-top-section elementor-element elementor-element-b921838 elementor-section-full_width elementor-section-height-default elementor-section-height-default\" data-id=\"b921838\" data-element_type=\"section\" data-e-type=\"section\" data-settings=\"{&quot;background_background&quot;:&quot;classic&quot;}\">\n\t\t\t\t\t\t<div class=\"elementor-container elementor-column-gap-default\">\n\t\t\t\t\t<div class=\"elementor-column elementor-col-100 elementor-top-column elementor-element elementor-element-55f06c3\" data-id=\"55f06c3\" data-element_type=\"column\" data-e-type=\"column\">\n\t\t\t<div class=\"elementor-widget-wrap elementor-element-populated\">\n\t\t\t\t\t\t<section class=\"elementor-section elementor-inner-section elementor-element elementor-element-e7b5f33 elementor-section-boxed elementor-section-height-default elementor-section-height-default\" data-id=\"e7b5f33\" data-element_type=\"section\" data-e-type=\"section\">\n\t\t\t\t\t\t<div class=\"elementor-container elementor-column-gap-default\">\n\t\t\t\t\t<div class=\"elementor-column elementor-col-50 elementor-inner-column elementor-element elementor-element-8ab632a\" data-id=\"8ab632a\" data-element_type=\"column\" data-e-type=\"column\">\n\t\t\t<div class=\"elementor-widget-wrap elementor-element-populated\">\n\t\t\t\t\t\t<div class=\"elementor-element elementor-element-16087de elementor-widget elementor-widget-image-gallery\" data-id=\"16087de\" data-element_type=\"widget\" data-e-type=\"widget\" data-widget_type=\"image-gallery.default\">\n\t\t\t\t<div class=\"elementor-widget-container\">\n\t\t\t\t\t\t\t<div class=\"elementor-image-gallery\">\n\t\t\t<div id='gallery-1' class='gallery galleryid-3508 gallery-columns-3 gallery-size-medium'><figure class='gallery-item'>\n\t\t\t<div class='gallery-icon portrait'>\n\t\t\t\t<img decoding=\"async\" width=\"200\" height=\"300\" src=\"https:\/\/www.chateauberne.com\/wp-content\/uploads\/2020\/10\/GrandeCuveeRose2020-200x300.png\" class=\"attachment-medium size-medium\" alt=\"\" srcset=\"https:\/\/www.chateauberne.com\/wp-content\/uploads\/2020\/10\/GrandeCuveeRose2020-200x300.png 200w, https:\/\/www.chateauberne.com\/wp-content\/uploads\/2020\/10\/GrandeCuveeRose2020-683x1024.png 683w, https:\/\/www.chateauberne.com\/wp-content\/uploads\/2020\/10\/GrandeCuveeRose2020-768x1152.png 768w, https:\/\/www.chateauberne.com\/wp-content\/uploads\/2020\/10\/GrandeCuveeRose2020-1024x1536.png 1024w, https:\/\/www.chateauberne.com\/wp-content\/uploads\/2020\/10\/GrandeCuveeRose2020-8x12.png 8w, https:\/\/www.chateauberne.com\/wp-content\/uploads\/2020\/10\/GrandeCuveeRose2020.png 1280w\" sizes=\"(max-width: 200px) 100vw, 200px\" \/>\n\t\t\t<\/div><\/figure><figure class='gallery-item'>\n\t\t\t<div class='gallery-icon portrait'>\n\t\t\t\t<img loading=\"lazy\" decoding=\"async\" width=\"200\" height=\"300\" src=\"https:\/\/www.chateauberne.com\/wp-content\/uploads\/2020\/10\/GrandeCuveeBlanc2016-200x300.png\" class=\"attachment-medium size-medium\" alt=\"\" srcset=\"https:\/\/www.chateauberne.com\/wp-content\/uploads\/2020\/10\/GrandeCuveeBlanc2016-200x300.png 200w, https:\/\/www.chateauberne.com\/wp-content\/uploads\/2020\/10\/GrandeCuveeBlanc2016-683x1024.png 683w, https:\/\/www.chateauberne.com\/wp-content\/uploads\/2020\/10\/GrandeCuveeBlanc2016-768x1152.png 768w, https:\/\/www.chateauberne.com\/wp-content\/uploads\/2020\/10\/GrandeCuveeBlanc2016-1024x1536.png 1024w, https:\/\/www.chateauberne.com\/wp-content\/uploads\/2020\/10\/GrandeCuveeBlanc2016-8x12.png 8w, https:\/\/www.chateauberne.com\/wp-content\/uploads\/2020\/10\/GrandeCuveeBlanc2016.png 1280w\" sizes=\"(max-width: 200px) 100vw, 200px\" \/>\n\t\t\t<\/div><\/figure><figure class='gallery-item'>\n\t\t\t<div class='gallery-icon portrait'>\n\t\t\t\t<img loading=\"lazy\" decoding=\"async\" width=\"200\" height=\"300\" src=\"https:\/\/www.chateauberne.com\/wp-content\/uploads\/2020\/10\/GrandeCuveeRouge2020-200x300.png\" class=\"attachment-medium size-medium\" alt=\"\" srcset=\"https:\/\/www.chateauberne.com\/wp-content\/uploads\/2020\/10\/GrandeCuveeRouge2020-200x300.png 200w, https:\/\/www.chateauberne.com\/wp-content\/uploads\/2020\/10\/GrandeCuveeRouge2020-683x1024.png 683w, https:\/\/www.chateauberne.com\/wp-content\/uploads\/2020\/10\/GrandeCuveeRouge2020-768x1152.png 768w, https:\/\/www.chateauberne.com\/wp-content\/uploads\/2020\/10\/GrandeCuveeRouge2020-1024x1536.png 1024w, https:\/\/www.chateauberne.com\/wp-content\/uploads\/2020\/10\/GrandeCuveeRouge2020-8x12.png 8w, https:\/\/www.chateauberne.com\/wp-content\/uploads\/2020\/10\/GrandeCuveeRouge2020.png 1280w\" sizes=\"(max-width: 200px) 100vw, 200px\" \/>\n\t\t\t<\/div><\/figure>\n\t\t<\/div>\n\t\t<\/div>\n\t\t\t\t\t\t<\/div>\n\t\t\t\t<\/div>\n\t\t\t\t\t<\/div>\n\t\t<\/div>\n\t\t\t\t<div class=\"elementor-column elementor-col-50 elementor-inner-column elementor-element elementor-element-63073e9\" data-id=\"63073e9\" data-element_type=\"column\" data-e-type=\"column\" data-settings=\"{&quot;background_background&quot;:&quot;classic&quot;}\">\n\t\t\t<div class=\"elementor-widget-wrap elementor-element-populated\">\n\t\t\t\t\t\t<div class=\"elementor-element elementor-element-223b4b6 elementor-widget elementor-widget-heading\" data-id=\"223b4b6\" data-element_type=\"widget\" data-e-type=\"widget\" data-widget_type=\"heading.default\">\n\t\t\t\t<div class=\"elementor-widget-container\">\n\t\t\t\t\t<h2 class=\"elementor-heading-title elementor-size-default\">Lorem ipsum dolor sit amet consecte<\/h2>\t\t\t\t<\/div>\n\t\t\t\t<\/div>\n\t\t\t\t<div class=\"elementor-element elementor-element-86e4532 elementor-widget__width-auto elementor-align-left elementor-widget-mobile__width-initial elementor-mobile-align-center elementor-widget elementor-widget-button\" data-id=\"86e4532\" data-element_type=\"widget\" data-e-type=\"widget\" data-widget_type=\"button.default\">\n\t\t\t\t<div class=\"elementor-widget-container\">\n\t\t\t\t\t\t\t\t\t<div class=\"elementor-button-wrapper\">\n\t\t\t\t\t<a class=\"elementor-button elementor-button-link elementor-size-sm\" href=\"#\">\n\t\t\t\t\t\t<span class=\"elementor-button-content-wrapper\">\n\t\t\t\t\t\t\t\t\t<span class=\"elementor-button-text\">Achetez <\/span>\n\t\t\t\t\t<\/span>\n\t\t\t\t\t<\/a>\n\t\t\t\t<\/div>\n\t\t\t\t\t\t\t\t<\/div>\n\t\t\t\t<\/div>\n\t\t\t\t\t<\/div>\n\t\t<\/div>\n\t\t\t\t\t<\/div>\n\t\t<\/section>\n\t\t\t\t\t<\/div>\n\t\t<\/div>\n\t\t\t\t\t<\/div>\n\t\t<\/section>\n\t\t\t\t<\/div>\n\t\t","protected":false},"excerpt":{"rendered":"<p>Span lorem ipsum dolor est Terres de Berne, vin ros\u00e9 expressif, fruit\u00e9 et sec D\u00e9gustation : Finesse, Fra\u00eecheur, Equilibr\u00e9, D\u00e9lice Oeil : Belle robe ros\u00e9e saumon\u00e9e, lumineuse, des reflets l\u00e9g\u00e8rement dor\u00e9s. Nez : Des ar\u00f4mes tr\u00e8s fins et \u00e9l\u00e9gants de fruits rouges (fraises, framboise, groseille). Bouche : Fra\u00eeche, gourmande, parfait \u00e9quilibre c\u2019est tr\u00e8s gouleyant et [&hellip;]<\/p>\n","protected":false},"author":18,"featured_media":0,"parent":54,"menu_order":1,"comment_status":"closed","ping_status":"closed","template":"","meta":{"inline_featured_image":false,"footnotes":""},"class_list":["post-3508","page","type-page","status-publish","hentry"],"_links":{"self":[{"href":"https:\/\/www.chateauberne.com\/it\/wp-json\/wp\/v2\/pages\/3508","targetHints":{"allow":["GET"]}}],"collection":[{"href":"https:\/\/www.chateauberne.com\/it\/wp-json\/wp\/v2\/pages"}],"about":[{"href":"https:\/\/www.chateauberne.com\/it\/wp-json\/wp\/v2\/types\/page"}],"author":[{"embeddable":true,"href":"https:\/\/www.chateauberne.com\/it\/wp-json\/wp\/v2\/users\/18"}],"replies":[{"embeddable":true,"href":"https:\/\/www.chateauberne.com\/it\/wp-json\/wp\/v2\/comments?post=3508"}],"version-history":[{"count":12,"href":"https:\/\/www.chateauberne.com\/it\/wp-json\/wp\/v2\/pages\/3508\/revisions"}],"predecessor-version":[{"id":8249,"href":"https:\/\/www.chateauberne.com\/it\/wp-json\/wp\/v2\/pages\/3508\/revisions\/8249"}],"up":[{"embeddable":true,"href":"https:\/\/www.chateauberne.com\/it\/wp-json\/wp\/v2\/pages\/54"}],"wp:attachment":[{"href":"https:\/\/www.chateauberne.com\/it\/wp-json\/wp\/v2\/media?parent=3508"}],"curies":[{"name":"wp","href":"https:\/\/api.w.org\/{rel}","templated":true}]}}